{"id":102172,"date":"2025-01-13T20:07:23","date_gmt":"2025-01-13T20:07:23","guid":{"rendered":"https:\/\/basseinimeistrid.ee\/pood\/uncategorized\/sand-filter-kit-plug-swim-filter-cabin\/"},"modified":"2025-02-27T18:59:20","modified_gmt":"2025-02-27T16:59:20","slug":"sand-filter-kit-plug-swim-filter-cabin","status":"publish","type":"product","link":"https:\/\/basseinimeistrid.ee\/en\/pood\/sand-filter-kit-plug-swim-filter-cabin\/","title":{"rendered":"Sand filter kit Plug &amp; Swim filter cabin"},"content":{"rendered":"<h4>Preassembled and complete solution with sand filter and automatics for swimming pools up to 110m\u00b3.<\/h4>\n<p>Saves up to 25 hours of system installation time<br \/>\nSaves expensive flexible pipe<br \/>\nDoes not require drilling or a strong wall to mount equipment<br \/>\nSaves time when planning installation and system components<\/p>\n<p>Pool construction is usually much more than just building the pool enclosure itself. You need to think about the filter pump, the filter, the water treatment system, the plumbing and the necessary accessories. The Plug &amp; Swim Filter Cabin is the first all-in-one filtration system for your pool. Quality brands such as Sugar Valley, Blue Lagoon UV-C and AstralPool have been efficiently pre-assembled and integrated into the Plug &amp; Swim Filter Cabinet to provide your pool with an efficient, fast, safe, complete and user-friendly filtration system.   <\/p>\n<p>Technical specifications for all models:<\/p>\n<p>3 x \u00d863mm inlet, 2 x \u00d863mm return, 1 x \u00d850mm outlet, 1 x \u00d850mm wash water outlet<br \/>\nAstral Victoria Plus Silent 1 HP pool pump (except TC102 and TC104) and Astral Cantabric 600mm filter with filter slides (glass beads 0,6-0,8mm).<br \/>\nBypass (3 x \u00d863mm ball valves) for heater\/heat pump.<br \/>\npH and redox sensors<br \/>\nBlue Lagoon 75 w salt water UV-C unit (excl. TC109)<br \/>\nElectrical panel with all electrical connections for pump, lights etc.<br \/>\nCabinet equipped with LED light with motion sensor and cabinet heater.<br \/>\nTemperature sensor<br \/>\nGrounding connection kit. <\/p>\n<p>Technical information about Sugar Valley models:<\/p>\n<p>TC102: Sugar Valley Station control unit with 2 dosing pumps for pH and chlorine.<br \/>\nTC104: Sugar Valley Hidrolife Sal 16 (salt electrolysis &gt; 3 gr\/l salt) with 1 dosing pump for pH.<br \/>\nTC106: Sugar Valley Oxilife OX1 (hydrolysis with 1.5 gr\/l salt) with 1 dosing pump for pH.<br \/>\nTC108: Sugar Valley Aqua Scenic HD1 (hydrolysis &lt; 1 gr\/l salt + copper ionisation) with 1 dosing pump for pH.<br \/>\nTC109: Sugar Valley Aqua Scenic HD2 (hydrolysis &lt; 1 gr\/l salt + double copper ionisation) with 1 dosing pump for pH.<\/p>\n<p>TC106A, TC108A and TC109A are equipped with an adjustable speed pump (67547, Victoria Silent Plus VS 1HP).<\/p>\n<p>The external dimensions of the cabinet are 102cm x 102cm x 200cm (height).<\/p>\n<p>&nbsp;<\/p>\n","protected":false},"excerpt":{"rendered":"<p>A complete solution with sand filter and automation for pool and swimming pool.<\/p>\n","protected":false},"featured_media":101639,"template":"","meta":{"_et_pb_use_builder":"","_et_pb_old_content":"","_et_gb_content_width":""},"product_brand":[],"product_cat":[98],"product_tag":[],"class_list":{"0":"post-102172","1":"product","2":"type-product","3":"status-publish","4":"has-post-thumbnail","6":"product_cat-pool-filters","7":"product_shipping_class-erikokkulepe-en","9":"first","10":"instock","11":"taxable","12":"shipping-taxable","13":"purchasable","14":"product-type-variable"},"jetpack_sharing_enabled":true,"_links":{"self":[{"href":"https:\/\/basseinimeistrid.ee\/en\/wp-json\/wp\/v2\/product\/102172","targetHints":{"allow":["GET"]}}],"collection":[{"href":"https:\/\/basseinimeistrid.ee\/en\/wp-json\/wp\/v2\/product"}],"about":[{"href":"https:\/\/basseinimeistrid.ee\/en\/wp-json\/wp\/v2\/types\/product"}],"wp:featuredmedia":[{"embeddable":true,"href":"https:\/\/basseinimeistrid.ee\/en\/wp-json\/wp\/v2\/media\/101639"}],"wp:attachment":[{"href":"https:\/\/basseinimeistrid.ee\/en\/wp-json\/wp\/v2\/media?parent=102172"}],"wp:term":[{"taxonomy":"product_brand","embeddable":true,"href":"https:\/\/basseinimeistrid.ee\/en\/wp-json\/wp\/v2\/product_brand?post=102172"},{"taxonomy":"product_cat","embeddable":true,"href":"https:\/\/basseinimeistrid.ee\/en\/wp-json\/wp\/v2\/product_cat?post=102172"},{"taxonomy":"product_tag","embeddable":true,"href":"https:\/\/basseinimeistrid.ee\/en\/wp-json\/wp\/v2\/product_tag?post=102172"}],"curies":[{"name":"wp","href":"https:\/\/api.w.org\/{rel}","templated":true}]}}