{"id":107577,"date":"2025-02-20T13:42:15","date_gmt":"2025-02-20T11:42:15","guid":{"rendered":"https:\/\/basseinimeistrid.ee\/pood\/uncategorized\/zodiac-nature%c2%b2-spa\/"},"modified":"2025-03-15T00:16:47","modified_gmt":"2025-03-14T22:16:47","slug":"zodiac-nature%c2%b2-spa","status":"publish","type":"product","link":"https:\/\/basseinimeistrid.ee\/en\/pood\/zodiac-nature%c2%b2-spa\/","title":{"rendered":"Zodiac Nature\u00b2 Spa"},"content":{"rendered":"<h4 dir=\"ltr\" data-placeholder=\"T\u00f5lge\" data-ved=\"2ahUKEwjUg5rS17mLAxXyi8MKHXPtBPcQ3ewLegQIBxAV\" aria-label=\"T\u00f5lgitud tekst: Lihtne viis loomulikumalt spaastamiseks Spaa looduslikult, kasutades t\u00f5estatud mineraalide j\u00f5udu. Nature2 Spa on v\u00e4hese hooldusega alternatiiv kloorile*, mis kasutab mineraalide antimikroobset j\u00f5udu, et pakkuda teile puhtamat ja selgemat vett, tagades samal ajal \u00f6\u00f6p\u00e4evaringse vetikat\u00f5rje* \u2013 isegi siis, kui pump ei t\u00f6\u00f6ta**. Mugav ja lihtne desinfitseerimislahendus Nature2 Spa v\u00e4hendab drastiliselt kemikaalide kasutamist, aidates hoida pH neutraalses vahemikus ja pikendades teie seadmete eluiga. Garanteeritud, et Nature2 Spa ei m\u00e4\u00e4ri pindu, paigaldatakse sekunditega ja seda on lihtne hooldada \u2013 nii saate lihtsalt istuda, l\u00f5\u00f5gastuda ja nautida oma spaast ilma, et te tunneksite, haistaksite v\u00f5i karmide kemikaalide m\u00f5jul. Omadused V\u00e4hendab kloori tarbimist H\u00e4vitab vetikaid* ja baktereid T\u00f6\u00f6tab kloori v\u00f5i MPS-iga (kaaliumperoks\u00fcmonosulfaat) Madal hooldus; kestab kuni 4 kuud * Kombineerituna MPS-iga (kaaliumperoks\u00fcmonosulfaat) **Vaadake pumba n\u00f5utavaid t\u00f6\u00f6aegu omaniku k\u00e4siraamatu(de)st.\">Zodiac Nature\u00b2 SPA Stick<\/h4>\n<h5 class=\"tw-data-text tw-text-large tw-ta\" dir=\"ltr\" data-placeholder=\"T\u00f5lge\" data-ved=\"2ahUKEwjUg5rS17mLAxXyi8MKHXPtBPcQ3ewLegQIBxAV\" aria-label=\"T\u00f5lgitud tekst: Lihtne viis loomulikumalt spaastamiseks Spaa looduslikult, kasutades t\u00f5estatud mineraalide j\u00f5udu. Nature2 Spa on v\u00e4hese hooldusega alternatiiv kloorile*, mis kasutab mineraalide antimikroobset j\u00f5udu, et pakkuda teile puhtamat ja selgemat vett, tagades samal ajal \u00f6\u00f6p\u00e4evaringse vetikat\u00f5rje* \u2013 isegi siis, kui pump ei t\u00f6\u00f6ta**. Mugav ja lihtne desinfitseerimislahendus Nature2 Spa v\u00e4hendab drastiliselt kemikaalide kasutamist, aidates hoida pH neutraalses vahemikus ja pikendades teie seadmete eluiga. Garanteeritud, et Nature2 Spa ei m\u00e4\u00e4ri pindu, paigaldatakse sekunditega ja seda on lihtne hooldada \u2013 nii saate lihtsalt istuda, l\u00f5\u00f5gastuda ja nautida oma spaast ilma, et te tunneksite, haistaksite v\u00f5i karmide kemikaalide m\u00f5jul. Omadused V\u00e4hendab kloori tarbimist H\u00e4vitab vetikaid* ja baktereid T\u00f6\u00f6tab kloori v\u00f5i MPS-iga (kaaliumperoks\u00fcmonosulfaat) Madal hooldus; kestab kuni 4 kuud * Kombineerituna MPS-iga (kaaliumperoks\u00fcmonosulfaat) **Vaadake pumba n\u00f5utavaid t\u00f6\u00f6aegu omaniku k\u00e4siraamatu(de)st.\"><span class=\"Y2IQFc\" lang=\"et\">An easy way to spa more naturally<\/span><\/h5>\n<p class=\"tw-data-text tw-text-large tw-ta\" dir=\"ltr\" data-placeholder=\"T\u00f5lge\" data-ved=\"2ahUKEwjUg5rS17mLAxXyi8MKHXPtBPcQ3ewLegQIBxAV\" aria-label=\"T\u00f5lgitud tekst: Lihtne viis loomulikumalt spaastamiseks Spaa looduslikult, kasutades t\u00f5estatud mineraalide j\u00f5udu. Nature2 Spa on v\u00e4hese hooldusega alternatiiv kloorile*, mis kasutab mineraalide antimikroobset j\u00f5udu, et pakkuda teile puhtamat ja selgemat vett, tagades samal ajal \u00f6\u00f6p\u00e4evaringse vetikat\u00f5rje* \u2013 isegi siis, kui pump ei t\u00f6\u00f6ta**. Mugav ja lihtne desinfitseerimislahendus Nature2 Spa v\u00e4hendab drastiliselt kemikaalide kasutamist, aidates hoida pH neutraalses vahemikus ja pikendades teie seadmete eluiga. Garanteeritud, et Nature2 Spa ei m\u00e4\u00e4ri pindu, paigaldatakse sekunditega ja seda on lihtne hooldada \u2013 nii saate lihtsalt istuda, l\u00f5\u00f5gastuda ja nautida oma spaast ilma, et te tunneksite, haistaksite v\u00f5i karmide kemikaalide m\u00f5jul. Omadused V\u00e4hendab kloori tarbimist H\u00e4vitab vetikaid* ja baktereid T\u00f6\u00f6tab kloori v\u00f5i MPS-iga (kaaliumperoks\u00fcmonosulfaat) Madal hooldus; kestab kuni 4 kuud * Kombineerituna MPS-iga (kaaliumperoks\u00fcmonosulfaat) **Vaadake pumba n\u00f5utavaid t\u00f6\u00f6aegu omaniku k\u00e4siraamatu(de)st.\"><span class=\"Y2IQFc\" lang=\"et\">Enjoy a bath using the power of proven natural minerals. Nature Spa is a low-maintenance alternative to chlorine* that harnesses the antimicrobial power of natural minerals to give you cleaner, clearer water while providing round-the-clock algae removal* Even when the pump is not running**. Nature Spa&#8217;s convenient and simple disinfection solution drastically reduces the need for chemicals, helping to keep the pH in the neutral range and thus extending the life of your equipment. Nature Spa does not stain surfaces, installs in seconds and is easy to maintain.   <\/span><\/p>\n<p dir=\"ltr\" data-placeholder=\"T\u00f5lge\" data-ved=\"2ahUKEwjUg5rS17mLAxXyi8MKHXPtBPcQ3ewLegQIBxAV\" aria-label=\"T\u00f5lgitud tekst: Lihtne viis loomulikumalt spaastamiseks Spaa looduslikult, kasutades t\u00f5estatud mineraalide j\u00f5udu. Nature2 Spa on v\u00e4hese hooldusega alternatiiv kloorile*, mis kasutab mineraalide antimikroobset j\u00f5udu, et pakkuda teile puhtamat ja selgemat vett, tagades samal ajal \u00f6\u00f6p\u00e4evaringse vetikat\u00f5rje* \u2013 isegi siis, kui pump ei t\u00f6\u00f6ta**. Mugav ja lihtne desinfitseerimislahendus Nature2 Spa v\u00e4hendab drastiliselt kemikaalide kasutamist, aidates hoida pH neutraalses vahemikus ja pikendades teie seadmete eluiga. Garanteeritud, et Nature2 Spa ei m\u00e4\u00e4ri pindu, paigaldatakse sekunditega ja seda on lihtne hooldada \u2013 nii saate lihtsalt istuda, l\u00f5\u00f5gastuda ja nautida oma spaast ilma, et te tunneksite, haistaksite v\u00f5i karmide kemikaalide m\u00f5jul. Omadused V\u00e4hendab kloori tarbimist H\u00e4vitab vetikaid* ja baktereid T\u00f6\u00f6tab kloori v\u00f5i MPS-iga (kaaliumperoks\u00fcmonosulfaat) Madal hooldus; kestab kuni 4 kuud * Kombineerituna MPS-iga (kaaliumperoks\u00fcmonosulfaat) **Vaadake pumba n\u00f5utavaid t\u00f6\u00f6aegu omaniku k\u00e4siraamatu(de)st.\"><sup>NATURE\u00b2 <\/sup>SPA Stick Features<span class=\"Y2IQFc\" lang=\"et\">: <\/span> <\/p>\n<ul>\n<li class=\"tw-data-text tw-text-large tw-ta\" dir=\"ltr\" data-placeholder=\"T\u00f5lge\" data-ved=\"2ahUKEwjUg5rS17mLAxXyi8MKHXPtBPcQ3ewLegQIBxAV\" aria-label=\"T\u00f5lgitud tekst: Lihtne viis loomulikumalt spaastamiseks Spaa looduslikult, kasutades t\u00f5estatud mineraalide j\u00f5udu. Nature2 Spa on v\u00e4hese hooldusega alternatiiv kloorile*, mis kasutab mineraalide antimikroobset j\u00f5udu, et pakkuda teile puhtamat ja selgemat vett, tagades samal ajal \u00f6\u00f6p\u00e4evaringse vetikat\u00f5rje* \u2013 isegi siis, kui pump ei t\u00f6\u00f6ta**. Mugav ja lihtne desinfitseerimislahendus Nature2 Spa v\u00e4hendab drastiliselt kemikaalide kasutamist, aidates hoida pH neutraalses vahemikus ja pikendades teie seadmete eluiga. Garanteeritud, et Nature2 Spa ei m\u00e4\u00e4ri pindu, paigaldatakse sekunditega ja seda on lihtne hooldada \u2013 nii saate lihtsalt istuda, l\u00f5\u00f5gastuda ja nautida oma spaast ilma, et te tunneksite, haistaksite v\u00f5i karmide kemikaalide m\u00f5jul. Omadused V\u00e4hendab kloori tarbimist H\u00e4vitab vetikaid* ja baktereid T\u00f6\u00f6tab kloori v\u00f5i MPS-iga (kaaliumperoks\u00fcmonosulfaat) Madal hooldus; kestab kuni 4 kuud * Kombineerituna MPS-iga (kaaliumperoks\u00fcmonosulfaat) **Vaadake pumba n\u00f5utavaid t\u00f6\u00f6aegu omaniku k\u00e4siraamatu(de)st.\">Suitable for jacuzzi, mini pools, hot tubs, etc.<\/li>\n<li dir=\"ltr\" data-placeholder=\"T\u00f5lge\" data-ved=\"2ahUKEwjUg5rS17mLAxXyi8MKHXPtBPcQ3ewLegQIBxAV\" aria-label=\"T\u00f5lgitud tekst: Lihtne viis loomulikumalt spaastamiseks Spaa looduslikult, kasutades t\u00f5estatud mineraalide j\u00f5udu. Nature2 Spa on v\u00e4hese hooldusega alternatiiv kloorile*, mis kasutab mineraalide antimikroobset j\u00f5udu, et pakkuda teile puhtamat ja selgemat vett, tagades samal ajal \u00f6\u00f6p\u00e4evaringse vetikat\u00f5rje* \u2013 isegi siis, kui pump ei t\u00f6\u00f6ta**. Mugav ja lihtne desinfitseerimislahendus Nature2 Spa v\u00e4hendab drastiliselt kemikaalide kasutamist, aidates hoida pH neutraalses vahemikus ja pikendades teie seadmete eluiga. Garanteeritud, et Nature2 Spa ei m\u00e4\u00e4ri pindu, paigaldatakse sekunditega ja seda on lihtne hooldada \u2013 nii saate lihtsalt istuda, l\u00f5\u00f5gastuda ja nautida oma spaast ilma, et te tunneksite, haistaksite v\u00f5i karmide kemikaalide m\u00f5jul. Omadused V\u00e4hendab kloori tarbimist H\u00e4vitab vetikaid* ja baktereid T\u00f6\u00f6tab kloori v\u00f5i MPS-iga (kaaliumperoks\u00fcmonosulfaat) Madal hooldus; kestab kuni 4 kuud * Kombineerituna MPS-iga (kaaliumperoks\u00fcmonosulfaat) **Vaadake pumba n\u00f5utavaid t\u00f6\u00f6aegu omaniku k\u00e4siraamatu(de)st.\">Keeps water crystal clear, fragrant and fresh.<\/li>\n<li class=\"tw-data-text tw-text-large tw-ta\" dir=\"ltr\" data-placeholder=\"T\u00f5lge\" data-ved=\"2ahUKEwjUg5rS17mLAxXyi8MKHXPtBPcQ3ewLegQIBxAV\" aria-label=\"T\u00f5lgitud tekst: Lihtne viis loomulikumalt spaastamiseks Spaa looduslikult, kasutades t\u00f5estatud mineraalide j\u00f5udu. Nature2 Spa on v\u00e4hese hooldusega alternatiiv kloorile*, mis kasutab mineraalide antimikroobset j\u00f5udu, et pakkuda teile puhtamat ja selgemat vett, tagades samal ajal \u00f6\u00f6p\u00e4evaringse vetikat\u00f5rje* \u2013 isegi siis, kui pump ei t\u00f6\u00f6ta**. Mugav ja lihtne desinfitseerimislahendus Nature2 Spa v\u00e4hendab drastiliselt kemikaalide kasutamist, aidates hoida pH neutraalses vahemikus ja pikendades teie seadmete eluiga. Garanteeritud, et Nature2 Spa ei m\u00e4\u00e4ri pindu, paigaldatakse sekunditega ja seda on lihtne hooldada \u2013 nii saate lihtsalt istuda, l\u00f5\u00f5gastuda ja nautida oma spaast ilma, et te tunneksite, haistaksite v\u00f5i karmide kemikaalide m\u00f5jul. Omadused V\u00e4hendab kloori tarbimist H\u00e4vitab vetikaid* ja baktereid T\u00f6\u00f6tab kloori v\u00f5i MPS-iga (kaaliumperoks\u00fcmonosulfaat) Madal hooldus; kestab kuni 4 kuud * Kombineerituna MPS-iga (kaaliumperoks\u00fcmonosulfaat) **Vaadake pumba n\u00f5utavaid t\u00f6\u00f6aegu omaniku k\u00e4siraamatu(de)st.\"><span class=\"Y2IQFc\" lang=\"et\">Reduces the need for chlorine addition<\/span><\/li>\n<li class=\"tw-data-text tw-text-large tw-ta\" dir=\"ltr\" data-placeholder=\"T\u00f5lge\" data-ved=\"2ahUKEwjUg5rS17mLAxXyi8MKHXPtBPcQ3ewLegQIBxAV\" aria-label=\"T\u00f5lgitud tekst: Lihtne viis loomulikumalt spaastamiseks Spaa looduslikult, kasutades t\u00f5estatud mineraalide j\u00f5udu. Nature2 Spa on v\u00e4hese hooldusega alternatiiv kloorile*, mis kasutab mineraalide antimikroobset j\u00f5udu, et pakkuda teile puhtamat ja selgemat vett, tagades samal ajal \u00f6\u00f6p\u00e4evaringse vetikat\u00f5rje* \u2013 isegi siis, kui pump ei t\u00f6\u00f6ta**. Mugav ja lihtne desinfitseerimislahendus Nature2 Spa v\u00e4hendab drastiliselt kemikaalide kasutamist, aidates hoida pH neutraalses vahemikus ja pikendades teie seadmete eluiga. Garanteeritud, et Nature2 Spa ei m\u00e4\u00e4ri pindu, paigaldatakse sekunditega ja seda on lihtne hooldada \u2013 nii saate lihtsalt istuda, l\u00f5\u00f5gastuda ja nautida oma spaast ilma, et te tunneksite, haistaksite v\u00f5i karmide kemikaalide m\u00f5jul. Omadused V\u00e4hendab kloori tarbimist H\u00e4vitab vetikaid* ja baktereid T\u00f6\u00f6tab kloori v\u00f5i MPS-iga (kaaliumperoks\u00fcmonosulfaat) Madal hooldus; kestab kuni 4 kuud * Kombineerituna MPS-iga (kaaliumperoks\u00fcmonosulfaat) **Vaadake pumba n\u00f5utavaid t\u00f6\u00f6aegu omaniku k\u00e4siraamatu(de)st.\"><span class=\"Y2IQFc\" lang=\"et\">Destroys algae* and bacteria<\/span><\/li>\n<li class=\"tw-data-text tw-text-large tw-ta\" dir=\"ltr\" data-placeholder=\"T\u00f5lge\" data-ved=\"2ahUKEwjUg5rS17mLAxXyi8MKHXPtBPcQ3ewLegQIBxAV\" aria-label=\"T\u00f5lgitud tekst: Lihtne viis loomulikumalt spaastamiseks Spaa looduslikult, kasutades t\u00f5estatud mineraalide j\u00f5udu. Nature2 Spa on v\u00e4hese hooldusega alternatiiv kloorile*, mis kasutab mineraalide antimikroobset j\u00f5udu, et pakkuda teile puhtamat ja selgemat vett, tagades samal ajal \u00f6\u00f6p\u00e4evaringse vetikat\u00f5rje* \u2013 isegi siis, kui pump ei t\u00f6\u00f6ta**. Mugav ja lihtne desinfitseerimislahendus Nature2 Spa v\u00e4hendab drastiliselt kemikaalide kasutamist, aidates hoida pH neutraalses vahemikus ja pikendades teie seadmete eluiga. Garanteeritud, et Nature2 Spa ei m\u00e4\u00e4ri pindu, paigaldatakse sekunditega ja seda on lihtne hooldada \u2013 nii saate lihtsalt istuda, l\u00f5\u00f5gastuda ja nautida oma spaast ilma, et te tunneksite, haistaksite v\u00f5i karmide kemikaalide m\u00f5jul. Omadused V\u00e4hendab kloori tarbimist H\u00e4vitab vetikaid* ja baktereid T\u00f6\u00f6tab kloori v\u00f5i MPS-iga (kaaliumperoks\u00fcmonosulfaat) Madal hooldus; kestab kuni 4 kuud * Kombineerituna MPS-iga (kaaliumperoks\u00fcmonosulfaat) **Vaadake pumba n\u00f5utavaid t\u00f6\u00f6aegu omaniku k\u00e4siraamatu(de)st.\"><span class=\"Y2IQFc\" lang=\"et\">Works in combination with chlorine or oxon (very small amount (24g\/1000L) needed to start the process\/activate the filter).<\/span><\/li>\n<li class=\"tw-data-text tw-text-large tw-ta\" dir=\"ltr\" data-placeholder=\"T\u00f5lge\" data-ved=\"2ahUKEwjUg5rS17mLAxXyi8MKHXPtBPcQ3ewLegQIBxAV\" aria-label=\"T\u00f5lgitud tekst: Lihtne viis loomulikumalt spaastamiseks Spaa looduslikult, kasutades t\u00f5estatud mineraalide j\u00f5udu. Nature2 Spa on v\u00e4hese hooldusega alternatiiv kloorile*, mis kasutab mineraalide antimikroobset j\u00f5udu, et pakkuda teile puhtamat ja selgemat vett, tagades samal ajal \u00f6\u00f6p\u00e4evaringse vetikat\u00f5rje* \u2013 isegi siis, kui pump ei t\u00f6\u00f6ta**. Mugav ja lihtne desinfitseerimislahendus Nature2 Spa v\u00e4hendab drastiliselt kemikaalide kasutamist, aidates hoida pH neutraalses vahemikus ja pikendades teie seadmete eluiga. Garanteeritud, et Nature2 Spa ei m\u00e4\u00e4ri pindu, paigaldatakse sekunditega ja seda on lihtne hooldada \u2013 nii saate lihtsalt istuda, l\u00f5\u00f5gastuda ja nautida oma spaast ilma, et te tunneksite, haistaksite v\u00f5i karmide kemikaalide m\u00f5jul. Omadused V\u00e4hendab kloori tarbimist H\u00e4vitab vetikaid* ja baktereid T\u00f6\u00f6tab kloori v\u00f5i MPS-iga (kaaliumperoks\u00fcmonosulfaat) Madal hooldus; kestab kuni 4 kuud * Kombineerituna MPS-iga (kaaliumperoks\u00fcmonosulfaat) **Vaadake pumba n\u00f5utavaid t\u00f6\u00f6aegu omaniku k\u00e4siraamatu(de)st.\"><span class=\"Y2IQFc\" lang=\"et\">Low maintenance and easy to use; lasts up to 4 months<\/span><\/li>\n<li dir=\"ltr\" data-placeholder=\"T\u00f5lge\" data-ved=\"2ahUKEwjUg5rS17mLAxXyi8MKHXPtBPcQ3ewLegQIBxAV\" aria-label=\"T\u00f5lgitud tekst: Lihtne viis loomulikumalt spaastamiseks Spaa looduslikult, kasutades t\u00f5estatud mineraalide j\u00f5udu. Nature2 Spa on v\u00e4hese hooldusega alternatiiv kloorile*, mis kasutab mineraalide antimikroobset j\u00f5udu, et pakkuda teile puhtamat ja selgemat vett, tagades samal ajal \u00f6\u00f6p\u00e4evaringse vetikat\u00f5rje* \u2013 isegi siis, kui pump ei t\u00f6\u00f6ta**. Mugav ja lihtne desinfitseerimislahendus Nature2 Spa v\u00e4hendab drastiliselt kemikaalide kasutamist, aidates hoida pH neutraalses vahemikus ja pikendades teie seadmete eluiga. Garanteeritud, et Nature2 Spa ei m\u00e4\u00e4ri pindu, paigaldatakse sekunditega ja seda on lihtne hooldada \u2013 nii saate lihtsalt istuda, l\u00f5\u00f5gastuda ja nautida oma spaast ilma, et te tunneksite, haistaksite v\u00f5i karmide kemikaalide m\u00f5jul. Omadused V\u00e4hendab kloori tarbimist H\u00e4vitab vetikaid* ja baktereid T\u00f6\u00f6tab kloori v\u00f5i MPS-iga (kaaliumperoks\u00fcmonosulfaat) Madal hooldus; kestab kuni 4 kuud * Kombineerituna MPS-iga (kaaliumperoks\u00fcmonosulfaat) **Vaadake pumba n\u00f5utavaid t\u00f6\u00f6aegu omaniku k\u00e4siraamatu(de)st.\">Suitable for installation in most cartridge filter compartments.<\/li>\n<li dir=\"ltr\" data-placeholder=\"T\u00f5lge\" data-ved=\"2ahUKEwjUg5rS17mLAxXyi8MKHXPtBPcQ3ewLegQIBxAV\" aria-label=\"T\u00f5lgitud tekst: Lihtne viis loomulikumalt spaastamiseks Spaa looduslikult, kasutades t\u00f5estatud mineraalide j\u00f5udu. Nature2 Spa on v\u00e4hese hooldusega alternatiiv kloorile*, mis kasutab mineraalide antimikroobset j\u00f5udu, et pakkuda teile puhtamat ja selgemat vett, tagades samal ajal \u00f6\u00f6p\u00e4evaringse vetikat\u00f5rje* \u2013 isegi siis, kui pump ei t\u00f6\u00f6ta**. Mugav ja lihtne desinfitseerimislahendus Nature2 Spa v\u00e4hendab drastiliselt kemikaalide kasutamist, aidates hoida pH neutraalses vahemikus ja pikendades teie seadmete eluiga. Garanteeritud, et Nature2 Spa ei m\u00e4\u00e4ri pindu, paigaldatakse sekunditega ja seda on lihtne hooldada \u2013 nii saate lihtsalt istuda, l\u00f5\u00f5gastuda ja nautida oma spaast ilma, et te tunneksite, haistaksite v\u00f5i karmide kemikaalide m\u00f5jul. Omadused V\u00e4hendab kloori tarbimist H\u00e4vitab vetikaid* ja baktereid T\u00f6\u00f6tab kloori v\u00f5i MPS-iga (kaaliumperoks\u00fcmonosulfaat) Madal hooldus; kestab kuni 4 kuud * Kombineerituna MPS-iga (kaaliumperoks\u00fcmonosulfaat) **Vaadake pumba n\u00f5utavaid t\u00f6\u00f6aegu omaniku k\u00e4siraamatu(de)st.\">Dimensions 3x16cm (filter element)<\/li>\n<\/ul>\n<p>&nbsp;<\/p>\n<p>SPA Stick product information in English <a href=\"https:\/\/basseinimeistrid.ee\/wp-content\/uploads\/2025\/02\/spa-stick.pdf\" target=\"_blank\" rel=\"noopener\">HERE<\/a><\/p>\n<p>SPA Stick user guide in English <a href=\"https:\/\/basseinimeistrid.ee\/wp-content\/uploads\/2025\/02\/spa-stick-kasutusjuhend-en.pdf\" target=\"_blank\" rel=\"noopener\">HERE<\/a><\/p>\n<p><span class=\"Y2IQFc\" lang=\"et\">* In combination with oxon (potassium peroxymonosulphate).<\/span><\/p>\n<p><span class=\"Y2IQFc\" lang=\"et\">**Check the minimum pump operating times in the product user manual.<\/span><\/p>\n","protected":false},"excerpt":{"rendered":"<p>Zodiac Nature\u00b2 SPA Stick An easy way to spa more naturally Enjoy a bath using the power of proven natural minerals. Nature Spa is a low-maintenance alternative to chlorine* that harnesses the antimicrobial power of natural minerals to give you cleaner, clearer water while providing round-the-clock algae removal* Even when the pump is not running**. [&hellip;]<\/p>\n","protected":false},"featured_media":107074,"template":"","meta":{"_et_pb_use_builder":"","_et_pb_old_content":"","_et_gb_content_width":""},"product_brand":[],"product_cat":[132,131,203],"product_tag":[],"class_list":{"0":"post-107577","1":"product","2":"type-product","3":"status-publish","4":"has-post-thumbnail","6":"product_cat-for-barrels-and-baths","7":"product_cat-jacuzzies","8":"product_cat-maintenance-for-chemical-free-pool-water","9":"product_shipping_class-pakiautomaat-en","11":"first","12":"onbackorder","13":"sold-individually","14":"taxable","15":"shipping-taxable","16":"purchasable","17":"product-type-simple"},"jetpack_sharing_enabled":true,"_links":{"self":[{"href":"https:\/\/basseinimeistrid.ee\/en\/wp-json\/wp\/v2\/product\/107577","targetHints":{"allow":["GET"]}}],"collection":[{"href":"https:\/\/basseinimeistrid.ee\/en\/wp-json\/wp\/v2\/product"}],"about":[{"href":"https:\/\/basseinimeistrid.ee\/en\/wp-json\/wp\/v2\/types\/product"}],"wp:featuredmedia":[{"embeddable":true,"href":"https:\/\/basseinimeistrid.ee\/en\/wp-json\/wp\/v2\/media\/107074"}],"wp:attachment":[{"href":"https:\/\/basseinimeistrid.ee\/en\/wp-json\/wp\/v2\/media?parent=107577"}],"wp:term":[{"taxonomy":"product_brand","embeddable":true,"href":"https:\/\/basseinimeistrid.ee\/en\/wp-json\/wp\/v2\/product_brand?post=107577"},{"taxonomy":"product_cat","embeddable":true,"href":"https:\/\/basseinimeistrid.ee\/en\/wp-json\/wp\/v2\/product_cat?post=107577"},{"taxonomy":"product_tag","embeddable":true,"href":"https:\/\/basseinimeistrid.ee\/en\/wp-json\/wp\/v2\/product_tag?post=107577"}],"curies":[{"name":"wp","href":"https:\/\/api.w.org\/{rel}","templated":true}]}}