{"id":107732,"date":"2025-02-17T13:15:18","date_gmt":"2025-02-17T11:15:18","guid":{"rendered":"https:\/\/basseinimeistrid.ee\/pood\/uncategorized\/pvc-glue-griffon-cement-wdf-05\/"},"modified":"2025-03-12T22:04:43","modified_gmt":"2025-03-12T20:04:43","slug":"pvc-glue-griffon-cement-wdf-05","status":"publish","type":"product","link":"https:\/\/basseinimeistrid.ee\/en\/pood\/pvc-glue-griffon-cement-wdf-05\/","title":{"rendered":"PVC glue Griffon cement WDF-05"},"content":{"rendered":"<p id=\"tw-target-text\" class=\"tw-data-text tw-text-large tw-ta\" dir=\"ltr\" data-placeholder=\"T\u00f5lge\" data-ved=\"2ahUKEwjUg5rS17mLAxXyi8MKHXPtBPcQ3ewLegQIBxAV\" aria-label=\"T\u00f5lgitud tekst: Lahustitsement PVC ja ABS (painduvate) torude, \u00fchendusmuhvide ja liitmike \u00fchendamiseks surve- ja drenaa\u017eiga kuni 160 mm l\u00e4bim\u00f5\u00f5duga. Maksimaalne r\u00f5hk 16 baari PVC (PN16) ja 5 baari ABS (PN5) puhul. Sobib niisketesse ja kuivadesse tingimustesse (mitte vee all). \u00c4\u00e4rmiselt kiiresti kuivav. Pilude t\u00e4itmine (max 0,8mm). Painduvate torude (voolikute) ja basseinipaigaldiste jaoks. Pintsel kaasas. Vastavalt Euroopa standardile EN 14814.\"><span class=\"Y2IQFc\" lang=\"et\">Adhesive for bonding PVC and ABS pipes (flexible pipes also), couplings and fittings up to 160 mm diameter. Max. pressure 16 bar for PVC (PN16) and 5 bar for ABS (PN5). Suitable for use in moist and dry conditions (not quite submerged). Extremely fast drying. Filling of gaps (max 0,8mm). For flexible pipes (hoses) and swimming pool installations. Brush included (on lid). Compliant with European Standard EN 14814. <\/span><\/p>\n","protected":false},"excerpt":{"rendered":"<p>Griffon cleaners and PVC and PVC-U pipe adhesives.<\/p>\n","protected":false},"featured_media":105864,"template":"","meta":{"_et_pb_use_builder":"","_et_pb_old_content":"","_et_gb_content_width":""},"product_brand":[],"product_cat":[127],"product_tag":[],"class_list":{"0":"post-107732","1":"product","2":"type-product","3":"status-publish","4":"has-post-thumbnail","6":"product_cat-adhesives-and-cleaners","7":"product_shipping_class-pakiautomaat-en","9":"first","10":"instock","11":"taxable","12":"shipping-taxable","13":"purchasable","14":"product-type-simple"},"jetpack_sharing_enabled":true,"_links":{"self":[{"href":"https:\/\/basseinimeistrid.ee\/en\/wp-json\/wp\/v2\/product\/107732","targetHints":{"allow":["GET"]}}],"collection":[{"href":"https:\/\/basseinimeistrid.ee\/en\/wp-json\/wp\/v2\/product"}],"about":[{"href":"https:\/\/basseinimeistrid.ee\/en\/wp-json\/wp\/v2\/types\/product"}],"wp:featuredmedia":[{"embeddable":true,"href":"https:\/\/basseinimeistrid.ee\/en\/wp-json\/wp\/v2\/media\/105864"}],"wp:attachment":[{"href":"https:\/\/basseinimeistrid.ee\/en\/wp-json\/wp\/v2\/media?parent=107732"}],"wp:term":[{"taxonomy":"product_brand","embeddable":true,"href":"https:\/\/basseinimeistrid.ee\/en\/wp-json\/wp\/v2\/product_brand?post=107732"},{"taxonomy":"product_cat","embeddable":true,"href":"https:\/\/basseinimeistrid.ee\/en\/wp-json\/wp\/v2\/product_cat?post=107732"},{"taxonomy":"product_tag","embeddable":true,"href":"https:\/\/basseinimeistrid.ee\/en\/wp-json\/wp\/v2\/product_tag?post=107732"}],"curies":[{"name":"wp","href":"https:\/\/api.w.org\/{rel}","templated":true}]}}