{"id":107736,"date":"2025-02-16T19:30:56","date_gmt":"2025-02-16T17:30:56","guid":{"rendered":"https:\/\/basseinimeistrid.ee\/pood\/uncategorized\/transformer-230vac-12vac\/"},"modified":"2025-03-12T21:51:19","modified_gmt":"2025-03-12T19:51:19","slug":"transformer-230vac-12vac","status":"publish","type":"product","link":"https:\/\/basseinimeistrid.ee\/en\/pood\/transformer-230vac-12vac\/","title":{"rendered":"Transformer 230VAC-12VAC"},"content":{"rendered":"<h4>ELTRA EVGS 230 VAC &#8211; 12 VAC transformers<\/h4>\n<p>Transformers are suitable for Lumiplus and other 12V pool lights. The capacity must exceed the total power requirements of the lights. Single-phase transformers.<\/p>\n<ul>\n<li id=\"tw-target-text\" class=\"tw-data-text tw-text-large tw-ta\" dir=\"ltr\" data-placeholder=\"T\u00f5lge\" data-ved=\"2ahUKEwjUg5rS17mLAxXyi8MKHXPtBPcQ3ewLegQIBxAV\" aria-label=\"T\u00f5lgitud tekst: maksimaalne \u00fcmbritseva \u00f5hu temperatuur 40\u00b0C, isolatsiooniklass E, kapseldatud-ed-m\u00e4hised, isolatsioonikarp, kaitses\u00fcsteem IP 65, kaitseklass II, eraldatud m\u00e4hised, kaabli eelkruviga terminali \u00fchendusruum, kaitse l\u00fchise ja \u00fclekoormuse eest primaarvarustusega kaitsme ja temperatuuril\u00fcliti kaudu, sagedus 50-60 Hz\"><span class=\"Y2IQFc\" lang=\"et\">maximum ambient temperature 40\u00b0C<\/span><\/li>\n<li class=\"tw-data-text tw-text-large tw-ta\" dir=\"ltr\" data-placeholder=\"T\u00f5lge\" data-ved=\"2ahUKEwjUg5rS17mLAxXyi8MKHXPtBPcQ3ewLegQIBxAV\" aria-label=\"T\u00f5lgitud tekst: maksimaalne \u00fcmbritseva \u00f5hu temperatuur 40\u00b0C, isolatsiooniklass E, kapseldatud-ed-m\u00e4hised, isolatsioonikarp, kaitses\u00fcsteem IP 65, kaitseklass II, eraldatud m\u00e4hised, kaabli eelkruviga terminali \u00fchendusruum, kaitse l\u00fchise ja \u00fclekoormuse eest primaarvarustusega kaitsme ja temperatuuril\u00fcliti kaudu, sagedus 50-60 Hz\"><span class=\"Y2IQFc\" lang=\"et\">insulation class E<\/span><\/li>\n<li class=\"tw-data-text tw-text-large tw-ta\" dir=\"ltr\" data-placeholder=\"T\u00f5lge\" data-ved=\"2ahUKEwjUg5rS17mLAxXyi8MKHXPtBPcQ3ewLegQIBxAV\" aria-label=\"T\u00f5lgitud tekst: maksimaalne \u00fcmbritseva \u00f5hu temperatuur 40\u00b0C, isolatsiooniklass E, kapseldatud-ed-m\u00e4hised, isolatsioonikarp, kaitses\u00fcsteem IP 65, kaitseklass II, eraldatud m\u00e4hised, kaabli eelkruviga terminali \u00fchendusruum, kaitse l\u00fchise ja \u00fclekoormuse eest primaarvarustusega kaitsme ja temperatuuril\u00fcliti kaudu, sagedus 50-60 Hz\"><span class=\"Y2IQFc\" lang=\"et\">encapsulated-wraps<\/span><\/li>\n<li class=\"tw-data-text tw-text-large tw-ta\" dir=\"ltr\" data-placeholder=\"T\u00f5lge\" data-ved=\"2ahUKEwjUg5rS17mLAxXyi8MKHXPtBPcQ3ewLegQIBxAV\" aria-label=\"T\u00f5lgitud tekst: maksimaalne \u00fcmbritseva \u00f5hu temperatuur 40\u00b0C, isolatsiooniklass E, kapseldatud-ed-m\u00e4hised, isolatsioonikarp, kaitses\u00fcsteem IP 65, kaitseklass II, eraldatud m\u00e4hised, kaabli eelkruviga terminali \u00fchendusruum, kaitse l\u00fchise ja \u00fclekoormuse eest primaarvarustusega kaitsme ja temperatuuril\u00fcliti kaudu, sagedus 50-60 Hz\"><span class=\"Y2IQFc\" lang=\"et\">insulated housing<\/span><\/li>\n<li class=\"tw-data-text tw-text-large tw-ta\" dir=\"ltr\" data-placeholder=\"T\u00f5lge\" data-ved=\"2ahUKEwjUg5rS17mLAxXyi8MKHXPtBPcQ3ewLegQIBxAV\" aria-label=\"T\u00f5lgitud tekst: maksimaalne \u00fcmbritseva \u00f5hu temperatuur 40\u00b0C, isolatsiooniklass E, kapseldatud-ed-m\u00e4hised, isolatsioonikarp, kaitses\u00fcsteem IP 65, kaitseklass II, eraldatud m\u00e4hised, kaabli eelkruviga terminali \u00fchendusruum, kaitse l\u00fchise ja \u00fclekoormuse eest primaarvarustusega kaitsme ja temperatuuril\u00fcliti kaudu, sagedus 50-60 Hz\"><span class=\"Y2IQFc\" lang=\"et\">protection class IP 65<\/span><\/li>\n<li class=\"tw-data-text tw-text-large tw-ta\" dir=\"ltr\" data-placeholder=\"T\u00f5lge\" data-ved=\"2ahUKEwjUg5rS17mLAxXyi8MKHXPtBPcQ3ewLegQIBxAV\" aria-label=\"T\u00f5lgitud tekst: maksimaalne \u00fcmbritseva \u00f5hu temperatuur 40\u00b0C, isolatsiooniklass E, kapseldatud-ed-m\u00e4hised, isolatsioonikarp, kaitses\u00fcsteem IP 65, kaitseklass II, eraldatud m\u00e4hised, kaabli eelkruviga terminali \u00fchendusruum, kaitse l\u00fchise ja \u00fclekoormuse eest primaarvarustusega kaitsme ja temperatuuril\u00fcliti kaudu, sagedus 50-60 Hz\"><span class=\"Y2IQFc\" lang=\"et\">protection class II<\/span><\/li>\n<li class=\"tw-data-text tw-text-large tw-ta\" dir=\"ltr\" data-placeholder=\"T\u00f5lge\" data-ved=\"2ahUKEwjUg5rS17mLAxXyi8MKHXPtBPcQ3ewLegQIBxAV\" aria-label=\"T\u00f5lgitud tekst: maksimaalne \u00fcmbritseva \u00f5hu temperatuur 40\u00b0C, isolatsiooniklass E, kapseldatud-ed-m\u00e4hised, isolatsioonikarp, kaitses\u00fcsteem IP 65, kaitseklass II, eraldatud m\u00e4hised, kaabli eelkruviga terminali \u00fchendusruum, kaitse l\u00fchise ja \u00fclekoormuse eest primaarvarustusega kaitsme ja temperatuuril\u00fcliti kaudu, sagedus 50-60 Hz\"><span class=\"Y2IQFc\" lang=\"et\">separated windings<\/span><\/li>\n<li class=\"tw-data-text tw-text-large tw-ta\" dir=\"ltr\" data-placeholder=\"T\u00f5lge\" data-ved=\"2ahUKEwjUg5rS17mLAxXyi8MKHXPtBPcQ3ewLegQIBxAV\" aria-label=\"T\u00f5lgitud tekst: maksimaalne \u00fcmbritseva \u00f5hu temperatuur 40\u00b0C, isolatsiooniklass E, kapseldatud-ed-m\u00e4hised, isolatsioonikarp, kaitses\u00fcsteem IP 65, kaitseklass II, eraldatud m\u00e4hised, kaabli eelkruviga terminali \u00fchendusruum, kaitse l\u00fchise ja \u00fclekoormuse eest primaarvarustusega kaitsme ja temperatuuril\u00fcliti kaudu, sagedus 50-60 Hz\"><span class=\"Y2IQFc\" lang=\"et\">short-circuit and overload protection on the primary supply by means of a fuse and a temperature switch<\/span><\/li>\n<li class=\"tw-data-text tw-text-large tw-ta\" dir=\"ltr\" data-placeholder=\"T\u00f5lge\" data-ved=\"2ahUKEwjUg5rS17mLAxXyi8MKHXPtBPcQ3ewLegQIBxAV\" aria-label=\"T\u00f5lgitud tekst: maksimaalne \u00fcmbritseva \u00f5hu temperatuur 40\u00b0C, isolatsiooniklass E, kapseldatud-ed-m\u00e4hised, isolatsioonikarp, kaitses\u00fcsteem IP 65, kaitseklass II, eraldatud m\u00e4hised, kaabli eelkruviga terminali \u00fchendusruum, kaitse l\u00fchise ja \u00fclekoormuse eest primaarvarustusega kaitsme ja temperatuuril\u00fcliti kaudu, sagedus 50-60 Hz\"><span class=\"Y2IQFc\" lang=\"et\">frequency 50-60 Hz<\/span><\/li>\n<\/ul>\n<p>Choice of transformers:<\/p>\n<ul>\n<li>EVGS 50: 230VAC&gt;12VAC 1x50W<\/li>\n<li>EVGS 100: 230VAC&gt;12VAC 2x50W<\/li>\n<li>EVGS 150: 230VAC&gt;12VAC 2x75W<\/li>\n<li>EVGS 200: 230VAC&gt;12VAC 2x100W<\/li>\n<li>EVGS 300: 230VAC&gt;12VAC 1x300W<\/li>\n<li>EVGS 600: 230VAC&gt;12VAC 2x300W<\/li>\n<\/ul>\n<p>Dimensions and weights can be found <a href=\"https:\/\/basseinimeistrid.ee\/wp-content\/uploads\/2025\/02\/EVGS-Single-phase-stationary-safety-isolating-transformer-for-swimming-pool-spot-lights-_-ELTRA-Transformatoren.pdf\" target=\"_blank\" rel=\"noopener\">HERE<\/a><\/p>\n","protected":false},"excerpt":{"rendered":"<p>ELTRA EVGS 230 VAC &#8211; 12 VAC transformers Transformers are suitable for Lumiplus and other 12V pool lights. The capacity must exceed the total power requirements of the lights. Single-phase transformers. maximum ambient temperature 40\u00b0C insulation class E encapsulated-wraps insulated housing protection class IP 65 protection class II separated windings short-circuit and overload protection on [&hellip;]<\/p>\n","protected":false},"featured_media":105772,"template":"","meta":{"_et_pb_use_builder":"","_et_pb_old_content":"","_et_gb_content_width":""},"product_brand":[],"product_cat":[82,215],"product_tag":[],"class_list":{"0":"post-107736","1":"product","2":"type-product","3":"status-publish","4":"has-post-thumbnail","6":"product_cat-lighting","7":"product_cat-pool-light-accessories","8":"product_shipping_class-pakiautomaat-en","10":"first","11":"instock","12":"taxable","13":"shipping-taxable","14":"purchasable","15":"product-type-simple"},"jetpack_sharing_enabled":true,"_links":{"self":[{"href":"https:\/\/basseinimeistrid.ee\/en\/wp-json\/wp\/v2\/product\/107736","targetHints":{"allow":["GET"]}}],"collection":[{"href":"https:\/\/basseinimeistrid.ee\/en\/wp-json\/wp\/v2\/product"}],"about":[{"href":"https:\/\/basseinimeistrid.ee\/en\/wp-json\/wp\/v2\/types\/product"}],"wp:featuredmedia":[{"embeddable":true,"href":"https:\/\/basseinimeistrid.ee\/en\/wp-json\/wp\/v2\/media\/105772"}],"wp:attachment":[{"href":"https:\/\/basseinimeistrid.ee\/en\/wp-json\/wp\/v2\/media?parent=107736"}],"wp:term":[{"taxonomy":"product_brand","embeddable":true,"href":"https:\/\/basseinimeistrid.ee\/en\/wp-json\/wp\/v2\/product_brand?post=107736"},{"taxonomy":"product_cat","embeddable":true,"href":"https:\/\/basseinimeistrid.ee\/en\/wp-json\/wp\/v2\/product_cat?post=107736"},{"taxonomy":"product_tag","embeddable":true,"href":"https:\/\/basseinimeistrid.ee\/en\/wp-json\/wp\/v2\/product_tag?post=107736"}],"curies":[{"name":"wp","href":"https:\/\/api.w.org\/{rel}","templated":true}]}}