{"id":107754,"date":"2025-02-14T14:27:38","date_gmt":"2025-02-14T12:27:38","guid":{"rendered":"https:\/\/basseinimeistrid.ee\/pood\/uncategorized\/renolit-alkorplan-touch-origin\/"},"modified":"2025-03-15T15:21:37","modified_gmt":"2025-03-15T13:21:37","slug":"renolit-alkorplan-touch-origin","status":"publish","type":"product","link":"https:\/\/basseinimeistrid.ee\/en\/pood\/renolit-alkorplan-touch-origin\/","title":{"rendered":"Renolit Alkorplan Touch Origin"},"content":{"rendered":"<h4>Renolit Alkorplan Touch Origin<\/h4>\n<p id=\"tw-target-text\" class=\"tw-data-text tw-text-large tw-ta\" dir=\"ltr\" data-placeholder=\"T\u00f5lge\" data-ved=\"2ahUKEwjUg5rS17mLAxXyi8MKHXPtBPcQ3ewLegQIBxAV\" aria-label=\"T\u00f5lgitud tekst: RENOLIT ALKORPLAN TOUCH 2 mm tugevdatud laminaat, tr\u00fckitud ja reljeefne, loodusest inspireeritud, et anda basseinidele iseloomu ja isikup\u00e4ra. Tugevdatud vooder eksklusiivse 3D-kujunduse ja prindiga, mis on inspireeritud loodusest. Muudate oma kodu disaini ja iseloomu varjupaigaks. Voodri kujutlusv\u00f5imeline disain muudab selle k\u00f5ige sobivamaks elemendiks teie basseinile isikup\u00e4rase m\u00e4rkuse lisamiseks ja teie kodu ainulaadseks muutmiseks. TOUCH vooderdised j\u00e4ljendavad loodust, lisades eksootilistele vannidele simuleeritud kiviviimistluse, lisades basseinidele, milles neid kasutatakse, isikup\u00e4ra ja omap\u00e4ra, muutes iga basseini ainulaadseks.\"><span class=\"Y2IQFc\" lang=\"et\">RENOLIT ALKORPLAN TOUCH reinforced pool membrane, printed and embossed, inspired by nature to give pools character and personality. Reinforced pool liner with exclusive 3D design and print inspired by nature. Transform your home into a haven of design and character. The imaginative design of the liner makes it the most suitable element to add a personal touch to your pool. TOUCH liners mimic nature by adding a simulated stone finish to exotic pools, making each pool unique.    <\/span><\/p>\n<ul>\n<li dir=\"ltr\" data-placeholder=\"T\u00f5lge\" data-ved=\"2ahUKEwjUg5rS17mLAxXyi8MKHXPtBPcQ3ewLegQIBxAV\" aria-label=\"T\u00f5lgitud tekst: RENOLIT ALKORPLAN TOUCH 2 mm tugevdatud laminaat, tr\u00fckitud ja reljeefne, loodusest inspireeritud, et anda basseinidele iseloomu ja isikup\u00e4ra. Tugevdatud vooder eksklusiivse 3D-kujunduse ja prindiga, mis on inspireeritud loodusest. Muudate oma kodu disaini ja iseloomu varjupaigaks. Voodri kujutlusv\u00f5imeline disain muudab selle k\u00f5ige sobivamaks elemendiks teie basseinile isikup\u00e4rase m\u00e4rkuse lisamiseks ja teie kodu ainulaadseks muutmiseks. TOUCH vooderdised j\u00e4ljendavad loodust, lisades eksootilistele vannidele simuleeritud kiviviimistluse, lisades basseinidele, milles neid kasutatakse, isikup\u00e4ra ja omap\u00e4ra, muutes iga basseini ainulaadseks.\">Material 2mm thick !<\/li>\n<li dir=\"ltr\" data-placeholder=\"T\u00f5lge\" data-ved=\"2ahUKEwjUg5rS17mLAxXyi8MKHXPtBPcQ3ewLegQIBxAV\" aria-label=\"T\u00f5lgitud tekst: RENOLIT ALKORPLAN TOUCH 2 mm tugevdatud laminaat, tr\u00fckitud ja reljeefne, loodusest inspireeritud, et anda basseinidele iseloomu ja isikup\u00e4ra. Tugevdatud vooder eksklusiivse 3D-kujunduse ja prindiga, mis on inspireeritud loodusest. Muudate oma kodu disaini ja iseloomu varjupaigaks. Voodri kujutlusv\u00f5imeline disain muudab selle k\u00f5ige sobivamaks elemendiks teie basseinile isikup\u00e4rase m\u00e4rkuse lisamiseks ja teie kodu ainulaadseks muutmiseks. TOUCH vooderdised j\u00e4ljendavad loodust, lisades eksootilistele vannidele simuleeritud kiviviimistluse, lisades basseinidele, milles neid kasutatakse, isikup\u00e4ra ja omap\u00e4ra, muutes iga basseini ainulaadseks.\">Rolls 1,65 x 21m (34,65 m\u00b2)<\/li>\n<li dir=\"ltr\" data-placeholder=\"T\u00f5lge\" data-ved=\"2ahUKEwjUg5rS17mLAxXyi8MKHXPtBPcQ3ewLegQIBxAV\" aria-label=\"T\u00f5lgitud tekst: RENOLIT ALKORPLAN TOUCH 2 mm tugevdatud laminaat, tr\u00fckitud ja reljeefne, loodusest inspireeritud, et anda basseinidele iseloomu ja isikup\u00e4ra. Tugevdatud vooder eksklusiivse 3D-kujunduse ja prindiga, mis on inspireeritud loodusest. Muudate oma kodu disaini ja iseloomu varjupaigaks. Voodri kujutlusv\u00f5imeline disain muudab selle k\u00f5ige sobivamaks elemendiks teie basseinile isikup\u00e4rase m\u00e4rkuse lisamiseks ja teie kodu ainulaadseks muutmiseks. TOUCH vooderdised j\u00e4ljendavad loodust, lisades eksootilistele vannidele simuleeritud kiviviimistluse, lisades basseinidele, milles neid kasutatakse, isikup\u00e4ra ja omap\u00e4ra, muutes iga basseini ainulaadseks.\">5 colours<\/li>\n<li dir=\"ltr\" data-placeholder=\"T\u00f5lge\" data-ved=\"2ahUKEwjUg5rS17mLAxXyi8MKHXPtBPcQ3ewLegQIBxAV\" aria-label=\"T\u00f5lgitud tekst: RENOLIT ALKORPLAN TOUCH 2 mm tugevdatud laminaat, tr\u00fckitud ja reljeefne, loodusest inspireeritud, et anda basseinidele iseloomu ja isikup\u00e4ra. Tugevdatud vooder eksklusiivse 3D-kujunduse ja prindiga, mis on inspireeritud loodusest. Muudate oma kodu disaini ja iseloomu varjupaigaks. Voodri kujutlusv\u00f5imeline disain muudab selle k\u00f5ige sobivamaks elemendiks teie basseinile isikup\u00e4rase m\u00e4rkuse lisamiseks ja teie kodu ainulaadseks muutmiseks. TOUCH vooderdised j\u00e4ljendavad loodust, lisades eksootilistele vannidele simuleeritud kiviviimistluse, lisades basseinidele, milles neid kasutatakse, isikup\u00e4ra ja omap\u00e4ra, muutes iga basseini ainulaadseks.\">Slip-resistant<\/li>\n<li dir=\"ltr\" data-placeholder=\"T\u00f5lge\" data-ved=\"2ahUKEwjUg5rS17mLAxXyi8MKHXPtBPcQ3ewLegQIBxAV\" aria-label=\"T\u00f5lgitud tekst: RENOLIT ALKORPLAN TOUCH 2 mm tugevdatud laminaat, tr\u00fckitud ja reljeefne, loodusest inspireeritud, et anda basseinidele iseloomu ja isikup\u00e4ra. Tugevdatud vooder eksklusiivse 3D-kujunduse ja prindiga, mis on inspireeritud loodusest. Muudate oma kodu disaini ja iseloomu varjupaigaks. Voodri kujutlusv\u00f5imeline disain muudab selle k\u00f5ige sobivamaks elemendiks teie basseinile isikup\u00e4rase m\u00e4rkuse lisamiseks ja teie kodu ainulaadseks muutmiseks. TOUCH vooderdised j\u00e4ljendavad loodust, lisades eksootilistele vannidele simuleeritud kiviviimistluse, lisades basseinidele, milles neid kasutatakse, isikup\u00e4ra ja omap\u00e4ra, muutes iga basseini ainulaadseks.\">The only 2mm thick pool membrane with 3D surface finish<\/li>\n<li dir=\"ltr\" data-placeholder=\"T\u00f5lge\" data-ved=\"2ahUKEwjUg5rS17mLAxXyi8MKHXPtBPcQ3ewLegQIBxAV\" aria-label=\"T\u00f5lgitud tekst: RENOLIT ALKORPLAN TOUCH 2 mm tugevdatud laminaat, tr\u00fckitud ja reljeefne, loodusest inspireeritud, et anda basseinidele iseloomu ja isikup\u00e4ra. Tugevdatud vooder eksklusiivse 3D-kujunduse ja prindiga, mis on inspireeritud loodusest. Muudate oma kodu disaini ja iseloomu varjupaigaks. Voodri kujutlusv\u00f5imeline disain muudab selle k\u00f5ige sobivamaks elemendiks teie basseinile isikup\u00e4rase m\u00e4rkuse lisamiseks ja teie kodu ainulaadseks muutmiseks. TOUCH vooderdised j\u00e4ljendavad loodust, lisades eksootilistele vannidele simuleeritud kiviviimistluse, lisades basseinidele, milles neid kasutatakse, isikup\u00e4ra ja omap\u00e4ra, muutes iga basseini ainulaadseks.\">Suitable for overlay welding as well as butt-welded end-to-end connections.<\/li>\n<li dir=\"ltr\" data-placeholder=\"T\u00f5lge\" data-ved=\"2ahUKEwjUg5rS17mLAxXyi8MKHXPtBPcQ3ewLegQIBxAV\" aria-label=\"T\u00f5lgitud tekst: RENOLIT ALKORPLAN TOUCH 2 mm tugevdatud laminaat, tr\u00fckitud ja reljeefne, loodusest inspireeritud, et anda basseinidele iseloomu ja isikup\u00e4ra. Tugevdatud vooder eksklusiivse 3D-kujunduse ja prindiga, mis on inspireeritud loodusest. Muudate oma kodu disaini ja iseloomu varjupaigaks. Voodri kujutlusv\u00f5imeline disain muudab selle k\u00f5ige sobivamaks elemendiks teie basseinile isikup\u00e4rase m\u00e4rkuse lisamiseks ja teie kodu ainulaadseks muutmiseks. TOUCH vooderdised j\u00e4ljendavad loodust, lisades eksootilistele vannidele simuleeritud kiviviimistluse, lisades basseinidele, milles neid kasutatakse, isikup\u00e4ra ja omap\u00e4ra, muutes iga basseini ainulaadseks.\">Liquid PVC available in most colours for additional sealing of joints<\/li>\n<li dir=\"ltr\" data-placeholder=\"T\u00f5lge\" data-ved=\"2ahUKEwjUg5rS17mLAxXyi8MKHXPtBPcQ3ewLegQIBxAV\" aria-label=\"T\u00f5lgitud tekst: RENOLIT ALKORPLAN TOUCH 2 mm tugevdatud laminaat, tr\u00fckitud ja reljeefne, loodusest inspireeritud, et anda basseinidele iseloomu ja isikup\u00e4ra. Tugevdatud vooder eksklusiivse 3D-kujunduse ja prindiga, mis on inspireeritud loodusest. Muudate oma kodu disaini ja iseloomu varjupaigaks. Voodri kujutlusv\u00f5imeline disain muudab selle k\u00f5ige sobivamaks elemendiks teie basseinile isikup\u00e4rase m\u00e4rkuse lisamiseks ja teie kodu ainulaadseks muutmiseks. TOUCH vooderdised j\u00e4ljendavad loodust, lisades eksootilistele vannidele simuleeritud kiviviimistluse, lisades basseinidele, milles neid kasutatakse, isikup\u00e4ra ja omap\u00e4ra, muutes iga basseini ainulaadseks.\">34,65 m\u00b2 roll price 1665 \u20ac + km. The price per square metre is 48,05\u20ac + km respectively. <\/li>\n<\/ul>\n<p>&nbsp;<\/p>\n<p>Renolit Alkorplan Touch manufacturer&#8217;s website <a href=\"https:\/\/www.renolit.com\/en\/industries\/home-building\/surrounding\/swimming-pools\/renolit-alkorplan-touch\" target=\"_blank\" rel=\"noopener\">HERE<\/a><\/p>\n<p>Technical information in English <a href=\"https:\/\/basseinimeistrid.ee\/wp-content\/uploads\/2025\/02\/35517_2017_-_EN_-_TDS_-_ALKORPLAN_TOUCH.pdf\" target=\"_blank\" rel=\"noopener\">HERE<\/a><\/p>\n","protected":false},"excerpt":{"rendered":"<p>1.65 m x 21 m (34.65 m\u00b2)<\/p>\n","protected":false},"featured_media":105501,"template":"","meta":{"_et_pb_use_builder":"","_et_pb_old_content":"","_et_gb_content_width":""},"product_brand":[],"product_cat":[196],"product_tag":[],"class_list":{"0":"post-107754","1":"product","2":"type-product","3":"status-publish","4":"has-post-thumbnail","6":"product_cat-pool-liners","7":"product_shipping_class-kuller-en","9":"first","10":"instock","11":"taxable","12":"shipping-taxable","13":"purchasable","14":"product-type-simple"},"jetpack_sharing_enabled":true,"_links":{"self":[{"href":"https:\/\/basseinimeistrid.ee\/en\/wp-json\/wp\/v2\/product\/107754","targetHints":{"allow":["GET"]}}],"collection":[{"href":"https:\/\/basseinimeistrid.ee\/en\/wp-json\/wp\/v2\/product"}],"about":[{"href":"https:\/\/basseinimeistrid.ee\/en\/wp-json\/wp\/v2\/types\/product"}],"wp:featuredmedia":[{"embeddable":true,"href":"https:\/\/basseinimeistrid.ee\/en\/wp-json\/wp\/v2\/media\/105501"}],"wp:attachment":[{"href":"https:\/\/basseinimeistrid.ee\/en\/wp-json\/wp\/v2\/media?parent=107754"}],"wp:term":[{"taxonomy":"product_brand","embeddable":true,"href":"https:\/\/basseinimeistrid.ee\/en\/wp-json\/wp\/v2\/product_brand?post=107754"},{"taxonomy":"product_cat","embeddable":true,"href":"https:\/\/basseinimeistrid.ee\/en\/wp-json\/wp\/v2\/product_cat?post=107754"},{"taxonomy":"product_tag","embeddable":true,"href":"https:\/\/basseinimeistrid.ee\/en\/wp-json\/wp\/v2\/product_tag?post=107754"}],"curies":[{"name":"wp","href":"https:\/\/api.w.org\/{rel}","templated":true}]}}