{"id":107765,"date":"2025-02-14T12:55:15","date_gmt":"2025-02-14T10:55:15","guid":{"rendered":"https:\/\/basseinimeistrid.ee\/pood\/uncategorized\/zettex-x-45-aerosol-glue\/"},"modified":"2025-03-15T15:21:30","modified_gmt":"2025-03-15T13:21:30","slug":"zettex-x-45-aerosol-glue","status":"publish","type":"product","link":"https:\/\/basseinimeistrid.ee\/en\/pood\/zettex-x-45-aerosol-glue\/","title":{"rendered":"Zettex X-45 aerosol glue"},"content":{"rendered":"<h4>Zettex X-45 Spraybond aerosol glue<\/h4>\n<p id=\"tw-target-text\" class=\"tw-data-text tw-text-large tw-ta\" dir=\"ltr\" data-placeholder=\"T\u00f5lge\" data-ved=\"2ahUKEwjUg5rS17mLAxXyi8MKHXPtBPcQ3ewLegQIBxAV\" aria-label=\"T\u00f5lgitud tekst: Kirjeldus Zettex X45 on v\u00e4ga kvaliteetne kuumakindel kontaktliim igat t\u00fc\u00fcpi membraanide ja katuste liimimiseks k\u00f5ikide aluspindadega. T\u00e4nu ainulaadsele koostisele ja keskkonnas\u00f5bralikkusele ei sisalda Zettex Spraybond X45 CFC-sid ega kahjulikke lahusteid. Omadused: - \u00fcliv\u00f5imas - kuumakindel - kiiresti kuivav - universaalne kasutus - kasutusvalmis - DCM-vaba. Kasutusalad: igat t\u00fc\u00fcpi aluspindade liimimiseks. K\u00f5rge kuivaine- ja kummisisalduse t\u00f5ttu on see liim \u00e4\u00e4rmiselt vastupidav ja ohutu kasutada. Zettex Spraybond X45 sobib ka plastifikaatori suhtes tundlike aluspindade, n\u00e4iteks PVC, liimimiseks. Maksimaalne plastifikaatori osakaal PVC-s ei tohi \u00fcletada 16%. Soovitatav on teha eelkatse.\"><span class=\"Y2IQFc\" lang=\"et\">Zettex X45 is a very high quality heat resistant contact adhesive for bonding all types of membranes, textiles and other roll materials to all substrates*. Thanks to its unique formulation and environmental friendliness, Zettex Spraybond X45 does not contain CFCs or harmful solvents. <\/span><\/p>\n<p class=\"tw-data-text tw-text-large tw-ta\" dir=\"ltr\" data-placeholder=\"T\u00f5lge\" data-ved=\"2ahUKEwjUg5rS17mLAxXyi8MKHXPtBPcQ3ewLegQIBxAV\" aria-label=\"T\u00f5lgitud tekst: Kirjeldus Zettex X45 on v\u00e4ga kvaliteetne kuumakindel kontaktliim igat t\u00fc\u00fcpi membraanide ja katuste liimimiseks k\u00f5ikide aluspindadega. T\u00e4nu ainulaadsele koostisele ja keskkonnas\u00f5bralikkusele ei sisalda Zettex Spraybond X45 CFC-sid ega kahjulikke lahusteid. Omadused: - \u00fcliv\u00f5imas - kuumakindel - kiiresti kuivav - universaalne kasutus - kasutusvalmis - DCM-vaba. Kasutusalad: igat t\u00fc\u00fcpi aluspindade liimimiseks. K\u00f5rge kuivaine- ja kummisisalduse t\u00f5ttu on see liim \u00e4\u00e4rmiselt vastupidav ja ohutu kasutada. Zettex Spraybond X45 sobib ka plastifikaatori suhtes tundlike aluspindade, n\u00e4iteks PVC, liimimiseks. Maksimaalne plastifikaatori osakaal PVC-s ei tohi \u00fcletada 16%. Soovitatav on teha eelkatse.\"><span class=\"Y2IQFc\" lang=\"et\">Features:<\/span><\/p>\n<ul>\n<li class=\"tw-data-text tw-text-large tw-ta\" dir=\"ltr\" data-placeholder=\"T\u00f5lge\" data-ved=\"2ahUKEwjUg5rS17mLAxXyi8MKHXPtBPcQ3ewLegQIBxAV\" aria-label=\"T\u00f5lgitud tekst: Kirjeldus Zettex X45 on v\u00e4ga kvaliteetne kuumakindel kontaktliim igat t\u00fc\u00fcpi membraanide ja katuste liimimiseks k\u00f5ikide aluspindadega. T\u00e4nu ainulaadsele koostisele ja keskkonnas\u00f5bralikkusele ei sisalda Zettex Spraybond X45 CFC-sid ega kahjulikke lahusteid. Omadused: - \u00fcliv\u00f5imas - kuumakindel - kiiresti kuivav - universaalne kasutus - kasutusvalmis - DCM-vaba. Kasutusalad: igat t\u00fc\u00fcpi aluspindade liimimiseks. K\u00f5rge kuivaine- ja kummisisalduse t\u00f5ttu on see liim \u00e4\u00e4rmiselt vastupidav ja ohutu kasutada. Zettex Spraybond X45 sobib ka plastifikaatori suhtes tundlike aluspindade, n\u00e4iteks PVC, liimimiseks. Maksimaalne plastifikaatori osakaal PVC-s ei tohi \u00fcletada 16%. Soovitatav on teha eelkatse.\"><span class=\"Y2IQFc\" lang=\"et\">powerful<\/span><\/li>\n<li class=\"tw-data-text tw-text-large tw-ta\" dir=\"ltr\" data-placeholder=\"T\u00f5lge\" data-ved=\"2ahUKEwjUg5rS17mLAxXyi8MKHXPtBPcQ3ewLegQIBxAV\" aria-label=\"T\u00f5lgitud tekst: Kirjeldus Zettex X45 on v\u00e4ga kvaliteetne kuumakindel kontaktliim igat t\u00fc\u00fcpi membraanide ja katuste liimimiseks k\u00f5ikide aluspindadega. T\u00e4nu ainulaadsele koostisele ja keskkonnas\u00f5bralikkusele ei sisalda Zettex Spraybond X45 CFC-sid ega kahjulikke lahusteid. Omadused: - \u00fcliv\u00f5imas - kuumakindel - kiiresti kuivav - universaalne kasutus - kasutusvalmis - DCM-vaba. Kasutusalad: igat t\u00fc\u00fcpi aluspindade liimimiseks. K\u00f5rge kuivaine- ja kummisisalduse t\u00f5ttu on see liim \u00e4\u00e4rmiselt vastupidav ja ohutu kasutada. Zettex Spraybond X45 sobib ka plastifikaatori suhtes tundlike aluspindade, n\u00e4iteks PVC, liimimiseks. Maksimaalne plastifikaatori osakaal PVC-s ei tohi \u00fcletada 16%. Soovitatav on teha eelkatse.\"><span class=\"Y2IQFc\" lang=\"et\">heat-resistant<\/span><\/li>\n<li class=\"tw-data-text tw-text-large tw-ta\" dir=\"ltr\" data-placeholder=\"T\u00f5lge\" data-ved=\"2ahUKEwjUg5rS17mLAxXyi8MKHXPtBPcQ3ewLegQIBxAV\" aria-label=\"T\u00f5lgitud tekst: Kirjeldus Zettex X45 on v\u00e4ga kvaliteetne kuumakindel kontaktliim igat t\u00fc\u00fcpi membraanide ja katuste liimimiseks k\u00f5ikide aluspindadega. T\u00e4nu ainulaadsele koostisele ja keskkonnas\u00f5bralikkusele ei sisalda Zettex Spraybond X45 CFC-sid ega kahjulikke lahusteid. Omadused: - \u00fcliv\u00f5imas - kuumakindel - kiiresti kuivav - universaalne kasutus - kasutusvalmis - DCM-vaba. Kasutusalad: igat t\u00fc\u00fcpi aluspindade liimimiseks. K\u00f5rge kuivaine- ja kummisisalduse t\u00f5ttu on see liim \u00e4\u00e4rmiselt vastupidav ja ohutu kasutada. Zettex Spraybond X45 sobib ka plastifikaatori suhtes tundlike aluspindade, n\u00e4iteks PVC, liimimiseks. Maksimaalne plastifikaatori osakaal PVC-s ei tohi \u00fcletada 16%. Soovitatav on teha eelkatse.\"><span class=\"Y2IQFc\" lang=\"et\">fast drying<\/span><\/li>\n<li class=\"tw-data-text tw-text-large tw-ta\" dir=\"ltr\" data-placeholder=\"T\u00f5lge\" data-ved=\"2ahUKEwjUg5rS17mLAxXyi8MKHXPtBPcQ3ewLegQIBxAV\" aria-label=\"T\u00f5lgitud tekst: Kirjeldus Zettex X45 on v\u00e4ga kvaliteetne kuumakindel kontaktliim igat t\u00fc\u00fcpi membraanide ja katuste liimimiseks k\u00f5ikide aluspindadega. T\u00e4nu ainulaadsele koostisele ja keskkonnas\u00f5bralikkusele ei sisalda Zettex Spraybond X45 CFC-sid ega kahjulikke lahusteid. Omadused: - \u00fcliv\u00f5imas - kuumakindel - kiiresti kuivav - universaalne kasutus - kasutusvalmis - DCM-vaba. Kasutusalad: igat t\u00fc\u00fcpi aluspindade liimimiseks. K\u00f5rge kuivaine- ja kummisisalduse t\u00f5ttu on see liim \u00e4\u00e4rmiselt vastupidav ja ohutu kasutada. Zettex Spraybond X45 sobib ka plastifikaatori suhtes tundlike aluspindade, n\u00e4iteks PVC, liimimiseks. Maksimaalne plastifikaatori osakaal PVC-s ei tohi \u00fcletada 16%. Soovitatav on teha eelkatse.\"><span class=\"Y2IQFc\" lang=\"et\">universal use<\/span><\/li>\n<li class=\"tw-data-text tw-text-large tw-ta\" dir=\"ltr\" data-placeholder=\"T\u00f5lge\" data-ved=\"2ahUKEwjUg5rS17mLAxXyi8MKHXPtBPcQ3ewLegQIBxAV\" aria-label=\"T\u00f5lgitud tekst: Kirjeldus Zettex X45 on v\u00e4ga kvaliteetne kuumakindel kontaktliim igat t\u00fc\u00fcpi membraanide ja katuste liimimiseks k\u00f5ikide aluspindadega. T\u00e4nu ainulaadsele koostisele ja keskkonnas\u00f5bralikkusele ei sisalda Zettex Spraybond X45 CFC-sid ega kahjulikke lahusteid. Omadused: - \u00fcliv\u00f5imas - kuumakindel - kiiresti kuivav - universaalne kasutus - kasutusvalmis - DCM-vaba. Kasutusalad: igat t\u00fc\u00fcpi aluspindade liimimiseks. K\u00f5rge kuivaine- ja kummisisalduse t\u00f5ttu on see liim \u00e4\u00e4rmiselt vastupidav ja ohutu kasutada. Zettex Spraybond X45 sobib ka plastifikaatori suhtes tundlike aluspindade, n\u00e4iteks PVC, liimimiseks. Maksimaalne plastifikaatori osakaal PVC-s ei tohi \u00fcletada 16%. Soovitatav on teha eelkatse.\"><span class=\"Y2IQFc\" lang=\"et\">ready for use<\/span><\/li>\n<li class=\"tw-data-text tw-text-large tw-ta\" dir=\"ltr\" data-placeholder=\"T\u00f5lge\" data-ved=\"2ahUKEwjUg5rS17mLAxXyi8MKHXPtBPcQ3ewLegQIBxAV\" aria-label=\"T\u00f5lgitud tekst: Kirjeldus Zettex X45 on v\u00e4ga kvaliteetne kuumakindel kontaktliim igat t\u00fc\u00fcpi membraanide ja katuste liimimiseks k\u00f5ikide aluspindadega. T\u00e4nu ainulaadsele koostisele ja keskkonnas\u00f5bralikkusele ei sisalda Zettex Spraybond X45 CFC-sid ega kahjulikke lahusteid. Omadused: - \u00fcliv\u00f5imas - kuumakindel - kiiresti kuivav - universaalne kasutus - kasutusvalmis - DCM-vaba. Kasutusalad: igat t\u00fc\u00fcpi aluspindade liimimiseks. K\u00f5rge kuivaine- ja kummisisalduse t\u00f5ttu on see liim \u00e4\u00e4rmiselt vastupidav ja ohutu kasutada. Zettex Spraybond X45 sobib ka plastifikaatori suhtes tundlike aluspindade, n\u00e4iteks PVC, liimimiseks. Maksimaalne plastifikaatori osakaal PVC-s ei tohi \u00fcletada 16%. Soovitatav on teha eelkatse.\"><span class=\"Y2IQFc\" lang=\"et\">DCM-free<\/span><\/li>\n<\/ul>\n<p><span class=\"Y2IQFc\" lang=\"et\">Fields of application: bonding to all types of substrates. All types of substrate: all types of substrates. High dry and rubber content makes this adhesive extremely durable and safe to use. Zettex Spraybond X45 is also suitable for bonding plasticizer sensitive substrates such as PVC. The maximum plasticizer content in PVC must not exceed 16%*.     <\/span><\/p>\n<p dir=\"ltr\" data-placeholder=\"T\u00f5lge\" data-ved=\"2ahUKEwjUg5rS17mLAxXyi8MKHXPtBPcQ3ewLegQIBxAV\" aria-label=\"T\u00f5lgitud tekst: Kirjeldus Zettex X45 on v\u00e4ga kvaliteetne kuumakindel kontaktliim igat t\u00fc\u00fcpi membraanide ja katuste liimimiseks k\u00f5ikide aluspindadega. T\u00e4nu ainulaadsele koostisele ja keskkonnas\u00f5bralikkusele ei sisalda Zettex Spraybond X45 CFC-sid ega kahjulikke lahusteid. Omadused: - \u00fcliv\u00f5imas - kuumakindel - kiiresti kuivav - universaalne kasutus - kasutusvalmis - DCM-vaba. Kasutusalad: igat t\u00fc\u00fcpi aluspindade liimimiseks. K\u00f5rge kuivaine- ja kummisisalduse t\u00f5ttu on see liim \u00e4\u00e4rmiselt vastupidav ja ohutu kasutada. Zettex Spraybond X45 sobib ka plastifikaatori suhtes tundlike aluspindade, n\u00e4iteks PVC, liimimiseks. Maksimaalne plastifikaatori osakaal PVC-s ei tohi \u00fcletada 16%. Soovitatav on teha eelkatse.\">Bottle<\/p>\n<p class=\"tw-data-text tw-text-large tw-ta\" dir=\"ltr\" data-placeholder=\"T\u00f5lge\" data-ved=\"2ahUKEwjUg5rS17mLAxXyi8MKHXPtBPcQ3ewLegQIBxAV\" aria-label=\"T\u00f5lgitud tekst: Kirjeldus Zettex X45 on v\u00e4ga kvaliteetne kuumakindel kontaktliim igat t\u00fc\u00fcpi membraanide ja katuste liimimiseks k\u00f5ikide aluspindadega. T\u00e4nu ainulaadsele koostisele ja keskkonnas\u00f5bralikkusele ei sisalda Zettex Spraybond X45 CFC-sid ega kahjulikke lahusteid. Omadused: - \u00fcliv\u00f5imas - kuumakindel - kiiresti kuivav - universaalne kasutus - kasutusvalmis - DCM-vaba. Kasutusalad: igat t\u00fc\u00fcpi aluspindade liimimiseks. K\u00f5rge kuivaine- ja kummisisalduse t\u00f5ttu on see liim \u00e4\u00e4rmiselt vastupidav ja ohutu kasutada. Zettex Spraybond X45 sobib ka plastifikaatori suhtes tundlike aluspindade, n\u00e4iteks PVC, liimimiseks. Maksimaalne plastifikaatori osakaal PVC-s ei tohi \u00fcletada 16%. Soovitatav on teha eelkatse.\"><span class=\"Y2IQFc\" lang=\"et\">* It is advisable to test the suitability of the material with an adhesive first.<\/span><\/p>\n<p dir=\"ltr\" data-placeholder=\"T\u00f5lge\" data-ved=\"2ahUKEwjUg5rS17mLAxXyi8MKHXPtBPcQ3ewLegQIBxAV\" aria-label=\"T\u00f5lgitud tekst: Kirjeldus Zettex X45 on v\u00e4ga kvaliteetne kuumakindel kontaktliim igat t\u00fc\u00fcpi membraanide ja katuste liimimiseks k\u00f5ikide aluspindadega. T\u00e4nu ainulaadsele koostisele ja keskkonnas\u00f5bralikkusele ei sisalda Zettex Spraybond X45 CFC-sid ega kahjulikke lahusteid. Omadused: - \u00fcliv\u00f5imas - kuumakindel - kiiresti kuivav - universaalne kasutus - kasutusvalmis - DCM-vaba. Kasutusalad: igat t\u00fc\u00fcpi aluspindade liimimiseks. K\u00f5rge kuivaine- ja kummisisalduse t\u00f5ttu on see liim \u00e4\u00e4rmiselt vastupidav ja ohutu kasutada. Zettex Spraybond X45 sobib ka plastifikaatori suhtes tundlike aluspindade, n\u00e4iteks PVC, liimimiseks. Maksimaalne plastifikaatori osakaal PVC-s ei tohi \u00fcletada 16%. Soovitatav on teha eelkatse.\">The tare and\/or tare label may differ from the pictures. The content\/product is the same. <\/p>\n<p dir=\"ltr\" data-placeholder=\"T\u00f5lge\" data-ved=\"2ahUKEwjUg5rS17mLAxXyi8MKHXPtBPcQ3ewLegQIBxAV\" aria-label=\"T\u00f5lgitud tekst: Kirjeldus Zettex X45 on v\u00e4ga kvaliteetne kuumakindel kontaktliim igat t\u00fc\u00fcpi membraanide ja katuste liimimiseks k\u00f5ikide aluspindadega. T\u00e4nu ainulaadsele koostisele ja keskkonnas\u00f5bralikkusele ei sisalda Zettex Spraybond X45 CFC-sid ega kahjulikke lahusteid. Omadused: - \u00fcliv\u00f5imas - kuumakindel - kiiresti kuivav - universaalne kasutus - kasutusvalmis - DCM-vaba. Kasutusalad: igat t\u00fc\u00fcpi aluspindade liimimiseks. K\u00f5rge kuivaine- ja kummisisalduse t\u00f5ttu on see liim \u00e4\u00e4rmiselt vastupidav ja ohutu kasutada. Zettex Spraybond X45 sobib ka plastifikaatori suhtes tundlike aluspindade, n\u00e4iteks PVC, liimimiseks. Maksimaalne plastifikaatori osakaal PVC-s ei tohi \u00fcletada 16%. Soovitatav on teha eelkatse.\">\n","protected":false},"excerpt":{"rendered":"<p>Zettex X-45 Spraybond aerosol glue Zettex X45 is a very high quality heat resistant contact adhesive for bonding all types of membranes, textiles and other roll materials to all substrates*. Thanks to its unique formulation and environmental friendliness, Zettex Spraybond X45 does not contain CFCs or harmful solvents. Features: powerful heat-resistant fast drying universal use [&hellip;]<\/p>\n","protected":false},"featured_media":105463,"template":"","meta":{"_et_pb_use_builder":"","_et_pb_old_content":"","_et_gb_content_width":""},"product_brand":[],"product_cat":[218],"product_tag":[],"class_list":{"0":"post-107765","1":"product","2":"type-product","3":"status-publish","4":"has-post-thumbnail","6":"product_cat-pool-liner-accessories","7":"product_shipping_class-pakiautomaat-en","9":"first","10":"instock","11":"taxable","12":"shipping-taxable","13":"purchasable","14":"product-type-simple"},"jetpack_sharing_enabled":true,"_links":{"self":[{"href":"https:\/\/basseinimeistrid.ee\/en\/wp-json\/wp\/v2\/product\/107765","targetHints":{"allow":["GET"]}}],"collection":[{"href":"https:\/\/basseinimeistrid.ee\/en\/wp-json\/wp\/v2\/product"}],"about":[{"href":"https:\/\/basseinimeistrid.ee\/en\/wp-json\/wp\/v2\/types\/product"}],"wp:featuredmedia":[{"embeddable":true,"href":"https:\/\/basseinimeistrid.ee\/en\/wp-json\/wp\/v2\/media\/105463"}],"wp:attachment":[{"href":"https:\/\/basseinimeistrid.ee\/en\/wp-json\/wp\/v2\/media?parent=107765"}],"wp:term":[{"taxonomy":"product_brand","embeddable":true,"href":"https:\/\/basseinimeistrid.ee\/en\/wp-json\/wp\/v2\/product_brand?post=107765"},{"taxonomy":"product_cat","embeddable":true,"href":"https:\/\/basseinimeistrid.ee\/en\/wp-json\/wp\/v2\/product_cat?post=107765"},{"taxonomy":"product_tag","embeddable":true,"href":"https:\/\/basseinimeistrid.ee\/en\/wp-json\/wp\/v2\/product_tag?post=107765"}],"curies":[{"name":"wp","href":"https:\/\/api.w.org\/{rel}","templated":true}]}}