{"id":107777,"date":"2025-02-13T22:26:05","date_gmt":"2025-02-13T20:26:05","guid":{"rendered":"https:\/\/basseinimeistrid.ee\/pood\/uncategorized\/elbe-transparent-seam-sealer-950ml\/"},"modified":"2025-03-15T15:23:08","modified_gmt":"2025-03-15T13:23:08","slug":"elbe-transparent-seam-sealer-950ml","status":"publish","type":"product","link":"https:\/\/basseinimeistrid.ee\/en\/pood\/elbe-transparent-seam-sealer-950ml\/","title":{"rendered":"ELBE Transparent Seam Sealer 950ml"},"content":{"rendered":"<h4>ELBE Transparent Seam Sealer<\/h4>\n<p class=\"tw-data-text tw-text-large tw-ta\" dir=\"ltr\" data-placeholder=\"T\u00f5lge\" data-ved=\"2ahUKEwjUg5rS17mLAxXyi8MKHXPtBPcQ3ewLegQIBxAV\" aria-label=\"T\u00f5lgitud tekst: Paindlik. Vastupidav. Selle 1,8 mm paksus annab RENOLIT ALKORPLAN RELIEF tugevdatud membraanile suure paindlikkuse. Looge julgelt oma basseinile soovitud kujundeid. N\u00e4ete, kui kergesti see nendega kohaneb. Valmistatud 25 meetri ja 1,65 meetri laiuste rullidena, v\u00f5imaldavad need lihtsat ja t\u00f5husat paigaldust kogu basseinis.\"><span class=\"Y2IQFc\" lang=\"et\">Liquid transparent PVC for additional sealing and bonding of pool membrane joints and welds. For finishing internal and external corner welds.   <\/span>Estimated consumption 20g\/m per adhesive\/liquid pvc strip. Suitable for use with e.g. ELBE pure pool membranes. <\/p>\n<p>Colour 950ml :<\/p>\n<ul>\n<li>Transparent, colourless (Transparent) 2000856<\/li>\n<\/ul>\n<p>&nbsp;<\/p>\n<p>The tare and\/or tare design may differ from the one shown in the picture.<\/p>\n","protected":false},"excerpt":{"rendered":"<p>ELBE Transparent Seam Sealer Liquid transparent PVC for additional sealing and bonding of pool membrane joints and welds. For finishing internal and external corner welds. Estimated consumption 20g\/m per adhesive\/liquid pvc strip. Suitable for use with e.g. ELBE pure pool membranes. Colour 950ml : Transparent, colourless (Transparent) 2000856 &nbsp; The tare and\/or tare design may [&hellip;]<\/p>\n","protected":false},"featured_media":105365,"template":"","meta":{"_et_pb_use_builder":"","_et_pb_old_content":"","_et_gb_content_width":""},"product_brand":[],"product_cat":[196],"product_tag":[],"class_list":{"0":"post-107777","1":"product","2":"type-product","3":"status-publish","4":"has-post-thumbnail","6":"product_cat-pool-liners","7":"product_shipping_class-pakiautomaat-en","9":"first","10":"instock","11":"taxable","12":"shipping-taxable","13":"purchasable","14":"product-type-simple"},"jetpack_sharing_enabled":true,"_links":{"self":[{"href":"https:\/\/basseinimeistrid.ee\/en\/wp-json\/wp\/v2\/product\/107777","targetHints":{"allow":["GET"]}}],"collection":[{"href":"https:\/\/basseinimeistrid.ee\/en\/wp-json\/wp\/v2\/product"}],"about":[{"href":"https:\/\/basseinimeistrid.ee\/en\/wp-json\/wp\/v2\/types\/product"}],"wp:featuredmedia":[{"embeddable":true,"href":"https:\/\/basseinimeistrid.ee\/en\/wp-json\/wp\/v2\/media\/105365"}],"wp:attachment":[{"href":"https:\/\/basseinimeistrid.ee\/en\/wp-json\/wp\/v2\/media?parent=107777"}],"wp:term":[{"taxonomy":"product_brand","embeddable":true,"href":"https:\/\/basseinimeistrid.ee\/en\/wp-json\/wp\/v2\/product_brand?post=107777"},{"taxonomy":"product_cat","embeddable":true,"href":"https:\/\/basseinimeistrid.ee\/en\/wp-json\/wp\/v2\/product_cat?post=107777"},{"taxonomy":"product_tag","embeddable":true,"href":"https:\/\/basseinimeistrid.ee\/en\/wp-json\/wp\/v2\/product_tag?post=107777"}],"curies":[{"name":"wp","href":"https:\/\/api.w.org\/{rel}","templated":true}]}}