{"id":107778,"date":"2025-02-13T21:34:31","date_gmt":"2025-02-13T19:34:31","guid":{"rendered":"https:\/\/basseinimeistrid.ee\/pood\/uncategorized\/elbe-elite-motion-seam-sealer-950ml\/"},"modified":"2025-03-12T00:04:49","modified_gmt":"2025-03-11T22:04:49","slug":"elbe-elite-motion-seam-sealer-950ml","status":"publish","type":"product","link":"https:\/\/basseinimeistrid.ee\/en\/pood\/elbe-elite-motion-seam-sealer-950ml\/","title":{"rendered":"ELBE elite\u00ae motion seam sealer 950ml"},"content":{"rendered":"<h4>ELBE elite\u00ae motion seam sealer<\/h4>\n<p id=\"tw-target-text\" class=\"tw-data-text tw-text-large tw-ta\" dir=\"ltr\" data-placeholder=\"T\u00f5lge\" data-ved=\"2ahUKEwjUg5rS17mLAxXyi8MKHXPtBPcQ3ewLegQIBxAV\" aria-label=\"T\u00f5lgitud tekst: Teie j\u00e4rgmine bassein muudab teid RENOLIT ALKORPLAN RELIEF kollektsiooniga veelgi paremaks. Avastage oma basseini vooderdise jaoks lai valik v\u00e4rve koos tekstuuride ja k\u00f5rge n\u00f5udlusega libisemiskindlate omadustega. Valige erinevate klassikaliste v\u00f5i keerukamate v\u00e4rvidega pindade hulgast. Jahedad, soojad v\u00f5i looduslikud toonid vesi. Tekstuuridega v\u00e4rvid, mis pakuvad teile uusi aistinguid ja hoolitsevad teie eest, et saaksite oma basseini veelgi rohkem nautida, ilma et peaksite jalgu kaotama.\"><span class=\"Y2IQFc\" lang=\"et\">Choose from a range of colours to match your pool membrane.<\/span><\/p>\n<h5 id=\"tw-target-text\" class=\"tw-data-text tw-text-large tw-ta\" dir=\"ltr\" data-placeholder=\"T\u00f5lge\" data-ved=\"2ahUKEwjUg5rS17mLAxXyi8MKHXPtBPcQ3ewLegQIBxAV\" aria-label=\"T\u00f5lgitud tekst: Paindlik. Vastupidav. Selle 1,8 mm paksus annab RENOLIT ALKORPLAN RELIEF tugevdatud membraanile suure paindlikkuse. Looge julgelt oma basseinile soovitud kujundeid. N\u00e4ete, kui kergesti see nendega kohaneb. Valmistatud 25 meetri ja 1,65 meetri laiuste rullidena, v\u00f5imaldavad need lihtsat ja t\u00f5husat paigaldust kogu basseinis.\"><span class=\"Y2IQFc\" lang=\"et\">Flexible. Resilient. Perfectly matching. <\/span><\/h5>\n<p class=\"tw-data-text tw-text-large tw-ta\" dir=\"ltr\" data-placeholder=\"T\u00f5lge\" data-ved=\"2ahUKEwjUg5rS17mLAxXyi8MKHXPtBPcQ3ewLegQIBxAV\" aria-label=\"T\u00f5lgitud tekst: Paindlik. Vastupidav. Selle 1,8 mm paksus annab RENOLIT ALKORPLAN RELIEF tugevdatud membraanile suure paindlikkuse. Looge julgelt oma basseinile soovitud kujundeid. N\u00e4ete, kui kergesti see nendega kohaneb. Valmistatud 25 meetri ja 1,65 meetri laiuste rullidena, v\u00f5imaldavad need lihtsat ja t\u00f5husat paigaldust kogu basseinis.\"><span class=\"Y2IQFc\" lang=\"et\">Liquid PVC for additional sealing and bonding of pool membrane joints and welds. For finishing internal and external corner welds. <\/span>Estimated consumption 20g\/m per adhesive\/liquid pvc strip. Suitable for use only with ELBE elite\u00ae motion monocolor pool membranes.<\/p>\n<p>Colour 950ml :<\/p>\n<ul>\n<li>Sandy beach (SAND BEACH) 2001091<\/li>\n<li>Grey stone (GRAY ROCK) 2001092<\/li>\n<li>Arctic white (ARCTIC WHITE) 2001090<\/li>\n<li>Black Stone (BLACK STONE) 2001132<\/li>\n<li>Deep Sea Blue (DEEP SEA) 2100396<\/li>\n<li>Transparent 2000856<\/li>\n<\/ul>\n<p>&nbsp;<\/p>\n<p>The tare and\/or tare design may differ from the one shown in the picture.<\/p>\n","protected":false},"excerpt":{"rendered":"<p>ELBE elite\u00ae motion seam sealer Choose from a range of colours to match your pool membrane. Flexible. Resilient. Perfectly matching. Liquid PVC for additional sealing and bonding of pool membrane joints and welds. For finishing internal and external corner welds. Estimated consumption 20g\/m per adhesive\/liquid pvc strip. Suitable for use only with ELBE elite\u00ae motion [&hellip;]<\/p>\n","protected":false},"featured_media":105359,"template":"","meta":{"_et_pb_use_builder":"","_et_pb_old_content":"","_et_gb_content_width":""},"product_brand":[],"product_cat":[196],"product_tag":[],"class_list":{"0":"post-107778","1":"product","2":"type-product","3":"status-publish","4":"has-post-thumbnail","6":"product_cat-pool-liners","7":"product_shipping_class-pakiautomaat-en","9":"first","10":"instock","11":"taxable","12":"shipping-taxable","13":"purchasable","14":"product-type-simple"},"jetpack_sharing_enabled":true,"_links":{"self":[{"href":"https:\/\/basseinimeistrid.ee\/en\/wp-json\/wp\/v2\/product\/107778","targetHints":{"allow":["GET"]}}],"collection":[{"href":"https:\/\/basseinimeistrid.ee\/en\/wp-json\/wp\/v2\/product"}],"about":[{"href":"https:\/\/basseinimeistrid.ee\/en\/wp-json\/wp\/v2\/types\/product"}],"wp:featuredmedia":[{"embeddable":true,"href":"https:\/\/basseinimeistrid.ee\/en\/wp-json\/wp\/v2\/media\/105359"}],"wp:attachment":[{"href":"https:\/\/basseinimeistrid.ee\/en\/wp-json\/wp\/v2\/media?parent=107778"}],"wp:term":[{"taxonomy":"product_brand","embeddable":true,"href":"https:\/\/basseinimeistrid.ee\/en\/wp-json\/wp\/v2\/product_brand?post=107778"},{"taxonomy":"product_cat","embeddable":true,"href":"https:\/\/basseinimeistrid.ee\/en\/wp-json\/wp\/v2\/product_cat?post=107778"},{"taxonomy":"product_tag","embeddable":true,"href":"https:\/\/basseinimeistrid.ee\/en\/wp-json\/wp\/v2\/product_tag?post=107778"}],"curies":[{"name":"wp","href":"https:\/\/api.w.org\/{rel}","templated":true}]}}