{"id":107780,"date":"2025-02-13T19:25:15","date_gmt":"2025-02-13T17:25:15","guid":{"rendered":"https:\/\/basseinimeistrid.ee\/pood\/uncategorized\/renolit-alkorplan-2000-liquid-pvc-900ml\/"},"modified":"2025-03-11T23:58:04","modified_gmt":"2025-03-11T21:58:04","slug":"renolit-alkorplan-2000-liquid-pvc-900ml","status":"publish","type":"product","link":"https:\/\/basseinimeistrid.ee\/en\/pood\/renolit-alkorplan-2000-liquid-pvc-900ml\/","title":{"rendered":"Renolit Alkorplan 2000 Liquid PVC 900ml"},"content":{"rendered":"<h4>Renolit Alkorplan Armado S\/2000 liquid PVC<\/h4>\n<p id=\"tw-target-text\" class=\"tw-data-text tw-text-large tw-ta\" dir=\"ltr\" data-placeholder=\"T\u00f5lge\" data-ved=\"2ahUKEwjUg5rS17mLAxXyi8MKHXPtBPcQ3ewLegQIBxAV\" aria-label=\"T\u00f5lgitud tekst: Teie j\u00e4rgmine bassein muudab teid RENOLIT ALKORPLAN RELIEF kollektsiooniga veelgi paremaks. Avastage oma basseini vooderdise jaoks lai valik v\u00e4rve koos tekstuuride ja k\u00f5rge n\u00f5udlusega libisemiskindlate omadustega. Valige erinevate klassikaliste v\u00f5i keerukamate v\u00e4rvidega pindade hulgast. Jahedad, soojad v\u00f5i looduslikud toonid vesi. Tekstuuridega v\u00e4rvid, mis pakuvad teile uusi aistinguid ja hoolitsevad teie eest, et saaksite oma basseini veelgi rohkem nautida, ilma et peaksite jalgu kaotama.\"><span class=\"Y2IQFc\" lang=\"et\">Choose from a range of classic colours to match your pool membrane.<\/span><\/p>\n<h5 id=\"tw-target-text\" class=\"tw-data-text tw-text-large tw-ta\" dir=\"ltr\" data-placeholder=\"T\u00f5lge\" data-ved=\"2ahUKEwjUg5rS17mLAxXyi8MKHXPtBPcQ3ewLegQIBxAV\" aria-label=\"T\u00f5lgitud tekst: Paindlik. Vastupidav. Selle 1,8 mm paksus annab RENOLIT ALKORPLAN RELIEF tugevdatud membraanile suure paindlikkuse. Looge julgelt oma basseinile soovitud kujundeid. N\u00e4ete, kui kergesti see nendega kohaneb. Valmistatud 25 meetri ja 1,65 meetri laiuste rullidena, v\u00f5imaldavad need lihtsat ja t\u00f5husat paigaldust kogu basseinis.\"><span class=\"Y2IQFc\" lang=\"et\">Flexible. Resilient. Perfectly matching. <\/span><\/h5>\n<p class=\"tw-data-text tw-text-large tw-ta\" dir=\"ltr\" data-placeholder=\"T\u00f5lge\" data-ved=\"2ahUKEwjUg5rS17mLAxXyi8MKHXPtBPcQ3ewLegQIBxAV\" aria-label=\"T\u00f5lgitud tekst: Paindlik. Vastupidav. Selle 1,8 mm paksus annab RENOLIT ALKORPLAN RELIEF tugevdatud membraanile suure paindlikkuse. Looge julgelt oma basseinile soovitud kujundeid. N\u00e4ete, kui kergesti see nendega kohaneb. Valmistatud 25 meetri ja 1,65 meetri laiuste rullidena, v\u00f5imaldavad need lihtsat ja t\u00f5husat paigaldust kogu basseinis.\"><span class=\"Y2IQFc\" lang=\"et\">Liquid PVC for additional sealing and bonding of pool membrane joints and welds. For finishing internal and external corner welds. <\/span>Estimated consumption 20g\/m per adhesive\/liquid pvc strip. Suitable for use with Renolit Alkorplan Armado S\/2000 pool membranes in monotone.<\/p>\n<p>900ml colour range :<\/p>\n<ul>\n<li>ADRIATIC BLUE 81039001F<\/li>\n<li>LIGHT BLUE 81032001F<\/li>\n<li>WHITE 81021001F<\/li>\n<li>CARRIBEAN GREEN 81034001F<\/li>\n<li>SAND 81054001F<\/li>\n<li>LIGHT GREY 81029001F<\/li>\n<li>DARK GREY 81029003F<\/li>\n<\/ul>\n<p>&nbsp;<\/p>\n<p>The tare and\/or tare design may differ from the one shown in the picture.<\/p>\n","protected":false},"excerpt":{"rendered":"<p>Renolit Alkorplan Armado S\/2000 liquid PVC Choose from a range of classic colours to match your pool membrane. Flexible. Resilient. Perfectly matching. Liquid PVC for additional sealing and bonding of pool membrane joints and welds. For finishing internal and external corner welds. Estimated consumption 20g\/m per adhesive\/liquid pvc strip. Suitable for use with Renolit Alkorplan [&hellip;]<\/p>\n","protected":false},"featured_media":105323,"template":"","meta":{"_et_pb_use_builder":"","_et_pb_old_content":"","_et_gb_content_width":""},"product_brand":[],"product_cat":[196],"product_tag":[],"class_list":{"0":"post-107780","1":"product","2":"type-product","3":"status-publish","4":"has-post-thumbnail","6":"product_cat-pool-liners","7":"product_shipping_class-kuller-en","9":"first","10":"instock","11":"taxable","12":"shipping-taxable","13":"purchasable","14":"product-type-simple"},"jetpack_sharing_enabled":true,"_links":{"self":[{"href":"https:\/\/basseinimeistrid.ee\/en\/wp-json\/wp\/v2\/product\/107780","targetHints":{"allow":["GET"]}}],"collection":[{"href":"https:\/\/basseinimeistrid.ee\/en\/wp-json\/wp\/v2\/product"}],"about":[{"href":"https:\/\/basseinimeistrid.ee\/en\/wp-json\/wp\/v2\/types\/product"}],"wp:featuredmedia":[{"embeddable":true,"href":"https:\/\/basseinimeistrid.ee\/en\/wp-json\/wp\/v2\/media\/105323"}],"wp:attachment":[{"href":"https:\/\/basseinimeistrid.ee\/en\/wp-json\/wp\/v2\/media?parent=107780"}],"wp:term":[{"taxonomy":"product_brand","embeddable":true,"href":"https:\/\/basseinimeistrid.ee\/en\/wp-json\/wp\/v2\/product_brand?post=107780"},{"taxonomy":"product_cat","embeddable":true,"href":"https:\/\/basseinimeistrid.ee\/en\/wp-json\/wp\/v2\/product_cat?post=107780"},{"taxonomy":"product_tag","embeddable":true,"href":"https:\/\/basseinimeistrid.ee\/en\/wp-json\/wp\/v2\/product_tag?post=107780"}],"curies":[{"name":"wp","href":"https:\/\/api.w.org\/{rel}","templated":true}]}}