{"id":107782,"date":"2025-02-13T13:45:00","date_gmt":"2025-02-13T11:45:00","guid":{"rendered":"https:\/\/basseinimeistrid.ee\/pood\/uncategorized\/renolit-alkorplan-relief\/"},"modified":"2025-03-11T23:43:32","modified_gmt":"2025-03-11T21:43:32","slug":"renolit-alkorplan-relief","status":"publish","type":"product","link":"https:\/\/basseinimeistrid.ee\/en\/pood\/renolit-alkorplan-relief\/","title":{"rendered":"Renolit Alkorplan Relief"},"content":{"rendered":"<h4>Renolit Alkorplan Relief series pool membranes<\/h4>\n<p id=\"tw-target-text\" class=\"tw-data-text tw-text-large tw-ta\" dir=\"ltr\" data-placeholder=\"T\u00f5lge\" data-ved=\"2ahUKEwjUg5rS17mLAxXyi8MKHXPtBPcQ3ewLegQIBxAV\" aria-label=\"T\u00f5lgitud tekst: Teie j\u00e4rgmine bassein muudab teid RENOLIT ALKORPLAN RELIEF kollektsiooniga veelgi paremaks. Avastage oma basseini vooderdise jaoks lai valik v\u00e4rve koos tekstuuride ja k\u00f5rge n\u00f5udlusega libisemiskindlate omadustega. Valige erinevate klassikaliste v\u00f5i keerukamate v\u00e4rvidega pindade hulgast. Jahedad, soojad v\u00f5i looduslikud toonid vesi. Tekstuuridega v\u00e4rvid, mis pakuvad teile uusi aistinguid ja hoolitsevad teie eest, et saaksite oma basseini veelgi rohkem nautida, ilma et peaksite jalgu kaotama.\"><span class=\"Y2IQFc\" lang=\"et\">Your next pool will be even better with the RENOLIT ALKORPLAN RELIEF collection. Discover a wide range of colours with textures and the highest anti-slip properties. Choose from a variety of colours with classic or embossed surfaces. Cool, warm and <\/span><span class=\"Y2IQFc\" lang=\"et\"> natural-toned pool water. Textured colours that offer you new sensations and take care of you, so you can enjoy your pool even more without losing your footing. <\/span><\/p>\n<p id=\"tw-target-text\" class=\"tw-data-text tw-text-large tw-ta\" dir=\"ltr\" data-placeholder=\"T\u00f5lge\" data-ved=\"2ahUKEwjUg5rS17mLAxXyi8MKHXPtBPcQ3ewLegQIBxAV\" aria-label=\"T\u00f5lgitud tekst: Teie j\u00e4rgmine bassein muudab teid veelgi turvalisemaks RENOLIT ALKORPLAN RELIEF libisemisvastane omadus on sertifitseeritud paljajalu m\u00e4rgadel kallakutel ja pendli h\u00f5\u00f5rdetestidega, l\u00e4bides Euroopa ja rahvusvaheliste standardite DIN 51097 tase C, UNE 41901 tase 3 ja EN1616 (Maximu C) k\u00f5ige n\u00f5udlikumad testid. Seega pole pind mitte ainult esteetiliselt atraktiivne, vaid ka igati funktsionaalne. Ujula nautimine t\u00e4hendab ka \u00f5nnetute \u00f5nnetuste \u00e4rahoidmist.\"><span class=\"Y2IQFc\" lang=\"et\">RENOLIT ALKORPLAN RELIEF&#8217;s slip resistance has been certified in barefoot wet slope and pendulum friction tests, passing the most demanding tests of European and international standards DIN 51097 level C, UNE 41901 level 3 and EN1616 (Maximum C). The surface is therefore not only aesthetically appealing but also highly functional. Enjoying bathing also means preventing accidents. <\/span><\/p>\n<h5 id=\"tw-target-text\" class=\"tw-data-text tw-text-large tw-ta\" dir=\"ltr\" data-placeholder=\"T\u00f5lge\" data-ved=\"2ahUKEwjUg5rS17mLAxXyi8MKHXPtBPcQ3ewLegQIBxAV\" aria-label=\"T\u00f5lgitud tekst: Paindlik. Vastupidav. Selle 1,8 mm paksus annab RENOLIT ALKORPLAN RELIEF tugevdatud membraanile suure paindlikkuse. Looge julgelt oma basseinile soovitud kujundeid. N\u00e4ete, kui kergesti see nendega kohaneb. Valmistatud 25 meetri ja 1,65 meetri laiuste rullidena, v\u00f5imaldavad need lihtsat ja t\u00f5husat paigaldust kogu basseinis.\"><span class=\"Y2IQFc\" lang=\"et\">Flexible. Resilient. <\/span><\/h5>\n<p class=\"tw-data-text tw-text-large tw-ta\" dir=\"ltr\" data-placeholder=\"T\u00f5lge\" data-ved=\"2ahUKEwjUg5rS17mLAxXyi8MKHXPtBPcQ3ewLegQIBxAV\" aria-label=\"T\u00f5lgitud tekst: Paindlik. Vastupidav. Selle 1,8 mm paksus annab RENOLIT ALKORPLAN RELIEF tugevdatud membraanile suure paindlikkuse. Looge julgelt oma basseinile soovitud kujundeid. N\u00e4ete, kui kergesti see nendega kohaneb. Valmistatud 25 meetri ja 1,65 meetri laiuste rullidena, v\u00f5imaldavad need lihtsat ja t\u00f5husat paigaldust kogu basseinis.\"><span class=\"Y2IQFc\" lang=\"et\">The 1.8 mm thickness of the material gives Renolit Alkorplan Relief Reinforced Membrane high flexibility. Feel free to create the shape you want for your pool. The Alkorplan Relief pool membrane adapts to any pool shape. Manufactured in rolls 25 metres long and 1.65 metres wide, they allow for easy and efficient installation throughout the pool. <\/span><\/p>\n<ul>\n<li dir=\"ltr\" data-placeholder=\"T\u00f5lge\" data-ved=\"2ahUKEwjUg5rS17mLAxXyi8MKHXPtBPcQ3ewLegQIBxAV\" aria-label=\"T\u00f5lgitud tekst: Paindlik. Vastupidav. Selle 1,8 mm paksus annab RENOLIT ALKORPLAN RELIEF tugevdatud membraanile suure paindlikkuse. Looge julgelt oma basseinile soovitud kujundeid. N\u00e4ete, kui kergesti see nendega kohaneb. Valmistatud 25 meetri ja 1,65 meetri laiuste rullidena, v\u00f5imaldavad need lihtsat ja t\u00f5husat paigaldust kogu basseinis.\">German quality<\/li>\n<li dir=\"ltr\" data-placeholder=\"T\u00f5lge\" data-ved=\"2ahUKEwjUg5rS17mLAxXyi8MKHXPtBPcQ3ewLegQIBxAV\" aria-label=\"T\u00f5lgitud tekst: Paindlik. Vastupidav. Selle 1,8 mm paksus annab RENOLIT ALKORPLAN RELIEF tugevdatud membraanile suure paindlikkuse. Looge julgelt oma basseinile soovitud kujundeid. N\u00e4ete, kui kergesti see nendega kohaneb. Valmistatud 25 meetri ja 1,65 meetri laiuste rullidena, v\u00f5imaldavad need lihtsat ja t\u00f5husat paigaldust kogu basseinis.\">Slip-resistant<\/li>\n<li dir=\"ltr\" data-placeholder=\"T\u00f5lge\" data-ved=\"2ahUKEwjUg5rS17mLAxXyi8MKHXPtBPcQ3ewLegQIBxAV\" aria-label=\"T\u00f5lgitud tekst: Paindlik. Vastupidav. Selle 1,8 mm paksus annab RENOLIT ALKORPLAN RELIEF tugevdatud membraanile suure paindlikkuse. Looge julgelt oma basseinile soovitud kujundeid. N\u00e4ete, kui kergesti see nendega kohaneb. Valmistatud 25 meetri ja 1,65 meetri laiuste rullidena, v\u00f5imaldavad need lihtsat ja t\u00f5husat paigaldust kogu basseinis.\">Wide range of colours<\/li>\n<li dir=\"ltr\" data-placeholder=\"T\u00f5lge\" data-ved=\"2ahUKEwjUg5rS17mLAxXyi8MKHXPtBPcQ3ewLegQIBxAV\" aria-label=\"T\u00f5lgitud tekst: Paindlik. Vastupidav. Selle 1,8 mm paksus annab RENOLIT ALKORPLAN RELIEF tugevdatud membraanile suure paindlikkuse. Looge julgelt oma basseinile soovitud kujundeid. N\u00e4ete, kui kergesti see nendega kohaneb. Valmistatud 25 meetri ja 1,65 meetri laiuste rullidena, v\u00f5imaldavad need lihtsat ja t\u00f5husat paigaldust kogu basseinis.\">A smooth and attractive surface<\/li>\n<li dir=\"ltr\" data-placeholder=\"T\u00f5lge\" data-ved=\"2ahUKEwjUg5rS17mLAxXyi8MKHXPtBPcQ3ewLegQIBxAV\" aria-label=\"T\u00f5lgitud tekst: Paindlik. Vastupidav. Selle 1,8 mm paksus annab RENOLIT ALKORPLAN RELIEF tugevdatud membraanile suure paindlikkuse. Looge julgelt oma basseinile soovitud kujundeid. N\u00e4ete, kui kergesti see nendega kohaneb. Valmistatud 25 meetri ja 1,65 meetri laiuste rullidena, v\u00f5imaldavad need lihtsat ja t\u00f5husat paigaldust kogu basseinis.\">Rollers 1,65x25m (41,25 m\u00b2)<\/li>\n<li dir=\"ltr\" data-placeholder=\"T\u00f5lge\" data-ved=\"2ahUKEwjUg5rS17mLAxXyi8MKHXPtBPcQ3ewLegQIBxAV\" aria-label=\"T\u00f5lgitud tekst: Paindlik. Vastupidav. Selle 1,8 mm paksus annab RENOLIT ALKORPLAN RELIEF tugevdatud membraanile suure paindlikkuse. Looge julgelt oma basseinile soovitud kujundeid. N\u00e4ete, kui kergesti see nendega kohaneb. Valmistatud 25 meetri ja 1,65 meetri laiuste rullidena, v\u00f5imaldavad need lihtsat ja t\u00f5husat paigaldust kogu basseinis.\">Material thickness 1,8mm<\/li>\n<li dir=\"ltr\" data-placeholder=\"T\u00f5lge\" data-ved=\"2ahUKEwjUg5rS17mLAxXyi8MKHXPtBPcQ3ewLegQIBxAV\" aria-label=\"T\u00f5lgitud tekst: Paindlik. Vastupidav. Selle 1,8 mm paksus annab RENOLIT ALKORPLAN RELIEF tugevdatud membraanile suure paindlikkuse. Looge julgelt oma basseinile soovitud kujundeid. N\u00e4ete, kui kergesti see nendega kohaneb. Valmistatud 25 meetri ja 1,65 meetri laiuste rullidena, v\u00f5imaldavad need lihtsat ja t\u00f5husat paigaldust kogu basseinis.\">Maximum constant water temperature 35\u00b0C<\/li>\n<li dir=\"ltr\" data-placeholder=\"T\u00f5lge\" data-ved=\"2ahUKEwjUg5rS17mLAxXyi8MKHXPtBPcQ3ewLegQIBxAV\" aria-label=\"T\u00f5lgitud tekst: Paindlik. Vastupidav. Selle 1,8 mm paksus annab RENOLIT ALKORPLAN RELIEF tugevdatud membraanile suure paindlikkuse. Looge julgelt oma basseinile soovitud kujundeid. N\u00e4ete, kui kergesti see nendega kohaneb. Valmistatud 25 meetri ja 1,65 meetri laiuste rullidena, v\u00f5imaldavad need lihtsat ja t\u00f5husat paigaldust kogu basseinis.\">Low maintenance<\/li>\n<li dir=\"ltr\" data-placeholder=\"T\u00f5lge\" data-ved=\"2ahUKEwjUg5rS17mLAxXyi8MKHXPtBPcQ3ewLegQIBxAV\" aria-label=\"T\u00f5lgitud tekst: Paindlik. Vastupidav. Selle 1,8 mm paksus annab RENOLIT ALKORPLAN RELIEF tugevdatud membraanile suure paindlikkuse. Looge julgelt oma basseinile soovitud kujundeid. N\u00e4ete, kui kergesti see nendega kohaneb. Valmistatud 25 meetri ja 1,65 meetri laiuste rullidena, v\u00f5imaldavad need lihtsat ja t\u00f5husat paigaldust kogu basseinis.\">10 years waterproof guarantee<\/li>\n<\/ul>\n<p>Choice of colours:<\/p>\n<ul>\n<li>ADRIATIC BLUE<\/li>\n<li>LIGHT BLUE<\/li>\n<li>WHITE<\/li>\n<li>CARRIBEAN GREEN<\/li>\n<li>SAND<\/li>\n<li>LIGHT GREY<\/li>\n<li>DARK GREY<\/li>\n<li>Black (BLACK) only on request*<\/li>\n<\/ul>\n<p>Renolit Alkorplan Relief manufacturer&#8217;s website <a href=\"https:\/\/renolit-alkorplan.com\/collections\/relief\" target=\"_blank\" rel=\"noopener\">HERE<\/a><\/p>\n<p>Renolit Alkorplan catalogue <a href=\"https:\/\/basseinimeistrid.ee\/wp-content\/uploads\/2025\/02\/Renolit_Catalogue.pdf\" target=\"_blank\" rel=\"noopener\">HERE<\/a><\/p>\n","protected":false},"excerpt":{"rendered":"<p>Roll 25 x 1.65 m (41.25 m\u00b2)<\/p>\n","protected":false},"featured_media":105284,"template":"","meta":{"_et_pb_use_builder":"","_et_pb_old_content":"","_et_gb_content_width":""},"product_brand":[],"product_cat":[196],"product_tag":[],"class_list":{"0":"post-107782","1":"product","2":"type-product","3":"status-publish","4":"has-post-thumbnail","6":"product_cat-pool-liners","7":"product_shipping_class-kuller-en","9":"first","10":"instock","11":"taxable","12":"shipping-taxable","13":"purchasable","14":"product-type-simple"},"jetpack_sharing_enabled":true,"_links":{"self":[{"href":"https:\/\/basseinimeistrid.ee\/en\/wp-json\/wp\/v2\/product\/107782","targetHints":{"allow":["GET"]}}],"collection":[{"href":"https:\/\/basseinimeistrid.ee\/en\/wp-json\/wp\/v2\/product"}],"about":[{"href":"https:\/\/basseinimeistrid.ee\/en\/wp-json\/wp\/v2\/types\/product"}],"wp:featuredmedia":[{"embeddable":true,"href":"https:\/\/basseinimeistrid.ee\/en\/wp-json\/wp\/v2\/media\/105284"}],"wp:attachment":[{"href":"https:\/\/basseinimeistrid.ee\/en\/wp-json\/wp\/v2\/media?parent=107782"}],"wp:term":[{"taxonomy":"product_brand","embeddable":true,"href":"https:\/\/basseinimeistrid.ee\/en\/wp-json\/wp\/v2\/product_brand?post=107782"},{"taxonomy":"product_cat","embeddable":true,"href":"https:\/\/basseinimeistrid.ee\/en\/wp-json\/wp\/v2\/product_cat?post=107782"},{"taxonomy":"product_tag","embeddable":true,"href":"https:\/\/basseinimeistrid.ee\/en\/wp-json\/wp\/v2\/product_tag?post=107782"}],"curies":[{"name":"wp","href":"https:\/\/api.w.org\/{rel}","templated":true}]}}