{"id":107783,"date":"2025-02-13T06:28:46","date_gmt":"2025-02-13T04:28:46","guid":{"rendered":"https:\/\/basseinimeistrid.ee\/pood\/uncategorized\/aquasense-signature-granite-gray\/"},"modified":"2025-03-15T15:23:07","modified_gmt":"2025-03-15T13:23:07","slug":"aquasense-signature-granite-gray","status":"publish","type":"product","link":"https:\/\/basseinimeistrid.ee\/en\/pood\/aquasense-signature-granite-gray\/","title":{"rendered":"Aquasense Signature Granite Gray"},"content":{"rendered":"<h4 class=\"tw-data-text tw-text-large tw-ta\" dir=\"ltr\" data-placeholder=\"T\u00f5lge\" data-ved=\"2ahUKEwjUg5rS17mLAxXyi8MKHXPtBPcQ3ewLegQIBxAV\" aria-label=\"T\u00f5lgitud tekst: TUGEVDATUD POOLI MEMBRAAN Ainulaadse 3D-PINNAGA\"><span class=\"Y2IQFc\" lang=\"et\">CGT Alkor Aquasense Signature, Granite Gray pool membrane<\/span><\/h4>\n<p id=\"tw-target-text\" class=\"tw-data-text tw-text-large tw-ta\" dir=\"ltr\" data-placeholder=\"T\u00f5lge\" data-ved=\"2ahUKEwjUg5rS17mLAxXyi8MKHXPtBPcQ3ewLegQIBxAV\" aria-label=\"T\u00f5lgitud tekst: Tahke naturaalse halli graniidi elegantne v\u00e4limus ja tunnetus pehmete realistlike kividetailidega.\"><span class=\"Y2IQFc\" lang=\"et\">The elegant look and feel of robust natural grey granite with soft realistic stone details<\/span><span class=\"Y2IQFc\" lang=\"et\">. Moulded on a grey coloured material with an exclusive aquasense finish for a fully embossed texture.  <\/span>Engineered with added chemical resistance and industry-leading UV protection.<\/p>\n<p id=\"tw-target-text\" class=\"tw-data-text tw-text-large tw-ta\" dir=\"ltr\" data-placeholder=\"T\u00f5lge\" data-ved=\"2ahUKEwjUg5rS17mLAxXyi8MKHXPtBPcQ3ewLegQIBxAV\" aria-label=\"T\u00f5lgitud tekst: CGT uuenduslike basseinikattematerjalide Euroopa disainikollektsioon. Meie aquasense lainer on kujundatud reaalselt puudutatavate looduslike tekstuuridega, mis muudavad siledad pinnad kolmem\u00f5\u00f5tmelisteks mustriteks. Aquadecori sari on erakordsete tr\u00fckitud basseinikattematerjalide kollektsioon, mis on inspireeritud uusimatest sisekujundustrendidest ja -stiilidest. Aquacolori ja Aquastone'i seeria vooderdusmaterjal pakub kaunist valikut lihtsaid aluskile v\u00e4rve, millel on sile, reljeefne poolkuu ja looduslik kiltkivi.\"><span class=\"Y2IQFc\" lang=\"et\">CGT European design collection of innovative pool membranes. The Aquasense liner is designed with realistic natural textures that transform smooth surfaces into three-dimensional patterns. <\/span><\/p>\n<p id=\"tw-target-text\" class=\"tw-data-text tw-text-large tw-ta\" dir=\"ltr\" data-placeholder=\"T\u00f5lge\" data-ved=\"2ahUKEwjUg5rS17mLAxXyi8MKHXPtBPcQ3ewLegQIBxAV\" aria-label=\"T\u00f5lgitud tekst: Aquasense Signature on 3D struktuuriga basseini vooder. See koosneb 2 plastifitseeritud pol\u00fcvin\u00fc\u00fclkloriidi (PVC-P) painduvad kihid, mis on omavahel \u00fchendatud KOOD 40\/984 UUS 2024. aasta on valmistatud pol\u00fcester sisekangast. See pol\u00fcesterkangas tagab m\u00f5\u00f5tmete stabiilsuse ja k\u00f5rge ... vastupidavus torke v\u00f5i rebenemisele. See annab ka elastsuse ja paindlikkuse. Aquasense Signature foolium sobib suurep\u00e4raselt era- ja avalike basseinide jaoks, k\u00f5igi uusehitiste v\u00f5i renoveerimist\u00f6\u00f6de jaoks kujud ja suurused. Aquasense Signature on tugevdatud foolium paksusega 1,80 mm. Seda tuleb rullides 1,65 x 21 m. EELISED: Patenteeritud Aquasense Signature fooliumivalem on loodud keevitusprotsessi optimeerimiseks. See on l\u00f5hnatu ja tekitab t\u00f6\u00f6tlemisel v\u00e4ga v\u00e4he suitsu. See vastab Euroopa REACH m\u00e4\u00e4rus (inimeste tervise ja keskkonna kaitse) ja EN 71\/3 (laste kaitsmine ohtlike kemikaalide eest). Aquasense Signature sari pakub 15 aastat garantii veekindlusele ja 3-aastane garantii plekkidele. OMADUSED: Patenteeritud Aquasense Signature fooliumvalem on UV-kiirguse ja... on suurep\u00e4rase kliimakindlusega. See h\u00f5lbustab hooldust ja pikendab kasutusiga basseini kasutusiga t\u00e4nu pinnakatte mitmekihilisele kaitsele. See Tekstuurpind pakub parimaid libisemisvastaseid omadusi vastavalt DIN 51097 klassile C. Seda t\u00f6\u00f6deldakse hallituse ja mikroorganismide leviku vastu. See sobib basseinide vee t\u00f6\u00f6tlemiseks kasutatavad kemikaalid.\"><span class=\"Y2IQFc\" lang=\"et\">Aquasense Signature is a 3D structured pool liner. It consists of two flexible layers of plasticised polyvinyl chloride (PVC-P) bonded together. The polyester fabric used for the reinforcement ensures dimensional stability and high resistance to warping or tearing. It also provides elasticity and flexibility. The Aquasense Signature pool liner is ideal for private and public pools, for all new build or renovation projects.    <\/span><\/p>\n<ul>\n<li class=\"tw-data-text tw-text-large tw-ta\" dir=\"ltr\" data-placeholder=\"T\u00f5lge\" data-ved=\"2ahUKEwjUg5rS17mLAxXyi8MKHXPtBPcQ3ewLegQIBxAV\" aria-label=\"T\u00f5lgitud tekst: elite\u00ae motion \u00fchendab suurep\u00e4rased tooteomadused h\u00e4mmastava muljetavaldava 3D pinnaga. See ainulaadne basseinimembraan ei paku mitte ainult optimaalset kaitset mustuse eest piki veeliini, vaid veenab ka oma \u00e4\u00e4rmise UV-kindluse ja v\u00e4rvide vastupidavusega. suure j\u00f5udlusega basseinimembraan ainulaadse v\u00f5rgustruktuuriga suurep\u00e4rane kaitselakk elegantne haptiline pinnatekstuur Libisemisvastane kaitse t\u00e4ielik kaitse piki veeliini \u00e4\u00e4rmine vastupidavus pleegitamisele ja v\u00e4rvimuutusele silmapaistev tasapinnalisus lihtsaks paigaldamiseks madalaim suitsu eraldumine keevitamise ajal saadaval 6 tavalises v\u00e4rvitoonis\"><span class=\"Y2IQFc\" lang=\"et\">High quality swimming pool membrane from France<\/span><\/li>\n<li class=\"tw-data-text tw-text-large tw-ta\" dir=\"ltr\" data-placeholder=\"T\u00f5lge\" data-ved=\"2ahUKEwjUg5rS17mLAxXyi8MKHXPtBPcQ3ewLegQIBxAV\" aria-label=\"T\u00f5lgitud tekst: elite\u00ae motion \u00fchendab suurep\u00e4rased tooteomadused h\u00e4mmastava muljetavaldava 3D pinnaga. See ainulaadne basseinimembraan ei paku mitte ainult optimaalset kaitset mustuse eest piki veeliini, vaid veenab ka oma \u00e4\u00e4rmise UV-kindluse ja v\u00e4rvide vastupidavusega. suure j\u00f5udlusega basseinimembraan ainulaadse v\u00f5rgustruktuuriga suurep\u00e4rane kaitselakk elegantne haptiline pinnatekstuur Libisemisvastane kaitse t\u00e4ielik kaitse piki veeliini \u00e4\u00e4rmine vastupidavus pleegitamisele ja v\u00e4rvimuutusele silmapaistev tasapinnalisus lihtsaks paigaldamiseks madalaim suitsu eraldumine keevitamise ajal saadaval 6 tavalises v\u00e4rvitoonis\"><span class=\"Y2IQFc\" lang=\"et\">With unique patterns<\/span><\/li>\n<li class=\"tw-data-text tw-text-large tw-ta\" dir=\"ltr\" data-placeholder=\"T\u00f5lge\" data-ved=\"2ahUKEwjUg5rS17mLAxXyi8MKHXPtBPcQ3ewLegQIBxAV\" aria-label=\"T\u00f5lgitud tekst: elite\u00ae motion \u00fchendab suurep\u00e4rased tooteomadused h\u00e4mmastava muljetavaldava 3D pinnaga. See ainulaadne basseinimembraan ei paku mitte ainult optimaalset kaitset mustuse eest piki veeliini, vaid veenab ka oma \u00e4\u00e4rmise UV-kindluse ja v\u00e4rvide vastupidavusega. suure j\u00f5udlusega basseinimembraan ainulaadse v\u00f5rgustruktuuriga suurep\u00e4rane kaitselakk elegantne haptiline pinnatekstuur Libisemisvastane kaitse t\u00e4ielik kaitse piki veeliini \u00e4\u00e4rmine vastupidavus pleegitamisele ja v\u00e4rvimuutusele silmapaistev tasapinnalisus lihtsaks paigaldamiseks madalaim suitsu eraldumine keevitamise ajal saadaval 6 tavalises v\u00e4rvitoonis\"><span class=\"Y2IQFc\" lang=\"et\">Anti-slip textured surface (<\/span>DIN 51097 class C)<\/li>\n<li class=\"tw-data-text tw-text-large tw-ta\" dir=\"ltr\" data-placeholder=\"T\u00f5lge\" data-ved=\"2ahUKEwjUg5rS17mLAxXyi8MKHXPtBPcQ3ewLegQIBxAV\" aria-label=\"T\u00f5lgitud tekst: elite\u00ae motion \u00fchendab suurep\u00e4rased tooteomadused h\u00e4mmastava muljetavaldava 3D pinnaga. See ainulaadne basseinimembraan ei paku mitte ainult optimaalset kaitset mustuse eest piki veeliini, vaid veenab ka oma \u00e4\u00e4rmise UV-kindluse ja v\u00e4rvide vastupidavusega. suure j\u00f5udlusega basseinimembraan ainulaadse v\u00f5rgustruktuuriga suurep\u00e4rane kaitselakk elegantne haptiline pinnatekstuur Libisemisvastane kaitse t\u00e4ielik kaitse piki veeliini \u00e4\u00e4rmine vastupidavus pleegitamisele ja v\u00e4rvimuutusele silmapaistev tasapinnalisus lihtsaks paigaldamiseks madalaim suitsu eraldumine keevitamise ajal saadaval 6 tavalises v\u00e4rvitoonis\"><span class=\"Y2IQFc\" lang=\"et\">Easy to clean, multi-layer protection<\/span><\/li>\n<li class=\"tw-data-text tw-text-large tw-ta\" dir=\"ltr\" data-placeholder=\"T\u00f5lge\" data-ved=\"2ahUKEwjUg5rS17mLAxXyi8MKHXPtBPcQ3ewLegQIBxAV\" aria-label=\"T\u00f5lgitud tekst: elite\u00ae motion \u00fchendab suurep\u00e4rased tooteomadused h\u00e4mmastava muljetavaldava 3D pinnaga. See ainulaadne basseinimembraan ei paku mitte ainult optimaalset kaitset mustuse eest piki veeliini, vaid veenab ka oma \u00e4\u00e4rmise UV-kindluse ja v\u00e4rvide vastupidavusega. suure j\u00f5udlusega basseinimembraan ainulaadse v\u00f5rgustruktuuriga suurep\u00e4rane kaitselakk elegantne haptiline pinnatekstuur Libisemisvastane kaitse t\u00e4ielik kaitse piki veeliini \u00e4\u00e4rmine vastupidavus pleegitamisele ja v\u00e4rvimuutusele silmapaistev tasapinnalisus lihtsaks paigaldamiseks madalaim suitsu eraldumine keevitamise ajal saadaval 6 tavalises v\u00e4rvitoonis\"><span class=\"Y2IQFc\" lang=\"et\">Resistant to fading and discoloration<\/span><\/li>\n<li dir=\"ltr\" data-placeholder=\"T\u00f5lge\" data-ved=\"2ahUKEwjUg5rS17mLAxXyi8MKHXPtBPcQ3ewLegQIBxAV\" aria-label=\"T\u00f5lgitud tekst: elite\u00ae motion \u00fchendab suurep\u00e4rased tooteomadused h\u00e4mmastava muljetavaldava 3D pinnaga. See ainulaadne basseinimembraan ei paku mitte ainult optimaalset kaitset mustuse eest piki veeliini, vaid veenab ka oma \u00e4\u00e4rmise UV-kindluse ja v\u00e4rvide vastupidavusega. suure j\u00f5udlusega basseinimembraan ainulaadse v\u00f5rgustruktuuriga suurep\u00e4rane kaitselakk elegantne haptiline pinnatekstuur Libisemisvastane kaitse t\u00e4ielik kaitse piki veeliini \u00e4\u00e4rmine vastupidavus pleegitamisele ja v\u00e4rvimuutusele silmapaistev tasapinnalisus lihtsaks paigaldamiseks madalaim suitsu eraldumine keevitamise ajal saadaval 6 tavalises v\u00e4rvitoonis\">Resistant to weather conditions<\/li>\n<li dir=\"ltr\" data-placeholder=\"T\u00f5lge\" data-ved=\"2ahUKEwjUg5rS17mLAxXyi8MKHXPtBPcQ3ewLegQIBxAV\" aria-label=\"T\u00f5lgitud tekst: elite\u00ae motion \u00fchendab suurep\u00e4rased tooteomadused h\u00e4mmastava muljetavaldava 3D pinnaga. See ainulaadne basseinimembraan ei paku mitte ainult optimaalset kaitset mustuse eest piki veeliini, vaid veenab ka oma \u00e4\u00e4rmise UV-kindluse ja v\u00e4rvide vastupidavusega. suure j\u00f5udlusega basseinimembraan ainulaadse v\u00f5rgustruktuuriga suurep\u00e4rane kaitselakk elegantne haptiline pinnatekstuur Libisemisvastane kaitse t\u00e4ielik kaitse piki veeliini \u00e4\u00e4rmine vastupidavus pleegitamisele ja v\u00e4rvimuutusele silmapaistev tasapinnalisus lihtsaks paigaldamiseks madalaim suitsu eraldumine keevitamise ajal saadaval 6 tavalises v\u00e4rvitoonis\">Patented formulation, odourless and minimised fume welding (REACH compliance)<\/li>\n<li dir=\"ltr\" data-placeholder=\"T\u00f5lge\" data-ved=\"2ahUKEwjUg5rS17mLAxXyi8MKHXPtBPcQ3ewLegQIBxAV\" aria-label=\"T\u00f5lgitud tekst: elite\u00ae motion \u00fchendab suurep\u00e4rased tooteomadused h\u00e4mmastava muljetavaldava 3D pinnaga. See ainulaadne basseinimembraan ei paku mitte ainult optimaalset kaitset mustuse eest piki veeliini, vaid veenab ka oma \u00e4\u00e4rmise UV-kindluse ja v\u00e4rvide vastupidavusega. suure j\u00f5udlusega basseinimembraan ainulaadse v\u00f5rgustruktuuriga suurep\u00e4rane kaitselakk elegantne haptiline pinnatekstuur Libisemisvastane kaitse t\u00e4ielik kaitse piki veeliini \u00e4\u00e4rmine vastupidavus pleegitamisele ja v\u00e4rvimuutusele silmapaistev tasapinnalisus lihtsaks paigaldamiseks madalaim suitsu eraldumine keevitamise ajal saadaval 6 tavalises v\u00e4rvitoonis\">EN 71-3 compliance (protection of children from hazardous chemicals)<\/li>\n<li dir=\"ltr\" data-placeholder=\"T\u00f5lge\" data-ved=\"2ahUKEwjUg5rS17mLAxXyi8MKHXPtBPcQ3ewLegQIBxAV\" aria-label=\"T\u00f5lgitud tekst: elite\u00ae motion \u00fchendab suurep\u00e4rased tooteomadused h\u00e4mmastava muljetavaldava 3D pinnaga. See ainulaadne basseinimembraan ei paku mitte ainult optimaalset kaitset mustuse eest piki veeliini, vaid veenab ka oma \u00e4\u00e4rmise UV-kindluse ja v\u00e4rvide vastupidavusega. suure j\u00f5udlusega basseinimembraan ainulaadse v\u00f5rgustruktuuriga suurep\u00e4rane kaitselakk elegantne haptiline pinnatekstuur Libisemisvastane kaitse t\u00e4ielik kaitse piki veeliini \u00e4\u00e4rmine vastupidavus pleegitamisele ja v\u00e4rvimuutusele silmapaistev tasapinnalisus lihtsaks paigaldamiseks madalaim suitsu eraldumine keevitamise ajal saadaval 6 tavalises v\u00e4rvitoonis\">Roll size 21 x 1,65m e. 34,65 m\u00b2. The price of the product is 1556\u20ac + km for one full roll. The price per square metre is 44,91\u20ac + km respectively.   <\/li>\n<li dir=\"ltr\" data-placeholder=\"T\u00f5lge\" data-ved=\"2ahUKEwjUg5rS17mLAxXyi8MKHXPtBPcQ3ewLegQIBxAV\" aria-label=\"T\u00f5lgitud tekst: elite\u00ae motion \u00fchendab suurep\u00e4rased tooteomadused h\u00e4mmastava muljetavaldava 3D pinnaga. See ainulaadne basseinimembraan ei paku mitte ainult optimaalset kaitset mustuse eest piki veeliini, vaid veenab ka oma \u00e4\u00e4rmise UV-kindluse ja v\u00e4rvide vastupidavusega. suure j\u00f5udlusega basseinimembraan ainulaadse v\u00f5rgustruktuuriga suurep\u00e4rane kaitselakk elegantne haptiline pinnatekstuur Libisemisvastane kaitse t\u00e4ielik kaitse piki veeliini \u00e4\u00e4rmine vastupidavus pleegitamisele ja v\u00e4rvimuutusele silmapaistev tasapinnalisus lihtsaks paigaldamiseks madalaim suitsu eraldumine keevitamise ajal saadaval 6 tavalises v\u00e4rvitoonis\">Thickness 1,8mm<\/li>\n<\/ul>\n<p>15 years water continuity guarantee. 3 year warranty against fading.<\/p>\n<p><span class=\"Y2IQFc\" lang=\"et\">Aquasense presentation on the manufacturer&#8217;s website <\/span><a href=\"https:\/\/poolsidebycgt.com\/residential-membrane\/\" target=\"_blank\" rel=\"noopener\">HERE<\/a><\/p>\n<p>Aquasense technical information in English <a href=\"https:\/\/basseinimeistrid.ee\/wp-content\/uploads\/2025\/02\/EU_AQUASENSE-TDS-3.pdf\" target=\"_blank\" rel=\"noopener\">HERE<\/a><\/p>\n<p>CGT Alkor English brochure <a href=\"https:\/\/basseinimeistrid.ee\/wp-content\/uploads\/2025\/02\/CGT_Swimming_pool_Membrans_and_Accesories_2024.pdf\" target=\"_blank\" rel=\"noopener\">HERE<\/a><\/p>\n","protected":false},"excerpt":{"rendered":"<p>21 x 1,65m roll. 34,65 m\u00b2 <\/p>\n","protected":false},"featured_media":105252,"template":"","meta":{"_et_pb_use_builder":"","_et_pb_old_content":"","_et_gb_content_width":""},"product_brand":[],"product_cat":[196],"product_tag":[],"class_list":{"0":"post-107783","1":"product","2":"type-product","3":"status-publish","4":"has-post-thumbnail","6":"product_cat-pool-liners","7":"product_shipping_class-kuller-en","9":"first","10":"instock","11":"taxable","12":"shipping-taxable","13":"purchasable","14":"product-type-simple"},"jetpack_sharing_enabled":true,"_links":{"self":[{"href":"https:\/\/basseinimeistrid.ee\/en\/wp-json\/wp\/v2\/product\/107783","targetHints":{"allow":["GET"]}}],"collection":[{"href":"https:\/\/basseinimeistrid.ee\/en\/wp-json\/wp\/v2\/product"}],"about":[{"href":"https:\/\/basseinimeistrid.ee\/en\/wp-json\/wp\/v2\/types\/product"}],"wp:featuredmedia":[{"embeddable":true,"href":"https:\/\/basseinimeistrid.ee\/en\/wp-json\/wp\/v2\/media\/105252"}],"wp:attachment":[{"href":"https:\/\/basseinimeistrid.ee\/en\/wp-json\/wp\/v2\/media?parent=107783"}],"wp:term":[{"taxonomy":"product_brand","embeddable":true,"href":"https:\/\/basseinimeistrid.ee\/en\/wp-json\/wp\/v2\/product_brand?post=107783"},{"taxonomy":"product_cat","embeddable":true,"href":"https:\/\/basseinimeistrid.ee\/en\/wp-json\/wp\/v2\/product_cat?post=107783"},{"taxonomy":"product_tag","embeddable":true,"href":"https:\/\/basseinimeistrid.ee\/en\/wp-json\/wp\/v2\/product_tag?post=107783"}],"curies":[{"name":"wp","href":"https:\/\/api.w.org\/{rel}","templated":true}]}}