{"id":107789,"date":"2025-02-12T19:37:41","date_gmt":"2025-02-12T17:37:41","guid":{"rendered":"https:\/\/basseinimeistrid.ee\/pood\/uncategorized\/elbe-supra-patterned-pool-membranes\/"},"modified":"2025-03-11T22:41:25","modified_gmt":"2025-03-11T20:41:25","slug":"elbe-supra-patterned-pool-membranes","status":"publish","type":"product","link":"https:\/\/basseinimeistrid.ee\/en\/pood\/elbe-supra-patterned-pool-membranes\/","title":{"rendered":"ELBE Supra, patterned pool membranes"},"content":{"rendered":"<h4 class=\"tw-data-text tw-text-large tw-ta\" dir=\"ltr\" data-placeholder=\"T\u00f5lge\" data-ved=\"2ahUKEwjUg5rS17mLAxXyi8MKHXPtBPcQ3ewLegQIBxAV\" aria-label=\"T\u00f5lgitud tekst: TUGEVDATUD POOLI MEMBRAAN Ainulaadse 3D-PINNAGA\"><span class=\"Y2IQFc\" lang=\"et\">ELBE Supra pattern pool membranes<\/span><\/h4>\n<p id=\"tw-target-text\" class=\"tw-data-text tw-text-large tw-ta\" dir=\"ltr\" data-placeholder=\"T\u00f5lge\" data-ved=\"2ahUKEwjUg5rS17mLAxXyi8MKHXPtBPcQ3ewLegQIBxAV\" aria-label=\"T\u00f5lgitud tekst: SUPRA tugevdatud basseinimembraanid inspireerivad oma k\u00f5rge kloori- ja UV-stabiilsusega, klassikaliste v\u00e4rvide ja kauni disainiga. Eriline Kaetud pind tagab lihtsa puhastamise ning pakub t\u00e4iendavat kaitset plekkide ja v\u00e4rvimuutuste eest.\"><span class=\"Y2IQFc\" lang=\"et\">ELBE SUPRA reinforced pool membranes inspire with their high chlorine and UV resistance, classic colours and beautiful design. The specially treated surface ensures easy cleaning and provides additional protection against staining and discolouration. <\/span><\/p>\n<ul>\n<li class=\"tw-data-text tw-text-large tw-ta\" dir=\"ltr\" data-placeholder=\"T\u00f5lge\" data-ved=\"2ahUKEwjUg5rS17mLAxXyi8MKHXPtBPcQ3ewLegQIBxAV\" aria-label=\"T\u00f5lgitud tekst: elite\u00ae motion \u00fchendab suurep\u00e4rased tooteomadused h\u00e4mmastava muljetavaldava 3D pinnaga. See ainulaadne basseinimembraan ei paku mitte ainult optimaalset kaitset mustuse eest piki veeliini, vaid veenab ka oma \u00e4\u00e4rmise UV-kindluse ja v\u00e4rvide vastupidavusega. suure j\u00f5udlusega basseinimembraan ainulaadse v\u00f5rgustruktuuriga suurep\u00e4rane kaitselakk elegantne haptiline pinnatekstuur Libisemisvastane kaitse t\u00e4ielik kaitse piki veeliini \u00e4\u00e4rmine vastupidavus pleegitamisele ja v\u00e4rvimuutusele silmapaistev tasapinnalisus lihtsaks paigaldamiseks madalaim suitsu eraldumine keevitamise ajal saadaval 6 tavalises v\u00e4rvitoonis\"><span class=\"Y2IQFc\" lang=\"et\">High quality PVC pool membranes from German manufacturer<\/span><\/li>\n<li class=\"tw-data-text tw-text-large tw-ta\" dir=\"ltr\" data-placeholder=\"T\u00f5lge\" data-ved=\"2ahUKEwjUg5rS17mLAxXyi8MKHXPtBPcQ3ewLegQIBxAV\" aria-label=\"T\u00f5lgitud tekst: elite\u00ae motion \u00fchendab suurep\u00e4rased tooteomadused h\u00e4mmastava muljetavaldava 3D pinnaga. See ainulaadne basseinimembraan ei paku mitte ainult optimaalset kaitset mustuse eest piki veeliini, vaid veenab ka oma \u00e4\u00e4rmise UV-kindluse ja v\u00e4rvide vastupidavusega. suure j\u00f5udlusega basseinimembraan ainulaadse v\u00f5rgustruktuuriga suurep\u00e4rane kaitselakk elegantne haptiline pinnatekstuur Libisemisvastane kaitse t\u00e4ielik kaitse piki veeliini \u00e4\u00e4rmine vastupidavus pleegitamisele ja v\u00e4rvimuutusele silmapaistev tasapinnalisus lihtsaks paigaldamiseks madalaim suitsu eraldumine keevitamise ajal saadaval 6 tavalises v\u00e4rvitoonis\"><span class=\"Y2IQFc\" lang=\"et\">Easy to clean<\/span><\/li>\n<li class=\"tw-data-text tw-text-large tw-ta\" dir=\"ltr\" data-placeholder=\"T\u00f5lge\" data-ved=\"2ahUKEwjUg5rS17mLAxXyi8MKHXPtBPcQ3ewLegQIBxAV\" aria-label=\"T\u00f5lgitud tekst: elite\u00ae motion \u00fchendab suurep\u00e4rased tooteomadused h\u00e4mmastava muljetavaldava 3D pinnaga. See ainulaadne basseinimembraan ei paku mitte ainult optimaalset kaitset mustuse eest piki veeliini, vaid veenab ka oma \u00e4\u00e4rmise UV-kindluse ja v\u00e4rvide vastupidavusega. suure j\u00f5udlusega basseinimembraan ainulaadse v\u00f5rgustruktuuriga suurep\u00e4rane kaitselakk elegantne haptiline pinnatekstuur Libisemisvastane kaitse t\u00e4ielik kaitse piki veeliini \u00e4\u00e4rmine vastupidavus pleegitamisele ja v\u00e4rvimuutusele silmapaistev tasapinnalisus lihtsaks paigaldamiseks madalaim suitsu eraldumine keevitamise ajal saadaval 6 tavalises v\u00e4rvitoonis\"><span class=\"Y2IQFc\" lang=\"et\">Resistant to fading and discoloration<\/span><\/li>\n<li class=\"tw-data-text tw-text-large tw-ta\" dir=\"ltr\" data-placeholder=\"T\u00f5lge\" data-ved=\"2ahUKEwjUg5rS17mLAxXyi8MKHXPtBPcQ3ewLegQIBxAV\" aria-label=\"T\u00f5lgitud tekst: elite\u00ae motion \u00fchendab suurep\u00e4rased tooteomadused h\u00e4mmastava muljetavaldava 3D pinnaga. See ainulaadne basseinimembraan ei paku mitte ainult optimaalset kaitset mustuse eest piki veeliini, vaid veenab ka oma \u00e4\u00e4rmise UV-kindluse ja v\u00e4rvide vastupidavusega. suure j\u00f5udlusega basseinimembraan ainulaadse v\u00f5rgustruktuuriga suurep\u00e4rane kaitselakk elegantne haptiline pinnatekstuur Libisemisvastane kaitse t\u00e4ielik kaitse piki veeliini \u00e4\u00e4rmine vastupidavus pleegitamisele ja v\u00e4rvimuutusele silmapaistev tasapinnalisus lihtsaks paigaldamiseks madalaim suitsu eraldumine keevitamise ajal saadaval 6 tavalises v\u00e4rvitoonis\"><span class=\"Y2IQFc\" lang=\"et\">Easy to install<\/span><\/li>\n<li class=\"tw-data-text tw-text-large tw-ta\" dir=\"ltr\" data-placeholder=\"T\u00f5lge\" data-ved=\"2ahUKEwjUg5rS17mLAxXyi8MKHXPtBPcQ3ewLegQIBxAV\" aria-label=\"T\u00f5lgitud tekst: elite\u00ae motion \u00fchendab suurep\u00e4rased tooteomadused h\u00e4mmastava muljetavaldava 3D pinnaga. See ainulaadne basseinimembraan ei paku mitte ainult optimaalset kaitset mustuse eest piki veeliini, vaid veenab ka oma \u00e4\u00e4rmise UV-kindluse ja v\u00e4rvide vastupidavusega. suure j\u00f5udlusega basseinimembraan ainulaadse v\u00f5rgustruktuuriga suurep\u00e4rane kaitselakk elegantne haptiline pinnatekstuur Libisemisvastane kaitse t\u00e4ielik kaitse piki veeliini \u00e4\u00e4rmine vastupidavus pleegitamisele ja v\u00e4rvimuutusele silmapaistev tasapinnalisus lihtsaks paigaldamiseks madalaim suitsu eraldumine keevitamise ajal saadaval 6 tavalises v\u00e4rvitoonis\">Available in four<span class=\"Y2IQFc\" lang=\"et\"> colours\/black<\/span><\/li>\n<li dir=\"ltr\" data-placeholder=\"T\u00f5lge\" data-ved=\"2ahUKEwjUg5rS17mLAxXyi8MKHXPtBPcQ3ewLegQIBxAV\" aria-label=\"T\u00f5lgitud tekst: elite\u00ae motion \u00fchendab suurep\u00e4rased tooteomadused h\u00e4mmastava muljetavaldava 3D pinnaga. See ainulaadne basseinimembraan ei paku mitte ainult optimaalset kaitset mustuse eest piki veeliini, vaid veenab ka oma \u00e4\u00e4rmise UV-kindluse ja v\u00e4rvide vastupidavusega. suure j\u00f5udlusega basseinimembraan ainulaadse v\u00f5rgustruktuuriga suurep\u00e4rane kaitselakk elegantne haptiline pinnatekstuur Libisemisvastane kaitse t\u00e4ielik kaitse piki veeliini \u00e4\u00e4rmine vastupidavus pleegitamisele ja v\u00e4rvimuutusele silmapaistev tasapinnalisus lihtsaks paigaldamiseks madalaim suitsu eraldumine keevitamise ajal saadaval 6 tavalises v\u00e4rvitoonis\">Roll size 25 x 1,65m e. 41,25 m\u00b2.<\/li>\n<li dir=\"ltr\" data-placeholder=\"T\u00f5lge\" data-ved=\"2ahUKEwjUg5rS17mLAxXyi8MKHXPtBPcQ3ewLegQIBxAV\" aria-label=\"T\u00f5lgitud tekst: elite\u00ae motion \u00fchendab suurep\u00e4rased tooteomadused h\u00e4mmastava muljetavaldava 3D pinnaga. See ainulaadne basseinimembraan ei paku mitte ainult optimaalset kaitset mustuse eest piki veeliini, vaid veenab ka oma \u00e4\u00e4rmise UV-kindluse ja v\u00e4rvide vastupidavusega. suure j\u00f5udlusega basseinimembraan ainulaadse v\u00f5rgustruktuuriga suurep\u00e4rane kaitselakk elegantne haptiline pinnatekstuur Libisemisvastane kaitse t\u00e4ielik kaitse piki veeliini \u00e4\u00e4rmine vastupidavus pleegitamisele ja v\u00e4rvimuutusele silmapaistev tasapinnalisus lihtsaks paigaldamiseks madalaim suitsu eraldumine keevitamise ajal saadaval 6 tavalises v\u00e4rvitoonis\">Thickness 1,5mm<\/li>\n<li dir=\"ltr\" data-placeholder=\"T\u00f5lge\" data-ved=\"2ahUKEwjUg5rS17mLAxXyi8MKHXPtBPcQ3ewLegQIBxAV\" aria-label=\"T\u00f5lgitud tekst: elite\u00ae motion \u00fchendab suurep\u00e4rased tooteomadused h\u00e4mmastava muljetavaldava 3D pinnaga. See ainulaadne basseinimembraan ei paku mitte ainult optimaalset kaitset mustuse eest piki veeliini, vaid veenab ka oma \u00e4\u00e4rmise UV-kindluse ja v\u00e4rvide vastupidavusega. suure j\u00f5udlusega basseinimembraan ainulaadse v\u00f5rgustruktuuriga suurep\u00e4rane kaitselakk elegantne haptiline pinnatekstuur Libisemisvastane kaitse t\u00e4ielik kaitse piki veeliini \u00e4\u00e4rmine vastupidavus pleegitamisele ja v\u00e4rvimuutusele silmapaistev tasapinnalisus lihtsaks paigaldamiseks madalaim suitsu eraldumine keevitamise ajal saadaval 6 tavalises v\u00e4rvitoonis\">Supra pool liner is suitable for both indoor and outdoor use.<\/li>\n<\/ul>\n<p>15 years water continuity guarantee.<\/p>\n<p>Child-friendly material. Complies with EN:71-3,<\/p>\n<p>ELBE Supra<span class=\"Y2IQFc\" lang=\"et\"> presentation on the manufacturer&#8217;s website <\/span><a href=\"https:\/\/elbepools.com\/products\/printed\/\" target=\"_blank\" rel=\"noopener\">HERE<\/a><\/p>\n","protected":false},"excerpt":{"rendered":"<p>ELBE Supra pattern pool membranes ELBE SUPRA reinforced pool membranes inspire with their high chlorine and UV resistance, classic colours and beautiful design. The specially treated surface ensures easy cleaning and provides additional protection against staining and discolouration. High quality PVC pool membranes from German manufacturer Easy to clean Resistant to fading and discoloration Easy [&hellip;]<\/p>\n","protected":false},"featured_media":105215,"template":"","meta":{"_et_pb_use_builder":"","_et_pb_old_content":"","_et_gb_content_width":""},"product_brand":[],"product_cat":[196],"product_tag":[],"class_list":{"0":"post-107789","1":"product","2":"type-product","3":"status-publish","4":"has-post-thumbnail","6":"product_cat-pool-liners","7":"product_shipping_class-kuller-en","9":"first","10":"instock","11":"taxable","12":"shipping-taxable","13":"purchasable","14":"product-type-simple"},"jetpack_sharing_enabled":true,"_links":{"self":[{"href":"https:\/\/basseinimeistrid.ee\/en\/wp-json\/wp\/v2\/product\/107789","targetHints":{"allow":["GET"]}}],"collection":[{"href":"https:\/\/basseinimeistrid.ee\/en\/wp-json\/wp\/v2\/product"}],"about":[{"href":"https:\/\/basseinimeistrid.ee\/en\/wp-json\/wp\/v2\/types\/product"}],"wp:featuredmedia":[{"embeddable":true,"href":"https:\/\/basseinimeistrid.ee\/en\/wp-json\/wp\/v2\/media\/105215"}],"wp:attachment":[{"href":"https:\/\/basseinimeistrid.ee\/en\/wp-json\/wp\/v2\/media?parent=107789"}],"wp:term":[{"taxonomy":"product_brand","embeddable":true,"href":"https:\/\/basseinimeistrid.ee\/en\/wp-json\/wp\/v2\/product_brand?post=107789"},{"taxonomy":"product_cat","embeddable":true,"href":"https:\/\/basseinimeistrid.ee\/en\/wp-json\/wp\/v2\/product_cat?post=107789"},{"taxonomy":"product_tag","embeddable":true,"href":"https:\/\/basseinimeistrid.ee\/en\/wp-json\/wp\/v2\/product_tag?post=107789"}],"curies":[{"name":"wp","href":"https:\/\/api.w.org\/{rel}","templated":true}]}}