{"id":107795,"date":"2025-02-12T14:15:46","date_gmt":"2025-02-12T12:15:46","guid":{"rendered":"https:\/\/basseinimeistrid.ee\/pood\/uncategorized\/elbe-pure-indian-marble\/"},"modified":"2025-03-15T15:23:03","modified_gmt":"2025-03-15T13:23:03","slug":"elbe-pure-indian-marble","status":"publish","type":"product","link":"https:\/\/basseinimeistrid.ee\/en\/pood\/elbe-pure-indian-marble\/","title":{"rendered":"ELBE pure Indian Marble"},"content":{"rendered":"<h4 class=\"tw-data-text tw-text-large tw-ta\" dir=\"ltr\" data-placeholder=\"T\u00f5lge\" data-ved=\"2ahUKEwjUg5rS17mLAxXyi8MKHXPtBPcQ3ewLegQIBxAV\" aria-label=\"T\u00f5lgitud tekst: TUGEVDATUD POOLI MEMBRAAN Ainulaadse 3D-PINNAGA\"><span class=\"Y2IQFc\" lang=\"et\">ELBE pure pool membranes<\/span><\/h4>\n<p id=\"tw-target-text\" class=\"tw-data-text tw-text-large tw-ta\" dir=\"ltr\" data-placeholder=\"T\u00f5lge\" data-ved=\"2ahUKEwjUg5rS17mLAxXyi8MKHXPtBPcQ3ewLegQIBxAV\" aria-label=\"T\u00f5lgitud tekst: Koosk\u00f5las loodusega. Loodusliku kivi v\u00e4rvidest, kujunditest ja tekstuuridest inspireeritud membraani kaunistused loovad illusiooni autentsetest kivimaastikest. Eksklusiivsed toonid ja mustrid pakuvad intensiivset mugavust, rahulikkust ja soojust. Keerulise tekstuuriga 3D-pind sulandub harmooniliselt basseini loomulikku keskkonda ja selle membraani ainulaadne visuaalne renderdus on suurep\u00e4raselt \u00fchendatud selle suurep\u00e4raste tehniliste omadustega, et pakkuda puhtaima ujumisr\u00f5\u00f5mu.\"><span class=\"Y2IQFc\" lang=\"et\">In harmony with nature. Inspired by the colours, patterns and textures of natural stone, the properties of ELBE pure membrane create the illusion of authentic stone. Exclusive shades and patterns provide an intense sense of security and warmth. The textured 3D surface blends harmoniously into the natural environment of your pool, and the unique visual rendering of this membrane is perfectly combined with its outstanding technical properties to offer the purest bathing pleasure.   <\/span><\/p>\n<ul>\n<li class=\"tw-data-text tw-text-large tw-ta\" dir=\"ltr\" data-placeholder=\"T\u00f5lge\" data-ved=\"2ahUKEwjUg5rS17mLAxXyi8MKHXPtBPcQ3ewLegQIBxAV\" aria-label=\"T\u00f5lgitud tekst: elite\u00ae motion \u00fchendab suurep\u00e4rased tooteomadused h\u00e4mmastava muljetavaldava 3D pinnaga. See ainulaadne basseinimembraan ei paku mitte ainult optimaalset kaitset mustuse eest piki veeliini, vaid veenab ka oma \u00e4\u00e4rmise UV-kindluse ja v\u00e4rvide vastupidavusega. suure j\u00f5udlusega basseinimembraan ainulaadse v\u00f5rgustruktuuriga suurep\u00e4rane kaitselakk elegantne haptiline pinnatekstuur Libisemisvastane kaitse t\u00e4ielik kaitse piki veeliini \u00e4\u00e4rmine vastupidavus pleegitamisele ja v\u00e4rvimuutusele silmapaistev tasapinnalisus lihtsaks paigaldamiseks madalaim suitsu eraldumine keevitamise ajal saadaval 6 tavalises v\u00e4rvitoonis\"><span class=\"Y2IQFc\" lang=\"et\">High quality pool membrane<\/span><\/li>\n<li class=\"tw-data-text tw-text-large tw-ta\" dir=\"ltr\" data-placeholder=\"T\u00f5lge\" data-ved=\"2ahUKEwjUg5rS17mLAxXyi8MKHXPtBPcQ3ewLegQIBxAV\" aria-label=\"T\u00f5lgitud tekst: elite\u00ae motion \u00fchendab suurep\u00e4rased tooteomadused h\u00e4mmastava muljetavaldava 3D pinnaga. See ainulaadne basseinimembraan ei paku mitte ainult optimaalset kaitset mustuse eest piki veeliini, vaid veenab ka oma \u00e4\u00e4rmise UV-kindluse ja v\u00e4rvide vastupidavusega. suure j\u00f5udlusega basseinimembraan ainulaadse v\u00f5rgustruktuuriga suurep\u00e4rane kaitselakk elegantne haptiline pinnatekstuur Libisemisvastane kaitse t\u00e4ielik kaitse piki veeliini \u00e4\u00e4rmine vastupidavus pleegitamisele ja v\u00e4rvimuutusele silmapaistev tasapinnalisus lihtsaks paigaldamiseks madalaim suitsu eraldumine keevitamise ajal saadaval 6 tavalises v\u00e4rvitoonis\"><span class=\"Y2IQFc\" lang=\"et\">With unique patterns<\/span><\/li>\n<li class=\"tw-data-text tw-text-large tw-ta\" dir=\"ltr\" data-placeholder=\"T\u00f5lge\" data-ved=\"2ahUKEwjUg5rS17mLAxXyi8MKHXPtBPcQ3ewLegQIBxAV\" aria-label=\"T\u00f5lgitud tekst: elite\u00ae motion \u00fchendab suurep\u00e4rased tooteomadused h\u00e4mmastava muljetavaldava 3D pinnaga. See ainulaadne basseinimembraan ei paku mitte ainult optimaalset kaitset mustuse eest piki veeliini, vaid veenab ka oma \u00e4\u00e4rmise UV-kindluse ja v\u00e4rvide vastupidavusega. suure j\u00f5udlusega basseinimembraan ainulaadse v\u00f5rgustruktuuriga suurep\u00e4rane kaitselakk elegantne haptiline pinnatekstuur Libisemisvastane kaitse t\u00e4ielik kaitse piki veeliini \u00e4\u00e4rmine vastupidavus pleegitamisele ja v\u00e4rvimuutusele silmapaistev tasapinnalisus lihtsaks paigaldamiseks madalaim suitsu eraldumine keevitamise ajal saadaval 6 tavalises v\u00e4rvitoonis\"><span class=\"Y2IQFc\" lang=\"et\">Elegant surface texture<\/span><\/li>\n<li class=\"tw-data-text tw-text-large tw-ta\" dir=\"ltr\" data-placeholder=\"T\u00f5lge\" data-ved=\"2ahUKEwjUg5rS17mLAxXyi8MKHXPtBPcQ3ewLegQIBxAV\" aria-label=\"T\u00f5lgitud tekst: elite\u00ae motion \u00fchendab suurep\u00e4rased tooteomadused h\u00e4mmastava muljetavaldava 3D pinnaga. See ainulaadne basseinimembraan ei paku mitte ainult optimaalset kaitset mustuse eest piki veeliini, vaid veenab ka oma \u00e4\u00e4rmise UV-kindluse ja v\u00e4rvide vastupidavusega. suure j\u00f5udlusega basseinimembraan ainulaadse v\u00f5rgustruktuuriga suurep\u00e4rane kaitselakk elegantne haptiline pinnatekstuur Libisemisvastane kaitse t\u00e4ielik kaitse piki veeliini \u00e4\u00e4rmine vastupidavus pleegitamisele ja v\u00e4rvimuutusele silmapaistev tasapinnalisus lihtsaks paigaldamiseks madalaim suitsu eraldumine keevitamise ajal saadaval 6 tavalises v\u00e4rvitoonis\"><span class=\"Y2IQFc\" lang=\"et\">Anti-slip protection<\/span><\/li>\n<li class=\"tw-data-text tw-text-large tw-ta\" dir=\"ltr\" data-placeholder=\"T\u00f5lge\" data-ved=\"2ahUKEwjUg5rS17mLAxXyi8MKHXPtBPcQ3ewLegQIBxAV\" aria-label=\"T\u00f5lgitud tekst: elite\u00ae motion \u00fchendab suurep\u00e4rased tooteomadused h\u00e4mmastava muljetavaldava 3D pinnaga. See ainulaadne basseinimembraan ei paku mitte ainult optimaalset kaitset mustuse eest piki veeliini, vaid veenab ka oma \u00e4\u00e4rmise UV-kindluse ja v\u00e4rvide vastupidavusega. suure j\u00f5udlusega basseinimembraan ainulaadse v\u00f5rgustruktuuriga suurep\u00e4rane kaitselakk elegantne haptiline pinnatekstuur Libisemisvastane kaitse t\u00e4ielik kaitse piki veeliini \u00e4\u00e4rmine vastupidavus pleegitamisele ja v\u00e4rvimuutusele silmapaistev tasapinnalisus lihtsaks paigaldamiseks madalaim suitsu eraldumine keevitamise ajal saadaval 6 tavalises v\u00e4rvitoonis\"><span class=\"Y2IQFc\" lang=\"et\">Easy to clean<\/span><\/li>\n<li class=\"tw-data-text tw-text-large tw-ta\" dir=\"ltr\" data-placeholder=\"T\u00f5lge\" data-ved=\"2ahUKEwjUg5rS17mLAxXyi8MKHXPtBPcQ3ewLegQIBxAV\" aria-label=\"T\u00f5lgitud tekst: elite\u00ae motion \u00fchendab suurep\u00e4rased tooteomadused h\u00e4mmastava muljetavaldava 3D pinnaga. See ainulaadne basseinimembraan ei paku mitte ainult optimaalset kaitset mustuse eest piki veeliini, vaid veenab ka oma \u00e4\u00e4rmise UV-kindluse ja v\u00e4rvide vastupidavusega. suure j\u00f5udlusega basseinimembraan ainulaadse v\u00f5rgustruktuuriga suurep\u00e4rane kaitselakk elegantne haptiline pinnatekstuur Libisemisvastane kaitse t\u00e4ielik kaitse piki veeliini \u00e4\u00e4rmine vastupidavus pleegitamisele ja v\u00e4rvimuutusele silmapaistev tasapinnalisus lihtsaks paigaldamiseks madalaim suitsu eraldumine keevitamise ajal saadaval 6 tavalises v\u00e4rvitoonis\"><span class=\"Y2IQFc\" lang=\"et\">Resistant to fading and discoloration<\/span><\/li>\n<li class=\"tw-data-text tw-text-large tw-ta\" dir=\"ltr\" data-placeholder=\"T\u00f5lge\" data-ved=\"2ahUKEwjUg5rS17mLAxXyi8MKHXPtBPcQ3ewLegQIBxAV\" aria-label=\"T\u00f5lgitud tekst: elite\u00ae motion \u00fchendab suurep\u00e4rased tooteomadused h\u00e4mmastava muljetavaldava 3D pinnaga. See ainulaadne basseinimembraan ei paku mitte ainult optimaalset kaitset mustuse eest piki veeliini, vaid veenab ka oma \u00e4\u00e4rmise UV-kindluse ja v\u00e4rvide vastupidavusega. suure j\u00f5udlusega basseinimembraan ainulaadse v\u00f5rgustruktuuriga suurep\u00e4rane kaitselakk elegantne haptiline pinnatekstuur Libisemisvastane kaitse t\u00e4ielik kaitse piki veeliini \u00e4\u00e4rmine vastupidavus pleegitamisele ja v\u00e4rvimuutusele silmapaistev tasapinnalisus lihtsaks paigaldamiseks madalaim suitsu eraldumine keevitamise ajal saadaval 6 tavalises v\u00e4rvitoonis\"><span class=\"Y2IQFc\" lang=\"et\">Outstanding flatness for easy installation<\/span><\/li>\n<li class=\"tw-data-text tw-text-large tw-ta\" dir=\"ltr\" data-placeholder=\"T\u00f5lge\" data-ved=\"2ahUKEwjUg5rS17mLAxXyi8MKHXPtBPcQ3ewLegQIBxAV\" aria-label=\"T\u00f5lgitud tekst: elite\u00ae motion \u00fchendab suurep\u00e4rased tooteomadused h\u00e4mmastava muljetavaldava 3D pinnaga. See ainulaadne basseinimembraan ei paku mitte ainult optimaalset kaitset mustuse eest piki veeliini, vaid veenab ka oma \u00e4\u00e4rmise UV-kindluse ja v\u00e4rvide vastupidavusega. suure j\u00f5udlusega basseinimembraan ainulaadse v\u00f5rgustruktuuriga suurep\u00e4rane kaitselakk elegantne haptiline pinnatekstuur Libisemisvastane kaitse t\u00e4ielik kaitse piki veeliini \u00e4\u00e4rmine vastupidavus pleegitamisele ja v\u00e4rvimuutusele silmapaistev tasapinnalisus lihtsaks paigaldamiseks madalaim suitsu eraldumine keevitamise ajal saadaval 6 tavalises v\u00e4rvitoonis\"><span class=\"Y2IQFc\" lang=\"et\">Weldable edge-to-edge<\/span><\/li>\n<li class=\"tw-data-text tw-text-large tw-ta\" dir=\"ltr\" data-placeholder=\"T\u00f5lge\" data-ved=\"2ahUKEwjUg5rS17mLAxXyi8MKHXPtBPcQ3ewLegQIBxAV\" aria-label=\"T\u00f5lgitud tekst: elite\u00ae motion \u00fchendab suurep\u00e4rased tooteomadused h\u00e4mmastava muljetavaldava 3D pinnaga. See ainulaadne basseinimembraan ei paku mitte ainult optimaalset kaitset mustuse eest piki veeliini, vaid veenab ka oma \u00e4\u00e4rmise UV-kindluse ja v\u00e4rvide vastupidavusega. suure j\u00f5udlusega basseinimembraan ainulaadse v\u00f5rgustruktuuriga suurep\u00e4rane kaitselakk elegantne haptiline pinnatekstuur Libisemisvastane kaitse t\u00e4ielik kaitse piki veeliini \u00e4\u00e4rmine vastupidavus pleegitamisele ja v\u00e4rvimuutusele silmapaistev tasapinnalisus lihtsaks paigaldamiseks madalaim suitsu eraldumine keevitamise ajal saadaval 6 tavalises v\u00e4rvitoonis\">Available in six<span class=\"Y2IQFc\" lang=\"et\"> colours<\/span><\/li>\n<li dir=\"ltr\" data-placeholder=\"T\u00f5lge\" data-ved=\"2ahUKEwjUg5rS17mLAxXyi8MKHXPtBPcQ3ewLegQIBxAV\" aria-label=\"T\u00f5lgitud tekst: elite\u00ae motion \u00fchendab suurep\u00e4rased tooteomadused h\u00e4mmastava muljetavaldava 3D pinnaga. See ainulaadne basseinimembraan ei paku mitte ainult optimaalset kaitset mustuse eest piki veeliini, vaid veenab ka oma \u00e4\u00e4rmise UV-kindluse ja v\u00e4rvide vastupidavusega. suure j\u00f5udlusega basseinimembraan ainulaadse v\u00f5rgustruktuuriga suurep\u00e4rane kaitselakk elegantne haptiline pinnatekstuur Libisemisvastane kaitse t\u00e4ielik kaitse piki veeliini \u00e4\u00e4rmine vastupidavus pleegitamisele ja v\u00e4rvimuutusele silmapaistev tasapinnalisus lihtsaks paigaldamiseks madalaim suitsu eraldumine keevitamise ajal saadaval 6 tavalises v\u00e4rvitoonis\">Roll size 21 x 1.65m e. 34.65 m\u00b2. Product price 1910\u20ac+ VAT applies to one full roll. The price per square meter is 55.12\u20ac + VAT.   <\/li>\n<li dir=\"ltr\" data-placeholder=\"T\u00f5lge\" data-ved=\"2ahUKEwjUg5rS17mLAxXyi8MKHXPtBPcQ3ewLegQIBxAV\" aria-label=\"T\u00f5lgitud tekst: elite\u00ae motion \u00fchendab suurep\u00e4rased tooteomadused h\u00e4mmastava muljetavaldava 3D pinnaga. See ainulaadne basseinimembraan ei paku mitte ainult optimaalset kaitset mustuse eest piki veeliini, vaid veenab ka oma \u00e4\u00e4rmise UV-kindluse ja v\u00e4rvide vastupidavusega. suure j\u00f5udlusega basseinimembraan ainulaadse v\u00f5rgustruktuuriga suurep\u00e4rane kaitselakk elegantne haptiline pinnatekstuur Libisemisvastane kaitse t\u00e4ielik kaitse piki veeliini \u00e4\u00e4rmine vastupidavus pleegitamisele ja v\u00e4rvimuutusele silmapaistev tasapinnalisus lihtsaks paigaldamiseks madalaim suitsu eraldumine keevitamise ajal saadaval 6 tavalises v\u00e4rvitoonis\">Thickness 1,8mm<\/li>\n<\/ul>\n<p>15 years water continuity guarantee.<\/p>\n<p>ELBE <span class=\"Y2IQFc\" lang=\"et\">pure presentation on the manufacturer&#8217;s website <\/span><a href=\"https:\/\/elbepools.com\/products\/pure\/\" target=\"_blank\" rel=\"noopener\">HERE<\/a><\/p>\n<p>ELBE pure English brochure <a href=\"https:\/\/basseinimeistrid.ee\/wp-content\/uploads\/2025\/02\/ELBEpool-pure.pdf\" target=\"_blank\" rel=\"noopener\">HERE<\/a><\/p>\n","protected":false},"excerpt":{"rendered":"<p>21 x 1,65m roll. 34,65 m\u00b2 <\/p>\n","protected":false},"featured_media":105080,"template":"","meta":{"_et_pb_use_builder":"","_et_pb_old_content":"","_et_gb_content_width":""},"product_brand":[],"product_cat":[196],"product_tag":[],"class_list":{"0":"post-107795","1":"product","2":"type-product","3":"status-publish","4":"has-post-thumbnail","6":"product_cat-pool-liners","7":"product_shipping_class-kuller-en","9":"first","10":"instock","11":"taxable","12":"shipping-taxable","13":"purchasable","14":"product-type-simple"},"jetpack_sharing_enabled":true,"_links":{"self":[{"href":"https:\/\/basseinimeistrid.ee\/en\/wp-json\/wp\/v2\/product\/107795","targetHints":{"allow":["GET"]}}],"collection":[{"href":"https:\/\/basseinimeistrid.ee\/en\/wp-json\/wp\/v2\/product"}],"about":[{"href":"https:\/\/basseinimeistrid.ee\/en\/wp-json\/wp\/v2\/types\/product"}],"wp:featuredmedia":[{"embeddable":true,"href":"https:\/\/basseinimeistrid.ee\/en\/wp-json\/wp\/v2\/media\/105080"}],"wp:attachment":[{"href":"https:\/\/basseinimeistrid.ee\/en\/wp-json\/wp\/v2\/media?parent=107795"}],"wp:term":[{"taxonomy":"product_brand","embeddable":true,"href":"https:\/\/basseinimeistrid.ee\/en\/wp-json\/wp\/v2\/product_brand?post=107795"},{"taxonomy":"product_cat","embeddable":true,"href":"https:\/\/basseinimeistrid.ee\/en\/wp-json\/wp\/v2\/product_cat?post=107795"},{"taxonomy":"product_tag","embeddable":true,"href":"https:\/\/basseinimeistrid.ee\/en\/wp-json\/wp\/v2\/product_tag?post=107795"}],"curies":[{"name":"wp","href":"https:\/\/api.w.org\/{rel}","templated":true}]}}