{"id":108127,"date":"2025-02-27T20:16:36","date_gmt":"2025-02-27T18:16:36","guid":{"rendered":"https:\/\/basseinimeistrid.ee\/pood\/uncategorized\/ptfe-tape-12mm-red\/"},"modified":"2025-03-14T23:02:01","modified_gmt":"2025-03-14T21:02:01","slug":"ptfe-tape-12mm-red","status":"publish","type":"product","link":"https:\/\/basseinimeistrid.ee\/en\/pood\/ptfe-tape-12mm-red\/","title":{"rendered":"PTFE tape 12mm red"},"content":{"rendered":"<h4>Griffon PTFE tape<\/h4>\n<p id=\"tw-target-text\" class=\"tw-data-text tw-text-large tw-ta\" dir=\"ltr\" data-placeholder=\"T\u00f5lge\" data-ved=\"2ahUKEwjE6LGFtOSLAxUKQVUIHYMWI4MQ3ewLegQICBAV\" aria-label=\"T\u00f5lgitud tekst: PVC-teip, mis on spetsiaalselt loodud igat t\u00fc\u00fcpi veelekete parandamiseks. - T\u00f6\u00f6tab vees ja veest v\u00e4ljas. - Teipi saab kanda igat t\u00fc\u00fcpi materjalile. Suurep\u00e4rased nakkeomadused olenemata materjalist (betoon, v\u00e4rv, klaaskiud, vooder, akr\u00fc\u00fcl, PVC jne).\"><span class=\"Y2IQFc\" lang=\"et\">P.T.F.E thread tape. Gastec certified. Width 12mm, thickness 0,1mm and in rolls approx. 12m. We sell only in blocks of 10 pieces. Price for 10 rolls.     <\/span><\/p>\n","protected":false},"excerpt":{"rendered":"<p>Griffon PTFE tape P.T.F.E thread tape. Gastec certified. Width 12mm, thickness 0,1mm and in rolls approx. 12m. We sell only in blocks of 10 pieces. Price for 10 rolls.<\/p>\n","protected":false},"featured_media":108120,"template":"","meta":{"_et_pb_use_builder":"","_et_pb_old_content":"","_et_gb_content_width":""},"product_brand":[],"product_cat":[180],"product_tag":[],"class_list":{"0":"post-108127","1":"product","2":"type-product","3":"status-publish","4":"has-post-thumbnail","6":"product_cat-fitting-accessories","7":"product_shipping_class-pakiautomaat-en","9":"first","10":"instock","11":"taxable","12":"shipping-taxable","13":"purchasable","14":"product-type-simple"},"jetpack_sharing_enabled":true,"_links":{"self":[{"href":"https:\/\/basseinimeistrid.ee\/en\/wp-json\/wp\/v2\/product\/108127","targetHints":{"allow":["GET"]}}],"collection":[{"href":"https:\/\/basseinimeistrid.ee\/en\/wp-json\/wp\/v2\/product"}],"about":[{"href":"https:\/\/basseinimeistrid.ee\/en\/wp-json\/wp\/v2\/types\/product"}],"wp:featuredmedia":[{"embeddable":true,"href":"https:\/\/basseinimeistrid.ee\/en\/wp-json\/wp\/v2\/media\/108120"}],"wp:attachment":[{"href":"https:\/\/basseinimeistrid.ee\/en\/wp-json\/wp\/v2\/media?parent=108127"}],"wp:term":[{"taxonomy":"product_brand","embeddable":true,"href":"https:\/\/basseinimeistrid.ee\/en\/wp-json\/wp\/v2\/product_brand?post=108127"},{"taxonomy":"product_cat","embeddable":true,"href":"https:\/\/basseinimeistrid.ee\/en\/wp-json\/wp\/v2\/product_cat?post=108127"},{"taxonomy":"product_tag","embeddable":true,"href":"https:\/\/basseinimeistrid.ee\/en\/wp-json\/wp\/v2\/product_tag?post=108127"}],"curies":[{"name":"wp","href":"https:\/\/api.w.org\/{rel}","templated":true}]}}