{"id":108129,"date":"2025-02-27T20:05:22","date_gmt":"2025-02-27T18:05:22","guid":{"rendered":"https:\/\/basseinimeistrid.ee\/pood\/uncategorized\/sb-pool-sealant-tape\/"},"modified":"2025-03-14T23:03:32","modified_gmt":"2025-03-14T21:03:32","slug":"sb-pool-sealant-tape","status":"publish","type":"product","link":"https:\/\/basseinimeistrid.ee\/en\/pood\/sb-pool-sealant-tape\/","title":{"rendered":"SB-Pool sealant tape"},"content":{"rendered":"<h4>Astralpool SB-Pool Sealant tape<\/h4>\n<p id=\"tw-target-text\" class=\"tw-data-text tw-text-large tw-ta\" dir=\"ltr\" data-placeholder=\"T\u00f5lge\" data-ved=\"2ahUKEwjE6LGFtOSLAxUKQVUIHYMWI4MQ3ewLegQICBAV\" aria-label=\"T\u00f5lgitud tekst: PVC-teip, mis on spetsiaalselt loodud igat t\u00fc\u00fcpi veelekete parandamiseks. - T\u00f6\u00f6tab vees ja veest v\u00e4ljas. - Teipi saab kanda igat t\u00fc\u00fcpi materjalile. Suurep\u00e4rased nakkeomadused olenemata materjalist (betoon, v\u00e4rv, klaaskiud, vooder, akr\u00fc\u00fcl, PVC jne).\"><span class=\"Y2IQFc\" lang=\"et\">PVC tape specially designed to repair all types of water leaks &#8211; Works in and out of water &#8211; Can be applied to all types of material. Excellent adhesion properties whatever the material (concrete, paint, fibreglass, membranes, acrylic, PVC, etc.). Easy and good tool for quick repair of inflatable toys, pools, etc. Tape width 10cm. In rolls of 150cm. Material thickness 660 microns. Tape is colourless\/transparent.        <\/span><\/p>\n","protected":false},"excerpt":{"rendered":"<p>Astralpool SB-Pool Sealant tape PVC tape specially designed to repair all types of water leaks &#8211; Works in and out of water &#8211; Can be applied to all types of material. Excellent adhesion properties whatever the material (concrete, paint, fibreglass, membranes, acrylic, PVC, etc.). Easy and good tool for quick repair of inflatable toys, pools, [&hellip;]<\/p>\n","protected":false},"featured_media":108111,"template":"","meta":{"_et_pb_use_builder":"","_et_pb_old_content":"","_et_gb_content_width":""},"product_brand":[],"product_cat":[180],"product_tag":[],"class_list":{"0":"post-108129","1":"product","2":"type-product","3":"status-publish","4":"has-post-thumbnail","6":"product_cat-fitting-accessories","7":"product_shipping_class-pakiautomaat-en","9":"first","10":"instock","11":"taxable","12":"shipping-taxable","13":"purchasable","14":"product-type-simple"},"jetpack_sharing_enabled":true,"_links":{"self":[{"href":"https:\/\/basseinimeistrid.ee\/en\/wp-json\/wp\/v2\/product\/108129","targetHints":{"allow":["GET"]}}],"collection":[{"href":"https:\/\/basseinimeistrid.ee\/en\/wp-json\/wp\/v2\/product"}],"about":[{"href":"https:\/\/basseinimeistrid.ee\/en\/wp-json\/wp\/v2\/types\/product"}],"wp:featuredmedia":[{"embeddable":true,"href":"https:\/\/basseinimeistrid.ee\/en\/wp-json\/wp\/v2\/media\/108111"}],"wp:attachment":[{"href":"https:\/\/basseinimeistrid.ee\/en\/wp-json\/wp\/v2\/media?parent=108129"}],"wp:term":[{"taxonomy":"product_brand","embeddable":true,"href":"https:\/\/basseinimeistrid.ee\/en\/wp-json\/wp\/v2\/product_brand?post=108129"},{"taxonomy":"product_cat","embeddable":true,"href":"https:\/\/basseinimeistrid.ee\/en\/wp-json\/wp\/v2\/product_cat?post=108129"},{"taxonomy":"product_tag","embeddable":true,"href":"https:\/\/basseinimeistrid.ee\/en\/wp-json\/wp\/v2\/product_tag?post=108129"}],"curies":[{"name":"wp","href":"https:\/\/api.w.org\/{rel}","templated":true}]}}