{"id":108130,"date":"2025-02-27T19:54:31","date_gmt":"2025-02-27T17:54:31","guid":{"rendered":"https:\/\/basseinimeistrid.ee\/pood\/uncategorized\/griffon-sft-101\/"},"modified":"2025-03-14T23:03:56","modified_gmt":"2025-03-14T21:03:56","slug":"griffon-sft-101","status":"publish","type":"product","link":"https:\/\/basseinimeistrid.ee\/en\/pood\/griffon-sft-101\/","title":{"rendered":"Griffon SFT-101"},"content":{"rendered":"<p>Griffon SFT-101 Repair<\/p>\n<p id=\"tw-target-text\" class=\"tw-data-text tw-text-large tw-ta\" dir=\"ltr\" data-placeholder=\"T\u00f5lge\" data-ved=\"2ahUKEwjE6LGFtOSLAxUKQVUIHYMWI4MQ3ewLegQICBAV\" aria-label=\"T\u00f5lgitud tekst: Universaalne, isesulav, tihendav ja isoleeriv, r\u00e4ni baasil remonditeip. Torude, torude, liitmike, l\u00f5ksude ja voolikute kiireks ja lihtsaks tihendamiseks ja lekete parandamiseks. Sobib ka elektri\u00fchenduste (veekindlaks) tihendamiseks ning elektripistikute ja kaablite isoleerimiseks ja kaitsmiseks. Sobib muuhulgas ka esemete \u00fchendamiseks, materjalide \u00fchendamiseks, rooste eest kaitsmiseks ning k\u00e4epidemete ja t\u00f6\u00f6riistade libisemisvastaseks vahendiks. Sise-, v\u00e4lis- ja veealusteks rakendusteks. Omadused - Survekindel kuni 12 baari, koheselt vee- ja \u00f5hukindel - Isolatsioon kuni 15 000 volti kihi kohta - Vastupidav temperatuuridele vahemikus -54\u00b0C kuni +260\u00b0C - Vastupidav hapetele, leelistele, lahustitele, \u00f5lidele, bensiinile ja s\u00fcsivesinikele - Venitav kuni 300% (j\u00e4\u00e4b elastseks) - Isesulav (\u00fchendub koheselt enda k\u00fclge) - Paari sekundiga korrigeeritav, saab koheselt koormata - Kasutatav r\u00f5hu all, sobib veealusteks rakendusteks - Kergesti eemaldatav, ei j\u00e4ta liimij\u00e4\u00e4ke\"><span class=\"Y2IQFc\" lang=\"et\">Universal, self-vulcanising, sealing and insulating, silicon-based repair tape. For quick and easy sealing and leak repair of pipes, fittings, hoses. Also suitable for (waterproof) sealing of electrical joints and for insulating and protecting electrical plugs and cables. Also suitable for connecting objects, joining materials, protecting against rust, and as an anti-slip agent for handles and tools. For indoor, outdoor and underwater applications. Features &#8211; Pressure resistant up to 12 bar, instantly water and air tight &#8211; Insulation up to 15 000 volts per layer &#8211; Resistant to temperatures from -54\u00b0C to +260\u00b0C &#8211; Resistant to acids, alkalis, solvents, oils, Gasoline and hydrocarbons &#8211; Stretchable up to 300% (remains elastic) &#8211; Self-vulcanising (bonds instantly to itself) &#8211; Adjustable in a few seconds, can be loaded instantly &#8211; Can be used under pressure, suitable for underwater applications &#8211; Easy to remove, leaves no adhesive residue. Black colour. Width 25mm. In roll\/package 3 metres.        <\/span><\/p>\n","protected":false},"excerpt":{"rendered":"<p>Griffon SFT-101 Repair Universal, self-vulcanising, sealing and insulating, silicon-based repair tape. For quick and easy sealing and leak repair of pipes, fittings, hoses. Also suitable for (waterproof) sealing of electrical joints and for insulating and protecting electrical plugs and cables. Also suitable for connecting objects, joining materials, protecting against rust, and as an anti-slip agent [&hellip;]<\/p>\n","protected":false},"featured_media":108108,"template":"","meta":{"_et_pb_use_builder":"","_et_pb_old_content":"","_et_gb_content_width":""},"product_brand":[],"product_cat":[180],"product_tag":[],"class_list":{"0":"post-108130","1":"product","2":"type-product","3":"status-publish","4":"has-post-thumbnail","6":"product_cat-fitting-accessories","7":"product_shipping_class-pakiautomaat-en","9":"first","10":"instock","11":"taxable","12":"shipping-taxable","13":"purchasable","14":"product-type-simple"},"jetpack_sharing_enabled":true,"_links":{"self":[{"href":"https:\/\/basseinimeistrid.ee\/en\/wp-json\/wp\/v2\/product\/108130","targetHints":{"allow":["GET"]}}],"collection":[{"href":"https:\/\/basseinimeistrid.ee\/en\/wp-json\/wp\/v2\/product"}],"about":[{"href":"https:\/\/basseinimeistrid.ee\/en\/wp-json\/wp\/v2\/types\/product"}],"wp:featuredmedia":[{"embeddable":true,"href":"https:\/\/basseinimeistrid.ee\/en\/wp-json\/wp\/v2\/media\/108108"}],"wp:attachment":[{"href":"https:\/\/basseinimeistrid.ee\/en\/wp-json\/wp\/v2\/media?parent=108130"}],"wp:term":[{"taxonomy":"product_brand","embeddable":true,"href":"https:\/\/basseinimeistrid.ee\/en\/wp-json\/wp\/v2\/product_brand?post=108130"},{"taxonomy":"product_cat","embeddable":true,"href":"https:\/\/basseinimeistrid.ee\/en\/wp-json\/wp\/v2\/product_cat?post=108130"},{"taxonomy":"product_tag","embeddable":true,"href":"https:\/\/basseinimeistrid.ee\/en\/wp-json\/wp\/v2\/product_tag?post=108130"}],"curies":[{"name":"wp","href":"https:\/\/api.w.org\/{rel}","templated":true}]}}