{"id":108165,"date":"2025-02-27T22:51:17","date_gmt":"2025-02-27T20:51:17","guid":{"rendered":"https:\/\/basseinimeistrid.ee\/pood\/uncategorized\/silkflow\/"},"modified":"2025-03-14T21:56:01","modified_gmt":"2025-03-14T19:56:01","slug":"silkflow","status":"publish","type":"product","link":"https:\/\/basseinimeistrid.ee\/en\/pood\/silkflow\/","title":{"rendered":"SilkFlow"},"content":{"rendered":"<h4>Astralpool SilkFlow<\/h4>\n<p>Decorative water curtains (rapids, waterfalls, cascades) for swimming pools and other bodies of water. In-wall spittoons made of high quality ABS plastic. SilkFlow has a built-in plastic mesh water distributor to ensure that the outgoing water is courteous and even along the entire length of the spout. Fitting on the back of the spout for connecting 50mm glueable pipe. We recommend fitting a valve between the spout and the pump to regulate the water flow. Can be fed from the filter return or by a completely separate pump. The top cover of the spout is transparent and can be used to illuminate the water jet by, for example, installing an LED strip on the top. A protection profile is supplied with the nozzle during construction to prevent damage to the nozzle and the ingress of mix or debris.<\/p>\n<p>The SilkFlow product range:<\/p>\n<ul>\n<li>(45205) 300mm, recommended water flow 50L\/min<\/li>\n<li>(45206) 600mm, recommended water flow 100L\/min<\/li>\n<li>(45207) 900mm, recommended water flow 150L\/min<\/li>\n<li>(45208) 1200mm, recommended water flow 200L\/min<\/li>\n<\/ul>\n<p>Silkflow English installation guide <a href=\"https:\/\/basseinimeistrid.ee\/wp-content\/uploads\/2025\/02\/silkflow.pdf\" target=\"_blank\" rel=\"noopener\">HERE<\/a><\/p>\n<p id=\"tw-target-text\" class=\"tw-data-text tw-text-large tw-ta\" dir=\"ltr\" data-placeholder=\"T\u00f5lge\" data-ved=\"2ahUKEwjE6LGFtOSLAxUKQVUIHYMWI4MQ3ewLegQICBAV\" aria-label=\"T\u00f5lgitud tekst: Dekoratiivne juga basseinidele v\u00f5i tiikidele Pikkus 300 mm Valmistatud korrosioonikindlast ABS-st Soovitatav paigaldamiseks 50 mm \u00d8 PVC torudega Joa soovitatav k\u00f5rgus 300 mm Saab toita filtri tagasivoolu v\u00f5i spetsiaalse pumba abil Vajalik veevool 50 l\/min Veekoguse reguleerimiseks peab olema paigaldatud ventiil\">\n","protected":false},"excerpt":{"rendered":"<p>Astralpool SilkFlow Decorative water curtains (rapids, waterfalls, cascades) for swimming pools and other bodies of water. In-wall spittoons made of high quality ABS plastic. SilkFlow has a built-in plastic mesh water distributor to ensure that the outgoing water is courteous and even along the entire length of the spout. Fitting on the back of the [&hellip;]<\/p>\n","protected":false},"featured_media":108151,"template":"","meta":{"_et_pb_use_builder":"","_et_pb_old_content":"","_et_gb_content_width":""},"product_brand":[],"product_cat":[207],"product_tag":[],"class_list":{"0":"post-108165","1":"product","2":"type-product","3":"status-publish","4":"has-post-thumbnail","6":"product_cat-water-attractions-and-waterfalls","7":"product_shipping_class-kuller-en","9":"first","10":"instock","11":"taxable","12":"shipping-taxable","13":"purchasable","14":"product-type-simple"},"jetpack_sharing_enabled":true,"_links":{"self":[{"href":"https:\/\/basseinimeistrid.ee\/en\/wp-json\/wp\/v2\/product\/108165","targetHints":{"allow":["GET"]}}],"collection":[{"href":"https:\/\/basseinimeistrid.ee\/en\/wp-json\/wp\/v2\/product"}],"about":[{"href":"https:\/\/basseinimeistrid.ee\/en\/wp-json\/wp\/v2\/types\/product"}],"wp:featuredmedia":[{"embeddable":true,"href":"https:\/\/basseinimeistrid.ee\/en\/wp-json\/wp\/v2\/media\/108151"}],"wp:attachment":[{"href":"https:\/\/basseinimeistrid.ee\/en\/wp-json\/wp\/v2\/media?parent=108165"}],"wp:term":[{"taxonomy":"product_brand","embeddable":true,"href":"https:\/\/basseinimeistrid.ee\/en\/wp-json\/wp\/v2\/product_brand?post=108165"},{"taxonomy":"product_cat","embeddable":true,"href":"https:\/\/basseinimeistrid.ee\/en\/wp-json\/wp\/v2\/product_cat?post=108165"},{"taxonomy":"product_tag","embeddable":true,"href":"https:\/\/basseinimeistrid.ee\/en\/wp-json\/wp\/v2\/product_tag?post=108165"}],"curies":[{"name":"wp","href":"https:\/\/api.w.org\/{rel}","templated":true}]}}