{"id":108971,"date":"2025-03-02T21:33:35","date_gmt":"2025-03-02T19:33:35","guid":{"rendered":"https:\/\/basseinimeistrid.ee\/pood\/uncategorized\/aquaforte-stainless-steel-bioskimmer\/"},"modified":"2025-03-10T21:39:04","modified_gmt":"2025-03-10T19:39:04","slug":"aquaforte-stainless-steel-bioskimmer","status":"publish","type":"product","link":"https:\/\/basseinimeistrid.ee\/en\/pood\/aquaforte-stainless-steel-bioskimmer\/","title":{"rendered":"AquaForte Stainless Steel Bioskimmer"},"content":{"rendered":"<p id=\"tw-target-text\" class=\"tw-data-text tw-text-large tw-ta\" dir=\"ltr\" data-placeholder=\"T\u00f5lge\" data-ved=\"2ahUKEwjDya_5qN-LAxUYU1UIHTRMGm4Q3ewLegQIChAV\" aria-label=\"T\u00f5lgitud tekst: Professionaalne roostevabast terasest skimmer madalate tsoonide ja\/v\u00f5i taimefiltritega (ujumis)tiikidele. Varustatud \u00d8110 mm \u00fchendusega raskusj\u00f5u seadistamiseks. Saab h\u00f5lpsasti kasutada ka pumba imemiseks painduva liitmikuga \u00d8110mm kuni \u00d863mm (FC147). Varustatud roostevabast terasest kurna korviga. Minimaalne paigaldusk\u00f5rgus 375mm, max. (kogu) k\u00f5rgus ujuvr\u00f5ngas 550mm.\"><span class=\"Y2IQFc\" lang=\"et\">Professional stainless steel skimmer for (swimming) ponds and natural pools with shallow zones and\/or plant filters. Easy to install the skimmer between stones, etc. Equipped with a \u00d8110 mm connection. With a floating skimmer mouth. Can be easily used on the principle of gravity and also when suctioned by a pump. Thanks to the large movement tolerance of the skimmer mouth (175mm), the water body does not have to maintain an ideal and even water flow. Equipped with a spacious stainless steel crash basket. Minimum installation depth 375mm, max. (total) height 550mm.        <\/span><\/p>\n","protected":false},"excerpt":{"rendered":"<p>Professional stainless steel skimmer for (swimming) ponds and natural pools with shallow zones and\/or plant filters. Easy to install the skimmer between stones, etc. Equipped with a \u00d8110 mm connection. With a floating skimmer mouth. Can be easily used on the principle of gravity and also when suctioned by a pump. Thanks to the large [&hellip;]<\/p>\n","protected":false},"featured_media":108958,"template":"","meta":{"_et_pb_use_builder":"","_et_pb_old_content":"","_et_gb_content_width":""},"product_brand":[],"product_cat":[124],"product_tag":[],"class_list":{"0":"post-108971","1":"product","2":"type-product","3":"status-publish","4":"has-post-thumbnail","6":"product_cat-skimmers","7":"product_shipping_class-kuller-en","9":"first","10":"instock","11":"taxable","12":"shipping-taxable","13":"purchasable","14":"product-type-simple"},"jetpack_sharing_enabled":true,"_links":{"self":[{"href":"https:\/\/basseinimeistrid.ee\/en\/wp-json\/wp\/v2\/product\/108971","targetHints":{"allow":["GET"]}}],"collection":[{"href":"https:\/\/basseinimeistrid.ee\/en\/wp-json\/wp\/v2\/product"}],"about":[{"href":"https:\/\/basseinimeistrid.ee\/en\/wp-json\/wp\/v2\/types\/product"}],"wp:featuredmedia":[{"embeddable":true,"href":"https:\/\/basseinimeistrid.ee\/en\/wp-json\/wp\/v2\/media\/108958"}],"wp:attachment":[{"href":"https:\/\/basseinimeistrid.ee\/en\/wp-json\/wp\/v2\/media?parent=108971"}],"wp:term":[{"taxonomy":"product_brand","embeddable":true,"href":"https:\/\/basseinimeistrid.ee\/en\/wp-json\/wp\/v2\/product_brand?post=108971"},{"taxonomy":"product_cat","embeddable":true,"href":"https:\/\/basseinimeistrid.ee\/en\/wp-json\/wp\/v2\/product_cat?post=108971"},{"taxonomy":"product_tag","embeddable":true,"href":"https:\/\/basseinimeistrid.ee\/en\/wp-json\/wp\/v2\/product_tag?post=108971"}],"curies":[{"name":"wp","href":"https:\/\/api.w.org\/{rel}","templated":true}]}}