{"id":109002,"date":"2025-03-03T08:00:53","date_gmt":"2025-03-03T06:00:53","guid":{"rendered":"https:\/\/basseinimeistrid.ee\/pood\/uncategorized\/waterlink-spin-touch-photometer\/"},"modified":"2025-03-08T20:36:47","modified_gmt":"2025-03-08T18:36:47","slug":"waterlink-spin-touch-photometer","status":"publish","type":"product","link":"https:\/\/basseinimeistrid.ee\/en\/pood\/waterlink-spin-touch-photometer\/","title":{"rendered":"WaterLink\u00ae Spin Touch\u2122 Photometer"},"content":{"rendered":"<h4 dir=\"ltr\" data-placeholder=\"T\u00f5lge\" data-ved=\"2ahUKEwjDya_5qN-LAxUYU1UIHTRMGm4Q3ewLegQIChAV\" aria-label=\"T\u00f5lgitud tekst: Uuenduslik WaterLink\u00ae Spin Touch\u2122 fotomeeter teeb k\u00f5ik teie basseini- ja spaavee testid teie eest k\u00f5ikjal, kus seda vajate \u2013 p\u00f5llul v\u00f5i poes! Iga suletud reagendiketas sisaldab t\u00e4pset kogust reaktiivi, mis on vajalik t\u00e4ieliku testide seeria l\u00e4biviimiseks vaid 60 sekundiga. Lihtsalt t\u00e4itke reagendi ketas veeprooviga, asetage see m\u00f5\u00f5turisse, puudutage nuppu \"><span class=\"Y2IQFc\" lang=\"et\">WaterLink\u00ae Spin Touch\u2122 professional photometer with carrying case<\/span><\/h4>\n<p class=\"tw-data-text tw-text-large tw-ta\" dir=\"ltr\" data-placeholder=\"T\u00f5lge\" data-ved=\"2ahUKEwjDya_5qN-LAxUYU1UIHTRMGm4Q3ewLegQIChAV\" aria-label=\"T\u00f5lgitud tekst: Uuenduslik WaterLink\u00ae Spin Touch\u2122 fotomeeter teeb k\u00f5ik teie basseini- ja spaavee testid teie eest k\u00f5ikjal, kus seda vajate \u2013 p\u00f5llul v\u00f5i poes! Iga suletud reagendiketas sisaldab t\u00e4pset kogust reaktiivi, mis on vajalik t\u00e4ieliku testide seeria l\u00e4biviimiseks vaid 60 sekundiga. Lihtsalt t\u00e4itke reagendi ketas veeprooviga, asetage see m\u00f5\u00f5turisse, puudutage nuppu \"><span class=\"Y2IQFc\" lang=\"et\">The innovative WaterLink\u00ae Spin Touch\u2122 Photometer does all your pool and spa water testing for you wherever you need it \u2013 poolside or in the office! Each sealed reagent disc contains the exact amount of reagent needed to run a full series of tests in just 60 seconds. Simply fill the reagent disc with your water sample, place it in the meter, press the \u201cStart\u201d button, and all your important tests are performed automatically. In the field, results can be read on the touch screen and sent directly to your smartphone or tablet via Bluetooth. In the office, the Spin Touch\u2122 can be used directly with a computer. Results are displayed directly on the monitor and can be saved. This is the most advanced system for accurate wet chemistry methods ever produced! Now pool and spa analysts can achieve accuracy without time-consuming testing and cleaning procedures. No vial filling, no preparation time, and no guesswork! &#8211; Reliable results. &#8211; Very fast and easy &#8211; Automatic data storage &#8211; Robust and portable &#8211; Multilingual operating system &#8211; Choose between chlorine or salt electrolysis as disinfectant &#8211; Salt testing (TDS) &#8211; Very accurate phosphate measurement (parts per billion!). NSF certified. Device with waterproof lined carrying case. <\/span><\/p>\n<p id=\"tw-target-text\" class=\"tw-data-text tw-text-large tw-ta\" dir=\"ltr\" data-placeholder=\"T\u00f5lge\" data-ved=\"2ahUKEwjDya_5qN-LAxUYU1UIHTRMGm4Q3ewLegQIChAV\" aria-label=\"T\u00f5lgitud tekst: Mobile WaterLink\u00ae Spin Touch\u00ae sisaldab: fotomeetrit, kasutusjuhendit, kiirk\u00e4ivitusjuhiseid, 3 s\u00fcstalt, kalibreerimiskontrollketast, USB-juhet koos USB-seinaadapteriga veekindlas kandekotis koos vahtplastist sisestustega m\u00f5\u00f5turi ja tarvikute hoidmiseks \u2013 SpinDisk\u00ae reaktiivi kassetid, mida m\u00fc\u00fcakse eraldi.\"><span class=\"Y2IQFc\" lang=\"et\">The WaterLink\u00ae Spin Touch\u00ae kit includes: photometer, English user manual, quick start guide, 3 syringes, calibration check disk, USB cable with USB wall adapter, device in a waterproof carrying case with foam insert to securely hold the meter and accessories. SpinDisk\u00ae reagent cartridges are not included in the kit and are sold separately. <\/span><\/p>\n<p dir=\"ltr\" data-placeholder=\"T\u00f5lge\" data-ved=\"2ahUKEwjDya_5qN-LAxUYU1UIHTRMGm4Q3ewLegQIChAV\" aria-label=\"T\u00f5lgitud tekst: Uuenduslik WaterLink\u00ae Spin Touch\u2122 fotomeeter teeb k\u00f5ik teie basseini- ja spaavee testid teie eest k\u00f5ikjal, kus seda vajate \u2013 p\u00f5llul v\u00f5i poes! Iga suletud reagendiketas sisaldab t\u00e4pset kogust reaktiivi, mis on vajalik t\u00e4ieliku testide seeria l\u00e4biviimiseks vaid 60 sekundiga. Lihtsalt t\u00e4itke reagendi ketas veeprooviga, asetage see m\u00f5\u00f5turisse, puudutage nuppu \">All water parameters in 60 seconds.<\/p>\n<ul id=\"u253616-27\" class=\"list0 nls-None\">\n<li id=\"u253616-6\" class=\"Body-Text-1a\">Free Chlorine (DPD): 0-15 ppm<\/li>\n<li id=\"u253616-8\" class=\"Body-Text-1a\">Total Chlorine (DPD): 0-15 ppm<\/li>\n<li id=\"u253616-10\" class=\"Body-Text-1a\">Bromine (DPD): 0-33 ppm<\/li>\n<li id=\"u253616-12\" class=\"Body-Text-1a\">Combined Chlorine: 0-15 ppm<\/li>\n<li id=\"u253616-14\" class=\"Body-Text-1a\">Calcium Hardness: 0-800 ppm<\/li>\n<li id=\"u253616-16\" class=\"Body-Text-1a\">Total Hardness: 0-1200 ppm<\/li>\n<li id=\"u253616-18\" class=\"Body-Text-1a\">Total Alkalinity: 0-250 ppm<\/li>\n<li id=\"u253616-20\" class=\"Body-Text-1a\">Copper: 0-3.0 ppm<\/li>\n<li id=\"u253616-22\" class=\"Body-Text-1a\">Iron, Total: 0-6 ppm<\/li>\n<li id=\"u253616-24\" class=\"Body-Text-1a\">Phosphate: 0-50 ppm<\/li>\n<li id=\"u253616-26\" class=\"Body-Text-1a\">Silica\/Silicon Dioxide: 0-100 ppm<\/li>\n<\/ul>\n<p>&nbsp;<\/p>\n<p dir=\"ltr\" data-placeholder=\"T\u00f5lge\" data-ved=\"2ahUKEwjDya_5qN-LAxUYU1UIHTRMGm4Q3ewLegQIChAV\" aria-label=\"T\u00f5lgitud tekst: Uuenduslik WaterLink\u00ae Spin Touch\u2122 fotomeeter teeb k\u00f5ik teie basseini- ja spaavee testid teie eest k\u00f5ikjal, kus seda vajate \u2013 p\u00f5llul v\u00f5i poes! Iga suletud reagendiketas sisaldab t\u00e4pset kogust reaktiivi, mis on vajalik t\u00e4ieliku testide seeria l\u00e4biviimiseks vaid 60 sekundiga. Lihtsalt t\u00e4itke reagendi ketas veeprooviga, asetage see m\u00f5\u00f5turisse, puudutage nuppu \"><span class=\"Y2IQFc\" lang=\"et\">WaterLink\u00ae Spin Touch\u2122 homepage <\/span><a href=\"https:\/\/www.waterlinkspintouch.com\/\" target=\"_blank\" rel=\"noopener\">LINK<\/a><\/p>\n","protected":false},"excerpt":{"rendered":"<p>WaterLink\u00ae Spin Touch\u2122 professional photometer with carrying case The innovative WaterLink\u00ae Spin Touch\u2122 Photometer does all your pool and spa water testing for you wherever you need it \u2013 poolside or in the office! Each sealed reagent disc contains the exact amount of reagent needed to run a full series of tests in just 60 [&hellip;]<\/p>\n","protected":false},"featured_media":108987,"template":"","meta":{"_et_pb_use_builder":"","_et_pb_old_content":"","_et_gb_content_width":""},"product_brand":[],"product_cat":[85],"product_tag":[],"class_list":{"0":"post-109002","1":"product","2":"type-product","3":"status-publish","4":"has-post-thumbnail","6":"product_cat-pool-accessories","7":"product_shipping_class-pakiautomaat-en","9":"first","10":"instock","11":"taxable","12":"shipping-taxable","13":"purchasable","14":"product-type-simple"},"jetpack_sharing_enabled":true,"_links":{"self":[{"href":"https:\/\/basseinimeistrid.ee\/en\/wp-json\/wp\/v2\/product\/109002","targetHints":{"allow":["GET"]}}],"collection":[{"href":"https:\/\/basseinimeistrid.ee\/en\/wp-json\/wp\/v2\/product"}],"about":[{"href":"https:\/\/basseinimeistrid.ee\/en\/wp-json\/wp\/v2\/types\/product"}],"wp:featuredmedia":[{"embeddable":true,"href":"https:\/\/basseinimeistrid.ee\/en\/wp-json\/wp\/v2\/media\/108987"}],"wp:attachment":[{"href":"https:\/\/basseinimeistrid.ee\/en\/wp-json\/wp\/v2\/media?parent=109002"}],"wp:term":[{"taxonomy":"product_brand","embeddable":true,"href":"https:\/\/basseinimeistrid.ee\/en\/wp-json\/wp\/v2\/product_brand?post=109002"},{"taxonomy":"product_cat","embeddable":true,"href":"https:\/\/basseinimeistrid.ee\/en\/wp-json\/wp\/v2\/product_cat?post=109002"},{"taxonomy":"product_tag","embeddable":true,"href":"https:\/\/basseinimeistrid.ee\/en\/wp-json\/wp\/v2\/product_tag?post=109002"}],"curies":[{"name":"wp","href":"https:\/\/api.w.org\/{rel}","templated":true}]}}