{"id":109117,"date":"2025-03-03T21:08:21","date_gmt":"2025-03-03T19:08:21","guid":{"rendered":"https:\/\/basseinimeistrid.ee\/pood\/uncategorized\/safety-valve-50mm-24v\/"},"modified":"2025-03-10T21:39:02","modified_gmt":"2025-03-10T19:39:02","slug":"safety-valve-50mm-24v","status":"publish","type":"product","link":"https:\/\/basseinimeistrid.ee\/en\/pood\/safety-valve-50mm-24v\/","title":{"rendered":"Safety valve 50mm, 24V"},"content":{"rendered":"<p id=\"tw-target-text\" class=\"tw-data-text tw-text-large tw-ta\" dir=\"ltr\" data-placeholder=\"T\u00f5lge\" data-ved=\"2ahUKEwjDya_5qN-LAxUYU1UIHTRMGm4Q3ewLegQIChAV\" aria-label=\"T\u00f5lgitud tekst: Drenaa\u017eis olev h\u00fcdrauliline kaitseklapp on spetsiaalselt ette n\u00e4htud paigaldamiseks filtri automaatse tagasipesuklapi \u00e4ravoolu v\u00e4ljalaskeavasse. Selle kasutamine hoiab \u00e4ra veekadu, kui klapp muudab t\u00f6\u00f6asendit v\u00f5i kui elektrivool katkeb ja klapp j\u00e4\u00e4b asendisse, kus see v\u00f5ib basseini t\u00fchjendada. Seda on soovitatav kasutada AquaForte Ultratronic tagasivooluventiilidega paigaldustes. \u00dcldised omadused: \u00d850 PVC liitmikud. Solenoidi elektrilised omadused: \u2022 Pinge: 24 VAC \u2022 Tarbimine: 0,125 A T\u00f6\u00f6r\u00f5hu vahemik: 0,2 kuni 3 kg\/cm2. Vooluhulk vahemikus 0,5 m\u00b3\/h kuni 14 m\u00b3\/h\"><span class=\"Y2IQFc\" lang=\"et\">For the drain pipe<\/span><span class=\"Y2IQFc\" lang=\"et\">  The hydraulic safety valve is specially designed to be installed in the drain outlet of the automatic filter backwash valve. Its use prevents water loss if the electronic multiport valve changes its operating position or if the power supply is interrupted and the valve remains in a position where it could drain the pool. It is recommended for use in installations with AquaForte Ultratronic backflow valves (if the filter is located below the water level of the pool).  <\/span><\/p>\n<p class=\"tw-data-text tw-text-large tw-ta\" dir=\"ltr\" data-placeholder=\"T\u00f5lge\" data-ved=\"2ahUKEwjDya_5qN-LAxUYU1UIHTRMGm4Q3ewLegQIChAV\" aria-label=\"T\u00f5lgitud tekst: Drenaa\u017eis olev h\u00fcdrauliline kaitseklapp on spetsiaalselt ette n\u00e4htud paigaldamiseks filtri automaatse tagasipesuklapi \u00e4ravoolu v\u00e4ljalaskeavasse. Selle kasutamine hoiab \u00e4ra veekadu, kui klapp muudab t\u00f6\u00f6asendit v\u00f5i kui elektrivool katkeb ja klapp j\u00e4\u00e4b asendisse, kus see v\u00f5ib basseini t\u00fchjendada. Seda on soovitatav kasutada AquaForte Ultratronic tagasivooluventiilidega paigaldustes. \u00dcldised omadused: \u00d850 PVC liitmikud. Solenoidi elektrilised omadused: \u2022 Pinge: 24 VAC \u2022 Tarbimine: 0,125 A T\u00f6\u00f6r\u00f5hu vahemik: 0,2 kuni 3 kg\/cm2. Vooluhulk vahemikus 0,5 m\u00b3\/h kuni 14 m\u00b3\/h\"><span class=\"Y2IQFc\" lang=\"et\">General features:<\/span><\/p>\n<ul>\n<li class=\"tw-data-text tw-text-large tw-ta\" dir=\"ltr\" data-placeholder=\"T\u00f5lge\" data-ved=\"2ahUKEwjDya_5qN-LAxUYU1UIHTRMGm4Q3ewLegQIChAV\" aria-label=\"T\u00f5lgitud tekst: Drenaa\u017eis olev h\u00fcdrauliline kaitseklapp on spetsiaalselt ette n\u00e4htud paigaldamiseks filtri automaatse tagasipesuklapi \u00e4ravoolu v\u00e4ljalaskeavasse. Selle kasutamine hoiab \u00e4ra veekadu, kui klapp muudab t\u00f6\u00f6asendit v\u00f5i kui elektrivool katkeb ja klapp j\u00e4\u00e4b asendisse, kus see v\u00f5ib basseini t\u00fchjendada. Seda on soovitatav kasutada AquaForte Ultratronic tagasivooluventiilidega paigaldustes. \u00dcldised omadused: \u00d850 PVC liitmikud. Solenoidi elektrilised omadused: \u2022 Pinge: 24 VAC \u2022 Tarbimine: 0,125 A T\u00f6\u00f6r\u00f5hu vahemik: 0,2 kuni 3 kg\/cm2. Vooluhulk vahemikus 0,5 m\u00b3\/h kuni 14 m\u00b3\/h\"><span class=\"Y2IQFc\" lang=\"et\">\u00d850 PVC openable fittings<\/span><\/li>\n<li class=\"tw-data-text tw-text-large tw-ta\" dir=\"ltr\" data-placeholder=\"T\u00f5lge\" data-ved=\"2ahUKEwjDya_5qN-LAxUYU1UIHTRMGm4Q3ewLegQIChAV\" aria-label=\"T\u00f5lgitud tekst: Drenaa\u017eis olev h\u00fcdrauliline kaitseklapp on spetsiaalselt ette n\u00e4htud paigaldamiseks filtri automaatse tagasipesuklapi \u00e4ravoolu v\u00e4ljalaskeavasse. Selle kasutamine hoiab \u00e4ra veekadu, kui klapp muudab t\u00f6\u00f6asendit v\u00f5i kui elektrivool katkeb ja klapp j\u00e4\u00e4b asendisse, kus see v\u00f5ib basseini t\u00fchjendada. Seda on soovitatav kasutada AquaForte Ultratronic tagasivooluventiilidega paigaldustes. \u00dcldised omadused: \u00d850 PVC liitmikud. Solenoidi elektrilised omadused: \u2022 Pinge: 24 VAC \u2022 Tarbimine: 0,125 A T\u00f6\u00f6r\u00f5hu vahemik: 0,2 kuni 3 kg\/cm2. Vooluhulk vahemikus 0,5 m\u00b3\/h kuni 14 m\u00b3\/h\"><span class=\"Y2IQFc\" lang=\"et\">Electrical characteristics of the solenoid:<\/span><\/li>\n<li class=\"tw-data-text tw-text-large tw-ta\" dir=\"ltr\" data-placeholder=\"T\u00f5lge\" data-ved=\"2ahUKEwjDya_5qN-LAxUYU1UIHTRMGm4Q3ewLegQIChAV\" aria-label=\"T\u00f5lgitud tekst: Drenaa\u017eis olev h\u00fcdrauliline kaitseklapp on spetsiaalselt ette n\u00e4htud paigaldamiseks filtri automaatse tagasipesuklapi \u00e4ravoolu v\u00e4ljalaskeavasse. Selle kasutamine hoiab \u00e4ra veekadu, kui klapp muudab t\u00f6\u00f6asendit v\u00f5i kui elektrivool katkeb ja klapp j\u00e4\u00e4b asendisse, kus see v\u00f5ib basseini t\u00fchjendada. Seda on soovitatav kasutada AquaForte Ultratronic tagasivooluventiilidega paigaldustes. \u00dcldised omadused: \u00d850 PVC liitmikud. Solenoidi elektrilised omadused: \u2022 Pinge: 24 VAC \u2022 Tarbimine: 0,125 A T\u00f6\u00f6r\u00f5hu vahemik: 0,2 kuni 3 kg\/cm2. Vooluhulk vahemikus 0,5 m\u00b3\/h kuni 14 m\u00b3\/h\"><span class=\"Y2IQFc\" lang=\"et\">Voltage: 24 VAC<\/span><\/li>\n<li class=\"tw-data-text tw-text-large tw-ta\" dir=\"ltr\" data-placeholder=\"T\u00f5lge\" data-ved=\"2ahUKEwjDya_5qN-LAxUYU1UIHTRMGm4Q3ewLegQIChAV\" aria-label=\"T\u00f5lgitud tekst: Drenaa\u017eis olev h\u00fcdrauliline kaitseklapp on spetsiaalselt ette n\u00e4htud paigaldamiseks filtri automaatse tagasipesuklapi \u00e4ravoolu v\u00e4ljalaskeavasse. Selle kasutamine hoiab \u00e4ra veekadu, kui klapp muudab t\u00f6\u00f6asendit v\u00f5i kui elektrivool katkeb ja klapp j\u00e4\u00e4b asendisse, kus see v\u00f5ib basseini t\u00fchjendada. Seda on soovitatav kasutada AquaForte Ultratronic tagasivooluventiilidega paigaldustes. \u00dcldised omadused: \u00d850 PVC liitmikud. Solenoidi elektrilised omadused: \u2022 Pinge: 24 VAC \u2022 Tarbimine: 0,125 A T\u00f6\u00f6r\u00f5hu vahemik: 0,2 kuni 3 kg\/cm2. Vooluhulk vahemikus 0,5 m\u00b3\/h kuni 14 m\u00b3\/h\"><span class=\"Y2IQFc\" lang=\"et\">Consumption: 0.125 A<\/span><\/li>\n<li class=\"tw-data-text tw-text-large tw-ta\" dir=\"ltr\" data-placeholder=\"T\u00f5lge\" data-ved=\"2ahUKEwjDya_5qN-LAxUYU1UIHTRMGm4Q3ewLegQIChAV\" aria-label=\"T\u00f5lgitud tekst: Drenaa\u017eis olev h\u00fcdrauliline kaitseklapp on spetsiaalselt ette n\u00e4htud paigaldamiseks filtri automaatse tagasipesuklapi \u00e4ravoolu v\u00e4ljalaskeavasse. Selle kasutamine hoiab \u00e4ra veekadu, kui klapp muudab t\u00f6\u00f6asendit v\u00f5i kui elektrivool katkeb ja klapp j\u00e4\u00e4b asendisse, kus see v\u00f5ib basseini t\u00fchjendada. Seda on soovitatav kasutada AquaForte Ultratronic tagasivooluventiilidega paigaldustes. \u00dcldised omadused: \u00d850 PVC liitmikud. Solenoidi elektrilised omadused: \u2022 Pinge: 24 VAC \u2022 Tarbimine: 0,125 A T\u00f6\u00f6r\u00f5hu vahemik: 0,2 kuni 3 kg\/cm2. Vooluhulk vahemikus 0,5 m\u00b3\/h kuni 14 m\u00b3\/h\"><span class=\"Y2IQFc\" lang=\"et\">Working pressure range: 0.2 to 3 kg\/cm2<\/span><\/li>\n<li class=\"tw-data-text tw-text-large tw-ta\" dir=\"ltr\" data-placeholder=\"T\u00f5lge\" data-ved=\"2ahUKEwjDya_5qN-LAxUYU1UIHTRMGm4Q3ewLegQIChAV\" aria-label=\"T\u00f5lgitud tekst: Drenaa\u017eis olev h\u00fcdrauliline kaitseklapp on spetsiaalselt ette n\u00e4htud paigaldamiseks filtri automaatse tagasipesuklapi \u00e4ravoolu v\u00e4ljalaskeavasse. Selle kasutamine hoiab \u00e4ra veekadu, kui klapp muudab t\u00f6\u00f6asendit v\u00f5i kui elektrivool katkeb ja klapp j\u00e4\u00e4b asendisse, kus see v\u00f5ib basseini t\u00fchjendada. Seda on soovitatav kasutada AquaForte Ultratronic tagasivooluventiilidega paigaldustes. \u00dcldised omadused: \u00d850 PVC liitmikud. Solenoidi elektrilised omadused: \u2022 Pinge: 24 VAC \u2022 Tarbimine: 0,125 A T\u00f6\u00f6r\u00f5hu vahemik: 0,2 kuni 3 kg\/cm2. Vooluhulk vahemikus 0,5 m\u00b3\/h kuni 14 m\u00b3\/h\"><span class=\"Y2IQFc\" lang=\"et\">Flow rate from 0.5 m\u00b3\/h to 14 m\u00b3\/h<\/span><\/li>\n<\/ul>\n","protected":false},"excerpt":{"rendered":"<p>For the drain pipe The hydraulic safety valve is specially designed to be installed in the drain outlet of the automatic filter backwash valve. Its use prevents water loss if the electronic multiport valve changes its operating position or if the power supply is interrupted and the valve remains in a position where it could [&hellip;]<\/p>\n","protected":false},"featured_media":109040,"template":"","meta":{"_et_pb_use_builder":"","_et_pb_old_content":"","_et_gb_content_width":""},"product_brand":[],"product_cat":[211],"product_tag":[],"class_list":{"0":"post-109117","1":"product","2":"type-product","3":"status-publish","4":"has-post-thumbnail","6":"product_cat-pool-filter-accessories","7":"product_shipping_class-pakiautomaat-en","9":"first","10":"instock","11":"taxable","12":"shipping-taxable","13":"purchasable","14":"product-type-simple"},"jetpack_sharing_enabled":true,"_links":{"self":[{"href":"https:\/\/basseinimeistrid.ee\/en\/wp-json\/wp\/v2\/product\/109117","targetHints":{"allow":["GET"]}}],"collection":[{"href":"https:\/\/basseinimeistrid.ee\/en\/wp-json\/wp\/v2\/product"}],"about":[{"href":"https:\/\/basseinimeistrid.ee\/en\/wp-json\/wp\/v2\/types\/product"}],"wp:featuredmedia":[{"embeddable":true,"href":"https:\/\/basseinimeistrid.ee\/en\/wp-json\/wp\/v2\/media\/109040"}],"wp:attachment":[{"href":"https:\/\/basseinimeistrid.ee\/en\/wp-json\/wp\/v2\/media?parent=109117"}],"wp:term":[{"taxonomy":"product_brand","embeddable":true,"href":"https:\/\/basseinimeistrid.ee\/en\/wp-json\/wp\/v2\/product_brand?post=109117"},{"taxonomy":"product_cat","embeddable":true,"href":"https:\/\/basseinimeistrid.ee\/en\/wp-json\/wp\/v2\/product_cat?post=109117"},{"taxonomy":"product_tag","embeddable":true,"href":"https:\/\/basseinimeistrid.ee\/en\/wp-json\/wp\/v2\/product_tag?post=109117"}],"curies":[{"name":"wp","href":"https:\/\/api.w.org\/{rel}","templated":true}]}}