{"id":109118,"date":"2025-03-03T21:32:07","date_gmt":"2025-03-03T19:32:07","guid":{"rendered":"https:\/\/basseinimeistrid.ee\/pood\/uncategorized\/skimmer-rvs316-500mm-slim-for-160mm-pipe\/"},"modified":"2025-03-10T07:45:11","modified_gmt":"2025-03-10T05:45:11","slug":"skimmer-rvs316-500mm-slim-for-160mm-pipe","status":"publish","type":"product","link":"https:\/\/basseinimeistrid.ee\/en\/pood\/skimmer-rvs316-500mm-slim-for-160mm-pipe\/","title":{"rendered":"Skimmer RVS316 500mm SLIM for 160mm pipe"},"content":{"rendered":"<h4 class=\"text-xl mb-1 md:text-3xl text-primary title-font\">Astralpool RVS316 SLIM skimmer 500mm with 160mm drain<\/h4>\n<p id=\"tw-target-text\" class=\"tw-data-text tw-text-large tw-ta\" dir=\"ltr\" data-placeholder=\"T\u00f5lge\" data-ved=\"2ahUKEwjDya_5qN-LAxUYU1UIHTRMGm4Q3ewLegQIChAV\" aria-label=\"T\u00f5lgitud tekst: Spetsiaalne k\u00f5rgveetoru \u00d8160 mm v\u00e4ljundiga gravitatsioonirakenduste jaoks. Sellel ei ole \u00fclaosas \u00e4\u00e4rikut, nii et skimmeri saab t\u00f5esti asetada vastu piirdekivi. Kaane all v\u00f5ib veepiir olla kuni 41mm! Saab \u00fchendada otse AquaForte'iga Skimmers\u00f5elad (\u00d8160mm sisendiga) v\u00f5i lihtsalt \u00fchendatavad adapterit\u00fckkidega 160-110mm teiste s\u00f5eladega. T\u00e4ielikult valmistatud roostevabast terasest 316. Lai 500 mm l\u00e4bim\u00f5\u00f5t.\"><span class=\"Y2IQFc\" lang=\"et\">Special high water level skimmer with \u00d8160 mm outlet. Primarily for gravity applications. This skimmer has no flange at the top, so the skimmer can be placed against the finishing material\/edge stone. The water level under the cover can be up to 41mm! Can be connected directly to, for example, the AquaForte Skimmer screen (with \u00d8160mm inlet) or other pre-filters. Completely made of stainless steel AISI316. Width 500 mm. Drain pipe diameter 160mm.       <\/span><\/p>\n","protected":false},"excerpt":{"rendered":"<p>Astralpool RVS316 SLIM skimmer 500mm with 160mm drain Special high water level skimmer with \u00d8160 mm outlet. Primarily for gravity applications. This skimmer has no flange at the top, so the skimmer can be placed against the finishing material\/edge stone. The water level under the cover can be up to 41mm! Can be connected directly [&hellip;]<\/p>\n","protected":false},"featured_media":109044,"template":"","meta":{"_et_pb_use_builder":"","_et_pb_old_content":"","_et_gb_content_width":""},"product_brand":[],"product_cat":[124],"product_tag":[],"class_list":{"0":"post-109118","1":"product","2":"type-product","3":"status-publish","4":"has-post-thumbnail","6":"product_cat-skimmers","7":"product_shipping_class-kuller-en","9":"first","10":"instock","11":"taxable","12":"shipping-taxable","13":"purchasable","14":"product-type-simple"},"jetpack_sharing_enabled":true,"_links":{"self":[{"href":"https:\/\/basseinimeistrid.ee\/en\/wp-json\/wp\/v2\/product\/109118","targetHints":{"allow":["GET"]}}],"collection":[{"href":"https:\/\/basseinimeistrid.ee\/en\/wp-json\/wp\/v2\/product"}],"about":[{"href":"https:\/\/basseinimeistrid.ee\/en\/wp-json\/wp\/v2\/types\/product"}],"wp:featuredmedia":[{"embeddable":true,"href":"https:\/\/basseinimeistrid.ee\/en\/wp-json\/wp\/v2\/media\/109044"}],"wp:attachment":[{"href":"https:\/\/basseinimeistrid.ee\/en\/wp-json\/wp\/v2\/media?parent=109118"}],"wp:term":[{"taxonomy":"product_brand","embeddable":true,"href":"https:\/\/basseinimeistrid.ee\/en\/wp-json\/wp\/v2\/product_brand?post=109118"},{"taxonomy":"product_cat","embeddable":true,"href":"https:\/\/basseinimeistrid.ee\/en\/wp-json\/wp\/v2\/product_cat?post=109118"},{"taxonomy":"product_tag","embeddable":true,"href":"https:\/\/basseinimeistrid.ee\/en\/wp-json\/wp\/v2\/product_tag?post=109118"}],"curies":[{"name":"wp","href":"https:\/\/api.w.org\/{rel}","templated":true}]}}