{"id":102589,"date":"2025-01-13T19:32:18","date_gmt":"2025-01-13T19:32:18","guid":{"rendered":"https:\/\/basseinimeistrid.ee\/myyntiehdot\/"},"modified":"2025-02-10T11:17:09","modified_gmt":"2025-02-10T11:17:09","slug":"myyntiehdot","status":"publish","type":"page","link":"https:\/\/basseinimeistrid.ee\/fi\/myyntiehdot\/","title":{"rendered":"Myyntiehdot"},"content":{"rendered":"<p>[et_pb_section fb_built=&#8221;1&#8243; module_id=&#8221;dct_contact&#8221; _builder_version=&#8221;4.16&#8243; custom_padding=&#8221;0px||0px||true|false&#8221; global_colors_info=&#8221;{}&#8221;][et_pb_row use_custom_gutter=&#8221;on&#8221; gutter_width=&#8221;2&#8243; make_equal=&#8221;on&#8221; _builder_version=&#8221;4.16&#8243; _module_preset=&#8221;default&#8221; max_width=&#8221;1170px&#8221; custom_padding=&#8221;51px|||||&#8221; locked=&#8221;off&#8221; global_colors_info=&#8221;{}&#8221;][et_pb_column type=&#8221;4_4&#8243; _builder_version=&#8221;4.16&#8243; _module_preset=&#8221;default&#8221; global_colors_info=&#8221;{}&#8221;][et_pb_text module_class=&#8221;dct_title left&#8221; _builder_version=&#8221;4.27.4&#8243; custom_margin=&#8221;26px|||||&#8221; custom_css_main_element=&#8221;text-align: left;&#8221; locked=&#8221;off&#8221; global_colors_info=&#8221;{}&#8221;]<\/p>\n<h3>Myyntiehdot<\/h3>\n<p>[\/et_pb_text][et_pb_text _builder_version=&#8221;4.27.4&#8243; _module_preset=&#8221;default&#8221; hover_enabled=&#8221;0&#8243; global_colors_info=&#8221;{}&#8221; sticky_enabled=&#8221;0&#8243;]<\/p>\n<div class=\"et_pb_module et_pb_text et_pb_text_2 et_pb_text_align_left et_pb_bg_layout_light\">\n<div class=\"et_pb_text_inner\">Verkkokaupan BASSEINIMEISTRID.EE (j\u00e4ljemp\u00e4n\u00e4 Verkkokauppa) omistaja on Basseinimeistrid O\u00dc (rekisteritunnus 17145518), joka sijaitsee osoitteessa Kuuse tn. 4, Keila, Harjumaa, Viro. <\/div>\n<h5 class=\"et_pb_text_inner\">Myyntisopimuksen voimassaolo, tuote- ja hintatiedot<\/h5>\n<div class=\"et_pb_text_inner\">Myyntiehdot koskevat tavaroiden ostamista verkkokaupasta. Verkkokaupassa myyt\u00e4vien tuotteiden hinnat on ilmoitettu tuotteiden yhteydess\u00e4. Hintaan lis\u00e4t\u00e4\u00e4n toimitusmaksu. Toimitusmaksu riippuu ostajan sijainnista ja toimitustavasta. Toimitusmaksu n\u00e4ytet\u00e4\u00e4n ostajalle tilausta teht\u00e4ess\u00e4. Tietoja tuotteista annetaan Verkkokaupassa suoraan tuotteiden vieress\u00e4.     <\/div>\n<h5 class=\"et_pb_text_inner\">Tilauksen tekeminen<\/h5>\n<div class=\"et_pb_text_inner\">Tilausta varten sinun on lis\u00e4tt\u00e4v\u00e4 haluamasi tuotteet ostoskoriin. Tilauksen tekemist\u00e4 varten sinun on t\u00e4ytett\u00e4v\u00e4 vaaditut kent\u00e4t ja sopiva toimitustapa. T\u00e4m\u00e4n j\u00e4lkeen n\u00e4yt\u00f6ll\u00e4 n\u00e4kyy maksun m\u00e4\u00e4r\u00e4, joka voidaan maksaa pankkisiirrolla tai muulla maksutavalla. Sopimus tulee voimaan heti, kun maksettava summa on saapunut verkkokaupan tilille. Jos tilattuja tavaroita ei voida toimittaa tuoten loppumisen vuoksi tai muusta syyst\u00e4, ostajalle ilmoitetaan asiasta mahdollisimman pian ja maksetut rahat (toimituskulut mukaan lukien) palautetaan, yleens\u00e4 1-2 ty\u00f6p\u00e4iv\u00e4n kuluessa. Maksutavasta riipuen maksun saanti voi kest\u00e4\u00e4 jopa 7 ty\u00f6p\u00e4iv\u00e4\u00e4.     <\/div>\n<\/div>\n<p>[\/et_pb_text][et_pb_text _builder_version=&#8221;4.27.4&#8243; _module_preset=&#8221;default&#8221; hover_enabled=&#8221;0&#8243; global_colors_info=&#8221;{}&#8221; sticky_enabled=&#8221;0&#8243;]<\/p>\n<div class=\"et_pb_text_inner\">\n<h5 class=\"et_pb_text_inner\">Toimitus osoitteeseen<\/h5>\n<div class=\"et_pb_text_inner\">Tavarat l\u00e4hetet\u00e4\u00e4n Euroopan maihin. Toimituskulut maksaa ostaja, ja vastaavat hintatiedot n\u00e4kyv\u00e4t toimitustavan kohdalla. Viron sis\u00e4iset l\u00e4hetykset saapuvat ostajan ilmoittamaan m\u00e4\u00e4r\u00e4np\u00e4\u00e4h\u00e4n yleens\u00e4 3-14 ty\u00f6p\u00e4iv\u00e4n kuluessa myyntisopimuksen voimaantulosta. Viron ulkopuolelle toimitus tapahtuu 45 kalenterip\u00e4iv\u00e4n kuluessa. Poikkeustapauksissa toimitusoikeus my\u00f6nnet\u00e4\u00e4n jopa 60 kalenterip\u00e4iv\u00e4\u00e4n asti. Jos Verkkokauppa on ilmoittanut ostajalle verkkosivustolla tai tilausvahvistuksessa toimitusongelmista ja yli 60 kalenterip\u00e4iv\u00e4n m\u00e4\u00e4r\u00e4ajasta, sovelletaan Verkkokaupan julkaisemaa m\u00e4\u00e4r\u00e4aikaa.     <\/div>\n<\/div>\n<p>[\/et_pb_text][et_pb_text _builder_version=&#8221;4.27.4&#8243; _module_preset=&#8221;default&#8221; hover_enabled=&#8221;0&#8243; global_colors_info=&#8221;{}&#8221; sticky_enabled=&#8221;0&#8243;]<\/p>\n<div class=\"et_pb_text_inner\">\n<h5 class=\"et_pb_text_inner\">Tuotteiden k\u00e4ytt\u00f6<\/h5>\n<div class=\"et_pb_text_inner\">Koska joissakin tapauksissa tavarat l\u00e4hetet\u00e4\u00e4n suoraan toimittajiltamme ostajalle, ei ole aina mahdollista sis\u00e4llytt\u00e4\u00e4 viroksi kirjoitettuja ohjeita tuotepakkaukseen. Jos vironkielisen k\u00e4ytt\u00f6ohjeen puuttuminen k\u00e4y ilmi vasta oston j\u00e4lkeen, sinun ei pid\u00e4 aloittaa laitteen k\u00e4ytt\u00f6\u00e4 tai asentamista, vaan pyyt\u00e4\u00e4 v\u00e4litt\u00f6m\u00e4sti myyj\u00e4lt\u00e4 <a href=\"mailto:info@basseinimeistrid.ee\">info@basseinimeistrid.ee<\/a> <a href=\"tel:+3725103709\">+3725103709<\/a> k\u00e4ytt\u00f6ohjetta tai tuotteita koskevia ohjeita. Myyj\u00e4 ei ole vastuussa tuotteen vahingoittumisesta, rikkoutumisesta, k\u00e4ytt\u00f6kelvottomaksi muutumisesta tai tuhoutumisesta, joka johtuu ostetun tuotteen ep\u00e4asianmukaisesta tai virheellisest\u00e4 k\u00e4yt\u00f6st\u00e4, asennuksesta, kokoonpanosta tai s\u00e4\u00e4t\u00e4misest\u00e4. Monimutkaisten laitteiden (kuten esimerkiksi hydrolyysi- ja elektrolyysilaitteiden ja -sarjojen) osalta oletamme, ett\u00e4 ostajalla on perustaidot ja tietotaito tuotteen kokoamiseen, asentamiseen, s\u00e4\u00e4t\u00e4miseen ja k\u00e4ytt\u00f6\u00f6n. Jos sinulla ei ole tarvittavia taitoja, ota ostoon j\u00e4lkeen yhteytt\u00e4 meid\u00e4n asiantuntijoistamme ostetun laitteiston asennusta varten. Asennuspalvelu on maksullinen, ja maksun suuruudesta sovitaan myyj\u00e4n ja ostajan kesken.     <\/div>\n<\/div>\n<p>[\/et_pb_text][et_pb_text _builder_version=&#8221;4.27.4&#8243; _module_preset=&#8221;default&#8221; link_text_color=&#8221;gcid-body-color&#8221; hover_enabled=&#8221;0&#8243; global_colors_info=&#8221;{%22gcid-body-color%22:%91%22link_text_color%22%93}&#8221; sticky_enabled=&#8221;0&#8243;]<\/p>\n<div class=\"et_pb_text_inner\">\n<h5 class=\"et_pb_text_inner\">Peruutamisoikeus<\/h5>\n<div class=\"et_pb_text_inner\">Tilauksen vastaanottamisen j\u00e4lkeen ostajalla on oikeus peruuttaa verkkokaupassa tehty sopimus 14 p\u00e4iv\u00e4n kuluessa (tuotteista riippuen ostajalla ei v\u00e4ltt\u00e4m\u00e4tt\u00e4 ole peruutusoikeutta, kyseiset tuotteet ja palvelut on t\u00e4llaisessa tapauksessa lueteltava ja niiden on t\u00e4ytett\u00e4v\u00e4 velvoiteoikeuslain 53 \u00a7:n 4 momentissa luetellut edellytykset). Peruuttamisoikeutta ei sovelleta, jos ostaja on oikeushenkil\u00f6. Jotta 14 p\u00e4iv\u00e4n peruuttamisoikeutta voidaan k\u00e4ytt\u00e4\u00e4, tilattuja tavaroita ei saa k\u00e4ytt\u00e4\u00e4 muulla tavoin kuin tavaran luonne, ominaisuuksien ja toiminnan selvitt\u00e4miseksi, samalla tavoin kuin on sallittua testata tavaroita fyysisess\u00e4 myym\u00e4l\u00e4ss\u00e4. Jos tavaroita on k\u00e4ytetty muuhun tarkoitukseen kuin tavaran luonteen, ominaisuuksien ja toiminnan selvitt\u00e4miseen tai jos tavaroissa on k\u00e4yt\u00f6n tai kulumisen merkkej\u00e4, verkkokaupalla on oikeus alentaa palautettavaa summaa tavaran arvon alenemisen verran. Tuotteiden palauttamista varten on l\u00e4heetett\u00e4va peruuttamisilmoitus tuotteiden ostamisesta ja l\u00e4hetett\u00e4v\u00e4 se s\u00e4hk\u00f6postiosoitteeseen <a href=\"mailto:info@basseinimeistrid.ee\">info@basseinimeistrid.ee<\/a> viimeist\u00e4\u00e4n 14 p\u00e4iv\u00e4n kuluessa tavaroiden vastaanottamisesta. Tavaroiden palauttamisesta aiheutuvista kustannuksista vastaa ostaja, ellei palautuksen syyn\u00e4 ole se, ett\u00e4 palautettavat tavarat eiv\u00e4t vastaa tilattua (esim. v\u00e4\u00e4r\u00e4t tai vialliset tuotteet). Ostajan on palautettava tavarat 14 p\u00e4iv\u00e4n kuluessa hakemuksen p\u00e4iv\u00e4yksest\u00e4 tai todistettava, ett\u00e4 h\u00e4n on luovuttanut ne rahdinkuljettajalle edell\u00e4 mainitun ajan kuluessa. Verkkokauppa palauttaa palautettavan tavaran saatuaan ostajalle v\u00e4litt\u00f6m\u00e4sti, mutta viimeist\u00e4\u00e4n 14 p\u00e4iv\u00e4n kuluessa peruuttamispyynn\u00f6n vastaanottamisesta, kaikki ostajalta sopimuksen perusteella saamat maksut. Verkkokauppa voi kielt\u00e4yty\u00e4 maksamasta palautuksia, kunnes se on vastaanottanut sopimuksen kohteena olevien tavaroiden palautuksen tai kunnes ostaja on todistanut palauttaneensa tavarat, riippuen siit\u00e4, kumpi ajankohta on aikaisempi. Jos ostaja on nimenomaisesti valinnut muun toimitustavan kuin verkkokaupan tarjoaman halvimman toimitustavan, verkkokauppa ei ole velvollinen korvaamaan kuluttajalle kustannuksia, jotka ylitt\u00e4v\u00e4t tavanomaisen toimitustavan kustannukset. Verkkokaupalla on oikeus peruuttaa kauppa ja vaatia ostajalta tavaran palauttamista, jos tavaran hinta verkkokaupassa on virheest\u00e4 johtuen merkitty huomattavasti alle tavaran markkinahinnan.          <\/div>\n<h5 class=\"et_pb_text_inner\">Oikeus tehd\u00e4 valitus<\/h5>\n<div class=\"et_pb_text_inner\">Verkkokauppa vastaa ostajalle myydyjen tuotteen virheest\u00e4 tai puutteesta, joka on ollut olemassa jo toimitushetkell\u00e4 ja joka ilmenee enint\u00e4\u00e4n kahden vuoden kuluessa tavaran toimittamisesta ostajalle. Siit\u00e4 ensimm\u00e4isen vuoden aikana, kun tavarat on toimitettu ostajalle, oletetaan, ett\u00e4 virhe oli olemassa jo toimitushetkell\u00e4. Verkkokaupan velvollisuus on kumota t\u00e4m\u00e4 olettamus. Virheen ilmetess\u00e4 ostajalla on oikeus ottaa yhteytt\u00e4 verkkokauppaan viimeist\u00e4\u00e4n kahden kuukauden kuluessa l\u00e4hett\u00e4m\u00e4ll\u00e4 s\u00e4hk\u00f6posti osoitteeseen   <span> <\/span><a href=\"mailto:info@basseinimeistrid.ee\">info@basseinimeistrid.ee<\/a><span> <\/span>tai soittamalla +372 5103709 . Verkkokauppa ei vastaa tuotteen toimituksen j\u00e4lkeen ilmenevist\u00e4 vioista, jotka johtuvat kuluttajan toiminnasta tai toimimattomuudesta (v\u00e4\u00e4rink\u00e4ytt\u00f6, onnettomuus jne.) tai tavanomaisesta kulumisesta, joka johtuu tuotteen tavanomaisesta k\u00e4yt\u00f6st\u00e4. Jos verkkokaupasta ostetuissa tuotteiss\u00e4 on virheit\u00e4, joista verkkokauppa on vastuussa, verkkokauppa korjaa tai vaihtaa vialliset tuotteet. Jos tuottetta ei voida korjata tai vaihtaa, Verkkokauppa palauttaa ostajalle kaikki kauppasopimukseen sis\u00e4ltyneet maksut. Verkkokauppa vastaa kuluttajan esitt\u00e4m\u00e4\u00e4n reklamaatioon kirjallisesti tai kirjallisesti toistettavassa muodossa 15 p\u00e4iv\u00e4n kuluessa.    <\/div>\n<\/div>\n<p>[\/et_pb_text][et_pb_text _builder_version=&#8221;4.27.4&#8243; _module_preset=&#8221;default&#8221; link_text_color=&#8221;gcid-body-color&#8221; global_colors_info=&#8221;{%22gcid-body-color%22:%91%22link_text_color%22%93}&#8221;]<\/p>\n<div class=\"et_pb_text_inner\">\n<h5 class=\"et_pb_text_inner\">Tuotekuvat ja kuvitukset<\/h5>\n<div class=\"et_pb_text_inner\">Basseinimeistrid.ee-verkkokaupassa tarjottu tuote on tuote jota kuvataan tuoteselosteessa. Joissakin tapauksissa k\u00e4yt\u00e4mme havainnollistavia kuvia (esim. kuvia samasta tuotteesta, mutta eri v\u00e4risen\u00e4 kuin tuotekuvauksessa), jotta verkkovieraillijat saavat paremman visuaalisen yleiskuvan tuotteesta (koko, mittasuhteet, asennusvaihtoehdot, v\u00e4ri, muoto, rakenne, kuvio jne.). Jos sinulla on ep\u00e4ilyksi\u00e4 tuotteesta, pyyd\u00e4 lis\u00e4tietoja<a href=\"mailto:info@basseinimeistrid.ee\"> info@basseinimeistrid.ee<\/a>. My\u00f6hempi\u00e4 (oston j\u00e4lkeisi\u00e4) vaatimuksia ei hyv\u00e4ksyt\u00e4, jos tuote vastaa tuotekuvauksess\u00e4 tuoteselosteen tietoja.  <\/div>\n<div class=\"et_pb_text_inner\"><\/div>\n<\/div>\n<p>[\/et_pb_text][et_pb_text _builder_version=&#8221;4.27.4&#8243; _module_preset=&#8221;default&#8221; link_text_color=&#8221;gcid-heading-color&#8221; hover_enabled=&#8221;0&#8243; global_colors_info=&#8221;{%22gcid-heading-color%22:%91%22link_text_color%22%93}&#8221; sticky_enabled=&#8221;0&#8243;]<\/p>\n<div class=\"et_pb_text_inner\">\n<h5 class=\"et_pb_text_inner\">Riitojen ratkaiseminen<\/h5>\n<div class=\"et_pb_text_inner\">Jos mik\u00e4li ostajalla on verkkokauppaa koskevia valituksia, ne on l\u00e4hetett\u00e4v\u00e4 s\u00e4hk\u00f6postitse seuraavaan osoitteeseen<span> <\/span><a href=\"mailto:info@basseinimeistrid.ee\">info@basseinimeistrid.ee<\/a><span> <\/span>tai soittaa +372 5103709 . Jos ostaja ja verkkokauppa eiv\u00e4t pysty ratkaisemaan erimiellisyyt\u00e4 sopimuksella, ostaja voi valittaa kuluttajariitalautakunnalle. Kuluttajariitalautakunta on toimivaltainen ratkaisemaan ostajan ja verkkokaupan v\u00e4lisest\u00e4 sopimuksesta johtuvat erimiellisyydet. Ostajan valituksen k\u00e4sittely lautakunnassa on maksutonta. Ostaja voi saattaa asian Euroopan unionin kuluttajariitojen ratkaisuelimen k\u00e4sitelt\u00e4v\u00e4ksi    <span> <\/span><a href=\"https:\/\/ec.europa.eu\/consumers\/odr\/main\/index.cfm?event=main.home2.show&amp;lng=ET\" target=\"_blank\" rel=\"noopener\">laitoksen<\/a><span> <\/span>puolelle.<\/div>\n<\/div>\n<p>[\/et_pb_text][et_pb_text _builder_version=&#8221;4.27.4&#8243; _module_preset=&#8221;default&#8221; link_text_color=&#8221;gcid-heading-color&#8221; global_colors_info=&#8221;{%22gcid-heading-color%22:%91%22link_text_color%22%93}&#8221;]<\/p>\n<h5 class=\"et_pb_text_inner\">Ota yhteytt\u00e4<\/h5>\n<div class=\"et_pb_text_inner\">Basseinimeistrid Oy<\/div>\n<div class=\"et_pb_text_inner\">reg.17145518<\/div>\n<div class=\"et_pb_text_inner\">KMKR<span>:EE102815407<\/span><\/div>\n<div class=\"et_pb_text_inner\">Mail: <a href=\"mailto:info@basseinimeistrid.ee\">info@basseinimeistrid.ee<\/a><\/div>\n<div class=\"et_pb_text_inner\"><span>Puh: +372 5103709<\/span><\/div>\n<div class=\"et_pb_text_inner\"><span>Puh: +372 56699060<\/span><\/div>\n<div class=\"et_pb_text_inner\"><span>Oikeudellinen osoite: Kuuse 4, Keila, Harjumaa, Viro 76607.<\/span><\/div>\n<p>[\/et_pb_text][\/et_pb_column][\/et_pb_row][\/et_pb_section]<\/p>\n","protected":false},"excerpt":{"rendered":"<p>Myyntiehdot Verkkokaupan BASSEINIMEISTRID.EE (j\u00e4ljemp\u00e4n\u00e4 Verkkokauppa) omistaja on Basseinimeistrid O\u00dc (rekisteritunnus 17145518), joka sijaitsee osoitteessa Kuuse tn. 4, Keila, Harjumaa, Viro. Myyntisopimuksen voimassaolo, tuote- ja hintatiedot Myyntiehdot koskevat tavaroiden ostamista verkkokaupasta. Verkkokaupassa myyt\u00e4vien tuotteiden hinnat on ilmoitettu tuotteiden yhteydess\u00e4. Hintaan lis\u00e4t\u00e4\u00e4n toimitusmaksu. Toimitusmaksu riippuu ostajan sijainnista ja toimitustavasta. Toimitusmaksu n\u00e4ytet\u00e4\u00e4n ostajalle tilausta teht\u00e4ess\u00e4. Tietoja tuotteista annetaan [&hellip;]<\/p>\n","protected":false},"author":2,"featured_media":0,"parent":0,"menu_order":0,"comment_status":"closed","ping_status":"closed","template":"","meta":{"_et_pb_use_builder":"on","_et_pb_old_content":"","_et_gb_content_width":"","footnotes":""},"class_list":["post-102589","page","type-page","status-publish","hentry"],"jetpack_sharing_enabled":true,"_links":{"self":[{"href":"https:\/\/basseinimeistrid.ee\/fi\/wp-json\/wp\/v2\/pages\/102589","targetHints":{"allow":["GET"]}}],"collection":[{"href":"https:\/\/basseinimeistrid.ee\/fi\/wp-json\/wp\/v2\/pages"}],"about":[{"href":"https:\/\/basseinimeistrid.ee\/fi\/wp-json\/wp\/v2\/types\/page"}],"author":[{"embeddable":true,"href":"https:\/\/basseinimeistrid.ee\/fi\/wp-json\/wp\/v2\/users\/2"}],"replies":[{"embeddable":true,"href":"https:\/\/basseinimeistrid.ee\/fi\/wp-json\/wp\/v2\/comments?post=102589"}],"version-history":[{"count":39,"href":"https:\/\/basseinimeistrid.ee\/fi\/wp-json\/wp\/v2\/pages\/102589\/revisions"}],"predecessor-version":[{"id":104999,"href":"https:\/\/basseinimeistrid.ee\/fi\/wp-json\/wp\/v2\/pages\/102589\/revisions\/104999"}],"wp:attachment":[{"href":"https:\/\/basseinimeistrid.ee\/fi\/wp-json\/wp\/v2\/media?parent=102589"}],"curies":[{"name":"wp","href":"https:\/\/api.w.org\/{rel}","templated":true}]}}