{"id":102592,"date":"2025-01-16T07:10:34","date_gmt":"2025-01-16T07:10:34","guid":{"rendered":"https:\/\/basseinimeistrid.ee\/takuuehdot\/"},"modified":"2025-02-10T11:17:09","modified_gmt":"2025-02-10T11:17:09","slug":"takuuehdot","status":"publish","type":"page","link":"https:\/\/basseinimeistrid.ee\/fi\/takuuehdot\/","title":{"rendered":"Takuuehdot"},"content":{"rendered":"<p>[et_pb_section fb_built=&#8221;1&#8243; module_id=&#8221;dct_contact&#8221; _builder_version=&#8221;4.16&#8243; custom_padding=&#8221;0px||0px||true|false&#8221; global_colors_info=&#8221;{}&#8221;][et_pb_row use_custom_gutter=&#8221;on&#8221; gutter_width=&#8221;2&#8243; make_equal=&#8221;on&#8221; _builder_version=&#8221;4.16&#8243; _module_preset=&#8221;default&#8221; max_width=&#8221;1170px&#8221; custom_padding=&#8221;51px|||||&#8221; locked=&#8221;off&#8221; global_colors_info=&#8221;{}&#8221;][et_pb_column type=&#8221;4_4&#8243; _builder_version=&#8221;4.16&#8243; _module_preset=&#8221;default&#8221; global_colors_info=&#8221;{}&#8221;][et_pb_text module_class=&#8221;dct_title left&#8221; _builder_version=&#8221;4.27.4&#8243; custom_margin=&#8221;26px|||||&#8221; custom_css_main_element=&#8221;text-align: left;&#8221; locked=&#8221;off&#8221; global_colors_info=&#8221;{}&#8221;]<\/p>\n<h3>Takuuehdot<\/h3>\n<p>[\/et_pb_text][et_pb_text _builder_version=&#8221;4.27.4&#8243; _module_preset=&#8221;default&#8221; global_colors_info=&#8221;{}&#8221;]<\/p>\n<div class=\"et_pb_module et_pb_text et_pb_text_2 et_pb_text_align_left et_pb_bg_layout_light\">\n<div class=\"et_pb_text_inner\">\n<p class=\"page-title-wrapper\"><span style=\"font-size: 16px;\">1. Ostetulla tuotteella on takuu ostop\u00e4iv\u00e4st\u00e4 alkaen. Takuuaikana kaikki viallisista osista johtuvat tuotteen viat korjataan veloituksetta. T\u00e4m\u00e4 takuu ei kata muita kustannuksia (lukuun ottamatta komponenttej\u00e4 ja niiden vaihtoa). Basseinimeistrid OY v\u00e4litt\u00e4\u00e4 myytyjen tuotteiden valmistajan takuun. Takuu oikeuttaa ostajan vaatimaan tuotteen maksutta korjausta tai vaihtoa takuuaikana. Takuu on voimassa Viron tasavallan alueella.     <\/span><\/p>\n<div _ngcontent-c19=\"\" class=\"page-content\">\n<p>Tuotteen omistajan on maksettava valmistusvirheen tunnistamiseksi laaditusta asiantuntijalausunnosta aiheutuvat kustannukset, jos asiantuntijalausunto osoittaa, ett\u00e4 vika ei johdu valmistusvirheest\u00e4.<\/p>\n<p>2. T\u00e4m\u00e4 takuu ei velvoita myyj\u00e4\u00e4 tai takuun antajaa s\u00e4\u00e4t\u00e4m\u00e4\u00e4n, asentamaan, puhdistamaan ja huoltamaan tuotetta maksutta tai antamaan ilmaista koulutusta tuotteen k\u00e4yt\u00f6st\u00e4.<\/p>\n<p>3. Jos tuotteen k\u00e4ytt\u00e4j\u00e4 on yksityishenkil\u00f6 ja k\u00e4ytt\u00e4\u00e4 tuotetta henkil\u00f6kohtaisiin tarkoituksiin, myyj\u00e4 on vastuussa tuotteen virheist\u00e4 m\u00e4\u00e4ritellyn takuuajan p\u00e4\u00e4tytty\u00e4 paikallisen lains\u00e4\u00e4d\u00e4nn\u00f6n mukaisesti. Jos tuotetta k\u00e4ytet\u00e4\u00e4n kaupallisiin tarkoituksiin, myyj\u00e4n lis\u00e4velvoitteet perustuvat sinun ja myyj\u00e4n v\u00e4liseen sopimukseen. Yksityishenkil\u00f6iden tapauksessa olemme vastuussa tavaran virheist\u00e4 2 vuoden ajan siit\u00e4 p\u00e4iv\u00e4st\u00e4, jona tuote on toimitettu ostajalle. Oikeushenkil\u00f6iden osalta valmistajan takuuaika on 1 vuosi tavaran toimitusp\u00e4iv\u00e4st\u00e4, ellei valmistaja toisin ilmoita. Akun takuuaika on 6 kuukautta. Tavaran mukana toimitettu akku on kulutustavaraa, joten akkujen takuuaika on yleens\u00e4 lyhyempi kuin itse laitteen takuuaika. Akun tyhjeneminen riippuu suoraan siit\u00e4, kuinka intensiivisesti laitetta k\u00e4ytet\u00e4\u00e4n. UV-laitteiden valaistusosien takuuaika on 1 kuukausi (ellei valmistaja toisin ilmoita).       <\/p>\n<p>4. My\u00f6nt\u00e4ess\u00e4\u00e4n t\u00e4ss\u00e4 asiakirjassa kuvatun takuun takaaja on luottanut siihen, ett\u00e4 ostajan antamat tiedot tuotteen aiotusta k\u00e4ytt\u00f6tarkoituksesta (henkil\u00f6kohtainen tai kaupallinen) ovat oikeita. Takaaja voi yksipuolisesti peruuttaa takuun tai muuttaa takuuehtoja, jos k\u00e4y ilmi, ett\u00e4 tuotetta on k\u00e4ytetty muulla kuin ostajan ilmoittamalla ja\/tai ostoasiakirjassa vahvistetulla tavalla. <\/p>\n<p>5. Tuotteen laatua koskevat valitukset ratkaistaan ja takuukorjaus suoritetaan sen j\u00e4lkeen, kun olet palauttanut tuotteen myyj\u00e4lle. Vaatimuksella ja tehty\u00e4si sopimuksen myyj\u00e4n kanssa voit my\u00f6s toimittaa tuotteet myyj\u00e4n kustannuksella diagnoosi- ja korjaust\u00f6it\u00e4 varten. T\u00e4m\u00e4 ehto koskee vain tehdasvikojen aiheuttamia takuut\u00f6it\u00e4. Muussa tapauksessa ostajan on toimitettava tuote myyj\u00e4lle omalla kustannuksellaan tai omin keinoin.   <\/p>\n<p>6. Tuote hyv\u00e4ksyt\u00e4\u00e4n takuukorjaukseen vain, jos se toimitetaan myyj\u00e4lle t\u00e4ydellisen\u00e4 voimassa olevan takuu- ja myyntiasiakirjan kanssa. Jos tuotteessa ilmenee vika, lopeta tuotteen k\u00e4ytt\u00f6 v\u00e4litt\u00f6m\u00e4sti ja palauta tuote myyj\u00e4lle samassa kunnossa kuin se oli vian ilmetess\u00e4. <\/p>\n<p>7. Myyj\u00e4 ja takuunantaja eiv\u00e4t ole vastuussa tuotteen k\u00e4yt\u00f6st\u00e4 aiheutuvista vahingoista tai v\u00e4lillisist\u00e4 kustannuksista, ellei paikallisessa lains\u00e4\u00e4d\u00e4nn\u00f6ss\u00e4 toisin s\u00e4\u00e4det\u00e4.<\/p>\n<p><strong>8. Takuuehtojen mukaista ilmaista korjausta ei suoriteta, jos:<\/strong><\/p>\n<p>&#8211; tuotteen sarjanumero on poistettu, muutettu tai se on lukukelvoton;<\/p>\n<p>&#8211; ostajalla ei ole takuu- tai ostoasiakirjoja tuotteesta;<\/p>\n<p>&#8211; tuotetta ei ole k\u00e4ytetty aiottuun tarkoitukseen eik\u00e4 k\u00e4ytt\u00f6ohjeissa annettuja k\u00e4ytt\u00f6-, asennus-, huolto-, kuljetus- ja varastointiohjeita ole noudatettu;<\/p>\n<p>&#8211; k\u00e4ytt\u00e4j\u00e4 ei v\u00e4litt\u00f6m\u00e4sti ilmoittanut myyj\u00e4lle alkuper\u00e4isest\u00e4 viasta ja jatkoi tuotteen k\u00e4ytt\u00f6\u00e4, mik\u00e4 aiheutti tuotteelle lis\u00e4vahinkoja;<\/p>\n<p>&#8211; kunnossapitoa ei ole suoritettu (laitteen puhdistaminen, suodattimien puhdistaminen, voiteluaineen lis\u00e4\u00e4minen, kuluvien ja kuluvien osien vaihtaminen ajoissa ja oikein jne.);<\/p>\n<p>&#8211; ostaja on korjannut ja s\u00e4\u00e4t\u00e4nyt tuotetta tai muuttanut sen rakennetta ilman myyj\u00e4n\/valmistajan suostumusta;<\/p>\n<p>&#8211; korjauksessa ei ole k\u00e4ytetty alkuper\u00e4isi\u00e4 varaosia (kiinnikkeet, tiivisteet, suodattimet, m\u00e4nn\u00e4t, kalvot, valaisimet jne.);<\/p>\n<p>&#8211; tuote on annettu kolmansien osapuolten k\u00e4ytt\u00f6\u00f6n;<\/p>\n<p>&#8211; tuote ei en\u00e4\u00e4 kuulu sille henkil\u00f6lle, joka sen ensin osti;<\/p>\n<p>10. Liikkuvat osat (pumpun roottorit, pumpun juoksupy\u00f6r\u00e4t, pumpun roottorin holkit, takaiskuventtiilit, hanat, siivekkeet, harjat, juoksupy\u00f6r\u00e4t, py\u00f6r\u00e4n holkit, hammaspy\u00f6r\u00e4t, suodatinelementit, suodatinmateriaalit, kalvot, m\u00e4nn\u00e4t, liikkuvat kaapelit ja johdot jne.) ja n\u00e4ihin osiin liittyv\u00e4t tiivisteet. Kiinnittimien, salpojen, nuppien, liikkuvien letkujen jne. luonnollista kulumista ei pidet\u00e4 vikana eik\u00e4 takuu kata niit\u00e4.<\/p>\n<p>11. T\u00e4m\u00e4 takuu antaa sinulle erityisi\u00e4 laillisia oikeuksia, eik\u00e4 se rajoita kuluttajan muita laillisia oikeuksia.<\/p>\n<\/div>\n<\/div>\n<\/div>\n<p>[\/et_pb_text][et_pb_text _builder_version=&#8221;4.27.4&#8243; _module_preset=&#8221;default&#8221; link_text_color=&#8221;gcid-heading-color&#8221; hover_enabled=&#8221;0&#8243; global_colors_info=&#8221;{%22gcid-heading-color%22:%91%22link_text_color%22%93}&#8221; sticky_enabled=&#8221;0&#8243;]<\/p>\n<div class=\"et_pb_text_inner\">\n<h5 class=\"et_pb_text_inner\">Riitojen ratkaiseminen<\/h5>\n<div class=\"et_pb_text_inner\">Mik\u00e4li ostajalla on verkkokauppaa koskevia valituksia, ne on l\u00e4hetett\u00e4v\u00e4 s\u00e4hk\u00f6postitse seuraavaan osoitteeseen<span> <\/span><a href=\"mailto:info@basseinimeistrid.ee\">info@basseinimeistrid.ee<\/a><span> <\/span>tai soittaa +372 5103709 . Jos ostaja ja verkkokauppa eiv\u00e4t pysty ratkaisemaan erimiellisyyt\u00e4 sopimuksella, ostaja voi valittaa kuluttajariitalautakunnalle. Kuluttajariitalautakunta on toimivaltainen ratkaisemaan ostajan ja verkkokaupan v\u00e4lisest\u00e4 sopimuksesta johtuvat erimiellisyydet. Ostajan valituksen k\u00e4sittely lautakunnassa on maksutonta. Ostaja voi saattaa asian Euroopan unionin kuluttajariitojen ratkaisuelimen k\u00e4sitelt\u00e4v\u00e4ksi    <span> <\/span>laitoksen<span> <\/span>puolelle.<\/div>\n<\/div>\n<p>[\/et_pb_text][et_pb_text _builder_version=&#8221;4.27.4&#8243; _module_preset=&#8221;default&#8221; link_text_color=&#8221;gcid-heading-color&#8221; global_colors_info=&#8221;{%22gcid-heading-color%22:%91%22link_text_color%22%93}&#8221;]<\/p>\n<h5 class=\"et_pb_text_inner\">Ota yhteytt\u00e4<\/h5>\n<div class=\"et_pb_text_inner\">Basseinimeistrid Oy<\/div>\n<div class=\"et_pb_text_inner\">reg.17145518<\/div>\n<div class=\"et_pb_text_inner\">KMKR<span>:EE102815407<\/span><\/div>\n<div class=\"et_pb_text_inner\">Mail: <a href=\"mailto:info@basseinimeistrid.ee\">info@basseinimeistrid.ee<\/a><\/div>\n<div class=\"et_pb_text_inner\"><span>Puh: +372 5103709<\/span><\/div>\n<div class=\"et_pb_text_inner\"><span>Puh: +372 56699060<\/span><\/div>\n<div class=\"et_pb_text_inner\"><span>Oikeudellinen osoite: Kuuse 4, Keila, Harjumaa, Viro 76607.<\/span><\/div>\n<p>[\/et_pb_text][\/et_pb_column][\/et_pb_row][\/et_pb_section]<\/p>\n","protected":false},"excerpt":{"rendered":"<p>Takuuehdot 1. Ostetulla tuotteella on takuu ostop\u00e4iv\u00e4st\u00e4 alkaen. Takuuaikana kaikki viallisista osista johtuvat tuotteen viat korjataan veloituksetta. T\u00e4m\u00e4 takuu ei kata muita kustannuksia (lukuun ottamatta komponenttej\u00e4 ja niiden vaihtoa). Basseinimeistrid OY v\u00e4litt\u00e4\u00e4 myytyjen tuotteiden valmistajan takuun. Takuu oikeuttaa ostajan vaatimaan tuotteen maksutta korjausta tai vaihtoa takuuaikana. Takuu on voimassa Viron tasavallan alueella. Tuotteen omistajan on [&hellip;]<\/p>\n","protected":false},"author":2,"featured_media":0,"parent":0,"menu_order":0,"comment_status":"closed","ping_status":"closed","template":"","meta":{"_et_pb_use_builder":"on","_et_pb_old_content":"","_et_gb_content_width":"","footnotes":""},"class_list":["post-102592","page","type-page","status-publish","hentry"],"jetpack_sharing_enabled":true,"_links":{"self":[{"href":"https:\/\/basseinimeistrid.ee\/fi\/wp-json\/wp\/v2\/pages\/102592","targetHints":{"allow":["GET"]}}],"collection":[{"href":"https:\/\/basseinimeistrid.ee\/fi\/wp-json\/wp\/v2\/pages"}],"about":[{"href":"https:\/\/basseinimeistrid.ee\/fi\/wp-json\/wp\/v2\/types\/page"}],"author":[{"embeddable":true,"href":"https:\/\/basseinimeistrid.ee\/fi\/wp-json\/wp\/v2\/users\/2"}],"replies":[{"embeddable":true,"href":"https:\/\/basseinimeistrid.ee\/fi\/wp-json\/wp\/v2\/comments?post=102592"}],"version-history":[{"count":10,"href":"https:\/\/basseinimeistrid.ee\/fi\/wp-json\/wp\/v2\/pages\/102592\/revisions"}],"predecessor-version":[{"id":104993,"href":"https:\/\/basseinimeistrid.ee\/fi\/wp-json\/wp\/v2\/pages\/102592\/revisions\/104993"}],"wp:attachment":[{"href":"https:\/\/basseinimeistrid.ee\/fi\/wp-json\/wp\/v2\/media?parent=102592"}],"curies":[{"name":"wp","href":"https:\/\/api.w.org\/{rel}","templated":true}]}}