{"id":102597,"date":"2025-01-02T12:23:18","date_gmt":"2025-01-02T10:23:18","guid":{"rendered":"https:\/\/basseinimeistrid.ee\/tietosuojakaytanto\/"},"modified":"2025-02-28T14:59:46","modified_gmt":"2025-02-28T12:59:46","slug":"tietosuojakaytanto","status":"publish","type":"page","link":"https:\/\/basseinimeistrid.ee\/fi\/tietosuojakaytanto\/","title":{"rendered":"Tietosuojak\u00e4yt\u00e4nt\u00f6"},"content":{"rendered":"<p>[et_pb_section fb_built=&#8221;1&#8243; module_id=&#8221;dct_contact&#8221; _builder_version=&#8221;4.16&#8243; custom_padding=&#8221;0px||0px||true|false&#8221; global_colors_info=&#8221;{}&#8221;][et_pb_row use_custom_gutter=&#8221;on&#8221; gutter_width=&#8221;2&#8243; make_equal=&#8221;on&#8221; _builder_version=&#8221;4.16&#8243; _module_preset=&#8221;default&#8221; max_width=&#8221;1170px&#8221; custom_padding=&#8221;72px|||||&#8221; locked=&#8221;off&#8221; global_colors_info=&#8221;{}&#8221;][et_pb_column type=&#8221;4_4&#8243; _builder_version=&#8221;4.16&#8243; _module_preset=&#8221;default&#8221; global_colors_info=&#8221;{}&#8221;][et_pb_text module_class=&#8221;dct_title left&#8221; _builder_version=&#8221;4.27.4&#8243; custom_css_main_element=&#8221;text-align: left;&#8221; locked=&#8221;off&#8221; global_colors_info=&#8221;{}&#8221;]<\/p>\n<h3>Ev\u00e4ste- ja tietosuojak\u00e4yt\u00e4nn\u00f6t<\/h3>\n<p>[\/et_pb_text][et_pb_text _builder_version=&#8221;4.27.4&#8243; _module_preset=&#8221;default&#8221; global_colors_info=&#8221;{}&#8221;]<\/p>\n<div class=\"et_pb_module et_pb_text et_pb_text_2 et_pb_text_align_left et_pb_bg_layout_light\">\n<div class=\"et_pb_text_inner\">\n<p><strong>Yleiset s\u00e4\u00e4nn\u00f6kset<\/strong><\/p>\n<ol>\n<li>T\u00e4m\u00e4 tietosuojak\u00e4yt\u00e4yt\u00e4nt\u00f6 s\u00e4\u00e4telee henkilotietojen ker\u00e4\u00e4misen, k\u00e4sittelyn ja s\u00e4ilytt\u00e4misen periaateita. Henkil\u00f6tietojen k\u00e4sitteli\u00e4 <span> <\/span><strong>(Basseinimeistrid Oy)<\/strong><span> <\/span>(j\u00e4ljemp\u00e4n\u00e4 &#8217;tietojen k\u00e4sitteli\u00e4&#8217;).<\/li>\n<li>T\u00e4ss\u00e4 tietosuojak\u00e4yt\u00e4nn\u00f6ss\u00e4 rekister\u00f6ity on asiakas tai muu luonnollinen henkil\u00f6, jonka henkil\u00f6tietoja henkil\u00f6tietojen k\u00e4sittelij\u00e4 k\u00e4sittelee.<\/li>\n<li>T\u00e4ss\u00e4 tietosuojak\u00e4yt\u00e4nn\u00f6ss\u00e4 asiakkaalla tarkoitetaan henkil\u00f6\u00e4, joka ostaa tavaroita tai palveluita henkil\u00f6tietojen k\u00e4sittelij\u00e4n verkkosivustolta.<\/li>\n<li>Tietojen k\u00e4sittelij\u00e4 noudattaa lains\u00e4\u00e4d\u00e4nn\u00f6ss\u00e4 vahvistettuja tietojenk\u00e4sittelyn periaatteita, mukaan lukien henkil\u00f6tietojen k\u00e4sittely laillisesti, oikeudenmukaisesti ja turvallisesti. Rekisterinpit\u00e4j\u00e4 voi vahvistaa, ett\u00e4 henkil\u00f6tietoja on k\u00e4sitelty lain mukaisesti. <\/li>\n<\/ol>\n<p><strong>Henkil\u00f6tietojen ker\u00e4\u00e4minen, k\u00e4sittely ja tallentaminen<\/strong><\/p>\n<ol>\n<li>Rekisterinpit\u00e4j\u00e4n ker\u00e4\u00e4m\u00e4t, k\u00e4sittelem\u00e4t ja tallentamat henkil\u00f6tiedot ker\u00e4t\u00e4\u00e4n s\u00e4hk\u00f6isesti, p\u00e4\u00e4asiassa verkkosivuston ja s\u00e4hk\u00f6postin v\u00e4lityksell\u00e4.<\/li>\n<li>Jakamalla henkil\u00f6tietojaan rekister\u00f6ity antaa henkil\u00f6tietojen k\u00e4sittelij\u00e4lle oikeuden ker\u00e4t\u00e4, j\u00e4rjest\u00e4\u00e4, k\u00e4ytt\u00e4\u00e4 ja hallinnoida henkil\u00f6tietoja, jotka rekister\u00f6ity suoraan tai v\u00e4lillisesti jakaa henkil\u00f6tietojen k\u00e4sittelij\u00e4n kanssa ostaessaan tavaroita tai palveluja verkkosivustolta tietosuojak\u00e4yt\u00e4nn\u00f6ss\u00e4 m\u00e4\u00e4riteltyihin tarkoituksiin.<\/li>\n<li>Rekister\u00f6idyn vastuulla on varmistaa, ett\u00e4 h\u00e4nen antamansa tiedot ovat tarkkoja, oikeita ja t\u00e4ydellisi\u00e4. Tietoinen v\u00e4\u00e4rien tietojen antaminen katsotaan tietosuojaselosteen rikkomiseksi. Rekister\u00f6idyn vastuulla on ilmoittaa v\u00e4litt\u00f6m\u00e4sti tietojen k\u00e4sittelij\u00e4lle kaikista annettujen tietojen muutoksista.  <\/li>\n<li>Rekisterinpit\u00e4j\u00e4 ei ole vastuussa vahingosta, joka aiheutuu siit\u00e4, ett\u00e4 rekister\u00f6ity antaa v\u00e4\u00e4r\u00e4\u00e4 tietoa rekister\u00f6idylle tai kolmansille osapuolille.<\/li>\n<\/ol>\n<p><strong>3. Asiakkaiden henkil\u00f6tietojen k\u00e4sittely<\/strong><\/p>\n<ol>\n<li>Tietojen k\u00e4sittelij\u00e4 voi k\u00e4sitell\u00e4 seuraavia rekister\u00f6idyn henkil\u00f6tietoja:<\/li>\n<li>Etu- ja sukunimi;<\/li>\n<li>Syntym\u00e4aika;<\/li>\n<li>Puhelinnumero;<\/li>\n<li>S\u00e4hk\u00f6postiosoite;<\/li>\n<li>Toimitusosoite;<\/li>\n<li>K\u00e4ytt\u00f6tilin numero;<\/li>\n<li>Maksukortin tiedot;<\/li>\n<\/ol>\n<p>Edell\u00e4 mainitun lis\u00e4ksi rekisterinpit\u00e4j\u00e4ll\u00e4 on oikeus ker\u00e4t\u00e4 asiakkaasta tietoja, jotka ovat saatavilla julkisista rekistereist\u00e4.<\/p>\n<p>Henkil\u00f6tietojen k\u00e4sittelyn oikeusperusta on yleisen tietosuoja-asetuksen 6 artiklan 1 kohdan a, b, c ja f alakohta:   <\/p>\n<p>(a) rekister\u00f6ity on antanut suostumuksensa henkil\u00f6tietojensa k\u00e4sittelyyn yht\u00e4 tai useampaa erityist\u00e4 tarkoitusta varten;<\/p>\n<p>(b) henkil\u00f6tietojen k\u00e4sittely on tarpeen rekister\u00f6idyn kanssa tehdyn sopimuksen t\u00e4yt\u00e4nt\u00f6\u00f6n panemiseksi tai sopimuksen tekemist\u00e4 edelt\u00e4vien toimenpiteiden toteuttamiseksi rekister\u00f6idyn pyynn\u00f6st\u00e4;<\/p>\n<p>(c) k\u00e4sittely on tarpeen rekisterinpit\u00e4j\u00e4\u00e4n kohdistuvan oikeudellisen velvoitteen noudattamiseksi;<\/p>\n<p>(f) k\u00e4sittely on tarpeen rekisterinpid\u00e4jan tai kolmannen osapuolen oikeutettujen etujen toteuttamiseksi, paitsi jos n\u00e4m\u00e4 edut syrj\u00e4ytt\u00e4v\u00e4t rekister\u00f6idyn edut tai perusoikeudet ja -vapaudet, joiden vuoksi henkil\u00f6tietoja on suojattava, erityisesti jos rekister\u00f6ity on lapsi.<\/p>\n<p>Henkil\u00f6tietojen k\u00e4sittelyn tarkoituksen mukaisesti:<\/p>\n<ol>\n<li>K\u00e4sittelyn tarkoitus &#8211; turvallisuus. Henkil\u00f6tietojen enimm\u00e4iss\u00e4ilytysaika &#8211; laissa s\u00e4\u00e4dettyjen aikarajojen mukaisesti. <\/li>\n<li>K\u00e4sittelyn tarkoitus &#8211; tilausten k\u00e4sittely. Enimm\u00e4iss\u00e4ilytysaika &#8211;<strong> 1 vuosi<\/strong>. <\/li>\n<li>K\u00e4sittelyn tarkoitus &#8211; Verkkokaupan palvelujen toiminnan varmistaminen. Enimm\u00e4iss\u00e4ilytysaika &#8211; <strong>1 vuosi<\/strong>. <\/li>\n<li>K\u00e4sittelyn tarkoitus &#8211; asiakashallinta. Enimm\u00e4iss\u00e4ilytysaika &#8211; <strong>1 vuosi<\/strong>. <\/li>\n<li>K\u00e4sittelyn tarkoitus &#8211; taloudellinen toiminta, kirjanpito. Henkil\u00f6tietojen enimm\u00e4iss\u00e4ilytysaika &#8211; laissa s\u00e4\u00e4dettyjen aikarajojen mukaisesti. <\/li>\n<li>K\u00e4sittelyn tarkoitus &#8211; markkinointi. Enimm\u00e4iss\u00e4ilytysaika &#8211; <b> 1 vuosi<\/b>. <\/li>\n<li>Tietojen k\u00e4sittelij\u00e4ll\u00e4 on oikeus jakaa asiakkaiden henkil\u00f6tietoja kolmansille osapuolille, kuten valtuutetuille tietojenk\u00e4sittelij\u00f6ille, kirjanpit\u00e4jille, kuljetus- ja kuriiripalveluyrityksille sek\u00e4 siirtopalveluja tarjoaville yrityksille Tietojen k\u00e4sittelij\u00e4 on henkil\u00f6tietojen rekisterinpit\u00e4j\u00e4. Tietojen k\u00e4sittelij\u00e4 siirt\u00e4\u00e4 maksujen suorittamiseksi tarvittavat henkil\u00f6tiedot Montonio Finance UAB:lle. <\/li>\n<li>Rekisterinpit\u00e4j\u00e4n on rekister\u00f6idyn henkil\u00f6tietoja k\u00e4sitelless\u00e4\u00e4n ja tallentaessaan toteutettava organisatorisia ja teknisi\u00e4 toimenpiteit\u00e4, joilla varmistetaan henkil\u00f6tietojen suojaaminen vahingossa tapahtuvalta tai laittomalta tuhoamiselta, muuttamiselta, luovuttamiselta ja muulta laittomalta k\u00e4sittelylt\u00e4.<\/li>\n<li>Rekisterinpit\u00e4j\u00e4n on s\u00e4ilytett\u00e4v\u00e4 rekister\u00f6ityjen tietoja k\u00e4sittelyn tarkoituksesta riippuvan ajan, kuitenkin enint\u00e4\u00e4n <strong>viisi<\/strong> vuotta.<\/li>\n<\/ol>\n<p><strong>Rekister\u00f6idyn oikeudet<\/strong><\/p>\n<ol>\n<li>Rekister\u00f6idyill\u00e4 on oikeus saada p\u00e4\u00e4sy henkil\u00f6tietoihinsa ja tarkastaa ne.<\/li>\n<li>Rekister\u00f6idyll\u00e4 on oikeus saada tietoa henkil\u00f6tietojensa k\u00e4sittelyst\u00e4.<\/li>\n<li>Rekister\u00f6idyll\u00e4 on oikeus t\u00e4ydent\u00e4\u00e4 tai korjata virheelliset tiedot.<\/li>\n<li>Jos rekisterinpit\u00e4j\u00e4 k\u00e4sittelee rekister\u00f6idyn henkil\u00f6tietoja rekister\u00f6idyn suostumuksen perusteella, rekister\u00f6idyll\u00e4 on oikeus peruuttaa suostumuksensa milloin tahansa.<\/li>\n<li>Rekister\u00f6idyt voivat k\u00e4ytt\u00e4\u00e4 oikeuksiaan ottamalla yhteytt\u00e4 verkkokaupan asiakastukeen osoitteessa <a href=\"mailto:info@basseinimeistrid.ee\">info@basseinimeistrid.ee.<\/a><\/li>\n<li>Rekister\u00f6ity voi tehd\u00e4 valituksen tietosuojavaltuutetulle suojellakseen oikeuksiaan.<\/li>\n<\/ol>\n<p><strong>Loppus\u00e4\u00e4nn\u00f6kset<\/strong><\/p>\n<ol>\n<li>N\u00e4m\u00e4 tietosuojaehdot on laadittu luonnollisten henkil\u00f6iden suojelusta henkil\u00f6tietojen k\u00e4sittelyss\u00e4 ja n\u00e4iden tietojen vapaasta liikkuvuudesta sek\u00e4 kumoamisesta annetun Euroopan Parlamentin ja Neuvoston asetuksen (EU) N:o 2016\/679 mukaisesti. Direktiivin 95\/46\/EY (yleinen asetus henkil\u00f6tietojen suojaamisesta). Viron tasavallan henkil\u00f6tietosuojalain sek\u00e4 Viron tasavallan ja Euroopan Unionin lains\u00e4\u00e4d\u00e4nn\u00f6n mukaisesti.<\/li>\n<li>Rekisterinpit\u00e4j\u00e4ll\u00e4 on oikeus muuttaa tietosuojaehtoja kokonaan tai osittain ilmoittamalla rekister\u00f6idyille muutoksista verkkosivustolla <strong>www.basseinimeistrid.ee. <\/strong><\/li>\n<\/ol>\n<p>&nbsp;<\/p>\n<h3>WooCommercen ev\u00e4stek\u00e4yt\u00e4nt\u00f6<\/h3>\n<p>Ev\u00e4steet ovat pieni\u00e4 tekstitiedostoja, jotka tallennetaan tietokoneellesi tai muulle laitteellesi, kun verkkosivuja ladataan selaimella.<\/p>\n<p>Niit\u00e4 k\u00e4ytet\u00e4\u00e4n laajalti &#8221;muistamaan&#8221; sinut ja mieltymyksesi, joko &#8221;istuntoev\u00e4steen&#8221; avulla yksitt\u00e4ist\u00e4 vierailua varten tai &#8221;pysyv\u00e4n ev\u00e4steen&#8221; avulla useita toistuvia vierailuja varten. Ne tarjoavat k\u00e4vij\u00f6ille johdonmukaisen ja tehokkaan k\u00e4ytt\u00f6kokemuksen ja suorittavat t\u00e4rkeit\u00e4 toimintoja, kuten antavat k\u00e4ytt\u00e4jille mahdollisuuden rekister\u00f6ity\u00e4 ja pysy\u00e4 kirjautuneena sis\u00e4\u00e4n. <\/p>\n<p>K\u00e4ytt\u00e4m\u00e4si sivusto voi asettaa ev\u00e4steit\u00e4, joita kutsutaan &#8221;ensimm\u00e4isen osapuolen ev\u00e4steiksi&#8221;, tai kolmannet osapuolet, kuten ne, jotka tarjoavat sis\u00e4lt\u00f6\u00e4 tai mainos- tai analyysipalveluja verkkosivustolla, joita kutsutaan &#8221;kolmannen osapuolen ev\u00e4steiksi&#8221;.<\/p>\n<p>Sek\u00e4 verkkosivustot ett\u00e4 HTML-s\u00e4hk\u00f6postit voivat sis\u00e4lt\u00e4\u00e4 my\u00f6s muita seurantatekniikoita, kuten verkkomajakoita tai pikseleit\u00e4. N\u00e4m\u00e4 ovat yleens\u00e4 pieni\u00e4 l\u00e4pin\u00e4kyvi\u00e4 kuvia, jotka antavat meille tilastotietoja samankaltaisiin tarkoituksiin kuin ev\u00e4steet. Niit\u00e4 k\u00e4ytet\u00e4\u00e4n usein yhdess\u00e4 ev\u00e4steiden kanssa, vaikka niit\u00e4 ei tallenneta tietokoneellesi samalla tavalla. Jos poistat ev\u00e4steiden k\u00e4yt\u00f6n, web-majakat voivat edelleen latautua, mutta niiden toiminnallisuus on rajoitettu.   <\/p>\n<p>WooCommerce k\u00e4ytt\u00e4\u00e4 ev\u00e4steit\u00e4 useilla eri tavoilla.<\/p>\n<p>Ev\u00e4steet riippuvat myym\u00e4l\u00e4ss\u00e4 k\u00e4yt\u00f6ss\u00e4 olevista ominaisuuksista. Ev\u00e4steet ovat aktiivisia, kun k\u00e4ytt\u00e4j\u00e4 on vuorovaikutuksessa jonkin t\u00e4llaisen ominaisuuden kanssa tai ottaa k\u00e4ytt\u00f6\u00f6n hallinnollisia toimintoja kaupan kojelaudassa (\/wp-admin). <\/p>\n<p>Yksityiskohdat on esitetty alla olevissa taulukoissa, joissa luetellaan eri ev\u00e4steet, jotka asetetaan myym\u00e4l\u00e4n k\u00e4ytt\u00e4jille, jotka k\u00e4ytt\u00e4v\u00e4t WooCommerce-lis\u00e4osaa.<\/p>\n<p>&nbsp;<\/p>\n<h4 class=\"wp-block-heading\" id=\"h-store-front-end\">Verkkokaupan etusivu:<\/h4>\n<\/div>\n<\/div>\n<p>[\/et_pb_text][et_pb_image src=&#8221;https:\/\/basseinimeistrid.ee\/wp-content\/uploads\/2025\/02\/cookie-fi.png&#8221; title_text=&#8221;cookie-fi&#8221; _builder_version=&#8221;4.27.4&#8243; _module_preset=&#8221;default&#8221; width=&#8221;60%&#8221; width_tablet=&#8221;60%&#8221; width_phone=&#8221;60%&#8221; width_last_edited=&#8221;on|desktop&#8221; module_alignment=&#8221;left&#8221; hover_enabled=&#8221;0&#8243; global_colors_info=&#8221;{}&#8221; sticky_enabled=&#8221;0&#8243;][\/et_pb_image][et_pb_text _builder_version=&#8221;4.27.4&#8243; _module_preset=&#8221;default&#8221; global_colors_info=&#8221;{}&#8221;]<\/p>\n<div class=\"et_pb_module et_pb_text et_pb_text_2 et_pb_text_align_left et_pb_bg_layout_light\">\n<div class=\"et_pb_text_inner\"><\/div>\n<\/div>\n<div class=\"et_pb_module et_pb_text et_pb_text_3 et_pb_text_align_left et_pb_bg_layout_light\">\n<div class=\"et_pb_text_inner\">\n<h3>Google Analytics<\/h3>\n<p>Ev\u00e4steet ja vastaavat analytiikkaan k\u00e4ytett\u00e4v\u00e4t tekniikat auttavat ker\u00e4\u00e4m\u00e4\u00e4n tietoja, joiden avulla palvelut voivat ymm\u00e4rt\u00e4\u00e4, miten olet vuorovaikutuksessa tietyn palvelun kanssa. T\u00e4m\u00e4n ymm\u00e4rryksen avulla palvelut voivat parantaa sis\u00e4lt\u00f6\u00e4 ja luoda parempia ominaisuuksia, jotka parantavat k\u00e4ytt\u00f6kokemustasi. <\/p>\n<p>Jotkin ev\u00e4steet ja vastaavat tekniikat auttavat sivustoja ja sovelluksia ymm\u00e4rt\u00e4m\u00e4\u00e4n, miten k\u00e4vij\u00e4t k\u00e4ytt\u00e4v\u00e4t niiden palveluja. Esimerkiksi Google Analytics k\u00e4ytt\u00e4\u00e4 ev\u00e4steit\u00e4 ker\u00e4t\u00e4kseen tietoja Google Analytics -palvelua k\u00e4ytt\u00e4vien yritysten puolesta ja antaakseen niille verkkosivuston k\u00e4ytt\u00f6tilastoja ilman, ett\u00e4 yksitt\u00e4isi\u00e4 k\u00e4vij\u00f6it\u00e4 voidaan tunnistaa henkil\u00f6kohtaisesti. Google Analyticsin k\u00e4ytt\u00e4m\u00e4n p\u00e4\u00e4ev\u00e4steen &#8221;_ga&#8221; avulla palvelu pystyy erottamaan k\u00e4vij\u00e4t toisistaan, ja se on voimassa kaksi vuotta. Kaikki Google Analyticsia k\u00e4ytt\u00e4v\u00e4t verkkosivustot, mukaan lukien Googlen palvelut, k\u00e4ytt\u00e4v\u00e4t _ga-ev\u00e4steen. Jokainen _ga-ev\u00e4ste on yksil\u00f6llinen tietylle kohteelle, joten sen avulla ei voida seurata tietty\u00e4 k\u00e4ytt\u00e4j\u00e4\u00e4 tai selainta ep\u00e4t\u00e4ydellisill\u00e4 verkkosivustoilla.    <\/p>\n<p>Googlen palvelut k\u00e4ytt\u00e4v\u00e4t Google-hakua varten &#8221;NID&#8221;- ja &#8221;_Secure-ENID&#8221;-ev\u00e4steit\u00e4. YouTube palvelut k\u00e4ytt\u00e4v\u00e4t analyysej\u00e4 varten &#8221;VISITOR_INFO1_LIVE&#8221;- ja &#8221;__Secure-YEC&#8221;-ev\u00e4steit\u00e4. Googlen mobiilisovellukset voivat k\u00e4ytt\u00e4\u00e4 analyyseiss\u00e4 yksil\u00f6llisi\u00e4 tunnisteita, kuten esimerkiksi &#8221;Google-k\u00e4ytt\u00e4j\u00e4tunnus&#8221;. <\/p>\n<\/div>\n<\/div>\n<p>[\/et_pb_text][et_pb_text _builder_version=&#8221;4.27.4&#8243; _module_preset=&#8221;default&#8221; link_text_color=&#8221;gcid-body-color&#8221; global_colors_info=&#8221;{%22gcid-body-color%22:%91%22link_text_color%22%93}&#8221;]<\/p>\n<h5 class=\"et_pb_text_inner\">Ota yhteytt\u00e4<\/h5>\n<div class=\"et_pb_text_inner\">Basseinimeistrid Oy<\/div>\n<div class=\"et_pb_text_inner\">reg.17145518<\/div>\n<div class=\"et_pb_text_inner\">KMKR<span>:EE102815407<\/span><\/div>\n<div class=\"et_pb_text_inner\">Mail: <a href=\"mailto:info@basseinimeistrid.ee\">info@basseinimeistrid.ee<\/a><\/div>\n<div class=\"et_pb_text_inner\"><span>Puh: +372 5103709<\/span><\/div>\n<div class=\"et_pb_text_inner\"><span>Puh: +372 56699060<\/span><\/div>\n<div class=\"et_pb_text_inner\"><span>Oikeudellinen osoite: Kuuse 4, Keila, Harjumaa, Viro 76607.<\/span><\/div>\n<p>[\/et_pb_text][\/et_pb_column][\/et_pb_row][\/et_pb_section]<\/p>\n","protected":false},"excerpt":{"rendered":"<p>Ev\u00e4ste- ja tietosuojak\u00e4yt\u00e4nn\u00f6t Yleiset s\u00e4\u00e4nn\u00f6kset T\u00e4m\u00e4 tietosuojak\u00e4yt\u00e4yt\u00e4nt\u00f6 s\u00e4\u00e4telee henkilotietojen ker\u00e4\u00e4misen, k\u00e4sittelyn ja s\u00e4ilytt\u00e4misen periaateita. Henkil\u00f6tietojen k\u00e4sitteli\u00e4 (Basseinimeistrid Oy) (j\u00e4ljemp\u00e4n\u00e4 &#8217;tietojen k\u00e4sitteli\u00e4&#8217;). T\u00e4ss\u00e4 tietosuojak\u00e4yt\u00e4nn\u00f6ss\u00e4 rekister\u00f6ity on asiakas tai muu luonnollinen henkil\u00f6, jonka henkil\u00f6tietoja henkil\u00f6tietojen k\u00e4sittelij\u00e4 k\u00e4sittelee. T\u00e4ss\u00e4 tietosuojak\u00e4yt\u00e4nn\u00f6ss\u00e4 asiakkaalla tarkoitetaan henkil\u00f6\u00e4, joka ostaa tavaroita tai palveluita henkil\u00f6tietojen k\u00e4sittelij\u00e4n verkkosivustolta. Tietojen k\u00e4sittelij\u00e4 noudattaa lains\u00e4\u00e4d\u00e4nn\u00f6ss\u00e4 vahvistettuja tietojenk\u00e4sittelyn periaatteita, [&hellip;]<\/p>\n","protected":false},"author":1,"featured_media":0,"parent":0,"menu_order":0,"comment_status":"closed","ping_status":"closed","template":"","meta":{"_et_pb_use_builder":"on","_et_pb_old_content":"","_et_gb_content_width":"","footnotes":""},"class_list":["post-102597","page","type-page","status-publish","hentry"],"jetpack_sharing_enabled":true,"_links":{"self":[{"href":"https:\/\/basseinimeistrid.ee\/fi\/wp-json\/wp\/v2\/pages\/102597","targetHints":{"allow":["GET"]}}],"collection":[{"href":"https:\/\/basseinimeistrid.ee\/fi\/wp-json\/wp\/v2\/pages"}],"about":[{"href":"https:\/\/basseinimeistrid.ee\/fi\/wp-json\/wp\/v2\/types\/page"}],"author":[{"embeddable":true,"href":"https:\/\/basseinimeistrid.ee\/fi\/wp-json\/wp\/v2\/users\/1"}],"replies":[{"embeddable":true,"href":"https:\/\/basseinimeistrid.ee\/fi\/wp-json\/wp\/v2\/comments?post=102597"}],"version-history":[{"count":35,"href":"https:\/\/basseinimeistrid.ee\/fi\/wp-json\/wp\/v2\/pages\/102597\/revisions"}],"predecessor-version":[{"id":108240,"href":"https:\/\/basseinimeistrid.ee\/fi\/wp-json\/wp\/v2\/pages\/102597\/revisions\/108240"}],"wp:attachment":[{"href":"https:\/\/basseinimeistrid.ee\/fi\/wp-json\/wp\/v2\/media?parent=102597"}],"curies":[{"name":"wp","href":"https:\/\/api.w.org\/{rel}","templated":true}]}}