{"id":102642,"date":"2025-01-13T20:28:53","date_gmt":"2025-01-13T18:28:53","guid":{"rendered":"https:\/\/basseinimeistrid.ee\/pood\/Ei-luokiteltu\/lampopumppu-aquaforte-full-inverter-pumppu\/"},"modified":"2025-03-15T15:24:53","modified_gmt":"2025-03-15T13:24:53","slug":"lampopumppu-aquaforte-full-inverter-pumppu","status":"publish","type":"product","link":"https:\/\/basseinimeistrid.ee\/fi\/pood\/lampopumppu-aquaforte-full-inverter-pumppu\/","title":{"rendered":"AquaForte Full Inverter allasl\u00e4mp\u00f6pumppu"},"content":{"rendered":"<p>AquaForte Full Inverter -allasl\u00e4mp\u00f6pumppu on 100-prosenttisesti t\u00e4ysinvertteril\u00e4mp\u00f6pumppu. L\u00e4mp\u00f6pumpuissa on moderni muotoilukotelo. Varustettu parhaalla Mitsubishi-kompressorilla ja tehty eritt\u00e4in k\u00e4tev\u00e4ksi k\u00e4ytt\u00e4\u00e4 sis\u00e4\u00e4nrakennetulla Wifi-moduulilla. L\u00e4mp\u00f6pumpun COP-arvo on korkea 14,5 ja se soveltuu sek\u00e4 altaan l\u00e4mmitykseen ett\u00e4 j\u00e4\u00e4hdytykseen. Yksik\u00f6n tulo- ja poistoaukko ovat 1\u00bd&#8221; naaraskierteit\u00e4. Mukana toimitetaan amerikkalaiset 1\u00bd&#8221; uros \/ 50mm pvc.    <\/p>\n<p>10 vuoden takuu l\u00e4mm\u00f6nvaihtimelle<br \/>\n5 vuoden takuu kompressorille<br \/>\nTalvisuojan mukana.<\/p>\n<p>AquaForte Full -invertteril\u00e4mp\u00f6pumppujen parametrit l\u00f6ytyv\u00e4t <a href=\"https:\/\/basseinimeistrid.ee\/wp-content\/uploads\/2025\/02\/full-inverter-parameetrid.pdf\" target=\"_blank\" rel=\"noopener\">T\u00c4\u00c4LT\u00c4.<\/a><\/p>\n","protected":false},"excerpt":{"rendered":"<p>AquaForte Full Inverter -ilmal\u00e4mp\u00f6pumput. 100 % t\u00e4ysinvertteril\u00e4mp\u00f6pumput vedenl\u00e4mmitykseen. <\/p>\n","protected":false},"featured_media":102407,"template":"","meta":{"_et_pb_use_builder":"","_et_pb_old_content":"","_et_gb_content_width":""},"product_brand":[],"product_cat":[109],"product_tag":[],"class_list":{"0":"post-102642","1":"product","2":"type-product","3":"status-publish","4":"has-post-thumbnail","6":"product_cat-lampopumput","7":"product_shipping_class-kuller-fi","9":"first","10":"instock","11":"taxable","12":"shipping-taxable","13":"purchasable","14":"product-type-variable"},"jetpack_sharing_enabled":true,"_links":{"self":[{"href":"https:\/\/basseinimeistrid.ee\/fi\/wp-json\/wp\/v2\/product\/102642","targetHints":{"allow":["GET"]}}],"collection":[{"href":"https:\/\/basseinimeistrid.ee\/fi\/wp-json\/wp\/v2\/product"}],"about":[{"href":"https:\/\/basseinimeistrid.ee\/fi\/wp-json\/wp\/v2\/types\/product"}],"wp:featuredmedia":[{"embeddable":true,"href":"https:\/\/basseinimeistrid.ee\/fi\/wp-json\/wp\/v2\/media\/102407"}],"wp:attachment":[{"href":"https:\/\/basseinimeistrid.ee\/fi\/wp-json\/wp\/v2\/media?parent=102642"}],"wp:term":[{"taxonomy":"product_brand","embeddable":true,"href":"https:\/\/basseinimeistrid.ee\/fi\/wp-json\/wp\/v2\/product_brand?post=102642"},{"taxonomy":"product_cat","embeddable":true,"href":"https:\/\/basseinimeistrid.ee\/fi\/wp-json\/wp\/v2\/product_cat?post=102642"},{"taxonomy":"product_tag","embeddable":true,"href":"https:\/\/basseinimeistrid.ee\/fi\/wp-json\/wp\/v2\/product_tag?post=102642"}],"curies":[{"name":"wp","href":"https:\/\/api.w.org\/{rel}","templated":true}]}}