{"id":102650,"date":"2025-01-13T20:36:05","date_gmt":"2025-01-13T18:36:05","guid":{"rendered":"https:\/\/basseinimeistrid.ee\/pood\/Ei-luokiteltu\/basseinirobot-zodiac-trx-7700-iq-alykkyysosamerkki\/"},"modified":"2025-03-01T22:21:42","modified_gmt":"2025-03-01T20:21:42","slug":"basseinirobot-zodiac-trx-7700-iq-alykkyysosamerkki","status":"publish","type":"product","link":"https:\/\/basseinimeistrid.ee\/fi\/pood\/basseinirobot-zodiac-trx-7700-iq-alykkyysosamerkki\/","title":{"rendered":"Zodiac VORTRAX allasrobotti"},"content":{"rendered":"<p>SUUNNITELTU ERITYISESTI INTENSIIVISEEN K\u00c4YTT\u00d6\u00d6N PIENISS\u00c4 JA KESKISUURISSA JULKISISSA ALTAISSA. VAHVA, \u00c4LYK\u00c4S JA KOMPAKTI + Ultra\u00e4\u00e4nianturit havaitsevat sein\u00e4t ja esteet + Sensor Nav SytemTM: \u00e4lyk\u00e4s ja yksil\u00f6llinen puhdistus, jossa on py\u00f6rimist\u00e4 est\u00e4v\u00e4 kompassij\u00e4rjestelm\u00e4 ilman py\u00f6rimist\u00e4 + Kest\u00e4v\u00e4 materiaali ja vetoj\u00e4rjestelm\u00e4 intensiiviseen k\u00e4ytt\u00f6\u00f6n + Tehokas ja kest\u00e4v\u00e4 imu + Soveltuu ammattik\u00e4ytt\u00f6\u00f6n julkisissa uima-altaissa hotelleissa, kylpyl\u00f6iss\u00e4 ja urheilukeskuksissa.<br \/>\nAltaan koko Keskikokoiset julkiset altaat, joissa on j\u00e4yk\u00e4t sein\u00e4t (kuntokeskukset, kylpyl\u00e4t, hotellit), enint\u00e4\u00e4n 30 metrin pituisille altaille. Useita esiasetettuja puhdistusjaksoja: <\/p>\n<ul>\n<li>Altaan pohja<\/li>\n<li>Sein\u00e4t ja pohja<\/li>\n<li>Pohja\/sein\u00e4t ja vesilinja<\/li>\n<\/ul>\n<p>Viiv\u00e4stetty k\u00e4ynnistys, eri puhdistusoptioot Kaapeli 30 m https:\/\/www.iot-pool.com\/en\/products\/aspirador-eletrico-vortrax-trx-7700-iq Takuu 2 vuotta<\/p>\n","protected":false},"excerpt":{"rendered":"<p>Suunniteltu erityisesti intensiiviseen k\u00e4ytt\u00f6\u00f6n pieniss\u00e4 ja keskisuurissa julkisissa altaissa.<\/p>\n","protected":false},"featured_media":102437,"template":"","meta":{"_et_pb_use_builder":"","_et_pb_old_content":"","_et_gb_content_width":""},"product_brand":[],"product_cat":[110],"product_tag":[],"class_list":{"0":"post-102650","1":"product","2":"type-product","3":"status-publish","4":"has-post-thumbnail","6":"product_cat-allasrobotit","7":"product_shipping_class-kuller-fi","9":"first","10":"instock","11":"taxable","12":"shipping-taxable","13":"purchasable","14":"product-type-variable"},"jetpack_sharing_enabled":true,"_links":{"self":[{"href":"https:\/\/basseinimeistrid.ee\/fi\/wp-json\/wp\/v2\/product\/102650","targetHints":{"allow":["GET"]}}],"collection":[{"href":"https:\/\/basseinimeistrid.ee\/fi\/wp-json\/wp\/v2\/product"}],"about":[{"href":"https:\/\/basseinimeistrid.ee\/fi\/wp-json\/wp\/v2\/types\/product"}],"wp:featuredmedia":[{"embeddable":true,"href":"https:\/\/basseinimeistrid.ee\/fi\/wp-json\/wp\/v2\/media\/102437"}],"wp:attachment":[{"href":"https:\/\/basseinimeistrid.ee\/fi\/wp-json\/wp\/v2\/media?parent=102650"}],"wp:term":[{"taxonomy":"product_brand","embeddable":true,"href":"https:\/\/basseinimeistrid.ee\/fi\/wp-json\/wp\/v2\/product_brand?post=102650"},{"taxonomy":"product_cat","embeddable":true,"href":"https:\/\/basseinimeistrid.ee\/fi\/wp-json\/wp\/v2\/product_cat?post=102650"},{"taxonomy":"product_tag","embeddable":true,"href":"https:\/\/basseinimeistrid.ee\/fi\/wp-json\/wp\/v2\/product_tag?post=102650"}],"curies":[{"name":"wp","href":"https:\/\/api.w.org\/{rel}","templated":true}]}}