{"id":102652,"date":"2025-01-13T20:36:05","date_gmt":"2025-01-13T18:36:05","guid":{"rendered":"https:\/\/basseinimeistrid.ee\/pood\/Ei-luokiteltu\/vaunurobotti-zodiac-alpha-63-iq-biopool-zodiac-alpha-63-iq-biopool\/"},"modified":"2025-03-01T22:22:29","modified_gmt":"2025-03-01T20:22:29","slug":"vaunurobotti-zodiac-alpha-63-iq-biopool-zodiac-alpha-63-iq-biopool","status":"publish","type":"product","link":"https:\/\/basseinimeistrid.ee\/fi\/pood\/vaunurobotti-zodiac-alpha-63-iq-biopool-zodiac-alpha-63-iq-biopool\/","title":{"rendered":"Aquaforte Prime BioRobot altaanpuhdistusrobotti"},"content":{"rendered":"<p>Uusi aikakausi uima- ja biolammikoiden ja bioaltaiden puhdistamisessa on alkanut! Zodiacin paras robottipuhdistusaine on nyt saatavilla. 4WD-robotti on varustettu erityisell\u00e4 400\u00b5 (mikronin) seulalla suurempia orgaanisia likahiukkasia varten. Robotissa on eritt\u00e4in leve\u00e4 24 senttimetrin imuaukko. L\u00e4pin\u00e4kyv\u00e4 kansi tekee selv\u00e4ksi, kuinka t\u00e4ynn\u00e4 suodatins\u00e4ili\u00f6 on. Patentoidun &#8221;Lift System&#8221; -j\u00e4rjestelm\u00e4n ansiosta robotti on helppo poistaa vedest\u00e4. Robotti vapauttaa kaiken veden itse ja nousee pintaan ennen kuin se nostetaan pois vesist\u00f6st\u00e4.      <\/p>\n<p>Muut t\u00e4m\u00e4n ainutlaatuisen robotin tekniset tiedot:<\/p>\n<p>Sensor Nav System\u2122: T\u00e4m\u00e4n avulla robotti voi kartoittaa uima-altaan tai lammen mitat parhaan ja nopeimman puhdistustuloksen saavuttamiseksi. Sopii my\u00f6s vesist\u00f6ihin, joissa on suolaliuosta.<br \/>\n Eritt\u00e4in tehokas suodatusteho: patentoidun syklonirakenteen ansiosta.<br \/>\n Helppok\u00e4ytt\u00f6inen: pienempi mahdollisuus kaapelin sotkeutumiseen parannetun ohjauskaapelin k\u00e4\u00e4nt\u00f6j\u00e4rjestelm\u00e4n ja patentoidun nostoj\u00e4rjestelm\u00e4n ansiosta.<br \/>\n Viestint\u00e4: ohjaa robottia iAquaLink APP -sovelluksella. <\/p>\n<p>Mukana:<\/p>\n<ul>\n<li>Vaunu<\/li>\n<li>Ohjauspaneeli<\/li>\n<li>Suuri suodatinkapasiteetti ja 400\u00b5 (mikronin) suodatinseula.<\/li>\n<li>Palautumaton k\u00e4\u00e4ntyv\u00e4 kaapeli<\/li>\n<\/ul>\n<p>Tietoja:<\/p>\n<ul>\n<li>Ilmainen sovellus<\/li>\n<li>2 vuoden takuu<\/li>\n<\/ul>\n","protected":false},"excerpt":{"rendered":"<p>Uusi aikakausi uima- ja biolammikoiden ja bioaltaiden puhdistamisessa on alkanut! Zodiacin paras robottipuhdistusaine on nyt saatavilla. 4WD-robotti on varustettu erityisell\u00e4 400\u00b5 (mikronin) seulalla suurempia orgaanisia likahiukkasia varten. Robotissa on eritt\u00e4in leve\u00e4 24 senttimetrin imuaukko. L\u00e4pin\u00e4kyv\u00e4 kansi tekee selv\u00e4ksi, kuinka t\u00e4ynn\u00e4 suodatins\u00e4ili\u00f6 on. Patentoidun &#8221;Lift System&#8221; -j\u00e4rjestelm\u00e4n ansiosta robotti on helppo poistaa vedest\u00e4. Robotti vapauttaa kaiken [&hellip;]<\/p>\n","protected":false},"featured_media":102423,"template":"","meta":{"_et_pb_use_builder":"","_et_pb_old_content":"","_et_gb_content_width":""},"product_brand":[],"product_cat":[110],"product_tag":[],"class_list":{"0":"post-102652","1":"product","2":"type-product","3":"status-publish","4":"has-post-thumbnail","6":"product_cat-allasrobotit","7":"product_shipping_class-kuller-fi","9":"first","10":"instock","11":"taxable","12":"shipping-taxable","13":"purchasable","14":"product-type-simple"},"jetpack_sharing_enabled":true,"_links":{"self":[{"href":"https:\/\/basseinimeistrid.ee\/fi\/wp-json\/wp\/v2\/product\/102652","targetHints":{"allow":["GET"]}}],"collection":[{"href":"https:\/\/basseinimeistrid.ee\/fi\/wp-json\/wp\/v2\/product"}],"about":[{"href":"https:\/\/basseinimeistrid.ee\/fi\/wp-json\/wp\/v2\/types\/product"}],"wp:featuredmedia":[{"embeddable":true,"href":"https:\/\/basseinimeistrid.ee\/fi\/wp-json\/wp\/v2\/media\/102423"}],"wp:attachment":[{"href":"https:\/\/basseinimeistrid.ee\/fi\/wp-json\/wp\/v2\/media?parent=102652"}],"wp:term":[{"taxonomy":"product_brand","embeddable":true,"href":"https:\/\/basseinimeistrid.ee\/fi\/wp-json\/wp\/v2\/product_brand?post=102652"},{"taxonomy":"product_cat","embeddable":true,"href":"https:\/\/basseinimeistrid.ee\/fi\/wp-json\/wp\/v2\/product_cat?post=102652"},{"taxonomy":"product_tag","embeddable":true,"href":"https:\/\/basseinimeistrid.ee\/fi\/wp-json\/wp\/v2\/product_tag?post=102652"}],"curies":[{"name":"wp","href":"https:\/\/api.w.org\/{rel}","templated":true}]}}