{"id":102654,"date":"2025-01-13T20:07:23","date_gmt":"2025-01-13T18:07:23","guid":{"rendered":"https:\/\/basseinimeistrid.ee\/pood\/Ei-luokiteltu\/suodatinsarja-plug-swim-biopool-tyyppi-4\/"},"modified":"2025-03-08T16:27:51","modified_gmt":"2025-03-08T14:27:51","slug":"suodatinsarja-plug-swim-biopool-tyyppi-4","status":"publish","type":"product","link":"https:\/\/basseinimeistrid.ee\/fi\/pood\/suodatinsarja-plug-swim-biopool-tyyppi-4\/","title":{"rendered":"Plug &amp; Swim Biopool Type 4 -suodatinsarja jopa 80m\u00b3:iin asti."},"content":{"rendered":"<h4>Suodatinsarja biologiseen altaaseen tai uima-altaaseen<\/h4>\n<p>Ihanteellinen ratkaisu ammattimaiseen ja kompaktiin biologisen altaan tai uimalammen suodatukseen! J\u00e4rjestelm\u00e4 ilman hydrolyysi\u00e4. T\u00e4m\u00e4 suodatusj\u00e4rjestelm\u00e4 toimitetaan t\u00e4ysin koottuna muovilavalla, jossa on HDPE-tausta. Ainoastaan putket liitet\u00e4\u00e4n altaaseen ja virtajohto pistorasiaan.  <\/p>\n<p>T\u00e4m\u00e4 suodatusj\u00e4rjestelm\u00e4 soveltuu biologisiin uima-altaisiin enint\u00e4\u00e4n 80 m\u00b3:n tilavuuteen, uimalammikoihin enint\u00e4\u00e4n 80 m\u00b3:n tilavuuteen ja esimerkiksi my\u00f6s uima-altaisiin tai lammikoihin, joissa on koristekaloja enint\u00e4\u00e4n 40 m\u00b3:n tilavuuteen. Itsest\u00e4\u00e4n imev\u00e4n pumpun ansiosta t\u00e4m\u00e4 sarja voidaan asentaa sek\u00e4 maan p\u00e4\u00e4lle ett\u00e4 maan alle. <\/p>\n<p>ECO-FILTRATION Kest\u00e4v\u00e4 suodatus veden, energian ja vedenk\u00e4sittelyn optimaalisen k\u00e4yt\u00f6n avulla. Ymp\u00e4rist\u00f6yst\u00e4v\u00e4llinen k\u00e4ytt\u00f6kustannuss\u00e4\u00e4st\u00f6jen ansiosta. <\/p>\n<p>VEDENS\u00c4\u00c4ST\u00d6 Helmisuodatin puhdistetaan p\u00e4\u00e4asiassa ilmapuhaltimella, joten takaisinhuuhtelun aikana menetet\u00e4\u00e4n vain v\u00e4h\u00e4n vett\u00e4.<\/p>\n<p>ENERGIANS\u00c4\u00c4ST\u00d6 Optimaalinen veden virtaus alhaisen helmisuodattimen vastuksen ansiosta. N\u00e4in voidaan saavuttaa sama suodatinkapasiteetti pienemm\u00e4ll\u00e4 energiankulutuksella. Vaihtuvan nopeuden pumpun ansiosta t\u00e4m\u00e4 johtaa pienemp\u00e4\u00e4n energiankulutukseen.  <\/p>\n<p><strong>KEMIKAALITON!<\/strong>  UV-C-pohjainen desinfiointi ja lev\u00e4ntorjunta perustuvat fosfaatinpoistoaineisiin ja nestem\u00e4isten hy\u00f6dyllisten bakteerien k\u00e4ytt\u00f6\u00f6n. N\u00e4m\u00e4 bakteerit poistavat vedest\u00e4 my\u00f6s suurimman osan orgaanisesta j\u00e4tteest\u00e4. T\u00e4m\u00e4 j\u00e4rjestelm\u00e4 on 100-prosenttisesti biologinen ja siksi turvallinen lammikoissa, joissa on kaloja!  <\/p>\n<p>PLUG &amp; PLAY T\u00e4m\u00e4 t\u00e4ydellinen j\u00e4rjestelm\u00e4 toimitetaan valmiiksi koottuna muovilavalle, jossa on HDPE-muovitausta.<\/p>\n<p>TEKNISET OMINAISUUDET:<\/p>\n<ul>\n<li>3 tuloaukkoa 63mm PVC-U, palloventtiileill\u00e4, ennen esisuodatinta.<\/li>\n<li>3 paluu 63mm PVC-U (erikseen s\u00e4\u00e4dett\u00e4viss\u00e4 palloventtiilill\u00e4 \u00d863mm)<\/li>\n<li>Ohitusj\u00e4rjestelm\u00e4 1 esimerkiksi l\u00e4mp\u00f6pumppua varten, jossa on 63 mm:n PVC-U-palloventtiilit.<\/li>\n<li>Ohitusj\u00e4rjestelm\u00e4 2 fosfaattisuodattimelle 63 mm PVC-U-palloventtiileill\u00e4.<\/li>\n<li>1 x eritt\u00e4in suuri esisuodatin (8 litraa!), jossa on helposti avattava ja helposti puhdistettava suodatinkori.<\/li>\n<li>1 x Victoria Silent VS -pumppu<\/li>\n<li>1 x AquaForte UltraBead UB-60 -helmisuodatin (biomekaaninen suodatin).<\/li>\n<li>1 x AquaForte Buster 140 W UV-C -valonl\u00e4hde<\/li>\n<li>1 x AquaForte Phospat 3, fosfaattia poistava patruunasuodatin<\/li>\n<li>2 x AquaForte Dosatech -annostelupumppu, nestem\u00e4inen Phosfree-fosfaatinpoistoaine ja MicrobeLift Clean&amp;Clear hy\u00f6dyllisten bakteerien annosteluun.<\/li>\n<li>1 x liit\u00e4nt\u00e4rasia, jossa on 6 pistorasiaa, mukaan lukien 16A sulake ja 30mA vuotovirtasuoja.<\/li>\n<\/ul>\n<p>Plug &amp; Swim Type 4:n ja Type 5:n ero on hydrolyysilaitteessa. Tyyppi 4 ei sis\u00e4ll\u00e4 hydrolyysilaitetta, ja se soveltuu my\u00f6s altaisiin ja uima-altaisiin, joissa on vesikasveja. Tyyppi 5, hydrolyysiyksikk\u00f6, soveltuu altaisiin, joissa ei ole vesikasveja. Tyyppi 5 soveltuu hyvin olemassa olevan kloorialtaan k\u00e4sittelyj\u00e4rjestelm\u00e4n muuttamiseen kemikaalittomaksi altaaksi.   <\/p>\n<p>Pohjan mitat 1&#215;1,2m. Takasein\u00e4n mitat 1&#215;1,6m (h) <\/p>\n","protected":false},"excerpt":{"rendered":"<p>Ihanteellinen ratkaisu ammattimaiseen ja kompaktiin (jopa 80 m3) biologisen altaan tai uimalammen suodatukseen!<\/p>\n","protected":false},"featured_media":102388,"template":"","meta":{"_et_pb_use_builder":"off","_et_pb_old_content":"<h4>Suodatinsarja biologiseen altaaseen tai uima-altaaseen<\/h4>\nIhanteellinen ratkaisu ammattimaiseen ja kompaktiin biologisen altaan tai uimalammen suodatukseen! T\u00e4m\u00e4 suodatusj\u00e4rjestelm\u00e4 toimitetaan t\u00e4ysin koottuna muovilavalla, jossa on HDPE-tausta. Kytke vain putket altaaseen ja virtajohto pistorasiaan. T\u00e4m\u00e4 suodatusj\u00e4rjestelm\u00e4 soveltuu enint\u00e4\u00e4n 80 m\u00b3:n biopoolille (biologinen uima-allas) ja enint\u00e4\u00e4n 80 m\u00b3:n uimalammelle tai enint\u00e4\u00e4n 40 m\u00b3:n koristekalalammelle tai -altaalle. Itsest\u00e4\u00e4n imev\u00e4n pumpun ansiosta t\u00e4m\u00e4 sarja voidaan asentaa sek\u00e4 maan p\u00e4\u00e4lle ett\u00e4 maan alle.   \n\nECO-FILTRATION Kest\u00e4v\u00e4 suodatus veden, energian ja vedenk\u00e4sittelyn optimaalisen k\u00e4yt\u00f6n avulla. Ymp\u00e4rist\u00f6yst\u00e4v\u00e4llinen k\u00e4ytt\u00f6kustannuss\u00e4\u00e4st\u00f6jen ansiosta. \n\nVEDENS\u00c4\u00c4ST\u00d6 Helmisuodatin puhdistetaan p\u00e4\u00e4asiassa ilmapuhaltimella, joten takaisinhuuhtelun aikana menetet\u00e4\u00e4n vain v\u00e4h\u00e4n vett\u00e4. T\u00e4m\u00e4 vesi on 100-prosenttisesti uudelleenk\u00e4ytett\u00e4viss\u00e4 puutarhan kasteluun! \n\nENERGIANS\u00c4\u00c4ST\u00d6 Optimaalinen veden virtaus alhaisen suodattimen vastuksen ansiosta. T\u00e4m\u00e4n ansiosta sama suodatinkapasiteetti saavutetaan pienemm\u00e4ll\u00e4 energiankulutuksella. Vaihtuvan nopeuden pumpun ansiosta tuloksena on pienempi energiankulutus.  \n\nEI KEMIKAALEILLE! UV-C-pohjainen desinfiointi ja lev\u00e4ntorjunta perustuvat fosfaatinpoistoaineisiin ja nestem\u00e4isten hy\u00f6dyllisten bakteerien k\u00e4ytt\u00f6\u00f6n. N\u00e4m\u00e4 bakteerit poistavat vedest\u00e4 my\u00f6s suurimman osan orgaanisesta j\u00e4tteest\u00e4. T\u00e4m\u00e4 j\u00e4rjestelm\u00e4 on 100-prosenttisesti biologinen ja siksi turvallinen my\u00f6s lammikoille, joissa on kaloja!   \n\nPLUG & PLAY T\u00e4m\u00e4 t\u00e4ydellinen j\u00e4rjestelm\u00e4 toimitetaan valmiiksi koottuna kuormalavalle, jossa on HDPE-tausta.\n\nSAFE AquaForte asettaa uimareiden ja heid\u00e4n ymp\u00e4rist\u00f6ns\u00e4 hyvinvoinnin etusijalle. Terveellisen, kirkkaan ja puhtaan uimaveden saavuttaminen on avainasemassa. \n\n \n\nTEKNISET OMINAISUUDET:\n\n3 tuloventtiili\u00e4 63mm palloventtiileill\u00e4 esisuodattimen yl\u00e4puolella, 3 paluuventtiili\u00e4 63mm (erikseen s\u00e4\u00e4dett\u00e4viss\u00e4 palloventtiilill\u00e4 \u00d863mm).\nOhitusj\u00e4rjestelm\u00e4 l\u00e4mp\u00f6pumpulle 63mm palloventtiileill\u00e4\nOhitusj\u00e4rjestelm\u00e4 fosfaattisuodattimelle 63mm palloventtiileill\u00e4\n1 x ylisuurikokoinen esisuodatin (8 litraa!).) helposti puhdistettavalla suodatinkorilla\n1 x Victoria Silent VS-pumppu\n1 x AquaForte UltraBead UB-60 suodatin (biomekaaninen suodatin)\n1 x AquaForte Buster 140 W UV-C\n1 x AquaForte Phospat 3, fosfaatinpoistopatruunasuodatin\n2 x AquaForte Dosatech Phosfree (nestem\u00e4inen fosfaatinpoistoaine) ja Microbelift Clean & Clear hy\u00f6dyllisten bakteerien annosteluun\n1 x liit\u00e4nt\u00e4rasia, jossa 6 pistorasiaa, mukaan lukien 16A sulake ja 30mA vuotovirtasuojaus","_et_gb_content_width":""},"product_brand":[],"product_cat":[112],"product_tag":[],"class_list":{"0":"post-102654","1":"product","2":"type-product","3":"status-publish","4":"has-post-thumbnail","6":"product_cat-altaan-suodattimet","7":"product_shipping_class-kuller_alus-fi","9":"first","10":"instock","11":"taxable","12":"shipping-taxable","13":"purchasable","14":"product-type-simple"},"jetpack_sharing_enabled":true,"_links":{"self":[{"href":"https:\/\/basseinimeistrid.ee\/fi\/wp-json\/wp\/v2\/product\/102654","targetHints":{"allow":["GET"]}}],"collection":[{"href":"https:\/\/basseinimeistrid.ee\/fi\/wp-json\/wp\/v2\/product"}],"about":[{"href":"https:\/\/basseinimeistrid.ee\/fi\/wp-json\/wp\/v2\/types\/product"}],"wp:featuredmedia":[{"embeddable":true,"href":"https:\/\/basseinimeistrid.ee\/fi\/wp-json\/wp\/v2\/media\/102388"}],"wp:attachment":[{"href":"https:\/\/basseinimeistrid.ee\/fi\/wp-json\/wp\/v2\/media?parent=102654"}],"wp:term":[{"taxonomy":"product_brand","embeddable":true,"href":"https:\/\/basseinimeistrid.ee\/fi\/wp-json\/wp\/v2\/product_brand?post=102654"},{"taxonomy":"product_cat","embeddable":true,"href":"https:\/\/basseinimeistrid.ee\/fi\/wp-json\/wp\/v2\/product_cat?post=102654"},{"taxonomy":"product_tag","embeddable":true,"href":"https:\/\/basseinimeistrid.ee\/fi\/wp-json\/wp\/v2\/product_tag?post=102654"}],"curies":[{"name":"wp","href":"https:\/\/api.w.org\/{rel}","templated":true}]}}