{"id":102655,"date":"2025-01-13T20:07:23","date_gmt":"2025-01-13T18:07:23","guid":{"rendered":"https:\/\/basseinimeistrid.ee\/pood\/Ei-luokiteltu\/suodatinsarja-plugplay-suodatinkuoppa-tyyppi-2\/"},"modified":"2025-03-08T16:27:52","modified_gmt":"2025-03-08T14:27:52","slug":"suodatinsarja-plugplay-suodatinkuoppa-tyyppi-2","status":"publish","type":"product","link":"https:\/\/basseinimeistrid.ee\/fi\/pood\/suodatinsarja-plugplay-suodatinkuoppa-tyyppi-2\/","title":{"rendered":"Suodatinsarja Plug&amp;Play Filter Pit Type 2"},"content":{"rendered":"<h4>Suodatinsarja suurempien hiukkasten suodattamiseen biologiseen uima-altaaseen tai uima-lammelle.<\/h4>\n<p>Ihanteellinen ratkaisu yksinkertaiseen ja kompaktiin (uinti)lammikkosuodatukseen! T\u00e4m\u00e4 suodatinkammio toimitetaan t\u00e4ysin koottuna. Soveltuu asennettavaksi maahan. Veden tuloaukon tulee olla puoliv\u00e4liss\u00e4 vesist\u00f6n vedenpinnan alapuolella. Vihre\u00e4 kansi, lasikuituvahvistettu polyesterikammio. Viimeistelty geelilakalla. Liit\u00e4 vain putket vesil\u00e4hteeseen ja virtajohto pistokkeeseen. Tekniset lis\u00e4ominaisuudet: 1 x tulo 110mm esisuodattimella, venttiili 2 x paluu 63mm (erikseen s\u00e4\u00e4dett\u00e4v\u00e4 palloventtiilill\u00e4 \u00d863mm) 1 x extra iso esisuodatin (8 litraa!) helposti puhdistettavalla seulakorilla 1 x Aquaforte DM Vario 22000S tai 3000S pumppuun, tai 3000 pumppuun, Mi-2 75 wattia, 2 x AquaForte Dosatech -annostelupumppua, 1 x 4 litraa MicrobeLift Clean &amp; Clear puristinsatulalla paluulinjassa, 1 x 3 litraa AquaForte Phosfree (fosfaatinpoistoaine) puristinsatulalla paluulinjassa, 1 x kytkent\u00e4rasia, jossa 6 pistorasiaa, joissa vuoto- ja 16 A virtasuojaus 0A. Suodatinlaatikko on saatavana pienemp\u00e4n\u00e4 versiona \u00b140m\u00b3:lle tai isompana versiona 75m\u00b3 (uima)lammelle.       <\/p>\n<p>Huomautus: T\u00e4m\u00e4 ei ole biologinen suodatin. Esimerkiksi kala-altaat tarvitsevat edelleen biologisen lis\u00e4suodattimen. Uima-altaissa t\u00e4m\u00e4 suodatin on ihanteellinen yhdess\u00e4 kasvi- ja\/tai sorasuodattimien kanssa. Suodatinta voidaan k\u00e4ytt\u00e4\u00e4 sek\u00e4 &#8221;alavirtaan&#8221; ett\u00e4 &#8221;yl\u00e4virtaan&#8221; (kasvi-\/sorasuodattimen j\u00e4lkeen tai ennen). Suodatinkaivo voidaan upottaa kokonaan maahan (sarjan 110 mm:n tuloaukon tulee olla vesist\u00f6n vedenpinnan alapuolella). T\u00e4llaista sarjaa k\u00e4ytett\u00e4ess\u00e4 vesist\u00f6n vedenkorkeutta on talvikaudella laskettava tai tuloaukko suljettava. Suodatinj\u00e4rjestelm\u00e4 on tyhjennett\u00e4v\u00e4 vedest\u00e4 talven ajaksi, jotta vesi ei j\u00e4\u00e4tyisi ja siit\u00e4 aiheutuvat j\u00e4rjestelm\u00e4n vauriot estyv\u00e4t.      <\/p>\n","protected":false},"excerpt":{"rendered":"<p>Ihanteellinen ratkaisu yksinkertaiseen ja kompaktiin (uinti)lammikkosuodatukseen!<\/p>\n","protected":false},"featured_media":102391,"template":"","meta":{"_et_pb_use_builder":"","_et_pb_old_content":"","_et_gb_content_width":""},"product_brand":[],"product_cat":[112],"product_tag":[],"class_list":{"0":"post-102655","1":"product","2":"type-product","3":"status-publish","4":"has-post-thumbnail","6":"product_cat-altaan-suodattimet","7":"product_shipping_class-kuller_alus-fi","9":"first","10":"instock","11":"taxable","12":"shipping-taxable","13":"purchasable","14":"product-type-variable"},"jetpack_sharing_enabled":true,"_links":{"self":[{"href":"https:\/\/basseinimeistrid.ee\/fi\/wp-json\/wp\/v2\/product\/102655","targetHints":{"allow":["GET"]}}],"collection":[{"href":"https:\/\/basseinimeistrid.ee\/fi\/wp-json\/wp\/v2\/product"}],"about":[{"href":"https:\/\/basseinimeistrid.ee\/fi\/wp-json\/wp\/v2\/types\/product"}],"wp:featuredmedia":[{"embeddable":true,"href":"https:\/\/basseinimeistrid.ee\/fi\/wp-json\/wp\/v2\/media\/102391"}],"wp:attachment":[{"href":"https:\/\/basseinimeistrid.ee\/fi\/wp-json\/wp\/v2\/media?parent=102655"}],"wp:term":[{"taxonomy":"product_brand","embeddable":true,"href":"https:\/\/basseinimeistrid.ee\/fi\/wp-json\/wp\/v2\/product_brand?post=102655"},{"taxonomy":"product_cat","embeddable":true,"href":"https:\/\/basseinimeistrid.ee\/fi\/wp-json\/wp\/v2\/product_cat?post=102655"},{"taxonomy":"product_tag","embeddable":true,"href":"https:\/\/basseinimeistrid.ee\/fi\/wp-json\/wp\/v2\/product_tag?post=102655"}],"curies":[{"name":"wp","href":"https:\/\/api.w.org\/{rel}","templated":true}]}}