{"id":102656,"date":"2025-01-13T20:07:23","date_gmt":"2025-01-13T18:07:23","guid":{"rendered":"https:\/\/basseinimeistrid.ee\/pood\/Ei-luokiteltu\/suodatinsarja-plug-swim-biopool-type-5\/"},"modified":"2025-03-08T16:27:55","modified_gmt":"2025-03-08T14:27:55","slug":"suodatinsarja-plug-swim-biopool-type-5","status":"publish","type":"product","link":"https:\/\/basseinimeistrid.ee\/fi\/pood\/suodatinsarja-plug-swim-biopool-type-5\/","title":{"rendered":"Suodatinsarja Plug &amp; Swim Biopool Type 5 jopa 80m\u00b3 asti"},"content":{"rendered":"<h4>Suodatinsarja altaan tai uima-altaan suodatukseen<\/h4>\n<p>Ihanteellinen avaimet k\u00e4teen -ratkaisu ammattimaiseen ja kompaktiin suodatukseen! T\u00e4m\u00e4 suodatusj\u00e4rjestelm\u00e4 toimitetaan t\u00e4ysin koottuna muovilavalla, jossa on HDPE-materiaalista valmistettu taustalevy. Ainoastaan virtajohto ja altaasta tulevat ja altaaseen menev\u00e4t putket on kytkett\u00e4v\u00e4. T\u00e4m\u00e4 suodatusj\u00e4rjestelm\u00e4 soveltuu enint\u00e4\u00e4n 80 m\u00b3:n hybridialtaalle\/biopoolille tai uima-altaalle (ilman vesikasveja). Itsest\u00e4\u00e4n imev\u00e4n pumpun ansiosta t\u00e4t\u00e4 ratkaisua voidaan k\u00e4ytt\u00e4\u00e4 sek\u00e4 maan p\u00e4\u00e4ll\u00e4 ett\u00e4 maan alla. T\u00e4m\u00e4 k\u00e4ytt\u00f6valmis j\u00e4rjestelm\u00e4 soveltuu my\u00f6s 100-prosenttisesti perinteisen (kloori)altaan muuttamiseen hybridi-altaaksi\/biopooliksi! Ekologinen ja kest\u00e4v\u00e4 suodatus veden, energian ja vedenk\u00e4sittelyn resurssien optimaalisen k\u00e4yt\u00f6n avulla. Ymp\u00e4rist\u00f6yst\u00e4v\u00e4llinen ja s\u00e4\u00e4st\u00e4\u00e4 k\u00e4ytt\u00f6kustannuksia. Veden s\u00e4\u00e4st\u00f6 ! Helmisuodatin puhdistetaan ilmapuhaltimella, joten takaisinpesussa k\u00e4ytet\u00e4\u00e4n vain rajoitettu m\u00e4\u00e4r\u00e4 vett\u00e4. Energians\u00e4\u00e4st\u00f6 ! Optimaalinen veden virtaus alhaisen helmisuodattimen vastuksen ansiosta. N\u00e4in voidaan saavuttaa sama suodatuskapasiteetti pienemm\u00e4ll\u00e4 energiankulutuksella. V\u00e4hemm\u00e4n kemikaaleja ! Suolahydrolyysiin perustuva desinfiointi UV-C:ll\u00e4 ja fosfaatinhallinta. Optimaalinen vedenvaihto takaa merkitt\u00e4v\u00e4t s\u00e4\u00e4st\u00f6t vedenk\u00e4sittelyaineissa.               <\/p>\n<p>Tekniset ominaisuudet:<\/p>\n<ul>\n<li>3 sis\u00e4\u00e4ntuloaukkoa x 63mm palloventtiileill\u00e4 PVC-U, esisuodatinta varten.<\/li>\n<li>2 paluu 63mm (erikseen s\u00e4\u00e4dett\u00e4viss\u00e4 palloventtiilill\u00e4 \u00d863mm PVC-U).<\/li>\n<li>Ohitusj\u00e4rjestelm\u00e4 esim. l\u00e4mp\u00f6pumppua varten 63 mm palloventtiileill\u00e4 PVC-U<\/li>\n<li>1 x eritt\u00e4in suuri esisuodatin (8 litraa !), jossa on helposti saatavilla oleva ja puhdistettava suodatinkori.<\/li>\n<li>1 x Victoria Silent VS kiertovesipumppu<\/li>\n<li>1 x AquaForte UltraBead UB-60 -helmisuodatin<\/li>\n<li>1 x AquaForte Buster 140 w UV-C:t\u00e4<\/li>\n<li>1 x Astral Elite Connect 100LS v\u00e4h\u00e4suolainen hydrolyysij\u00e4rjestelm\u00e4, jossa on pH- ja ORP-anturit, annostelupumppu ja monitoiminen virtauskammio.<\/li>\n<li>1 x AquaForte Dosatech Phosfree, fosfaatinpoistoaine annostelutarkoituksiin.<\/li>\n<li>1 x liit\u00e4nt\u00e4kilpi, jossa on 6 pistorasiaa, mukaan lukien 16A sulake ja 30mA vikavirtasuojakytkin<\/li>\n<\/ul>\n<p>Plug &amp; Swim Type 4:n ja Type 5:n ero on hydrolyysilaitteessa. Tyyppi 4 ei sis\u00e4ll\u00e4 hydrolyysilaitetta, ja se soveltuu my\u00f6s altaisiin ja uima-altaisiin, joissa on vesikasveja. Tyyppi 5, hydrolyysiyksikk\u00f6, soveltuu altaisiin, joissa ei ole vesikasveja. Tyyppi 5 soveltuu hyvin olemassa olevan kloorialtaan k\u00e4sittelyj\u00e4rjestelm\u00e4n muuttamiseen kemikaalittomaksi altaaksi.   <\/p>\n<p>Pohjan mitat 1&#215;1,2m. Takasein\u00e4n mitat 1&#215;1,6m (h) <\/p>\n","protected":false},"excerpt":{"rendered":"<p>Valmistussarja jopa 100 m3 :n v\u00e4h\u00e4suolaiselle kloorittomalle allasvedelle.<\/p>\n","protected":false},"featured_media":102383,"template":"","meta":{"_et_pb_use_builder":"off","_et_pb_old_content":"<h4>Suodatinsarja biologiseen altaaseen tai uima-altaaseen<\/h4>\nIhanteellinen k\u00e4ytt\u00f6valmis ratkaisu ammattimaiseen ja kompaktiin biosuodatukseen! T\u00e4m\u00e4 suodatusj\u00e4rjestelm\u00e4 toimitetaan t\u00e4ysin koottuna muovilavalla, jossa on HDPE-tausta. Ainoastaan virtajohto on kytkett\u00e4v\u00e4. T\u00e4m\u00e4 suodatusj\u00e4rjestelm\u00e4 soveltuu enint\u00e4\u00e4n 80 m\u00b3:n hybridialtaaseen\/biopooliin tai uima-altaaseen. Itsest\u00e4\u00e4n imev\u00e4n pumpun ansiosta t\u00e4t\u00e4 j\u00e4rjestelm\u00e4\u00e4 voidaan k\u00e4ytt\u00e4\u00e4 sek\u00e4 maanpinnan yl\u00e4- ett\u00e4 alapuolella. T\u00e4m\u00e4 k\u00e4ytt\u00f6valmis j\u00e4rjestelm\u00e4 soveltuu my\u00f6s 100-prosenttisesti perinteisen (kloori)altaan muuttamiseen hybridi-altaaksi\/biopooliksi!     \n\nEkologinen ja kest\u00e4v\u00e4 suodatus veden, energian ja vedenk\u00e4sittelyn resurssien optimaalisen k\u00e4yt\u00f6n avulla. Ymp\u00e4rist\u00f6yst\u00e4v\u00e4llinen ja s\u00e4\u00e4st\u00e4\u00e4 k\u00e4ytt\u00f6kustannuksia. \n\nS\u00e4\u00e4st\u00e4\u00e4 vett\u00e4 ! Helmisuodatin puhdistetaan ilmapuhaltimella niin, ett\u00e4 takaisinhuuhtelun aikana huuhtoutuu vain rajoitettu m\u00e4\u00e4r\u00e4 vett\u00e4. \n\nEnergians\u00e4\u00e4st\u00f6 ! Optimaalinen veden virtaus alhaisen helmisuodattimen vastuksen ansiosta. N\u00e4in voidaan saavuttaa sama suodatinkapasiteetti pienemm\u00e4ll\u00e4 energiankulutuksella.  \n\nV\u00e4hemm\u00e4n kemikaaleja ! Suolahydrolyysiin perustuva desinfiointi UV-C:ll\u00e4 ja fosfaatinhallinta. Optimaalinen vedenvaihto takaa merkitt\u00e4v\u00e4t s\u00e4\u00e4st\u00f6t vedenk\u00e4sittelyaineissa.  \n\nPlug and Play ! T\u00e4m\u00e4 t\u00e4ysin valmiiksi koottu suodatinj\u00e4rjestelm\u00e4 toimitetaan valmiiksi koottuna HDPE-taustalla varustettuna vahvalla muovilavalla. \n\nSafe AquaForte asettaa uimareiden ja heid\u00e4n ymp\u00e4rist\u00f6ns\u00e4 hyvinvoinnin etusijalle. T\u00e4m\u00e4n suodatusj\u00e4rjestelm\u00e4n ytimess\u00e4 on terveellisen, kirkkaan ja puhtaan uimaveden tuottaminen. \n\nTekniset ominaisuudet:\n<ul>\n \t<li>3 sis\u00e4\u00e4ntuloaukkoa x 63mm, joissa on palloventtiilit esisuodatusta varten.<\/li>\n \t<li>2 paluu 63mm (erikseen s\u00e4\u00e4dett\u00e4viss\u00e4 palloventtiileill\u00e4 \u00d863mm).<\/li>\n \t<li>Ohitusj\u00e4rjestelm\u00e4, esimerkiksi l\u00e4mp\u00f6pumppua varten, jossa on 63 mm:n palloventtiilit<\/li>\n \t<li>1 x eritt\u00e4in suuri esisuodatin (8 litraa!), jossa on helposti puhdistettava suodatinkori.<\/li>\n \t<li>1 x Victoria Silent VS -pumppu<\/li>\n \t<li>1 x AquaForte UltraBead UB-60 suodatin<\/li>\n \t<li>1 x AquaForte Buster 140 vatt UV-C:t\u00e4<\/li>\n \t<li>1 x Astral Elite Connect 100LS -matalasuolainen hydrolyysij\u00e4rjestelm\u00e4, jossa on pH- ja ORP-vaihtoehto, annostelupumppu ja monitoiminen virtauskammio.<\/li>\n \t<li>1 x AquaForte Dosatech Phosfree Phosfree Phosphate Remover annostelutarkoituksiin.<\/li>\n \t<li>1 x liitin, jossa 6 pistorasiaa, mukaan lukien 16A sulake ja 30mA vikavirtasuojaus.<\/li>\n<\/ul>","_et_gb_content_width":""},"product_brand":[],"product_cat":[112,176],"product_tag":[],"class_list":{"0":"post-102656","1":"product","2":"type-product","3":"status-publish","4":"has-post-thumbnail","6":"product_cat-altaan-suodattimet","7":"product_cat-kemikaalittomiin-uima-altaisiin","8":"product_shipping_class-kuller_alus-fi","10":"first","11":"instock","12":"taxable","13":"shipping-taxable","14":"purchasable","15":"product-type-simple"},"jetpack_sharing_enabled":true,"_links":{"self":[{"href":"https:\/\/basseinimeistrid.ee\/fi\/wp-json\/wp\/v2\/product\/102656","targetHints":{"allow":["GET"]}}],"collection":[{"href":"https:\/\/basseinimeistrid.ee\/fi\/wp-json\/wp\/v2\/product"}],"about":[{"href":"https:\/\/basseinimeistrid.ee\/fi\/wp-json\/wp\/v2\/types\/product"}],"wp:featuredmedia":[{"embeddable":true,"href":"https:\/\/basseinimeistrid.ee\/fi\/wp-json\/wp\/v2\/media\/102383"}],"wp:attachment":[{"href":"https:\/\/basseinimeistrid.ee\/fi\/wp-json\/wp\/v2\/media?parent=102656"}],"wp:term":[{"taxonomy":"product_brand","embeddable":true,"href":"https:\/\/basseinimeistrid.ee\/fi\/wp-json\/wp\/v2\/product_brand?post=102656"},{"taxonomy":"product_cat","embeddable":true,"href":"https:\/\/basseinimeistrid.ee\/fi\/wp-json\/wp\/v2\/product_cat?post=102656"},{"taxonomy":"product_tag","embeddable":true,"href":"https:\/\/basseinimeistrid.ee\/fi\/wp-json\/wp\/v2\/product_tag?post=102656"}],"curies":[{"name":"wp","href":"https:\/\/api.w.org\/{rel}","templated":true}]}}