{"id":102659,"date":"2025-01-13T20:07:23","date_gmt":"2025-01-13T20:07:23","guid":{"rendered":"https:\/\/basseinimeistrid.ee\/pood\/Ei-luokiteltu\/hiekkasuodatinpaketti-plug-swim-suodatinkoppi\/"},"modified":"2025-03-01T22:28:53","modified_gmt":"2025-03-01T20:28:53","slug":"hiekkasuodatinpaketti-plug-swim-suodatinkoppi","status":"publish","type":"product","link":"https:\/\/basseinimeistrid.ee\/fi\/pood\/hiekkasuodatinpaketti-plug-swim-suodatinkoppi\/","title":{"rendered":"Hiekkasuodatinpaketti Plug &amp; Swim filter cabin"},"content":{"rendered":"<h4>Valmiiksi koottu t\u00e4ydellinen ratkaisu hiekkasuodattimella ja automaatiolla jopa 110 m\u00b3:n uima-altaisiin<\/h4>\n<p>S\u00e4\u00e4st\u00e4\u00e4 jopa 25 tuntia j\u00e4rjestelm\u00e4n asennusaikaa<br \/>\nS\u00e4\u00e4st\u00e4\u00e4 kalliin joustavan putken<br \/>\nLaitteiden asentaminen ei vaadi porausta tai vahvaa sein\u00e4\u00e4<br \/>\nS\u00e4\u00e4st\u00e4\u00e4 aikaa asennuksen ja j\u00e4rjestelm\u00e4komponenttien suunnittelussa<\/p>\n<p>Uima-altaan rakentaminen on yleens\u00e4 paljon muutakin kuin pelk\u00e4n allaskontin rakentamista. Sinun on harkittava suodatinpumppua, suodatinta, vedenk\u00e4sittelyj\u00e4rjestelm\u00e4\u00e4, putkistoa ja kaikkia tarvittavia lis\u00e4varusteita. Plug &amp; Swim Filter Cabin on ensimm\u00e4inen all-in-one-suodatinj\u00e4rjestelm\u00e4 uima-altaallesi. Laatumerkit, kuten Sugar Valley, Blue Lagoon UV-C ja AstralPool, on esiasennettu tehokkaasti ja integroitu Plug &amp; Swim Filter Cabin -kaappiin tehokkaan, nopean, turvallisen, t\u00e4ydellisen ja k\u00e4ytt\u00e4j\u00e4yst\u00e4v\u00e4llisen suodatusj\u00e4rjestelm\u00e4n tarjoamiseksi uima-altaallesi.   <\/p>\n<p>Kaikkien mallien tekniset tiedot:<\/p>\n<p>3 x \u00d863mm sis\u00e4\u00e4ntulo, 2 x \u00d863mm paluu, 1 x \u00d850mm ulostulo, 1 x \u00d850mm pesuveden poisto<br \/>\n Astral Victoria Plus Silent 1 HP allaspumppu (paitsi TC102 ja TC104) ja Astral Cantabric 600 mm suodatin suodatinhiekalla (lasihelmet 0,6-0,8 mm).<br \/>\n Ohitus (3 x \u00d863mm palloventtiili\u00e4) l\u00e4mmittimelle\/l\u00e4mp\u00f6pumpulle.<br \/>\n pH- ja redox-anturit<br \/>\n Blue Lagoon 75w suolaveden UV-C-yksikk\u00f6 (paitsi TC109)<br \/>\n S\u00e4hk\u00f6paneeli, jossa kaikki s\u00e4hk\u00f6liit\u00e4nn\u00e4t pumpulle, valoille jne. varten<br \/>\n Kaappi on varustettu LED-valaistuksella liiketunnistimella ja kaapin l\u00e4mmittimell\u00e4.<br \/>\n L\u00e4mp\u00f6tila-anturi<br \/>\n Maadoitusliit\u00e4nt\u00e4sarja <\/p>\n<p>Tekniset tiedot Sugar Valley -malleille:<\/p>\n<p>TC102: Sugar Valley Station -ohjausyksikk\u00f6, jossa on 2 annostelupumppua pH:lle ja kloorille.<br \/>\n TC104: Sugar Valley Hidrolife Sal 16 (suolan elektrolyysi&gt; 3 g\/l suolaa) yhdell\u00e4 annostelupumpulla pH:ta varten.<br \/>\n TC106: Sugar Valley Oxilife OX1 (hydrolyysi 1,5 g\/l suolalla) 1 annospumpulla pH:ta varten.<br \/>\n TC108: Sugar Valley Aqua Scenic HD1 (hydrolyysi&lt; 1 g\/l suola + kupari-ionisaatio) ja 1 annostelupumppu pH:lle.<br \/>\n TC109: Sugar Valley Aqua Scenic HD2 (hydrolyysi&lt; 1 g\/l suolaa + kaksoiskuparin ionisaatiolaite) ja 1 annostelupumppu pH:ta varten.<\/p>\n<p>TC106A, TC108A ja TC109A on varustettu muuttuvanopeuksisella pumpulla (67547, Victoria Silent Plus VS 1HP).<\/p>\n<p>Kaapin ulkomitat ovat 102cm x 102cm x 200cm (korkeus).<\/p>\n<p>&nbsp;<\/p>\n","protected":false},"excerpt":{"rendered":"<p>T\u00e4ydellinen hiekkasuodatin ja automaatioratkaisu uima-altaille ja uimalammille.<\/p>\n","protected":false},"featured_media":102397,"template":"","meta":{"_et_pb_use_builder":"","_et_pb_old_content":"","_et_gb_content_width":""},"product_brand":[],"product_cat":[112],"product_tag":[],"class_list":{"0":"post-102659","1":"product","2":"type-product","3":"status-publish","4":"has-post-thumbnail","6":"product_cat-altaan-suodattimet","7":"product_shipping_class-erikokkulepe-fi","9":"first","10":"instock","11":"taxable","12":"shipping-taxable","13":"purchasable","14":"product-type-variable"},"jetpack_sharing_enabled":true,"_links":{"self":[{"href":"https:\/\/basseinimeistrid.ee\/fi\/wp-json\/wp\/v2\/product\/102659","targetHints":{"allow":["GET"]}}],"collection":[{"href":"https:\/\/basseinimeistrid.ee\/fi\/wp-json\/wp\/v2\/product"}],"about":[{"href":"https:\/\/basseinimeistrid.ee\/fi\/wp-json\/wp\/v2\/types\/product"}],"wp:featuredmedia":[{"embeddable":true,"href":"https:\/\/basseinimeistrid.ee\/fi\/wp-json\/wp\/v2\/media\/102397"}],"wp:attachment":[{"href":"https:\/\/basseinimeistrid.ee\/fi\/wp-json\/wp\/v2\/media?parent=102659"}],"wp:term":[{"taxonomy":"product_brand","embeddable":true,"href":"https:\/\/basseinimeistrid.ee\/fi\/wp-json\/wp\/v2\/product_brand?post=102659"},{"taxonomy":"product_cat","embeddable":true,"href":"https:\/\/basseinimeistrid.ee\/fi\/wp-json\/wp\/v2\/product_cat?post=102659"},{"taxonomy":"product_tag","embeddable":true,"href":"https:\/\/basseinimeistrid.ee\/fi\/wp-json\/wp\/v2\/product_tag?post=102659"}],"curies":[{"name":"wp","href":"https:\/\/api.w.org\/{rel}","templated":true}]}}