{"id":102664,"date":"2025-01-13T20:28:53","date_gmt":"2025-01-13T18:28:53","guid":{"rendered":"https:\/\/basseinimeistrid.ee\/pood\/Ei-luokiteltu\/altaan-lampopumppu-aquaforte-mr-perfect\/"},"modified":"2025-03-15T15:24:51","modified_gmt":"2025-03-15T13:24:51","slug":"altaan-lampopumppu-aquaforte-mr-perfect","status":"publish","type":"product","link":"https:\/\/basseinimeistrid.ee\/fi\/pood\/altaan-lampopumppu-aquaforte-mr-perfect\/","title":{"rendered":"Altaan l\u00e4mp\u00f6pumppu AquaForte MR. Perfect"},"content":{"rendered":"<p>AquaForte Mr. Perfect on altaan l\u00e4mp\u00f6pumppujen vallankumous. Muihin invertteril\u00e4mp\u00f6pumppuihin verrattuna AquaForte Mr. Perfectiss\u00e4 on Inverpad Turbo -puhallinteknologia. T\u00e4m\u00e4 tarkoittaa eritt\u00e4in hiljaista (38,4 dB !) toimintaa ja on allasalan energiatehokkain ratkaisu. L\u00e4mp\u00f6pumpussa on eritt\u00e4in moderni muotoilu ja se on valmistettu korkealaatuisesta alumiinista, mik\u00e4 takaa laitteen pitk\u00e4n k\u00e4ytt\u00f6i\u00e4n.   <\/p>\n<p>AquaForte Mr. Perfect -l\u00e4mp\u00f6pumput on suojattu kahdella l\u00e4mmitysvy\u00f6ll\u00e4, jotka est\u00e4v\u00e4t l\u00e4mp\u00f6pumpun talvipakkasvauriot.<\/p>\n<p>Kompressorin suojaus. Aktivoituu automaattisesti alle 8 \u00b0C:n ymp\u00e4rist\u00f6n l\u00e4mp\u00f6tiloissa, kun kompressori kytket\u00e4\u00e4n pois p\u00e4\u00e4lt\u00e4. L\u00e4mmitysvy\u00f6 kytkeytyy uudelleen pois p\u00e4\u00e4lt\u00e4, kun kompressori kytket\u00e4\u00e4n p\u00e4\u00e4lle tai kun ymp\u00e4rist\u00f6n l\u00e4mp\u00f6tila nousee j\u00e4lleen yli 8 \u00b0C:n.  <\/p>\n<p>H\u00f6yrystimen suojaus. T\u00e4m\u00e4 mahdollistaa sulamisveden paremman valumisen ja est\u00e4\u00e4 j\u00e4\u00e4n muodostumisen l\u00e4mp\u00f6pumpun ymp\u00e4rille. Se my\u00f6s nopeuttaa sulatustoimintoa. Se aktivoituu, kun kompressori on ollut yht\u00e4jaksoisesti k\u00e4ynniss\u00e4 20 minuuttia ja ulkol\u00e4mp\u00f6tila on +\/- 0 \u00b0C l\u00e4mmityskauden aikana. Aktivoituu sulatustoiminnon k\u00e4yt\u00f6n aikana. L\u00e4mmitysvy\u00f6 kytkeytyy j\u00e4lleen pois p\u00e4\u00e4lt\u00e4, kun l\u00e4mp\u00f6tila nousee j\u00e4lleen yli t\u00e4m\u00e4n arvon. L\u00e4mmitysvy\u00f6 on my\u00f6s suojattu j\u00e4\u00e4tymiselt\u00e4. Kun tulevan veden l\u00e4mp\u00f6tila on 2 \u00b0C ja ulkol\u00e4mp\u00f6tila on 0 \u00b0C, l\u00e4mp\u00f6pumppu k\u00e4ynnistyy automaattisesti l\u00e4mmitystilaan. Kun veden l\u00e4mp\u00f6tila on 15 \u00b0C tai ymp\u00e4rist\u00f6n l\u00e4mp\u00f6tila 1 \u00b0C, l\u00e4mp\u00f6pumppu palaa valmiustilaan. T\u00e4m\u00e4 toiminto toimii vain, kun l\u00e4mp\u00f6pumpussa on s\u00e4hk\u00f6\u00e4 ja allaspumppu on k\u00e4ynniss\u00e4. Jos l\u00e4mp\u00f6pumpun l\u00e4pi ei virtaa vett\u00e4, n\u00e4ytt\u00f6\u00f6n tulee E3-viesti ja l\u00e4mp\u00f6pumppu kytkeytyy pois p\u00e4\u00e4lt\u00e4.          <\/p>\n<p>AquaForte Mr. Perfect -l\u00e4mp\u00f6pumput on varustettu nykyaikaisella kosketusn\u00e4yt\u00f6ll\u00e4, ja niiss\u00e4 on vakiona WiFi-moduuli, joka mahdollistaa l\u00e4mp\u00f6pumpun kauko-ohjauksen sovelluksen avulla (iOs &amp; Android). AquaForteMr. Perfect vet\u00e4\u00e4 ilmaa l\u00e4mp\u00f6pumpun takaosan l\u00e4pi ja ilma puhalletaan ulos sivuilta. AquaForteMr. Perfectiss\u00e4 on my\u00f6s erityinen liit\u00e4nt\u00e4mahdollisuus ulkoisen ohjaimen (kuten Astral Elite \/ Sugar Valley) liitt\u00e4mist\u00e4 varten. S\u00e4\u00e4din voi antaa signaalin l\u00e4mp\u00f6pumpulle sen aktivoimiseksi ja deaktivoimiseksi.    <\/p>\n<ul>\n<li>10 vuoden takuu l\u00e4mm\u00f6nvaihtimelle.<\/li>\n<li>7 vuoden kompressoritakuu.<\/li>\n<li>Varustettu l\u00e4mmityshihnoilla kompressorin ja h\u00f6yrystimen suojaamiseksi.<\/li>\n<li>Kaikkina vuodenaikoina (-15 \u2070C &#8211; +43\u2070C ulkona).<\/li>\n<li>Varustettu t\u00e4rin\u00e4\u00e4 est\u00e4vill\u00e4 jaloilla.<\/li>\n<li>Talvipeite (valinnainen).<\/li>\n<li>Inverpad Turboventilaattori.<\/li>\n<li>COP jopa 16,5 (COP eli <em>l\u00e4mp\u00f6kerroin<\/em> kertoo, kuinka monta kertaa laite tuottaa enemm\u00e4n l\u00e4mp\u00f6energiaa kuin se kuluttaa s\u00e4hk\u00f6\u00e4).<\/li>\n<li>WiFi-moduuli (Apple &amp; Android).<\/li>\n<li>Moderni kosketusn\u00e4ytt\u00f6.<\/li>\n<li>Vesiliit\u00e4nn\u00e4t laitteen sivulla. Laitteen sis\u00e4\u00e4ntulossa ja ulostulossa on 1\u00bd&#8221; sis\u00e4kierre. Mukana toimitetaan amerikkalaiset 1\u00bd&#8221; uros \/ 50mm pvc. <\/li>\n<\/ul>\n<p>AquaForte Mr. Perfect -allasl\u00e4mp\u00f6pumppujen parametrit l\u00f6ytyv\u00e4t <a href=\"https:\/\/basseinimeistrid.ee\/wp-content\/uploads\/2025\/02\/mr.perfect-parameetrid.pdf\" target=\"_blank\" rel=\"noopener\">T\u00c4\u00c4LT\u00c4<\/a>.<\/p>\n","protected":false},"excerpt":{"rendered":"<p>Uima-altaiden l\u00e4mmityksen vallankumous. Muihin invertteril\u00e4mp\u00f6pumppuihin verrattuna eritt\u00e4in hiljainen toiminta ja suuret energians\u00e4\u00e4st\u00f6t innovatiivisen tekniikan ansiosta. <\/p>\n","protected":false},"featured_media":102411,"template":"","meta":{"_et_pb_use_builder":"off","_et_pb_old_content":"AquaForte Mr. Perfect on altaan l\u00e4mp\u00f6pumppujen vallankumous. Verrattuna muihin\ninvertteril\u00e4mp\u00f6pumppuihin AquaForte Mr. Perfectiss\u00e4 on Inverpad Turbo -puhallinteknologia. T\u00e4m\u00e4\ntarkoittaa eritt\u00e4in hiljaista (38,4 dB !) toimintaa ja on allasalan energiatehokkain ratkaisu. L\u00e4mp\u00f6pumpussa\non eritt\u00e4in moderni muotoilu ja se on valmistettu korkealaatuisesta alumiinista, mik\u00e4 takaa laitteen pitk\u00e4n k\u00e4ytt\u00f6i\u00e4n.\nR32\nFULL INVERTER\nWIFI\/APP\nENERGIANS\u00c4\u00c4ST\u00d6\nL\u00c4MMITYS\nS\u00c4TEILYTYS   \n\nL\u00c4MP\u00d6SUOJAUS L\u00c4MP\u00d6VY\u00d6ILL\u00c4\nAquaForte Mr. Perfect -l\u00e4mp\u00f6pumput on suojattu kahdella l\u00e4mp\u00f6hihnalla, jotka est\u00e4v\u00e4t l\u00e4mp\u00f6pumpun pakkasvauriot.\n- Kompressorin suojaus l\u00e4mp\u00f6hihnoilla. Aktivoituu automaattisesti ymp\u00e4rist\u00f6n l\u00e4mp\u00f6tilan ollessa alle +\/- 8 \u00b0C, jos kompressori on tuolloin pois p\u00e4\u00e4lt\u00e4. L\u00e4mp\u00f6hihna aktivoituu uudelleen, kun kompressori kytket\u00e4\u00e4n p\u00e4\u00e4lle tai kun\nymp\u00e4rist\u00f6n l\u00e4mp\u00f6tila nousee j\u00e4lleen yli +\/- 8 \u00b0C.\n- H\u00f6yrystimen suojaus. T\u00e4m\u00e4 mahdollistaa sulamisveden paremman poisjohtamisen ja est\u00e4\u00e4 j\u00e4\u00e4n muodostumisen l\u00e4mp\u00f6pumpun ymp\u00e4rille. Se my\u00f6s nopeuttaa sulatustoimintoa. Se aktivoituu, kun kompressori on ollut yht\u00e4jaksoisesti k\u00e4ynniss\u00e4 20 minuuttia ja ulkol\u00e4mp\u00f6tila on +\/- 0 \u00b0C l\u00e4mmityskauden aikana. Aktivoituu sulatustoiminnon k\u00e4yt\u00f6n aikana. L\u00e4mmitysvy\u00f6 kytkeytyy j\u00e4lleen pois p\u00e4\u00e4lt\u00e4, kun l\u00e4mp\u00f6tila nousee j\u00e4lleen yli t\u00e4m\u00e4n arvon. L\u00e4mmitysvy\u00f6 on my\u00f6s suojattu j\u00e4\u00e4tymiselt\u00e4. Kun tulevan veden l\u00e4mp\u00f6tila on 2 \u00b0C ja ulkol\u00e4mp\u00f6tila on 0 \u00b0C, l\u00e4mp\u00f6pumppu k\u00e4ynnistyy automaattisesti l\u00e4mmitystilaan. Kun veden l\u00e4mp\u00f6tila on 15 \u00b0C tai ymp\u00e4rist\u00f6n l\u00e4mp\u00f6tila 1 \u00b0C, l\u00e4mp\u00f6pumppu palaa valmiustilaan. T\u00e4m\u00e4 toiminto toimii vain, kun l\u00e4mp\u00f6pumpussa on s\u00e4hk\u00f6\u00e4 ja allaspumppu on k\u00e4ynniss\u00e4. Jos l\u00e4mp\u00f6pumpun l\u00e4pi ei virtaa vett\u00e4, n\u00e4ytt\u00f6\u00f6n tulee E3-viesti ja l\u00e4mp\u00f6pumppu kytkeytyy pois p\u00e4\u00e4lt\u00e4.            \n\nAquaForte Mr. Perfect -l\u00e4mp\u00f6pumput on varustettu nykyaikaisella kosketusn\u00e4yt\u00f6ll\u00e4, ja niiss\u00e4 on vakiona WiFi-moduuli, joka mahdollistaa l\u00e4mp\u00f6pumpun kauko-ohjauksen sovelluksen avulla (iOs & Android).\nAquaForteMr. Perfect imee ilmaa l\u00e4mp\u00f6pumpun takaosan kautta ja ilma puhalletaan ulos sivuilta.\nAquaForteMr. Perfectiss\u00e4 on erityinen liit\u00e4nt\u00e4mahdollisuus ulkoiseen ohjaimeen (esim. Astral Elite \/ Sugar Valley) liitt\u00e4mist\u00e4 varten. S\u00e4\u00e4din voi antaa l\u00e4mp\u00f6pumpulle signaalin sen aktivoimiseksi ja deaktivoimiseksi.\n- 10 vuoden takuu l\u00e4mm\u00f6nvaihtimelle.\n- 7 vuoden takuu kompressorille.\n- Varustettu l\u00e4mp\u00f6hihnoilla kompressorin ja h\u00f6yrystimen suojaamiseksi.\n- L\u00e4mp\u00f6hihnoilla kompressorin ja h\u00f6yrystimen suojaamiseksi. Kaikkina vuodenaikoina (aina -15 \u2070C ulkol\u00e4mp\u00f6tilaan asti).\n- Varustettu t\u00e4rin\u00e4nestojaloilla.\n- Talvisuoja (lis\u00e4varuste).\n- Inverpad Turbofan.\n- COP jopa 16,5 (COP eli <em>l\u00e4mp\u00f6kerroin<\/em> on luku, joka kertoo, kuinka monta kertaa enemm\u00e4n l\u00e4mp\u00f6energiaa laite tuottaa verrattuna kulutettuun s\u00e4hk\u00f6\u00f6n).   \n\n- WiFi-moduuli (Apple & Android).\n- Moderni kosketusn\u00e4ytt\u00f6.\n- Vesiliit\u00e4nn\u00e4t laitteen sivulla.","_et_gb_content_width":""},"product_brand":[],"product_cat":[109],"product_tag":[],"class_list":{"0":"post-102664","1":"product","2":"type-product","3":"status-publish","4":"has-post-thumbnail","6":"product_cat-lampopumput","7":"product_shipping_class-kuller-fi","9":"first","10":"instock","11":"taxable","12":"shipping-taxable","13":"purchasable","14":"product-type-variable"},"jetpack_sharing_enabled":true,"_links":{"self":[{"href":"https:\/\/basseinimeistrid.ee\/fi\/wp-json\/wp\/v2\/product\/102664","targetHints":{"allow":["GET"]}}],"collection":[{"href":"https:\/\/basseinimeistrid.ee\/fi\/wp-json\/wp\/v2\/product"}],"about":[{"href":"https:\/\/basseinimeistrid.ee\/fi\/wp-json\/wp\/v2\/types\/product"}],"wp:featuredmedia":[{"embeddable":true,"href":"https:\/\/basseinimeistrid.ee\/fi\/wp-json\/wp\/v2\/media\/102411"}],"wp:attachment":[{"href":"https:\/\/basseinimeistrid.ee\/fi\/wp-json\/wp\/v2\/media?parent=102664"}],"wp:term":[{"taxonomy":"product_brand","embeddable":true,"href":"https:\/\/basseinimeistrid.ee\/fi\/wp-json\/wp\/v2\/product_brand?post=102664"},{"taxonomy":"product_cat","embeddable":true,"href":"https:\/\/basseinimeistrid.ee\/fi\/wp-json\/wp\/v2\/product_cat?post=102664"},{"taxonomy":"product_tag","embeddable":true,"href":"https:\/\/basseinimeistrid.ee\/fi\/wp-json\/wp\/v2\/product_tag?post=102664"}],"curies":[{"name":"wp","href":"https:\/\/api.w.org\/{rel}","templated":true}]}}