{"id":102680,"date":"2025-01-13T20:07:23","date_gmt":"2025-01-13T18:07:23","guid":{"rendered":"https:\/\/basseinimeistrid.ee\/pood\/Ei-luokiteltu\/lasihelmet-suodatinhiekka-06-08-mm-25-kg\/"},"modified":"2025-03-16T13:00:00","modified_gmt":"2025-03-16T11:00:00","slug":"lasihelmet-suodatinhiekka-06-08-mm-25-kg","status":"publish","type":"product","link":"https:\/\/basseinimeistrid.ee\/fi\/pood\/lasihelmet-suodatinhiekka-06-08-mm-25-kg\/","title":{"rendered":"Glass Pearls &#8221;suodatinhiekka&#8221; 0,6 &#8211; 0,8 mm, 25 kg"},"content":{"rendered":"<p>Uuden sukupolven suodatinmateriaali (&#8221;suodatinhiekka&#8221;) parantaa veden kirkkautta ja vaatii huomattavasti v\u00e4hemm\u00e4n vett\u00e4 suodattimen takaisinsuihkutukseen. Valmistettu 100 % puhtaasta lasista (ei kierr\u00e4tysmateriaalia). Lasihelmet ovat muodoltaan py\u00f6reit\u00e4 eik\u00e4 niiss\u00e4 ole ter\u00e4vi\u00e4 reunoja.  <\/p>\n<ul>\n<li>Erinomainen suodatus 3 mikroniin asti!<\/li>\n<li>Jopa 20 % v\u00e4hemm\u00e4n vett\u00e4 tarvitaan suodattimen takaisinsuihkutukseen<\/li>\n<li>Ter\u00e4n koko 0,6 mm &#8211; 0,8 mm<\/li>\n<li>Kemiallisesti inertti ja ep\u00e4puhtauksista vapaa materiaali<\/li>\n<\/ul>\n<p>&nbsp;<\/p>\n<p>SYV\u00c4SUODATUS<\/p>\n<p>Toisin kuin suodatinhiekka, lasinen suodatinmateriaali toimii &#8221;syvyyssuodatuksen&#8221; periaatteella &#8211; musta vesi pumpataan suodatinmateriaalin l\u00e4pi ja lika ker\u00e4t\u00e4\u00e4n lasihelmien v\u00e4liin (hiekkasuodattimien tapauksessa yleens\u00e4 vain yl\u00e4pinta toimii). Puhdistettu vesi p\u00e4\u00e4see kulkemaan suodatinmedian l\u00e4pi koko matkan. <\/p>\n","protected":false},"excerpt":{"rendered":"<p>Uuden sukupolven suodatinmateriaali (&#8221;suodatinhiekka&#8221;), parempi veden kirkkaus ja huomattavasti v\u00e4hemm\u00e4n vett\u00e4, jota tarvitaan altaan suodattimen takaisinhuuhteluun. Valmistettu 100 % puhtaasta lasista. <\/p>\n","protected":false},"featured_media":102386,"template":"","meta":{"_et_pb_use_builder":"off","_et_pb_old_content":"Uuden sukupolven suodatinmateriaali (\"suodatinhiekka\") takaa paremman veden kirkkauden ja vaatii huomattavasti v\u00e4hemm\u00e4n vett\u00e4 suodattimen takaisinsuihkutukseen. Valmistettu 100 % puhtaasta lasista (ei kierr\u00e4tysmateriaalia). Lasihelmet ovat py\u00f6ristettyj\u00e4 eik\u00e4 niiss\u00e4 ole ter\u00e4vi\u00e4 reunoja!  \n\nErinomainen suodatus aina 3 mikroniin asti\nJopa 20 % v\u00e4hemm\u00e4n vett\u00e4 tarvitaan suodattimen takaisinsuihkutukseen.\nTer\u00e4koko 0,6 mm - 0,8 mm.\nKemiallisesti inertti ja ep\u00e4puhtauksista vapaa materiaali.\n\nLASISUODATUS Lasisuodatin, toisin kuin hiekkasuodatin, toimii \"syvyyssuodatuksen\" periaatteella; musta vesi pumpataan suodatinmedian l\u00e4pi ja lika ker\u00e4t\u00e4\u00e4n lasihelmien v\u00e4liin (hiekkasuodattimissa vain yl\u00e4pinta toimii yleens\u00e4). Puhdistettu vesi p\u00e4\u00e4see kulkemaan suodatinmedian l\u00e4pi koko matkan. ","_et_gb_content_width":""},"product_brand":[],"product_cat":[212],"product_tag":[],"class_list":{"0":"post-102680","1":"product","2":"type-product","3":"status-publish","4":"has-post-thumbnail","6":"product_cat-suodatintarvikkeet","7":"product_shipping_class-kuller_alus-fi","9":"first","10":"instock","11":"taxable","12":"shipping-taxable","13":"purchasable","14":"product-type-simple"},"jetpack_sharing_enabled":true,"_links":{"self":[{"href":"https:\/\/basseinimeistrid.ee\/fi\/wp-json\/wp\/v2\/product\/102680","targetHints":{"allow":["GET"]}}],"collection":[{"href":"https:\/\/basseinimeistrid.ee\/fi\/wp-json\/wp\/v2\/product"}],"about":[{"href":"https:\/\/basseinimeistrid.ee\/fi\/wp-json\/wp\/v2\/types\/product"}],"wp:featuredmedia":[{"embeddable":true,"href":"https:\/\/basseinimeistrid.ee\/fi\/wp-json\/wp\/v2\/media\/102386"}],"wp:attachment":[{"href":"https:\/\/basseinimeistrid.ee\/fi\/wp-json\/wp\/v2\/media?parent=102680"}],"wp:term":[{"taxonomy":"product_brand","embeddable":true,"href":"https:\/\/basseinimeistrid.ee\/fi\/wp-json\/wp\/v2\/product_brand?post=102680"},{"taxonomy":"product_cat","embeddable":true,"href":"https:\/\/basseinimeistrid.ee\/fi\/wp-json\/wp\/v2\/product_cat?post=102680"},{"taxonomy":"product_tag","embeddable":true,"href":"https:\/\/basseinimeistrid.ee\/fi\/wp-json\/wp\/v2\/product_tag?post=102680"}],"curies":[{"name":"wp","href":"https:\/\/api.w.org\/{rel}","templated":true}]}}