{"id":102685,"date":"2025-01-13T20:54:18","date_gmt":"2025-01-13T20:54:18","guid":{"rendered":"https:\/\/basseinimeistrid.ee\/pood\/Ei-luokiteltu\/uvcosoon-blue-lagoon-xpert-75-wattia\/"},"modified":"2025-02-28T19:42:36","modified_gmt":"2025-02-28T17:42:36","slug":"uvcosoon-blue-lagoon-xpert-75-wattia","status":"publish","type":"product","link":"https:\/\/basseinimeistrid.ee\/fi\/pood\/uvcosoon-blue-lagoon-xpert-75-wattia\/","title":{"rendered":"UVC+otsoni Blue Lagoon Xpert 75 wattia"},"content":{"rendered":"<p>T\u00e4h\u00e4n \u00e4lykk\u00e4\u00e4sti suunniteltuun desinfiointij\u00e4rjestelm\u00e4\u00e4n integroitu otsonin ja UV-C:n yhdistelm\u00e4 takaa joka kerta puhtaan, raikkaan ja terveellisen allasveden, johon voidaan lis\u00e4t\u00e4 mahdollisimman v\u00e4h\u00e4n klooria. Ilma imet\u00e4\u00e4n ulkopuolelta UV-C-lampun ja kvartsihylsyn v\u00e4liseen tilaan mukana tulevan tuulettimen avulla. Erityinen UV-C-lamppu tuottaa sek\u00e4 254 nm:n ett\u00e4 185 nm:n s\u00e4teily\u00e4. 185 nm:n s\u00e4teily muuttaa vedess\u00e4 olevan hapen otsoniksi. Tuotettu otsoni (enint\u00e4\u00e4n 0,6 g\/h) sekoitetaan veteen venturin kautta desinfiointi- ja hapetustoiminnon suorittamiseksi. UV-C-kotelon sis\u00e4ll\u00e4 254 nm:n UV-C-s\u00e4teily muuttaa kaikki otsonij\u00e4\u00e4m\u00e4t OH-radikaaleiksi (ns. kehittynyt hapetusprosessi), joilla on viel\u00e4 vahvempi hapetuskyky kuin otsonilla. T\u00e4m\u00e4 laite tarjoaa kolminkertaisen desinfioinnin: otsoni, OH-radikaalit ja UV-C! Duplex UV-C -laitteen runko on valmistettu ruostumattomasta Duplex-ter\u00e4ksest\u00e4. T\u00e4m\u00e4n ansiosta n\u00e4m\u00e4 laitteet soveltuvat kloorattuihin altaisiin ja my\u00f6s suolaveden elektrolyysialtaisiin. Blue Lagoon Xpert 75W AOP Duplex 5V edut:         <\/p>\n<ul>\n<li>Varustettu 25 mm:n kvartsilasilla, jossa on puristusliitos.<\/li>\n<li>Ohjaimen ja laitteen v\u00e4linen pidennetty kaapeli takaa optimaalisen asennuksen joustavuuden.<\/li>\n<li>L\u00e4pin\u00e4kyv\u00e4 lamppukorkki helpottaa lamppujen visuaalista tarkastusta.<\/li>\n<li>K\u00e4tev\u00e4 asennusratkaisu.<\/li>\n<li>Helppo asennus ja k\u00e4tev\u00e4 huolto.<\/li>\n<\/ul>\n<p>&nbsp;<\/p>\n","protected":false},"excerpt":{"rendered":"<p>T\u00e4h\u00e4n \u00e4lykk\u00e4\u00e4sti suunniteltuun desinfiointij\u00e4rjestelm\u00e4\u00e4n integroitu otsonin ja UV-C:n yhdistelm\u00e4 takaa puhtaan, raikkaan ja terveellisen allasveden.<\/p>\n","protected":false},"featured_media":102459,"template":"","meta":{"_et_pb_use_builder":"off","_et_pb_old_content":"T\u00e4h\u00e4n \u00e4lykk\u00e4\u00e4sti suunniteltuun desinfiointij\u00e4rjestelm\u00e4\u00e4n integroitu otsonin ja UV-C:n yhdistelm\u00e4 takaa joka kerta puhtaan, raikkaan ja terveellisen allasveden, johon voidaan lis\u00e4t\u00e4 mahdollisimman v\u00e4h\u00e4n klooria. Ilma imet\u00e4\u00e4n ulkopuolelta UV-C-lampun ja kvartsihylsyn v\u00e4liseen tilaan mukana tulevan tuulettimen avulla. Erityinen UV-C-lamppu tuottaa sek\u00e4 254 nm:n ett\u00e4 185 nm:n s\u00e4teily\u00e4. 185 nm:n s\u00e4teily muuttaa vedess\u00e4 olevan hapen otsoniksi. Tuotettu otsoni (enint\u00e4\u00e4n 0,6 g\/h) sekoitetaan veteen venturin kautta desinfiointi- ja hapetustoiminnon suorittamiseksi. UV-C-kotelon sis\u00e4ll\u00e4 254 nm:n UV-C-s\u00e4teily muuttaa kaikki otsonij\u00e4\u00e4m\u00e4t OH-radikaaleiksi (ns. kehittynyt hapetusprosessi), joilla on viel\u00e4 vahvempi hapetuskyky kuin otsonilla. T\u00e4m\u00e4 laite tarjoaa kolminkertaisen desinfioinnin: otsoni, OH-radikaalit ja UV-C! Duplex UV-C -laitteen runko on valmistettu ruostumattomasta Duplex-ter\u00e4ksest\u00e4. T\u00e4m\u00e4n ansiosta n\u00e4m\u00e4 laitteet soveltuvat kloorattuihin altaisiin ja my\u00f6s suolaveden elektrolyysialtaisiin.        \n\nBlue Lagoon Xpert 75W AOP Duplex 5V edut:\n<ul>\n \t<li>Varustettu 25 mm:n kvartsilasilla, jossa on puristusliitos.<\/li>\n \t<li>Ohjaimen ja laitteen v\u00e4linen pidennetty kaapeli takaa optimaalisen asennuksen joustavuuden.<\/li>\n \t<li>L\u00e4pin\u00e4kyv\u00e4 lamppukorkki helpottaa lamppujen visuaalista tarkastusta.<\/li>\n \t<li>K\u00e4tev\u00e4 asennusratkaisu.<\/li>\n \t<li>Helppo asennus ja k\u00e4tev\u00e4 huolto.<\/li>\n<\/ul>","_et_gb_content_width":""},"product_brand":[],"product_cat":[115],"product_tag":[],"class_list":{"0":"post-102685","1":"product","2":"type-product","3":"status-publish","4":"has-post-thumbnail","6":"product_cat-uvc-laitteet","7":"product_shipping_class-kuller-fi","9":"first","10":"instock","11":"taxable","12":"shipping-taxable","13":"purchasable","14":"product-type-simple"},"jetpack_sharing_enabled":true,"_links":{"self":[{"href":"https:\/\/basseinimeistrid.ee\/fi\/wp-json\/wp\/v2\/product\/102685","targetHints":{"allow":["GET"]}}],"collection":[{"href":"https:\/\/basseinimeistrid.ee\/fi\/wp-json\/wp\/v2\/product"}],"about":[{"href":"https:\/\/basseinimeistrid.ee\/fi\/wp-json\/wp\/v2\/types\/product"}],"wp:featuredmedia":[{"embeddable":true,"href":"https:\/\/basseinimeistrid.ee\/fi\/wp-json\/wp\/v2\/media\/102459"}],"wp:attachment":[{"href":"https:\/\/basseinimeistrid.ee\/fi\/wp-json\/wp\/v2\/media?parent=102685"}],"wp:term":[{"taxonomy":"product_brand","embeddable":true,"href":"https:\/\/basseinimeistrid.ee\/fi\/wp-json\/wp\/v2\/product_brand?post=102685"},{"taxonomy":"product_cat","embeddable":true,"href":"https:\/\/basseinimeistrid.ee\/fi\/wp-json\/wp\/v2\/product_cat?post=102685"},{"taxonomy":"product_tag","embeddable":true,"href":"https:\/\/basseinimeistrid.ee\/fi\/wp-json\/wp\/v2\/product_tag?post=102685"}],"curies":[{"name":"wp","href":"https:\/\/api.w.org\/{rel}","templated":true}]}}