{"id":102688,"date":"2025-01-13T20:47:44","date_gmt":"2025-01-13T18:47:44","guid":{"rendered":"https:\/\/basseinimeistrid.ee\/pood\/Ei-luokiteltu\/uima-allaspumppu-dab-e-swim-300\/"},"modified":"2025-03-01T22:20:33","modified_gmt":"2025-03-01T20:20:33","slug":"uima-allaspumppu-dab-e-swim-300","status":"publish","type":"product","link":"https:\/\/basseinimeistrid.ee\/fi\/pood\/uima-allaspumppu-dab-e-swim-300\/","title":{"rendered":"Uima-allaspumppu DAB E.swim 300"},"content":{"rendered":"<h4>Uima-allaspumppu DAB E.swim 300<\/h4>\n<p>DAB E.swim 300 on suurempi versio suosituimmasta allaspumpusta (E.swim 150)! Tehokas 2,6 hv:n moottori tarjoaa entist\u00e4 enemm\u00e4n virtausta ja painetta suurempiin uima-altaisiin. Esiasetetut nopeudet (muuttuva) Nopeus 4: 100% &#8211; 4770 rpm Nopeus 3: 85% &#8211; 4050 rpm Nopeus 2: 70% &#8211; 3330 rpm Nopeus 1: 50% &#8211; 2385 rpm Joitakin ainutlaatuisia ominaisuuksia:  <\/p>\n<ul>\n<li>LCD-n\u00e4ytt\u00f6<\/li>\n<li>Tehokas 2,25 kW:n moottori<\/li>\n<li>2,6Hp<\/li>\n<li>max 42,5m3\/h<\/li>\n<li>max 26m nosto<\/li>\n<li>Merivedenkest\u00e4v\u00e4 (jopa 35 g\/l)<\/li>\n<li>Eritt\u00e4in hiljainen!!! (45 dB) <\/li>\n<li>T\u00e4ysin ohjelmoitavissa ja konfiguroitavissa<\/li>\n<li>\u00c4lykk\u00e4\u00e4t esi-\/k\u00e4ynnistystoiminnot<\/li>\n<li>Mahdollisuus ulkoiseen ohjaukseen (saatavana lis\u00e4varusteena saatava tiedonsiirtokaapeli).<\/li>\n<li>N\u00e4ytt\u00e4\u00e4 n\u00e4yt\u00f6n l\u00e4pi virtaavan veden m\u00e4\u00e4r\u00e4n<\/li>\n<\/ul>\n<p>3 VUODEN TAKUU!<\/p>\n<p>DAB E.SWIM -allaspumppujen tekniset parametrit englanniksi l\u00f6ytyv\u00e4t <a href=\"https:\/\/basseinimeistrid.ee\/wp-content\/uploads\/2025\/02\/dad-e.swim-parameetrid.pdf\" target=\"_blank\" rel=\"noopener\">T\u00c4\u00c4LT\u00c4<\/a><\/p>\n<p>L\u00f6yd\u00e4t DAB E.SWIM -tuoteesittelyn englanniksi <a href=\"https:\/\/basseinimeistrid.ee\/wp-content\/uploads\/2025\/02\/E.SWIM_ENG.pdf\" target=\"_blank\" rel=\"noopener\">T\u00c4\u00c4LT\u00c4<\/a><\/p>\n","protected":false},"excerpt":{"rendered":"<p>Legendaarinen, tehokas ja \u00e4lyk\u00e4s allaspumppu. Pystyy siirt\u00e4m\u00e4\u00e4n vett\u00e4 jopa 42,5 m\u00b3\/h, nostokyky jopa 26 m <\/p>\n","protected":false},"featured_media":102445,"template":"","meta":{"_et_pb_use_builder":"off","_et_pb_old_content":"<h4>Uima-allaspumppu DAB E.swim 300<\/h4>\nDAB E.swim k\n\nIsompi versio suosituimmasta allaspumpusta (E.swim 150)! Tehokas 2,6 hv:n moottori tarjoaa entist\u00e4 enemm\u00e4n virtausta ja painetta suurempiin uima-altaisiin. \n\nEsiasetetut nopeudet (muutettavissa)\n Nopeus 4: 100% - 4770 rpm\n Nopeus 3: 85% - 4050 rpm\n Nopeus 2: 70% - 3330 rpm\n Nopeus 1: 50% - 2385 rpm\n\nJoitakin ainutlaatuisia ominaisuuksia:\n<ul>\n \t<li>LCD-n\u00e4ytt\u00f6<\/li>\n \t<li>Tehokas 2,25 kW:n moottori<\/li>\n \t<li>2,6Hp<\/li>\n \t<li>max 42,5m3\/h<\/li>\n \t<li>max 26m nosto<\/li>\n \t<li>Merivedenkest\u00e4v\u00e4 (jopa 35 g\/l)<\/li>\n \t<li>Eritt\u00e4in hiljainen!!! (45 dB) <\/li>\n \t<li>\u00c4lykk\u00e4\u00e4t esi-\/k\u00e4ynnistystoiminnot<\/li>\n \t<li>Mahdollisuus ulkoiseen ohjaukseen (saatavana lis\u00e4varusteena saatava tiedonsiirtokaapeli).<\/li>\n \t<li>\nVirtausmittari ja painemittari n\u00e4yt\u00f6ss\u00e4 3 VUODEN TAKUU !<\/li>\n<\/ul>","_et_gb_content_width":""},"product_brand":[],"product_cat":[108],"product_tag":[],"class_list":{"0":"post-102688","1":"product","2":"type-product","3":"status-publish","4":"has-post-thumbnail","6":"product_cat-uima-altaan-pumput","7":"product_shipping_class-pakiautomaat-fi","9":"first","10":"instock","11":"taxable","12":"shipping-taxable","13":"purchasable","14":"product-type-simple"},"jetpack_sharing_enabled":true,"_links":{"self":[{"href":"https:\/\/basseinimeistrid.ee\/fi\/wp-json\/wp\/v2\/product\/102688","targetHints":{"allow":["GET"]}}],"collection":[{"href":"https:\/\/basseinimeistrid.ee\/fi\/wp-json\/wp\/v2\/product"}],"about":[{"href":"https:\/\/basseinimeistrid.ee\/fi\/wp-json\/wp\/v2\/types\/product"}],"wp:featuredmedia":[{"embeddable":true,"href":"https:\/\/basseinimeistrid.ee\/fi\/wp-json\/wp\/v2\/media\/102445"}],"wp:attachment":[{"href":"https:\/\/basseinimeistrid.ee\/fi\/wp-json\/wp\/v2\/media?parent=102688"}],"wp:term":[{"taxonomy":"product_brand","embeddable":true,"href":"https:\/\/basseinimeistrid.ee\/fi\/wp-json\/wp\/v2\/product_brand?post=102688"},{"taxonomy":"product_cat","embeddable":true,"href":"https:\/\/basseinimeistrid.ee\/fi\/wp-json\/wp\/v2\/product_cat?post=102688"},{"taxonomy":"product_tag","embeddable":true,"href":"https:\/\/basseinimeistrid.ee\/fi\/wp-json\/wp\/v2\/product_tag?post=102688"}],"curies":[{"name":"wp","href":"https:\/\/api.w.org\/{rel}","templated":true}]}}