{"id":102689,"date":"2025-01-13T20:54:18","date_gmt":"2025-01-13T20:54:18","guid":{"rendered":"https:\/\/basseinimeistrid.ee\/pood\/Ei-luokiteltu\/kylpyla-uv-c-sininen-laguuni\/"},"modified":"2025-03-01T22:16:28","modified_gmt":"2025-03-01T20:16:28","slug":"kylpyla-uv-c-sininen-laguuni","status":"publish","type":"product","link":"https:\/\/basseinimeistrid.ee\/fi\/pood\/kylpyla-uv-c-sininen-laguuni\/","title":{"rendered":"Spa UV-C Blue Lagoon 12W"},"content":{"rendered":"<p>Blue Lagoon Spa UVC on suunniteltu erityisesti korkean l\u00e4mp\u00f6tilan (\u00b140\u00b0C) vedenpuhdistukseen, kuten kylpyl\u00f6ihin, kylpytynnyreihin ja porealtaisiin. Blue Lagoon Spa UV-C sopii erinomaisesti my\u00f6s suodatinasennuksiin ahtaissa tiloissa, joissa asennustila on rajallinen ja vaaditaan suurta desinfiointitehokkuutta pituuden ja kompaktin kokonsa ansiosta. Spa UV-Cl:ss\u00e4 on kest\u00e4v\u00e4 muovikotelo. Blue Lagoon Spa UV-C edut:   <\/p>\n<ul>\n<li>Sis\u00e4\u00e4nrakennettu elektroninen liit\u00e4nt\u00e4laite takaa tehokkaan ja vakaan toiminnan.<\/li>\n<li>Sis\u00e4lt\u00e4\u00e4 erityisen Philipsin UV-C-lampun, jossa on integroitu elektroninen liit\u00e4nt\u00e4laite.<\/li>\n<li>UV-C-lamppu ja laite on suunniteltu erityisesti kest\u00e4m\u00e4\u00e4n korkean l\u00e4mp\u00f6tilan (\u00b140 \u00b0C) vedenk\u00e4sittely\u00e4.<\/li>\n<li>Kompakti koko<\/li>\n<li>Helppo asennus ja huolto<\/li>\n<li>Hollantilainen laatu<\/li>\n<\/ul>\n","protected":false},"excerpt":{"rendered":"<p>Blue Lagoon Spa on suunniteltu erityisesti korkean l\u00e4mp\u00f6tilan (\u00b140 \u00b0C) vedenpuhdistukseen, kuten kylpyl\u00f6ihin, kylpytynnyreille ja porealtaisiin.<\/p>\n","protected":false},"featured_media":102460,"template":"","meta":{"_et_pb_use_builder":"off","_et_pb_old_content":"Blue Lagoon Spa UVC on erityisesti suunniteltu korkean l\u00e4mp\u00f6tilan (\u00b140\u00b0C) vedenpuhdistukseen, kuten kylpyl\u00f6ihin, kylpytynnyreihin, tynnyrisaunoihin ja porealtaisiin. Blue Lagoon Spa UV-C sopii erinomaisesti my\u00f6s suodatinasennuksiin ahtaissa tiloissa, joissa asennustila on rajallinen ja vaaditaan suurta desinfiointitehokkuutta pituuden ja kompaktin kokonsa ansiosta. Spa UV-Cl:ss\u00e4 on kest\u00e4v\u00e4 muovikotelo.  \n\nBlue Lagoon Spa UV-C edut:\n<ul>\n \t<li>Sis\u00e4\u00e4nrakennettu elektroninen liit\u00e4nt\u00e4laite takaa tehokkaan ja vakaan toiminnan.<\/li>\n \t<li>Sis\u00e4lt\u00e4\u00e4 erityisen Philipsin UV-C-lampun, jossa on integroitu elektroninen liit\u00e4nt\u00e4laite.<\/li>\n \t<li>UV-C-lamppu ja laite on suunniteltu erityisesti kest\u00e4m\u00e4\u00e4n korkean l\u00e4mp\u00f6tilan (\u00b140 \u00b0C) vedenk\u00e4sittely\u00e4.<\/li>\n \t<li>Kompakti koko<\/li>\n \t<li>Helppo asennus ja huolto<\/li>\n \t<li>Hollantilainen laatu<\/li>\n<\/ul>","_et_gb_content_width":""},"product_brand":[],"product_cat":[129,115],"product_tag":[],"class_list":{"0":"post-102689","1":"product","2":"type-product","3":"status-publish","4":"has-post-thumbnail","6":"product_cat-tynnyreille-ja-ammeille","7":"product_cat-uvc-laitteet","8":"product_shipping_class-pakiautomaat-fi","10":"first","11":"instock","12":"taxable","13":"shipping-taxable","14":"purchasable","15":"product-type-simple"},"jetpack_sharing_enabled":true,"_links":{"self":[{"href":"https:\/\/basseinimeistrid.ee\/fi\/wp-json\/wp\/v2\/product\/102689","targetHints":{"allow":["GET"]}}],"collection":[{"href":"https:\/\/basseinimeistrid.ee\/fi\/wp-json\/wp\/v2\/product"}],"about":[{"href":"https:\/\/basseinimeistrid.ee\/fi\/wp-json\/wp\/v2\/types\/product"}],"wp:featuredmedia":[{"embeddable":true,"href":"https:\/\/basseinimeistrid.ee\/fi\/wp-json\/wp\/v2\/media\/102460"}],"wp:attachment":[{"href":"https:\/\/basseinimeistrid.ee\/fi\/wp-json\/wp\/v2\/media?parent=102689"}],"wp:term":[{"taxonomy":"product_brand","embeddable":true,"href":"https:\/\/basseinimeistrid.ee\/fi\/wp-json\/wp\/v2\/product_brand?post=102689"},{"taxonomy":"product_cat","embeddable":true,"href":"https:\/\/basseinimeistrid.ee\/fi\/wp-json\/wp\/v2\/product_cat?post=102689"},{"taxonomy":"product_tag","embeddable":true,"href":"https:\/\/basseinimeistrid.ee\/fi\/wp-json\/wp\/v2\/product_tag?post=102689"}],"curies":[{"name":"wp","href":"https:\/\/api.w.org\/{rel}","templated":true}]}}