{"id":102692,"date":"2025-01-13T20:54:17","date_gmt":"2025-01-13T20:54:17","guid":{"rendered":"https:\/\/basseinimeistrid.ee\/pood\/Ei-luokiteltu\/kemikaaliton-suolaliuos-oxilife-altaisiin\/"},"modified":"2025-03-01T22:18:20","modified_gmt":"2025-03-01T20:18:20","slug":"kemikaaliton-suolaliuos-oxilife-altaisiin","status":"publish","type":"product","link":"https:\/\/basseinimeistrid.ee\/fi\/pood\/kemikaaliton-suolaliuos-oxilife-altaisiin\/","title":{"rendered":"Kemikaaliton matalasuolainen hydrolyysi ja elektrolyysi j\u00e4rjestelma Oxilife uima-altaisiin"},"content":{"rendered":"<p>T\u00e4ysin esiasennettu ja k\u00e4ytt\u00f6valmis desinfiointipaneeli altaan veden t\u00e4ydelliseen puhdistamiseen. Saatavana Oxilife 1- tai Oxilife 2 -allashallintaj\u00e4rjestelm\u00e4ll\u00e4. Soveltuu my\u00f6s integroitavaksi olemassa oleviin uima-altaisiin, jos haluat aloittaa nykyaikaisen kemikaalittoman desinfiointiliuoksen k\u00e4yt\u00f6n altaassasi myrkyllisen kloorin sijaan.  <\/p>\n<p>Mukana:<\/p>\n<ul>\n<li>Veden virtauskammio, jossa on veden virtauskytkin<\/li>\n<li>pH\/rX-anturit, maadoitus ja ruiskutusventtiili<\/li>\n<li>75 w AquaSphere Midi UV-C-yksikk\u00f6<\/li>\n<li>Oxilife 1 (max 60m\u00b3) tai Oxilife 2 (max 120m\u00b3) allashallintaj\u00e4rjestelm\u00e4ll\u00e4<\/li>\n<li>pH-annostelupumppu 1x<\/li>\n<li>S\u00e4hk\u00f6inen suojaus 6 pistokkeella, 16A sulakkeilla ja 30mA vuotovirtasuojalla.<\/li>\n<li>18 mm paksu PP-muovinen takapaneeli (100 x 83 cm).<\/li>\n<li>Pakkaukseen sis\u00e4ltyv\u00e4t kalibrointinesteet redox- ja pH-arvoja varten.<\/li>\n<\/ul>\n<p>&nbsp;<\/p>\n<p class=\"p1\">Desinfioinnin periaate on vesimolekyylin (H2O) H- ja O-atomien erottaminen toisistaan, jotta saadaan aikaan tehokkaita ainesosia, joilla on vahvat desinfiointiominaisuudet. Jopa vahvempi kuin kloori, mutta oikeat m\u00e4\u00e4r\u00e4t, t\u00e4ysin turvallinen uima-altaan k\u00e4ytt\u00e4jille. <\/p>\n<p class=\"p1\">Hydrolyysi: Vesi (H2O) koostuu kahdesta osasta vety\u00e4 (H2) ja yhdest\u00e4 osasta happea (O). Hydrolyysi tarkoittaa &#8221;veden halkeamista&#8221;. Kun veden l\u00e4pi johdetaan t\u00e4sm\u00e4lleen oikean suuruinen s\u00e4hk\u00f6j\u00e4nnite, vesimolekyylien v\u00e4linen kemiallinen sidos katkeaa. Negatiivisesti varautunut happi (tai ionit) siirtyy positiiviselle elektrodille (anodille). Tapahtuu seuraava s\u00e4hk\u00f6kemiallinen reaktio: S\u00e4hk\u00f6j\u00e4nnite + 2 H2O = 2 H2 + O2. Hydrolyysin yhteydess\u00e4 tapahtuu my\u00f6s muita kemiallisia reaktioita. Se tuottaa my\u00f6s erityisi\u00e4 ioneja, jotka hapettavat ja tekev\u00e4t siten lis\u00e4desinfiointity\u00f6t\u00e4.      <\/p>\n","protected":false},"excerpt":{"rendered":"<p>T\u00e4ysin esiasennettu ja k\u00e4ytt\u00f6valmis desinfiointipaneeli altaan veden t\u00e4ydelliseen puhdistamiseen. Saatavana Oxilife 1- tai Oxilife 2 -allashallintaj\u00e4rjestelm\u00e4ll\u00e4. Soveltuu my\u00f6s integroitavaksi olemassa oleviin uima-altaisiin, jos haluat aloittaa nykyaikaisen kemikaalittoman desinfiointiliuoksen k\u00e4yt\u00f6n altaassasi myrkyllisen kloorin sijaan. Mukana: Veden virtauskammio, jossa on veden virtauskytkin pH\/rX-anturit, maadoitus ja ruiskutusventtiili 75 w AquaSphere Midi UV-C-yksikk\u00f6 Oxilife 1 (max 60m\u00b3) tai Oxilife [&hellip;]<\/p>\n","protected":false},"featured_media":102453,"template":"","meta":{"_et_pb_use_builder":"","_et_pb_old_content":"","_et_gb_content_width":""},"product_brand":[],"product_cat":[176],"product_tag":[],"class_list":{"0":"post-102692","1":"product","2":"type-product","3":"status-publish","4":"has-post-thumbnail","6":"product_cat-kemikaalittomiin-uima-altaisiin","7":"product_shipping_class-kuller-fi","9":"first","10":"instock","11":"taxable","12":"shipping-taxable","13":"purchasable","14":"product-type-variable"},"jetpack_sharing_enabled":true,"_links":{"self":[{"href":"https:\/\/basseinimeistrid.ee\/fi\/wp-json\/wp\/v2\/product\/102692","targetHints":{"allow":["GET"]}}],"collection":[{"href":"https:\/\/basseinimeistrid.ee\/fi\/wp-json\/wp\/v2\/product"}],"about":[{"href":"https:\/\/basseinimeistrid.ee\/fi\/wp-json\/wp\/v2\/types\/product"}],"wp:featuredmedia":[{"embeddable":true,"href":"https:\/\/basseinimeistrid.ee\/fi\/wp-json\/wp\/v2\/media\/102453"}],"wp:attachment":[{"href":"https:\/\/basseinimeistrid.ee\/fi\/wp-json\/wp\/v2\/media?parent=102692"}],"wp:term":[{"taxonomy":"product_brand","embeddable":true,"href":"https:\/\/basseinimeistrid.ee\/fi\/wp-json\/wp\/v2\/product_brand?post=102692"},{"taxonomy":"product_cat","embeddable":true,"href":"https:\/\/basseinimeistrid.ee\/fi\/wp-json\/wp\/v2\/product_cat?post=102692"},{"taxonomy":"product_tag","embeddable":true,"href":"https:\/\/basseinimeistrid.ee\/fi\/wp-json\/wp\/v2\/product_tag?post=102692"}],"curies":[{"name":"wp","href":"https:\/\/api.w.org\/{rel}","templated":true}]}}