{"id":102698,"date":"2025-01-13T20:54:18","date_gmt":"2025-01-13T18:54:18","guid":{"rendered":"https:\/\/basseinimeistrid.ee\/pood\/Ei-luokiteltu\/fosfaatinpoistoaine-aquaforte-phosphate-phosphate\/"},"modified":"2025-03-15T15:24:52","modified_gmt":"2025-03-15T13:24:52","slug":"fosfaatinpoistoaine-aquaforte-phosphate-phosphate","status":"publish","type":"product","link":"https:\/\/basseinimeistrid.ee\/fi\/pood\/fosfaatinpoistoaine-aquaforte-phosphate-phosphate\/","title":{"rendered":"Fosfaatinpoisto AquaForte Phospat"},"content":{"rendered":"<p>Fosfaattisuodatin PHOSPAT<\/p>\n<p>&#8211; V\u00e4hent\u00e4\u00e4 fosfaattia vedess\u00e4 ja tukee siten merkitt\u00e4v\u00e4sti biosuodatinta<br \/>\n &#8211; Soveltuu lammikoihin, uima-altaisiin, luonnonaltaisiin, suihkul\u00e4hteisiin ja muihin vesist\u00f6ihin<br \/>\n &#8211; Adsorptiokapasiteetti on noin 90 000 mg (Phospat 1) tai 270 000 mg (Phospat 3) fosfaattia<br \/>\n &#8211; Virtaus jopa 1100 l\/h (Phospat 1) tai 3300 l\/h (Phospat 3).<br \/>\n &#8211; Soveltuu enint\u00e4\u00e4n \u00b150m\u00b3 vett\u00e4 (Phospat 1) tai 150 m\u00b3 vett\u00e4 (Phospat 3).<br \/>\n &#8211; Useita PHOSPATeja voidaan yhdist\u00e4\u00e4 suurempia vesim\u00e4\u00e4ri\u00e4 varten<br \/>\n &#8211; Phospat-suodatinpatruuna on suojattava liialliselta saastumiselta esisuodattamalla sis\u00e4\u00e4n tuleva vesi.<br \/>\n &#8211; Suurin k\u00e4ytt\u00f6paine: Phospat 1: 6 bar, Phospat 3: 4 bar.<\/p>\n<p style=\"padding-bottom: 0px;\">Phospat 1 -patruuna toimitetaan 1&#8243;:n ulkokierteitetyill\u00e4 p\u00e4ill\u00e4. Phospat 3:n toimitetaan 2&#8243;:n sis\u00e4kierteitetyill\u00e4 p\u00e4ill\u00e4.<\/p>\n<p>Fosfaatti on yksi t\u00e4rkeimmist\u00e4 levien ravintoaineista lampissa ja altaissa. Phospat-suodatinpatruunoilla on mahdollista pit\u00e4\u00e4 veden fosfaattitaso alle 0,035 mg\/l! T\u00e4m\u00e4 on &#8221;maaginen&#8221; raja, joka on liian alhainen leville, mutta ei silti vahingoita vesikasveja ja hy\u00f6dyllisi\u00e4 bakteereja. Kun patruuna on kyll\u00e4stynyt, se on vaihdettava (t\u00e4ytt\u00f6 tai regenerointi ei valitettavasti ole mahdollista). Suuri etu muihin fosfaattia sitoviin tuotteisiin verrattuna on, ett\u00e4 Phospat-suodatinpatruuna ei vapauta fosfaattia ollenkaan! Phospat-patruunoiden fosfaatin sitomiskyky on 30-100 kertaa suurempi verrattuna esimerkiksi vaihtoehtoisiin fosfaatinpoistovalmisteisiin (rauta(III)oksidit). Rakenna fosfaattisuodattimen putkilinjaan ohitus ja anna vain pienen osan kiert\u00e4v\u00e4st\u00e4 vedest\u00e4 kulkea sen l\u00e4pi.      <\/p>\n","protected":false},"excerpt":{"rendered":"<p>Phospat-suodatinpatruunoiden avulla on mahdollista pit\u00e4\u00e4 veden fosfaattipitoisuus alle &#8221;maagisen&#8221; raja-arvon 0,035 mg\/l ja siten poistaa lev\u00e4kasvusto k\u00e4yt\u00e4nn\u00f6ss\u00e4 kokonaan!<\/p>\n","protected":false},"featured_media":102480,"template":"","meta":{"_et_pb_use_builder":"","_et_pb_old_content":"","_et_gb_content_width":""},"product_brand":[],"product_cat":[176,212,216],"product_tag":[],"class_list":{"0":"post-102698","1":"product","2":"type-product","3":"status-publish","4":"has-post-thumbnail","6":"product_cat-kemikaalittomiin-uima-altaisiin","7":"product_cat-suodatintarvikkeet","8":"product_cat-vedenkasittelylaitteiden-tarvikkeet","9":"product_shipping_class-pakiautomaat-fi","11":"first","12":"instock","13":"taxable","14":"shipping-taxable","15":"purchasable","16":"product-type-variable"},"jetpack_sharing_enabled":true,"_links":{"self":[{"href":"https:\/\/basseinimeistrid.ee\/fi\/wp-json\/wp\/v2\/product\/102698","targetHints":{"allow":["GET"]}}],"collection":[{"href":"https:\/\/basseinimeistrid.ee\/fi\/wp-json\/wp\/v2\/product"}],"about":[{"href":"https:\/\/basseinimeistrid.ee\/fi\/wp-json\/wp\/v2\/types\/product"}],"wp:featuredmedia":[{"embeddable":true,"href":"https:\/\/basseinimeistrid.ee\/fi\/wp-json\/wp\/v2\/media\/102480"}],"wp:attachment":[{"href":"https:\/\/basseinimeistrid.ee\/fi\/wp-json\/wp\/v2\/media?parent=102698"}],"wp:term":[{"taxonomy":"product_brand","embeddable":true,"href":"https:\/\/basseinimeistrid.ee\/fi\/wp-json\/wp\/v2\/product_brand?post=102698"},{"taxonomy":"product_cat","embeddable":true,"href":"https:\/\/basseinimeistrid.ee\/fi\/wp-json\/wp\/v2\/product_cat?post=102698"},{"taxonomy":"product_tag","embeddable":true,"href":"https:\/\/basseinimeistrid.ee\/fi\/wp-json\/wp\/v2\/product_tag?post=102698"}],"curies":[{"name":"wp","href":"https:\/\/api.w.org\/{rel}","templated":true}]}}