{"id":102701,"date":"2025-01-13T20:54:17","date_gmt":"2025-01-13T18:54:17","guid":{"rendered":"https:\/\/basseinimeistrid.ee\/pood\/Ei-luokiteltu\/maalauspaketti-uima-altaaseen\/"},"modified":"2025-03-15T15:24:52","modified_gmt":"2025-03-15T13:24:52","slug":"maalauspaketti-uima-altaaseen","status":"publish","type":"product","link":"https:\/\/basseinimeistrid.ee\/fi\/pood\/maalauspaketti-uima-altaaseen\/","title":{"rendered":"Maadoituspaketti uima-altaaseen"},"content":{"rendered":"<p>Saatavana putkisatulalla halkaisijaltaan 50 mm ja 63 mm putkille. Sarja sis\u00e4lt\u00e4\u00e4 putken sis\u00e4isen haponkest\u00e4v\u00e4n ruostumattomasta ter\u00e4ksest\u00e4 valmistetun maadoituselementin, kaapelikenk\u00e4n, putken satulan, tiivisteet (satula+maadoituselementti) ja kiinnikkeet. <\/p>\n<p>Suojaa itsesi ja l\u00e4heisesi mahdolliselta s\u00e4hk\u00f6iskulta!<\/p>\n","protected":false},"excerpt":{"rendered":"<p>Maadoitus altaan ja lammen kiertoa varten. Saatavana 50mm ja 63mm putkisuuttimella. <\/p>\n","protected":false},"featured_media":102456,"template":"","meta":{"_et_pb_use_builder":"","_et_pb_old_content":"","_et_gb_content_width":""},"product_brand":[],"product_cat":[220,214,165,216],"product_tag":[],"class_list":{"0":"post-102701","1":"product","2":"type-product","3":"status-publish","4":"has-post-thumbnail","6":"product_cat-allaspumppujen-tarvikkeet","7":"product_cat-allasvalojen-tarvikkeet","8":"product_cat-uv-c-laitteiden-varaosat","9":"product_cat-vedenkasittelylaitteiden-tarvikkeet","10":"product_shipping_class-pakiautomaat-fi","12":"first","13":"instock","14":"taxable","15":"shipping-taxable","16":"purchasable","17":"product-type-variable"},"jetpack_sharing_enabled":true,"_links":{"self":[{"href":"https:\/\/basseinimeistrid.ee\/fi\/wp-json\/wp\/v2\/product\/102701","targetHints":{"allow":["GET"]}}],"collection":[{"href":"https:\/\/basseinimeistrid.ee\/fi\/wp-json\/wp\/v2\/product"}],"about":[{"href":"https:\/\/basseinimeistrid.ee\/fi\/wp-json\/wp\/v2\/types\/product"}],"wp:featuredmedia":[{"embeddable":true,"href":"https:\/\/basseinimeistrid.ee\/fi\/wp-json\/wp\/v2\/media\/102456"}],"wp:attachment":[{"href":"https:\/\/basseinimeistrid.ee\/fi\/wp-json\/wp\/v2\/media?parent=102701"}],"wp:term":[{"taxonomy":"product_brand","embeddable":true,"href":"https:\/\/basseinimeistrid.ee\/fi\/wp-json\/wp\/v2\/product_brand?post=102701"},{"taxonomy":"product_cat","embeddable":true,"href":"https:\/\/basseinimeistrid.ee\/fi\/wp-json\/wp\/v2\/product_cat?post=102701"},{"taxonomy":"product_tag","embeddable":true,"href":"https:\/\/basseinimeistrid.ee\/fi\/wp-json\/wp\/v2\/product_tag?post=102701"}],"curies":[{"name":"wp","href":"https:\/\/api.w.org\/{rel}","templated":true}]}}