{"id":102704,"date":"2025-01-13T20:54:18","date_gmt":"2025-01-13T18:54:18","guid":{"rendered":"https:\/\/basseinimeistrid.ee\/pood\/Ei-luokiteltu\/kylpysuola\/"},"modified":"2025-03-15T15:24:55","modified_gmt":"2025-03-15T13:24:55","slug":"kylpysuola","status":"publish","type":"product","link":"https:\/\/basseinimeistrid.ee\/fi\/pood\/kylpysuola\/","title":{"rendered":"Uima-allas suolaa"},"content":{"rendered":"<p>Rakeistettu uima-allassuola. Allasveden pehmennykseen ja my\u00f6s k\u00e4ytett\u00e4v\u00e4ksi altaissa, joissa on hydrolyysi- ja suolaelektrolyysi. <\/p>\n","protected":false},"excerpt":{"rendered":"<p>Rakeistettu allassuola. Soveltuu k\u00e4ytett\u00e4v\u00e4ksi my\u00f6s altaissa, joissa on hydrolyysi- ja suolaelektrolyysi. <\/p>\n","protected":false},"featured_media":102464,"template":"","meta":{"_et_pb_use_builder":"","_et_pb_old_content":"","_et_gb_content_width":""},"product_brand":[],"product_cat":[225,176,216],"product_tag":[],"class_list":{"0":"post-102704","1":"product","2":"type-product","3":"status-publish","4":"has-post-thumbnail","6":"product_cat-allasveden-huolto-kemikaalittomille-uima-altaille","7":"product_cat-kemikaalittomiin-uima-altaisiin","8":"product_cat-vedenkasittelylaitteiden-tarvikkeet","9":"product_shipping_class-kuller-fi","11":"first","12":"instock","13":"taxable","14":"shipping-taxable","15":"purchasable","16":"product-type-variable"},"jetpack_sharing_enabled":true,"_links":{"self":[{"href":"https:\/\/basseinimeistrid.ee\/fi\/wp-json\/wp\/v2\/product\/102704","targetHints":{"allow":["GET"]}}],"collection":[{"href":"https:\/\/basseinimeistrid.ee\/fi\/wp-json\/wp\/v2\/product"}],"about":[{"href":"https:\/\/basseinimeistrid.ee\/fi\/wp-json\/wp\/v2\/types\/product"}],"wp:featuredmedia":[{"embeddable":true,"href":"https:\/\/basseinimeistrid.ee\/fi\/wp-json\/wp\/v2\/media\/102464"}],"wp:attachment":[{"href":"https:\/\/basseinimeistrid.ee\/fi\/wp-json\/wp\/v2\/media?parent=102704"}],"wp:term":[{"taxonomy":"product_brand","embeddable":true,"href":"https:\/\/basseinimeistrid.ee\/fi\/wp-json\/wp\/v2\/product_brand?post=102704"},{"taxonomy":"product_cat","embeddable":true,"href":"https:\/\/basseinimeistrid.ee\/fi\/wp-json\/wp\/v2\/product_cat?post=102704"},{"taxonomy":"product_tag","embeddable":true,"href":"https:\/\/basseinimeistrid.ee\/fi\/wp-json\/wp\/v2\/product_tag?post=102704"}],"curies":[{"name":"wp","href":"https:\/\/api.w.org\/{rel}","templated":true}]}}