{"id":102726,"date":"2025-01-17T19:25:30","date_gmt":"2025-01-17T17:25:30","guid":{"rendered":"https:\/\/basseinimeistrid.ee\/pood\/Ei-luokiteltu\/astralpool-titanium-lammonvaihdin\/"},"modified":"2025-03-01T22:01:26","modified_gmt":"2025-03-01T20:01:26","slug":"astralpool-titanium-lammonvaihdin","status":"publish","type":"product","link":"https:\/\/basseinimeistrid.ee\/fi\/pood\/astralpool-titanium-lammonvaihdin\/","title":{"rendered":"Astralpool Titanium l\u00e4mm\u00f6nvaihdin"},"content":{"rendered":"<p>L\u00e4mm\u00f6nvaihtimet on valmistettu kokonaan TITAANISTA.<\/p>\n<p>Titaaniset l\u00e4mm\u00f6nvaihtimet uima-altaisiin, kylpyl\u00f6ihin ja muihin vesist\u00f6ihin. Sopii my\u00f6s hybridialtaisiin (suolavesi). <\/p>\n<p>L\u00e4mmitysteholla 20 &#8211; 450 kW.<\/p>\n<ul>\n<li>Titaanirunko (toissijainen, allasvesi)<\/li>\n<li>Titaanikierukka (prim\u00e4\u00e4ri, kattila\/kattilavesi).<\/li>\n<li>Ensisijainen (l\u00e4mmitys) k\u00e4ytt\u00f6paine enint\u00e4\u00e4n 10 bar.<\/li>\n<li>Toissijainen (allasvesi) k\u00e4ytt\u00f6paine enint\u00e4\u00e4n 3 bar.<\/li>\n<\/ul>\n<p>*saatavilla pyynn\u00f6st\u00e4. 100+ kW l\u00e4mm\u00f6nvaihtimien saatavuudesta kannattaa tiedustella etuk\u00e4teen.   <a href=\"mailto:info@basseinimeistrid.ee\">info@basseinimeistrid.ee<\/a><\/p>\n","protected":false},"excerpt":{"rendered":"<p>Titaanil\u00e4mm\u00f6nvaihtimet uima-altaisiin, kylpyl\u00f6ihin ja muihin vesist\u00f6ihin.<\/p>\n","protected":false},"featured_media":102505,"template":"","meta":{"_et_pb_use_builder":"","_et_pb_old_content":"","_et_gb_content_width":""},"product_brand":[],"product_cat":[119],"product_tag":[],"class_list":{"0":"post-102726","1":"product","2":"type-product","3":"status-publish","4":"has-post-thumbnail","6":"product_cat-lammonvaihtimet","7":"product_shipping_class-kuller-fi","9":"first","10":"instock","11":"taxable","12":"shipping-taxable","13":"purchasable","14":"product-type-variable"},"jetpack_sharing_enabled":true,"_links":{"self":[{"href":"https:\/\/basseinimeistrid.ee\/fi\/wp-json\/wp\/v2\/product\/102726","targetHints":{"allow":["GET"]}}],"collection":[{"href":"https:\/\/basseinimeistrid.ee\/fi\/wp-json\/wp\/v2\/product"}],"about":[{"href":"https:\/\/basseinimeistrid.ee\/fi\/wp-json\/wp\/v2\/types\/product"}],"wp:featuredmedia":[{"embeddable":true,"href":"https:\/\/basseinimeistrid.ee\/fi\/wp-json\/wp\/v2\/media\/102505"}],"wp:attachment":[{"href":"https:\/\/basseinimeistrid.ee\/fi\/wp-json\/wp\/v2\/media?parent=102726"}],"wp:term":[{"taxonomy":"product_brand","embeddable":true,"href":"https:\/\/basseinimeistrid.ee\/fi\/wp-json\/wp\/v2\/product_brand?post=102726"},{"taxonomy":"product_cat","embeddable":true,"href":"https:\/\/basseinimeistrid.ee\/fi\/wp-json\/wp\/v2\/product_cat?post=102726"},{"taxonomy":"product_tag","embeddable":true,"href":"https:\/\/basseinimeistrid.ee\/fi\/wp-json\/wp\/v2\/product_tag?post=102726"}],"curies":[{"name":"wp","href":"https:\/\/api.w.org\/{rel}","templated":true}]}}