{"id":102735,"date":"2025-01-17T19:25:30","date_gmt":"2025-01-17T17:25:30","guid":{"rendered":"https:\/\/basseinimeistrid.ee\/pood\/Ei-luokiteltu\/lammitin-blue-lagoon-professional-lammitin\/"},"modified":"2025-03-01T21:56:07","modified_gmt":"2025-03-01T19:56:07","slug":"lammitin-blue-lagoon-professional-lammitin","status":"publish","type":"product","link":"https:\/\/basseinimeistrid.ee\/fi\/pood\/lammitin-blue-lagoon-professional-lammitin\/","title":{"rendered":"L\u00e4mmitin Blue Lagoon Profiheater 3kW"},"content":{"rendered":"<p>ProfiHeateri\u00e4 voidaan k\u00e4ytt\u00e4\u00e4 altaan veden l\u00e4mmitt\u00e4miseen. ProfiHeater on varustettu s\u00e4\u00e4dett\u00e4v\u00e4ll\u00e4 termostaatilla (5-40\u00b0C). Sek\u00e4 l\u00e4mp\u00f6tila-anturilla varustettu l\u00e4mmityselementti ett\u00e4 kotelon sis\u00e4puoli on valmistettu korkealaatuisesta haponkest\u00e4v\u00e4st\u00e4 ruostumattomasta ter\u00e4ksest\u00e4. ProfiHeater voidaan liitt\u00e4\u00e4 letkulla (\u00d825, 32 ja 40 mm) tai liimattavissa PVC-putkilla (\u00d850 ja 63 mm). ProfiHeater on saatavana teholla 3 kW. Maksimipaine: 2 bar. On suositeltavaa k\u00e4ytt\u00e4\u00e4 veden virtauskytkint\u00e4, jotta laite ei ylikuumene, jos vesivirtaus on riitt\u00e4m\u00e4t\u00f6n.      <\/p>\n<p>Blue Lagoon ProfiHeaterin edut:<\/p>\n<ul>\n<li>Teho 3 kW<\/li>\n<li>Sarja sis\u00e4lt\u00e4\u00e4 50\/63mm liimattavat adapterit ja \u00d825, 32 ja 40 mm letkunp\u00e4\u00e4t<\/li>\n<li>Sis\u00e4\u00e4nrakennettu termostaati l\u00e4mmitimess\u00e4<\/li>\n<li>S\u00e4\u00e4nkest\u00e4v\u00e4 &#8221;hattu&#8221; termostaatin nupissa<\/li>\n<li>316 haponkest\u00e4v\u00e4 ruostumaton ter\u00e4srunko<\/li>\n<li>Valmistettu Hollannissa<\/li>\n<li>Max virtausnopeus 10 m3\/h<\/li>\n<\/ul>\n","protected":false},"excerpt":{"rendered":"<p>ProfiHeater 3kW ruostumattomasta ter\u00e4ksest\u00e4 valmistettu allasl\u00e4mmitin<\/p>\n","protected":false},"featured_media":102509,"template":"","meta":{"_et_pb_use_builder":"","_et_pb_old_content":"","_et_gb_content_width":""},"product_brand":[],"product_cat":[120,129],"product_tag":[],"class_list":{"0":"post-102735","1":"product","2":"type-product","3":"status-publish","4":"has-post-thumbnail","6":"product_cat-lammityslaitteet-fi","7":"product_cat-tynnyreille-ja-ammeille","8":"product_shipping_class-pakiautomaat-fi","10":"first","11":"instock","12":"taxable","13":"shipping-taxable","14":"purchasable","15":"product-type-simple"},"jetpack_sharing_enabled":true,"_links":{"self":[{"href":"https:\/\/basseinimeistrid.ee\/fi\/wp-json\/wp\/v2\/product\/102735","targetHints":{"allow":["GET"]}}],"collection":[{"href":"https:\/\/basseinimeistrid.ee\/fi\/wp-json\/wp\/v2\/product"}],"about":[{"href":"https:\/\/basseinimeistrid.ee\/fi\/wp-json\/wp\/v2\/types\/product"}],"wp:featuredmedia":[{"embeddable":true,"href":"https:\/\/basseinimeistrid.ee\/fi\/wp-json\/wp\/v2\/media\/102509"}],"wp:attachment":[{"href":"https:\/\/basseinimeistrid.ee\/fi\/wp-json\/wp\/v2\/media?parent=102735"}],"wp:term":[{"taxonomy":"product_brand","embeddable":true,"href":"https:\/\/basseinimeistrid.ee\/fi\/wp-json\/wp\/v2\/product_brand?post=102735"},{"taxonomy":"product_cat","embeddable":true,"href":"https:\/\/basseinimeistrid.ee\/fi\/wp-json\/wp\/v2\/product_cat?post=102735"},{"taxonomy":"product_tag","embeddable":true,"href":"https:\/\/basseinimeistrid.ee\/fi\/wp-json\/wp\/v2\/product_tag?post=102735"}],"curies":[{"name":"wp","href":"https:\/\/api.w.org\/{rel}","templated":true}]}}