{"id":102736,"date":"2025-01-17T20:24:20","date_gmt":"2025-01-17T18:24:20","guid":{"rendered":"https:\/\/basseinimeistrid.ee\/pood\/Ei-luokiteltu\/aurinkokerain-roth-heliopool\/"},"modified":"2025-03-01T21:54:19","modified_gmt":"2025-03-01T19:54:19","slug":"aurinkokerain-roth-heliopool","status":"publish","type":"product","link":"https:\/\/basseinimeistrid.ee\/fi\/pood\/aurinkokerain-roth-heliopool\/","title":{"rendered":"Aurinkoker\u00e4in Roth Heliopool"},"content":{"rendered":"<p>Mustasta HDPE-muovista valmistettuja Roth HelioPool\u00ae aurinkoker\u00e4imi\u00e4 k\u00e4ytet\u00e4\u00e4n p\u00e4\u00e4asiassa uima-allasveden suoraan aurinkol\u00e4mmitykseen l\u00e4pivirtausperiaatteella. Jokaisessa ker\u00e4imess\u00e4 on 8 k\u00e4ytt\u00f6kelpoista liit\u00e4nt\u00e4\u00e4 (4&#215;25 mm ja 4&#215;40 mm), joita voidaan muuttaa paneelien konfiguraation, liit\u00e4nt\u00e4tyypin ja kiertokulun ominaisuuksien mukaan, joten tarvitaan vain yksi liit\u00e4nt\u00e4 neli\u00f6metri\u00e4 kohden, esimerkiksi kun ne liitet\u00e4\u00e4n vierekk\u00e4in ketjuun.<br \/>\n Materiaali: UV-kest\u00e4v\u00e4 HDPE musta muovi CoEx-k\u00e4sittelyll\u00e4 <\/p>\n<ul>\n<li>Neste: allasvesi<\/li>\n<li>Asennustapa: vaaka- tai pystysuora<\/li>\n<li>Pinta-ala: 2,22 m\u00b2. Mitat: 2000 x 1100 x 15 mm \/ paino 14 kg. <\/li>\n<li>Pinta-ala: 1,20 m\u00b2. Mitat: 1090 x 1199 x 15 mm \/ paino 8,5 kg. <\/li>\n<li>Optimaalinen virtausnopeus: 120-250 l\/h x m\u00b2.<\/li>\n<li>Maksimipaine: 3 bar<\/li>\n<li>Ty\u00f6paine: 1 bar<\/li>\n<li>Paineh\u00e4vi\u00f6: +\/- 0,003 bar 200 l\/h x m\u00b2:ss\u00e4<\/li>\n<li>L\u00e4mp\u00f6tilan kest\u00e4vyys: -50\u00b0C &#8211; 115\u00b0C<\/li>\n<li>Keskim\u00e4\u00e4r\u00e4inen teoreettinen teho: 0,5 &#8211; 0,6 kW\/h\/m\u00b2.<\/li>\n<li>Ulkouima-altaisiin suosittelemme ker\u00e4yspinta-alaksi 0,7 x allaspeilin pinta-ala.<\/li>\n<\/ul>\n<p>Saatavana on asennustarvikkeita, liit\u00e4nt\u00e4tarvikkeita ja kehys paneelien kiinnitt\u00e4mist\u00e4 varten. Ohjelmointi, automaatio, anturit, ilmanvaihto jne. voidaan lis\u00e4t\u00e4. Kysy rohkeasti.  <\/p>\n","protected":false},"excerpt":{"rendered":"<p>Mustasta HDPE-muovista valmistettuja Roth HelioPool\u00ae aurinkoker\u00e4imi\u00e4 k\u00e4ytet\u00e4\u00e4n p\u00e4\u00e4asiassa uima-allasveden suoraan aurinkol\u00e4mmitykseen l\u00e4pivirtausperiaatteella. Jokaisessa ker\u00e4imess\u00e4 on 8 k\u00e4ytt\u00f6kelpoista liit\u00e4nt\u00e4\u00e4 (4&#215;25 mm ja 4&#215;40 mm), joita voidaan muuttaa paneelien konfiguraation, liit\u00e4nt\u00e4tyypin ja kiertokulun ominaisuuksien mukaan, joten tarvitaan vain yksi liit\u00e4nt\u00e4 neli\u00f6metri\u00e4 kohden, esimerkiksi kun ne liitet\u00e4\u00e4n vierekk\u00e4in ketjuun. Materiaali: UV-kest\u00e4v\u00e4 HDPE musta muovi CoEx-k\u00e4sittelyll\u00e4 Neste: allasvesi Asennustapa: [&hellip;]<\/p>\n","protected":false},"featured_media":102522,"template":"","meta":{"_et_pb_use_builder":"","_et_pb_old_content":"","_et_gb_content_width":""},"product_brand":[],"product_cat":[121],"product_tag":[],"class_list":{"0":"post-102736","1":"product","2":"type-product","3":"status-publish","4":"has-post-thumbnail","6":"product_cat-aurinkopaneelit","7":"product_shipping_class-kuller-fi","9":"first","10":"instock","11":"taxable","12":"shipping-taxable","13":"purchasable","14":"product-type-variable"},"jetpack_sharing_enabled":true,"_links":{"self":[{"href":"https:\/\/basseinimeistrid.ee\/fi\/wp-json\/wp\/v2\/product\/102736","targetHints":{"allow":["GET"]}}],"collection":[{"href":"https:\/\/basseinimeistrid.ee\/fi\/wp-json\/wp\/v2\/product"}],"about":[{"href":"https:\/\/basseinimeistrid.ee\/fi\/wp-json\/wp\/v2\/types\/product"}],"wp:featuredmedia":[{"embeddable":true,"href":"https:\/\/basseinimeistrid.ee\/fi\/wp-json\/wp\/v2\/media\/102522"}],"wp:attachment":[{"href":"https:\/\/basseinimeistrid.ee\/fi\/wp-json\/wp\/v2\/media?parent=102736"}],"wp:term":[{"taxonomy":"product_brand","embeddable":true,"href":"https:\/\/basseinimeistrid.ee\/fi\/wp-json\/wp\/v2\/product_brand?post=102736"},{"taxonomy":"product_cat","embeddable":true,"href":"https:\/\/basseinimeistrid.ee\/fi\/wp-json\/wp\/v2\/product_cat?post=102736"},{"taxonomy":"product_tag","embeddable":true,"href":"https:\/\/basseinimeistrid.ee\/fi\/wp-json\/wp\/v2\/product_tag?post=102736"}],"curies":[{"name":"wp","href":"https:\/\/api.w.org\/{rel}","templated":true}]}}