{"id":102739,"date":"2025-01-17T21:40:42","date_gmt":"2025-01-17T19:40:42","guid":{"rendered":"https:\/\/basseinimeistrid.ee\/pood\/Ei-luokiteltu\/aquaforte-mr-silence-taysinvertterilampopumppu\/"},"modified":"2025-03-15T15:24:56","modified_gmt":"2025-03-15T13:24:56","slug":"aquaforte-mr-silence-taysinvertterilampopumppu","status":"publish","type":"product","link":"https:\/\/basseinimeistrid.ee\/fi\/pood\/aquaforte-mr-silence-taysinvertterilampopumppu\/","title":{"rendered":"AquaForte Mr. SILENCE t\u00e4ysinvertteril\u00e4mp\u00f6pumppu"},"content":{"rendered":"<p>AquaForte Mr. Silence on ollut luotettava l\u00e4mp\u00f6pumppu useiden vuosien ajan. L\u00e4mp\u00f6pumppu on valmistettu korkealaatuisesta alumiinista. Modernin muotoilunsa lis\u00e4ksi t\u00e4ss\u00e4 laitteessa on eritt\u00e4in alhainen melutaso.  <\/p>\n<p>AquaForte Mr. Hiljaisuusl\u00e4mp\u00f6pumput on suojattu kahdella l\u00e4mmityshihnalla est\u00e4m\u00e4\u00e4n l\u00e4mp\u00f6pumpun talven pakkasvauriot.<\/p>\n<p>Kompressorin suojaus. Aktivoituu automaattisesti alle 8 \u00b0C:n ymp\u00e4rist\u00f6n l\u00e4mp\u00f6tiloissa, kun kompressori kytket\u00e4\u00e4n pois p\u00e4\u00e4lt\u00e4. L\u00e4mmitysvy\u00f6 kytkeytyy uudelleen pois p\u00e4\u00e4lt\u00e4, kun kompressori kytket\u00e4\u00e4n p\u00e4\u00e4lle tai kun ymp\u00e4rist\u00f6n l\u00e4mp\u00f6tila nousee j\u00e4lleen yli 8 \u00b0C:n.  <\/p>\n<p>H\u00f6yrystimen suojaus. T\u00e4m\u00e4 mahdollistaa sulamisveden paremman valumisen ja est\u00e4\u00e4 j\u00e4\u00e4n muodostumisen l\u00e4mp\u00f6pumpun ymp\u00e4rille. Se my\u00f6s nopeuttaa sulatustoimintoa. Se aktivoituu, kun kompressori on ollut yht\u00e4jaksoisesti k\u00e4ynniss\u00e4 20 minuuttia ja ulkol\u00e4mp\u00f6tila on +\/- 0 \u00b0C l\u00e4mmityskauden aikana. Aktivoituu sulatustoiminnon k\u00e4yt\u00f6n aikana. L\u00e4mmitysvy\u00f6 kytkeytyy j\u00e4lleen pois p\u00e4\u00e4lt\u00e4, kun l\u00e4mp\u00f6tila nousee j\u00e4lleen yli t\u00e4m\u00e4n arvon. L\u00e4mmitysvy\u00f6 on my\u00f6s suojattu j\u00e4\u00e4tymiselt\u00e4. Kun tulevan veden l\u00e4mp\u00f6tila on 2 \u00b0C ja ulkol\u00e4mp\u00f6tila on 0 \u00b0C, l\u00e4mp\u00f6pumppu k\u00e4ynnistyy automaattisesti l\u00e4mmitystilaan. Kun veden l\u00e4mp\u00f6tila on 15 \u00b0C tai ymp\u00e4rist\u00f6n l\u00e4mp\u00f6tila 1 \u00b0C, l\u00e4mp\u00f6pumppu palaa valmiustilaan. T\u00e4m\u00e4 toiminto toimii vain, kun l\u00e4mp\u00f6pumpussa on s\u00e4hk\u00f6\u00e4 ja allaspumppu on k\u00e4ynniss\u00e4. Jos l\u00e4mp\u00f6pumpun l\u00e4pi ei virtaa vett\u00e4, n\u00e4ytt\u00f6\u00f6n tulee E3-viesti ja l\u00e4mp\u00f6pumppu kytkeytyy pois p\u00e4\u00e4lt\u00e4.          <\/p>\n<p>AquaForte Mr. Silence-ilmal\u00e4mp\u00f6pumput on varustettu modernilla kosketusn\u00e4yt\u00f6ll\u00e4 ja WiFi-moduulilla, joka mahdollistaa l\u00e4mp\u00f6pumpun et\u00e4ohjauksen sovelluksen kautta (iOs ja Android). AquaForte Mr.Silence vet\u00e4\u00e4 ilmaa l\u00e4mp\u00f6pumpun sivun l\u00e4pi. Kylm\u00e4\u00e4 ilmaa puhalletaan ulos takaa. AquaForte Mr. Silencell\u00e4 on my\u00f6s mahdollisuus liitt\u00e4\u00e4 ulkoiseen ohjaimeen (Astral Elite\/SugarValley). S\u00e4\u00e4din voi antaa l\u00e4mp\u00f6pumpulle signaalin, milloin l\u00e4mp\u00f6pumppu tulee kytke\u00e4 p\u00e4\u00e4lle\/pois.<br \/>\n T\u00e4m\u00e4 pit\u00e4\u00e4 l\u00e4mp\u00f6pumpun koko ajan j\u00e4nnitteisen\u00e4, jotta l\u00e4mp\u00f6pumppu voi aina j\u00e4\u00e4hty\u00e4.    <\/p>\n<p>&#8211; 10 vuoden takuu l\u00e4mm\u00f6nvaihtimelle.<br \/>\n &#8211; Kompressorilla 5 vuoden takuu.<br \/>\n &#8211; Varustettu l\u00e4mmityshihnoilla kompressorin ja h\u00f6yrystimen suojaamiseksi.<br \/>\n &#8211; -10 \u2070C asti<br \/>\n &#8211; Varustettu t\u00e4rin\u00e4\u00e4 vaimentavilla jalkatuilla.<br \/>\n &#8211; Talvipeite.<br \/>\n &#8211; COP 16 asti.<br \/>\n &#8211; WiFi-moduuli (Apple &amp; Android).<br \/>\n &#8211; Moderni kosketusn\u00e4ytt\u00f6.<br \/>\n &#8211; Vesiliit\u00e4nn\u00e4t takana. Laitteessa on 1\u00bd&#8221; sis\u00e4kierteet tuloa ja l\u00e4ht\u00f6\u00e4 varten. Mukana amerikkalainen 1\u00bd&#8221; ulkokierre \/ 50mm PVC. <\/p>\n<p>AquaForte Mr.Silence allasilmal\u00e4mp\u00f6pumppujen parametrit l\u00f6yd\u00e4t <a href=\"https:\/\/basseinimeistrid.ee\/wp-content\/uploads\/2025\/02\/mr.silence-parameetrid.pdf\" target=\"_blank\" rel=\"noopener\">T\u00c4\u00c4LT\u00c4<\/a><\/p>\n","protected":false},"excerpt":{"rendered":"<p>AquaForte Mr. Silence on ollut luotettava l\u00e4mp\u00f6pumppu useiden vuosien ajan. L\u00e4mp\u00f6pumppu on valmistettu korkealaatuisesta alumiinista. Modernin muotoilunsa lis\u00e4ksi t\u00e4ss\u00e4 laitteessa on eritt\u00e4in alhainen melutaso. AquaForte Mr. Hiljaisuusl\u00e4mp\u00f6pumput on suojattu kahdella l\u00e4mmityshihnalla est\u00e4m\u00e4\u00e4n l\u00e4mp\u00f6pumpun talven pakkasvauriot. Kompressorin suojaus. Aktivoituu automaattisesti alle 8 \u00b0C:n ymp\u00e4rist\u00f6n l\u00e4mp\u00f6tiloissa, kun kompressori kytket\u00e4\u00e4n pois p\u00e4\u00e4lt\u00e4. L\u00e4mmitysvy\u00f6 kytkeytyy uudelleen pois p\u00e4\u00e4lt\u00e4, kun [&hellip;]<\/p>\n","protected":false},"featured_media":111911,"template":"","meta":{"_et_pb_use_builder":"","_et_pb_old_content":"","_et_gb_content_width":""},"product_brand":[],"product_cat":[109],"product_tag":[],"class_list":{"0":"post-102739","1":"product","2":"type-product","3":"status-publish","4":"has-post-thumbnail","6":"product_cat-lampopumput","7":"product_shipping_class-kuller-fi","9":"first","10":"instock","11":"taxable","12":"shipping-taxable","13":"purchasable","14":"product-type-variable"},"jetpack_sharing_enabled":true,"_links":{"self":[{"href":"https:\/\/basseinimeistrid.ee\/fi\/wp-json\/wp\/v2\/product\/102739","targetHints":{"allow":["GET"]}}],"collection":[{"href":"https:\/\/basseinimeistrid.ee\/fi\/wp-json\/wp\/v2\/product"}],"about":[{"href":"https:\/\/basseinimeistrid.ee\/fi\/wp-json\/wp\/v2\/types\/product"}],"wp:featuredmedia":[{"embeddable":true,"href":"https:\/\/basseinimeistrid.ee\/fi\/wp-json\/wp\/v2\/media\/111911"}],"wp:attachment":[{"href":"https:\/\/basseinimeistrid.ee\/fi\/wp-json\/wp\/v2\/media?parent=102739"}],"wp:term":[{"taxonomy":"product_brand","embeddable":true,"href":"https:\/\/basseinimeistrid.ee\/fi\/wp-json\/wp\/v2\/product_brand?post=102739"},{"taxonomy":"product_cat","embeddable":true,"href":"https:\/\/basseinimeistrid.ee\/fi\/wp-json\/wp\/v2\/product_cat?post=102739"},{"taxonomy":"product_tag","embeddable":true,"href":"https:\/\/basseinimeistrid.ee\/fi\/wp-json\/wp\/v2\/product_tag?post=102739"}],"curies":[{"name":"wp","href":"https:\/\/api.w.org\/{rel}","templated":true}]}}