{"id":102748,"date":"2025-01-13T20:47:44","date_gmt":"2025-01-13T18:47:44","guid":{"rendered":"https:\/\/basseinimeistrid.ee\/pood\/Ei-luokiteltu\/uima-allaspumppu-dab-e-swim-150\/"},"modified":"2025-03-01T22:21:21","modified_gmt":"2025-03-01T20:21:21","slug":"uima-allaspumppu-dab-e-swim-150","status":"publish","type":"product","link":"https:\/\/basseinimeistrid.ee\/fi\/pood\/uima-allaspumppu-dab-e-swim-150\/","title":{"rendered":"Uima-allaspumppu DAB E.swim 150"},"content":{"rendered":"<h4>Uima-allaspumppu DAB E.swim 150<\/h4>\n<ul>\n<li>Kompakti ja luotettava<\/li>\n<li>&lt;Eritt\u00e4in hiljainen 50 dB(A)<\/li>\n<li>Vesij\u00e4\u00e4hdytteinen moottori<\/li>\n<li>J\u00e4\u00e4hdytystuuletinta ei tarvita!<\/li>\n<li>Energians\u00e4\u00e4st\u00f6 taajuusohjatun harjaton PMS-moottorin ansiosta.<\/li>\n<li>Merivedenkest\u00e4v\u00e4 (jopa 35 g\/l)<\/li>\n<li>Max 30m3\/h<\/li>\n<li>Max 15,4m nosto<\/li>\n<li>1,25 kW, 1,5 hv<\/li>\n<li>Ohjelmoitava nopeus\/virtausnopeus ja aikataulut<\/li>\n<li>&#8221;Quick Clean&#8221; -toiminto nopeaan suodattimen vastapesuun<\/li>\n<li>LCD-n\u00e4ytt\u00f6<\/li>\n<li>Ulkoinen ohjaus mahdollista (0-10V tai 4-20mA tai PWM-signaali)<\/li>\n<li>Pumpussa on 2&#8243; naaras sis\u00e4\u00e4n- ja ulostulo<\/li>\n<\/ul>\n<p>&nbsp;<\/p>\n<p>Saatavana my\u00f6s E.swim 150 SVRS -turvavakuumivapautusj\u00e4rjestelm\u00e4n kanssa. Jos esine tukkii altaan viem\u00e4rin, E.Swim with SVRS sammuttaa moottorin, jolloin esine voidaan vapauttaa (4 sekunnissa Yhdysvaltain standardien mukaan). Jos loukkuun j\u00e4\u00e4nyt esine on henkil\u00f6, SVRS voi est\u00e4\u00e4 loukkaantumisen ja jopa pelastaa hengen! Kysy SVRS-pumpun saatavuudesta! <a href=\"mailto:info@basseinimeistrid.ee\">info@basseinimeistrid.ee<\/a>   <\/p>\n<p>DAB E.SWIM -allaspumppujen tekniset parametrit englanniksi l\u00f6ytyv\u00e4t <a href=\"https:\/\/basseinimeistrid.ee\/wp-content\/uploads\/2025\/02\/dad-e.swim-parameetrid.pdf\" target=\"_blank\" rel=\"noopener\">T\u00c4\u00c4LT\u00c4<\/a><\/p>\n<p>L\u00f6yd\u00e4t DAB E.SWIM -tuoteesittelyn englanniksi <a href=\"https:\/\/basseinimeistrid.ee\/wp-content\/uploads\/2025\/02\/E.SWIM_ENG.pdf\" target=\"_blank\" rel=\"noopener\">T\u00c4\u00c4LT\u00c4<\/a><\/p>\n","protected":false},"excerpt":{"rendered":"<p>Legendaarinen, tehokas ja \u00e4lyk\u00e4s allaspumppu. Pystyy siirt\u00e4m\u00e4\u00e4n vett\u00e4 jopa 30 m\u00b3\/h, nostokyky jopa 16 m <\/p>\n","protected":false},"featured_media":102441,"template":"","meta":{"_et_pb_use_builder":"","_et_pb_old_content":"","_et_gb_content_width":""},"product_brand":[],"product_cat":[108],"product_tag":[],"class_list":{"0":"post-102748","1":"product","2":"type-product","3":"status-publish","4":"has-post-thumbnail","6":"product_cat-uima-altaan-pumput","7":"product_shipping_class-pakiautomaat-fi","9":"first","10":"instock","11":"taxable","12":"shipping-taxable","13":"purchasable","14":"product-type-simple"},"jetpack_sharing_enabled":true,"_links":{"self":[{"href":"https:\/\/basseinimeistrid.ee\/fi\/wp-json\/wp\/v2\/product\/102748","targetHints":{"allow":["GET"]}}],"collection":[{"href":"https:\/\/basseinimeistrid.ee\/fi\/wp-json\/wp\/v2\/product"}],"about":[{"href":"https:\/\/basseinimeistrid.ee\/fi\/wp-json\/wp\/v2\/types\/product"}],"wp:featuredmedia":[{"embeddable":true,"href":"https:\/\/basseinimeistrid.ee\/fi\/wp-json\/wp\/v2\/media\/102441"}],"wp:attachment":[{"href":"https:\/\/basseinimeistrid.ee\/fi\/wp-json\/wp\/v2\/media?parent=102748"}],"wp:term":[{"taxonomy":"product_brand","embeddable":true,"href":"https:\/\/basseinimeistrid.ee\/fi\/wp-json\/wp\/v2\/product_brand?post=102748"},{"taxonomy":"product_cat","embeddable":true,"href":"https:\/\/basseinimeistrid.ee\/fi\/wp-json\/wp\/v2\/product_cat?post=102748"},{"taxonomy":"product_tag","embeddable":true,"href":"https:\/\/basseinimeistrid.ee\/fi\/wp-json\/wp\/v2\/product_tag?post=102748"}],"curies":[{"name":"wp","href":"https:\/\/api.w.org\/{rel}","templated":true}]}}