{"id":103521,"date":"2025-01-27T09:14:23","date_gmt":"2025-01-27T07:14:23","guid":{"rendered":"https:\/\/basseinimeistrid.ee\/pood\/Ei-luokiteltu\/vannirobot-zodiac-rs-0800-spabot-vannirobot-zodiac-rs-0800-spabot\/"},"modified":"2025-03-01T21:50:38","modified_gmt":"2025-03-01T19:50:38","slug":"vannirobot-zodiac-rs-0800-spabot-vannirobot-zodiac-rs-0800-spabot","status":"publish","type":"product","link":"https:\/\/basseinimeistrid.ee\/fi\/pood\/vannirobot-zodiac-rs-0800-spabot-vannirobot-zodiac-rs-0800-spabot\/","title":{"rendered":"Allasrobotti Zodiac RS 0800 Spabot"},"content":{"rendered":"<p>Zodiac RS0800 Spabot on ensimm\u00e4inen t\u00e4ysin automaattinen puhdistusrobotti pienten altaiden puhdistukseen. Soveltuu enint\u00e4\u00e4n 3&#215;3 metrin altaille ja kylpyammeille. Spabot on t\u00e4ysin johdoton. Soveltuu sek\u00e4 kovasein\u00e4isille ett\u00e4 puhallettaville altaille ja kylpyammeille. Syvyyden on oltava v\u00e4hint\u00e4\u00e4n 25 cm ja enint\u00e4\u00e4n 1,60 metri\u00e4. Spabot robotti on suunniteltu toimimaan optimaalisesti erikoiskuvioiduilla py\u00f6rill\u00e4. 60 minuutin jakso takaa pohjan, askelmien, istuinten ja vesirajan harjauksen ja puhdistuksen. Jakson lopussa robotti nousee veden pinnalle itsest\u00e4\u00e4n, mink\u00e4 j\u00e4lkeen se voidaan helposti poistaa vedest\u00e4. Suodatin on helppo puhdistaa laitteen p\u00e4\u00e4ll\u00e4 olevan p\u00e4\u00e4syn ansiosta. L\u00e4pin\u00e4kyv\u00e4n kannen ansiosta my\u00f6s roskas\u00e4ili\u00f6n sis\u00e4puoli on selv\u00e4sti n\u00e4ht\u00e4viss\u00e4.         <\/p>\n<ul>\n<li>Paino: 2,5 kg.<\/li>\n<li>Litium-ioniakku<\/li>\n<li>Latausaika 5 tuntia<\/li>\n<li>100 mikronin suodatus<\/li>\n<li>Suodatins\u00e4ili\u00f6n tilavuus 1 litra<\/li>\n<li>1 sykli 60 minuuttia (pohja, askelmat\/tuolit ja sein\u00e4)<\/li>\n<li>Mukana akkulaturi<\/li>\n<\/ul>\n","protected":false},"excerpt":{"rendered":"<p>Zodiac RS0800 Spabot on ensimm\u00e4inen t\u00e4ysin automaattinen puhdistusrobotti pienten altaiden puhdistukseen. Soveltuu enint\u00e4\u00e4n 3&#215;3 metrin altaille ja kylpyammeille. Spabot on t\u00e4ysin johdoton. Soveltuu sek\u00e4 kovasein\u00e4isille ett\u00e4 puhallettaville altaille ja kylpyammeille. Syvyyden on oltava v\u00e4hint\u00e4\u00e4n 25 cm ja enint\u00e4\u00e4n 1,60 metri\u00e4. Spabot robotti on suunniteltu toimimaan optimaalisesti erikoiskuvioiduilla py\u00f6rill\u00e4. 60 minuutin jakso takaa pohjan, askelmien, istuinten [&hellip;]<\/p>\n","protected":false},"featured_media":103100,"template":"","meta":{"_et_pb_use_builder":"off","_et_pb_old_content":"Zodiac RS0800 Spabot on ensimm\u00e4inen t\u00e4ysin automaattinen puhdistusrobotti pienten altaiden puhdistukseen. Soveltuu enint\u00e4\u00e4n 3x3 metrin altaille ja kylpyammeille. Spabot on t\u00e4ysin johdoton. Soveltuu sek\u00e4 kovasein\u00e4isille ett\u00e4 puhallettaville altaille ja kylpyammeille. Syvyyden on oltava v\u00e4hint\u00e4\u00e4n 25 cm ja enint\u00e4\u00e4n 1,60 metri\u00e4. Spabot robotti on suunniteltu toimimaan optimaalisesti erikoiskuvioiduilla py\u00f6rill\u00e4. 60 minuutin jakso takaa pohjan, askelmien, istuinten ja vesirajan harjauksen ja puhdistuksen. Jakson lopussa robotti nousee veden pinnalle itsest\u00e4\u00e4n, mink\u00e4 j\u00e4lkeen se voidaan helposti poistaa vedest\u00e4. Suodatin on helppo puhdistaa laitteen p\u00e4\u00e4ll\u00e4 olevan p\u00e4\u00e4syn ansiosta. L\u00e4pin\u00e4kyv\u00e4n kannen ansiosta my\u00f6s roskas\u00e4ili\u00f6n sis\u00e4puoli on selv\u00e4sti n\u00e4ht\u00e4viss\u00e4.         \n<ul>\n \t<li>Paino: 2,5 kg.<\/li>\n \t<li>Litium-ioniakku<\/li>\n \t<li>Latausaika 5 tuntia<\/li>\n \t<li>100 mikronin suodatus<\/li>\n \t<li>Suodatins\u00e4ili\u00f6n tilavuus 1 litra<\/li>\n \t<li>1 sykli 60 minuuttia (pohja, askelmat\/tuolit ja sein\u00e4)<\/li>\n \t<li>Mukana akkulaturi<\/li>\n<\/ul>","_et_gb_content_width":""},"product_brand":[],"product_cat":[110,129],"product_tag":[],"class_list":{"0":"post-103521","1":"product","2":"type-product","3":"status-publish","4":"has-post-thumbnail","6":"product_cat-allasrobotit","7":"product_cat-tynnyreille-ja-ammeille","8":"product_shipping_class-kuller-fi","10":"first","11":"onbackorder","12":"taxable","13":"shipping-taxable","14":"purchasable","15":"product-type-variable"},"jetpack_sharing_enabled":true,"_links":{"self":[{"href":"https:\/\/basseinimeistrid.ee\/fi\/wp-json\/wp\/v2\/product\/103521","targetHints":{"allow":["GET"]}}],"collection":[{"href":"https:\/\/basseinimeistrid.ee\/fi\/wp-json\/wp\/v2\/product"}],"about":[{"href":"https:\/\/basseinimeistrid.ee\/fi\/wp-json\/wp\/v2\/types\/product"}],"wp:featuredmedia":[{"embeddable":true,"href":"https:\/\/basseinimeistrid.ee\/fi\/wp-json\/wp\/v2\/media\/103100"}],"wp:attachment":[{"href":"https:\/\/basseinimeistrid.ee\/fi\/wp-json\/wp\/v2\/media?parent=103521"}],"wp:term":[{"taxonomy":"product_brand","embeddable":true,"href":"https:\/\/basseinimeistrid.ee\/fi\/wp-json\/wp\/v2\/product_brand?post=103521"},{"taxonomy":"product_cat","embeddable":true,"href":"https:\/\/basseinimeistrid.ee\/fi\/wp-json\/wp\/v2\/product_cat?post=103521"},{"taxonomy":"product_tag","embeddable":true,"href":"https:\/\/basseinimeistrid.ee\/fi\/wp-json\/wp\/v2\/product_tag?post=103521"}],"curies":[{"name":"wp","href":"https:\/\/api.w.org\/{rel}","templated":true}]}}