{"id":103594,"date":"2025-01-27T17:13:48","date_gmt":"2025-01-27T15:13:48","guid":{"rendered":"https:\/\/basseinimeistrid.ee\/pood\/Ei-luokiteltu\/uima-altaan-puhdistusrobotti-zodiac-cnx\/"},"modified":"2025-03-01T21:34:12","modified_gmt":"2025-03-01T19:34:12","slug":"uima-altaan-puhdistusrobotti-zodiac-cnx","status":"publish","type":"product","link":"https:\/\/basseinimeistrid.ee\/fi\/pood\/uima-altaan-puhdistusrobotti-zodiac-cnx\/","title":{"rendered":"Uima-altaan puhdistusrobotti Zodiac CNX"},"content":{"rendered":"<p>Patentoitulla syklonisell\u00e4 imulla Zodiac CNX\u2122 robottisarja soveltuu kaikentyyppisille allasvuorauksille. Sis\u00e4\u00e4nrakennettujen antureidensa ansiosta robotti puhdistaa kaikentyyppiset altaat optimaalisesti ja hallitusti. Robottia (CNX 30 iQ , CNX 40 iQ, CNX 50 iQ) voidaan ohjata my\u00f6s et\u00e4n\u00e4 iAqualink-sovelluksen avulla.<br \/>\nSovelluksesta voit asettaa jaksoaikoja ja seurata puhdistuksen edistymist\u00e4. CNX\u2122-sarjan robotit (CNX 40 iQ ja CNX 50 iQ) on varustettu patentoidulla Lift System -tekniikalla, joka helpottaa huomattavasti robotin irrottamista vedest\u00e4. Robotti nousee veden pinnalle syklin lopussa ja\/tai ohjeiden mukaan. Kierukkaharjat ja suuri 23 cm:n imuaukko takaavat altaan kaikkien osien perusteellisen puhdistuksen.     <\/p>\n<ul>\n<li>Kaksivaiheinen suodatus (paitsi CNX 10 ja CNX 20).<\/li>\n<li>Optimaalinen puhdistusteho: patentoitu sykloninen imu\/spiraaliharjat\/korkea imuteho.<\/li>\n<li>Integroitu kapasiteetti: suunniteltu kaikkiin altaan muotoihin ja pintoihin.<\/li>\n<li>Nopeusmittari ja gyroskooppianturit<\/li>\n<li>Helppok\u00e4ytt\u00f6isyys: suodatin ylh\u00e4\u00e4lt\u00e4 k\u00e4sin ja l\u00e4pin\u00e4kyv\u00e4 suodattimen luukku* (* paitsi CNX 10).<\/li>\n<li>Zodiac CNX\u2122 -robotit ovat kaikki kaapeloituja allasrobotteja.<\/li>\n<li>3 vuoden takuu<\/li>\n<\/ul>\n<p>Mukana:<\/p>\n<ul>\n<li>Ohjauspaneeli<\/li>\n<li>Ohjauspaneelin pohja<\/li>\n<li>Kaksivaiheinen suodatus 150\/60\u03bc (CNX 25, CNX 30iQ, CNX 40iQ ja CNX 50iQ).<\/li>\n<li>CNX 50 iQ on varustettu k\u00e4\u00e4ntyv\u00e4ll\u00e4 kaapelilla (v\u00e4ltt\u00e4\u00e4 kaapelin kiertymisen ja sotkeutumisen).<\/li>\n<li>Kuljetus-\/s\u00e4ilytysvaunu (mallit CNX 40 iQ ja CNX 50 iQ). Saatavana lis\u00e4varusteena muihin malleihin. <\/li>\n<\/ul>\n","protected":false},"excerpt":{"rendered":"<p>Patentoitulla syklonisell\u00e4 imulla Zodiac CNX\u2122 robottisarja soveltuu kaikentyyppisille allasvuorauksille. Sis\u00e4\u00e4nrakennettujen antureidensa ansiosta robotti puhdistaa kaikentyyppiset altaat optimaalisesti ja hallitusti. Robottia (CNX 30 iQ , CNX 40 iQ, CNX 50 iQ) voidaan ohjata my\u00f6s et\u00e4n\u00e4 iAqualink-sovelluksen avulla. Sovelluksesta voit asettaa jaksoaikoja ja seurata puhdistuksen edistymist\u00e4. CNX\u2122-sarjan robotit (CNX 40 iQ ja CNX 50 iQ) on varustettu [&hellip;]<\/p>\n","protected":false},"featured_media":103144,"template":"","meta":{"_et_pb_use_builder":"","_et_pb_old_content":"","_et_gb_content_width":""},"product_brand":[],"product_cat":[110],"product_tag":[],"class_list":{"0":"post-103594","1":"product","2":"type-product","3":"status-publish","4":"has-post-thumbnail","6":"product_cat-allasrobotit","7":"product_shipping_class-kuller-fi","9":"first","10":"instock","11":"taxable","12":"shipping-taxable","13":"purchasable","14":"product-type-variable"},"jetpack_sharing_enabled":true,"_links":{"self":[{"href":"https:\/\/basseinimeistrid.ee\/fi\/wp-json\/wp\/v2\/product\/103594","targetHints":{"allow":["GET"]}}],"collection":[{"href":"https:\/\/basseinimeistrid.ee\/fi\/wp-json\/wp\/v2\/product"}],"about":[{"href":"https:\/\/basseinimeistrid.ee\/fi\/wp-json\/wp\/v2\/types\/product"}],"wp:featuredmedia":[{"embeddable":true,"href":"https:\/\/basseinimeistrid.ee\/fi\/wp-json\/wp\/v2\/media\/103144"}],"wp:attachment":[{"href":"https:\/\/basseinimeistrid.ee\/fi\/wp-json\/wp\/v2\/media?parent=103594"}],"wp:term":[{"taxonomy":"product_brand","embeddable":true,"href":"https:\/\/basseinimeistrid.ee\/fi\/wp-json\/wp\/v2\/product_brand?post=103594"},{"taxonomy":"product_cat","embeddable":true,"href":"https:\/\/basseinimeistrid.ee\/fi\/wp-json\/wp\/v2\/product_cat?post=103594"},{"taxonomy":"product_tag","embeddable":true,"href":"https:\/\/basseinimeistrid.ee\/fi\/wp-json\/wp\/v2\/product_tag?post=103594"}],"curies":[{"name":"wp","href":"https:\/\/api.w.org\/{rel}","templated":true}]}}