{"id":108166,"date":"2025-02-27T22:51:17","date_gmt":"2025-02-27T20:51:17","guid":{"rendered":"https:\/\/basseinimeistrid.ee\/pood\/Ei-luokiteltu\/silkflow\/"},"modified":"2025-03-16T10:25:39","modified_gmt":"2025-03-16T08:25:39","slug":"silkflow","status":"publish","type":"product","link":"https:\/\/basseinimeistrid.ee\/fi\/pood\/silkflow\/","title":{"rendered":"SilkFlow"},"content":{"rendered":"<h4>Astralpool SilkFlow<\/h4>\n<p>Koristeelliset vesiverhot (kosket, vesiputoukset, kaskadit) uima-altaisiin ja muihin vesist\u00f6ihin. Sein\u00e4n sis\u00e4iset sylkykupit, jotka on valmistettu korkealaatuisesta ABS-muovista. SilkFlowissa on sis\u00e4\u00e4nrakennettu muoviverkkoon perustuva vedenjakaja, joka varmistaa, ett\u00e4 l\u00e4htev\u00e4 vesi on kohteliasta ja tasaista koko suihkun pituudelta. Suihkun takaosassa kiinnike 50mm liimattavan putken liitt\u00e4mist\u00e4 varten. Suosittelemme venttiilin asentamista suuttimen ja pumpun v\u00e4liin veden virtauksen s\u00e4\u00e4telemiseksi. Voidaan sy\u00f6tt\u00e4\u00e4 suodattimen paluusta tai t\u00e4ysin erillisell\u00e4 pumpulla. Suihkun yl\u00e4kansi on l\u00e4pin\u00e4kyv\u00e4 ja sit\u00e4 voidaan k\u00e4ytt\u00e4\u00e4 vesisuihkun valaisemiseen esimerkiksi asentamalla yl\u00e4osaan LED-nauha. Suuttimen mukana toimitetaan rakennusvaiheessa suojaprofiili, joka est\u00e4\u00e4 suuttimen vaurioitumisen ja sekoituksen tai roskien p\u00e4\u00e4syn sis\u00e4\u00e4n.<\/p>\n<p>SilkFlow-tuotevalikoima:<\/p>\n<ul>\n<li>(45205) 300mm, suositeltu veden virtaus 50L\/min.<\/li>\n<li>(45206) 600mm, suositeltu veden virtaus 100L\/min<\/li>\n<li>(45207) 900mm, suositeltu veden virtaus 150L\/min.<\/li>\n<li>(45208) 1200mm, suositeltu veden virtaus 200L\/min.<\/li>\n<\/ul>\n<p>Silkflow englanninkielinen asennusopas <a href=\"https:\/\/basseinimeistrid.ee\/wp-content\/uploads\/2025\/02\/silkflow.pdf\" target=\"_blank\" rel=\"noopener\">T\u00c4\u00c4LL\u00c4<\/a><\/p>\n<p id=\"tw-target-text\" class=\"tw-data-text tw-text-large tw-ta\" dir=\"ltr\" data-placeholder=\"T\u00f5lge\" data-ved=\"2ahUKEwjE6LGFtOSLAxUKQVUIHYMWI4MQ3ewLegQICBAV\" aria-label=\"T\u00f5lgitud tekst: Dekoratiivne juga basseinidele v\u00f5i tiikidele Pikkus 300 mm Valmistatud korrosioonikindlast ABS-st Soovitatav paigaldamiseks 50 mm \u00d8 PVC torudega Joa soovitatav k\u00f5rgus 300 mm Saab toita filtri tagasivoolu v\u00f5i spetsiaalse pumba abil Vajalik veevool 50 l\/min Veekoguse reguleerimiseks peab olema paigaldatud ventiil\">\n","protected":false},"excerpt":{"rendered":"<p>Astralpool SilkFlow Koristeelliset vesiverhot (kosket, vesiputoukset, kaskadit) uima-altaisiin ja muihin vesist\u00f6ihin. Sein\u00e4n sis\u00e4iset sylkykupit, jotka on valmistettu korkealaatuisesta ABS-muovista. SilkFlowissa on sis\u00e4\u00e4nrakennettu muoviverkkoon perustuva vedenjakaja, joka varmistaa, ett\u00e4 l\u00e4htev\u00e4 vesi on kohteliasta ja tasaista koko suihkun pituudelta. Suihkun takaosassa kiinnike 50mm liimattavan putken liitt\u00e4mist\u00e4 varten. Suosittelemme venttiilin asentamista suuttimen ja pumpun v\u00e4liin veden virtauksen s\u00e4\u00e4telemiseksi. [&hellip;]<\/p>\n","protected":false},"featured_media":108152,"template":"","meta":{"_et_pb_use_builder":"","_et_pb_old_content":"","_et_gb_content_width":""},"product_brand":[],"product_cat":[208],"product_tag":[],"class_list":{"0":"post-108166","1":"product","2":"type-product","3":"status-publish","4":"has-post-thumbnail","6":"product_cat-vesiputouksia","7":"product_shipping_class-kuller-fi","9":"first","10":"instock","11":"taxable","12":"shipping-taxable","13":"purchasable","14":"product-type-simple"},"jetpack_sharing_enabled":true,"_links":{"self":[{"href":"https:\/\/basseinimeistrid.ee\/fi\/wp-json\/wp\/v2\/product\/108166","targetHints":{"allow":["GET"]}}],"collection":[{"href":"https:\/\/basseinimeistrid.ee\/fi\/wp-json\/wp\/v2\/product"}],"about":[{"href":"https:\/\/basseinimeistrid.ee\/fi\/wp-json\/wp\/v2\/types\/product"}],"wp:featuredmedia":[{"embeddable":true,"href":"https:\/\/basseinimeistrid.ee\/fi\/wp-json\/wp\/v2\/media\/108152"}],"wp:attachment":[{"href":"https:\/\/basseinimeistrid.ee\/fi\/wp-json\/wp\/v2\/media?parent=108166"}],"wp:term":[{"taxonomy":"product_brand","embeddable":true,"href":"https:\/\/basseinimeistrid.ee\/fi\/wp-json\/wp\/v2\/product_brand?post=108166"},{"taxonomy":"product_cat","embeddable":true,"href":"https:\/\/basseinimeistrid.ee\/fi\/wp-json\/wp\/v2\/product_cat?post=108166"},{"taxonomy":"product_tag","embeddable":true,"href":"https:\/\/basseinimeistrid.ee\/fi\/wp-json\/wp\/v2\/product_tag?post=108166"}],"curies":[{"name":"wp","href":"https:\/\/api.w.org\/{rel}","templated":true}]}}