{"id":108168,"date":"2025-02-27T20:16:36","date_gmt":"2025-02-27T18:16:36","guid":{"rendered":"https:\/\/basseinimeistrid.ee\/pood\/Ei-luokiteltu\/ptfe-tape-12mm-punainen\/"},"modified":"2025-03-14T21:57:19","modified_gmt":"2025-03-14T19:57:19","slug":"ptfe-tape-12mm-punainen","status":"publish","type":"product","link":"https:\/\/basseinimeistrid.ee\/fi\/pood\/ptfe-tape-12mm-punainen\/","title":{"rendered":"PTFE tape 12mm punainen"},"content":{"rendered":"<h4>Griffon PTFE tape<\/h4>\n<p id=\"tw-target-text\" class=\"tw-data-text tw-text-large tw-ta\" dir=\"ltr\" data-placeholder=\"T\u00f5lge\" data-ved=\"2ahUKEwjE6LGFtOSLAxUKQVUIHYMWI4MQ3ewLegQICBAV\" aria-label=\"T\u00f5lgitud tekst: PVC-teip, mis on spetsiaalselt loodud igat t\u00fc\u00fcpi veelekete parandamiseks. - T\u00f6\u00f6tab vees ja veest v\u00e4ljas. - Teipi saab kanda igat t\u00fc\u00fcpi materjalile. Suurep\u00e4rased nakkeomadused olenemata materjalist (betoon, v\u00e4rv, klaaskiud, vooder, akr\u00fc\u00fcl, PVC jne).\"><span class=\"Y2IQFc\" lang=\"et\">P.T.F.E. kierteen tiivistysteippi. Gastec-sertifioitu. Leveys 12mm, paksuus 0,1mm ja rullina n. 12m. Myymme vain 10 kappaleen lohkoina. Hinta 10 rullalle.     <\/span><\/p>\n","protected":false},"excerpt":{"rendered":"<p>Griffon PTFE tape P.T.F.E. kierteen tiivistysteippi. Gastec-sertifioitu. Leveys 12mm, paksuus 0,1mm ja rullina n. 12m. Myymme vain 10 kappaleen lohkoina. Hinta 10 rullalle.<\/p>\n","protected":false},"featured_media":108121,"template":"","meta":{"_et_pb_use_builder":"","_et_pb_old_content":"","_et_gb_content_width":""},"product_brand":[],"product_cat":[179],"product_tag":[],"class_list":{"0":"post-108168","1":"product","2":"type-product","3":"status-publish","4":"has-post-thumbnail","6":"product_cat-liitantatarvikkeet","7":"product_shipping_class-pakiautomaat-fi","9":"first","10":"instock","11":"taxable","12":"shipping-taxable","13":"purchasable","14":"product-type-simple"},"jetpack_sharing_enabled":true,"_links":{"self":[{"href":"https:\/\/basseinimeistrid.ee\/fi\/wp-json\/wp\/v2\/product\/108168","targetHints":{"allow":["GET"]}}],"collection":[{"href":"https:\/\/basseinimeistrid.ee\/fi\/wp-json\/wp\/v2\/product"}],"about":[{"href":"https:\/\/basseinimeistrid.ee\/fi\/wp-json\/wp\/v2\/types\/product"}],"wp:featuredmedia":[{"embeddable":true,"href":"https:\/\/basseinimeistrid.ee\/fi\/wp-json\/wp\/v2\/media\/108121"}],"wp:attachment":[{"href":"https:\/\/basseinimeistrid.ee\/fi\/wp-json\/wp\/v2\/media?parent=108168"}],"wp:term":[{"taxonomy":"product_brand","embeddable":true,"href":"https:\/\/basseinimeistrid.ee\/fi\/wp-json\/wp\/v2\/product_brand?post=108168"},{"taxonomy":"product_cat","embeddable":true,"href":"https:\/\/basseinimeistrid.ee\/fi\/wp-json\/wp\/v2\/product_cat?post=108168"},{"taxonomy":"product_tag","embeddable":true,"href":"https:\/\/basseinimeistrid.ee\/fi\/wp-json\/wp\/v2\/product_tag?post=108168"}],"curies":[{"name":"wp","href":"https:\/\/api.w.org\/{rel}","templated":true}]}}