{"id":108170,"date":"2025-02-27T20:05:22","date_gmt":"2025-02-27T18:05:22","guid":{"rendered":"https:\/\/basseinimeistrid.ee\/pood\/Ei-luokiteltu\/sb-pool-sealant-tape\/"},"modified":"2025-03-14T21:57:56","modified_gmt":"2025-03-14T19:57:56","slug":"sb-pool-sealant-tape","status":"publish","type":"product","link":"https:\/\/basseinimeistrid.ee\/fi\/pood\/sb-pool-sealant-tape\/","title":{"rendered":"SB-Pool sealant tape"},"content":{"rendered":"<h4>Astralpool SB-Pool Sealant tape<\/h4>\n<p id=\"tw-target-text\" class=\"tw-data-text tw-text-large tw-ta\" dir=\"ltr\" data-placeholder=\"T\u00f5lge\" data-ved=\"2ahUKEwjE6LGFtOSLAxUKQVUIHYMWI4MQ3ewLegQICBAV\" aria-label=\"T\u00f5lgitud tekst: PVC-teip, mis on spetsiaalselt loodud igat t\u00fc\u00fcpi veelekete parandamiseks. - T\u00f6\u00f6tab vees ja veest v\u00e4ljas. - Teipi saab kanda igat t\u00fc\u00fcpi materjalile. Suurep\u00e4rased nakkeomadused olenemata materjalist (betoon, v\u00e4rv, klaaskiud, vooder, akr\u00fc\u00fcl, PVC jne).\"><span class=\"Y2IQFc\" lang=\"et\">PVC-teippi, joka on erityisesti suunniteltu kaikenlaisten vesivuotojen korjaamiseen &#8211; Toimii my\u00f6s vedess\u00e4 &#8211; Voidaan kiinnitt\u00e4\u00e4 kaikenlaisiin materiaaleihin. Erinomaiset tartuntaominaisuudet materiaalista riippumatta (betoni, maali, lasikuitu, kalvot, akryyli, PVC jne.). Helppo ja hyv\u00e4 ty\u00f6kalu puhallettavien lelujen, altaiden jne. nopeaan korjaamiseen. Nauhan leveys 10cm. 150 cm:n rullissa. Materiaalin paksuus 660 mikronia. Teippi on v\u00e4rit\u00f6n\/l\u00e4pin\u00e4kyv\u00e4.        <\/span><\/p>\n","protected":false},"excerpt":{"rendered":"<p>Astralpool SB-Pool Sealant tape PVC-teippi, joka on erityisesti suunniteltu kaikenlaisten vesivuotojen korjaamiseen &#8211; Toimii my\u00f6s vedess\u00e4 &#8211; Voidaan kiinnitt\u00e4\u00e4 kaikenlaisiin materiaaleihin. Erinomaiset tartuntaominaisuudet materiaalista riippumatta (betoni, maali, lasikuitu, kalvot, akryyli, PVC jne.). Helppo ja hyv\u00e4 ty\u00f6kalu puhallettavien lelujen, altaiden jne. nopeaan korjaamiseen. Nauhan leveys 10cm. 150 cm:n rullissa. Materiaalin paksuus 660 mikronia. Teippi on v\u00e4rit\u00f6n\/l\u00e4pin\u00e4kyv\u00e4.<\/p>\n","protected":false},"featured_media":108112,"template":"","meta":{"_et_pb_use_builder":"","_et_pb_old_content":"","_et_gb_content_width":""},"product_brand":[],"product_cat":[179],"product_tag":[],"class_list":{"0":"post-108170","1":"product","2":"type-product","3":"status-publish","4":"has-post-thumbnail","6":"product_cat-liitantatarvikkeet","7":"product_shipping_class-pakiautomaat-fi","9":"first","10":"instock","11":"taxable","12":"shipping-taxable","13":"purchasable","14":"product-type-simple"},"jetpack_sharing_enabled":true,"_links":{"self":[{"href":"https:\/\/basseinimeistrid.ee\/fi\/wp-json\/wp\/v2\/product\/108170","targetHints":{"allow":["GET"]}}],"collection":[{"href":"https:\/\/basseinimeistrid.ee\/fi\/wp-json\/wp\/v2\/product"}],"about":[{"href":"https:\/\/basseinimeistrid.ee\/fi\/wp-json\/wp\/v2\/types\/product"}],"wp:featuredmedia":[{"embeddable":true,"href":"https:\/\/basseinimeistrid.ee\/fi\/wp-json\/wp\/v2\/media\/108112"}],"wp:attachment":[{"href":"https:\/\/basseinimeistrid.ee\/fi\/wp-json\/wp\/v2\/media?parent=108170"}],"wp:term":[{"taxonomy":"product_brand","embeddable":true,"href":"https:\/\/basseinimeistrid.ee\/fi\/wp-json\/wp\/v2\/product_brand?post=108170"},{"taxonomy":"product_cat","embeddable":true,"href":"https:\/\/basseinimeistrid.ee\/fi\/wp-json\/wp\/v2\/product_cat?post=108170"},{"taxonomy":"product_tag","embeddable":true,"href":"https:\/\/basseinimeistrid.ee\/fi\/wp-json\/wp\/v2\/product_tag?post=108170"}],"curies":[{"name":"wp","href":"https:\/\/api.w.org\/{rel}","templated":true}]}}